{"id":7512,"date":"2022-11-07T14:54:56","date_gmt":"2022-11-07T06:54:56","guid":{"rendered":"https:\/\/avecobaggie.com\/?post_type=product&#038;p=7512"},"modified":"2022-11-07T15:11:05","modified_gmt":"2022-11-07T07:11:05","slug":"coffee-mug-cover-drink-strap-canvas-bag","status":"publish","type":"product","link":"https:\/\/avecobaggie.com\/da\/product\/coffee-mug-cover-drink-strap-canvas-bag\/","title":{"rendered":"Kaffe krus cover drikke strop l\u00e6rred taske"},"content":{"rendered":"<h4 class=\"p1\">\u00a0Produktfunktioner<\/h4>\n<ul>\n<li><strong>Taske-stil<\/strong>: Tasker<\/li>\n<li><strong>Materialetype<\/strong>: L\u00e6rred<\/li>\n<li><strong>Materiale Farve<\/strong>: Brugerdefineret farve<\/li>\n<li><strong>Taske lagerst\u00f8rrelse<\/strong>: Tilpas st\u00f8rrelse<\/li>\n<li><strong>P\u00e5trykt omr\u00e5de<\/strong>: ingen udskrivning eller kan brugerdefineret udskrivning<\/li>\n<li><strong>Plejeinstruktioner<\/strong>: H\u00e5ndvask anbefales, maskinvask er ogs\u00e5 ok, h\u00e6ng til t\u00f8rre.<\/li>\n<\/ul>","protected":false},"excerpt":{"rendered":"<p>Kreativt sleeve til varmebestandighed, let at b\u00e6re med lange stropper.<\/p>","protected":false},"featured_media":7515,"comment_status":"open","ping_status":"closed","template":"","meta":{"_seopress_robots_primary_cat":"none","_seopress_titles_title":"","_seopress_titles_desc":"","_seopress_robots_index":""},"product_brand":[],"product_cat":[29,100,102,109],"product_tag":[],"class_list":{"0":"post-7512","1":"product","2":"type-product","3":"status-publish","4":"has-post-thumbnail","6":"product_cat-tote-bag","7":"product_cat-other-creative-bag","8":"product_cat-cotton-canvas-bag","9":"product_cat-everyday","11":"first","12":"instock","13":"taxable","14":"shipping-taxable","15":"product-type-simple"},"_links":{"self":[{"href":"https:\/\/avecobaggie.com\/da\/wp-json\/wp\/v2\/product\/7512","targetHints":{"allow":["GET"]}}],"collection":[{"href":"https:\/\/avecobaggie.com\/da\/wp-json\/wp\/v2\/product"}],"about":[{"href":"https:\/\/avecobaggie.com\/da\/wp-json\/wp\/v2\/types\/product"}],"replies":[{"embeddable":true,"href":"https:\/\/avecobaggie.com\/da\/wp-json\/wp\/v2\/comments?post=7512"}],"wp:featuredmedia":[{"embeddable":true,"href":"https:\/\/avecobaggie.com\/da\/wp-json\/wp\/v2\/media\/7515"}],"wp:attachment":[{"href":"https:\/\/avecobaggie.com\/da\/wp-json\/wp\/v2\/media?parent=7512"}],"wp:term":[{"taxonomy":"product_brand","embeddable":true,"href":"https:\/\/avecobaggie.com\/da\/wp-json\/wp\/v2\/product_brand?post=7512"},{"taxonomy":"product_cat","embeddable":true,"href":"https:\/\/avecobaggie.com\/da\/wp-json\/wp\/v2\/product_cat?post=7512"},{"taxonomy":"product_tag","embeddable":true,"href":"https:\/\/avecobaggie.com\/da\/wp-json\/wp\/v2\/product_tag?post=7512"}],"curies":[{"name":"wp","href":"https:\/\/api.w.org\/{rel}","templated":true}]}}