{"id":7518,"date":"2022-11-07T17:35:51","date_gmt":"2022-11-07T09:35:51","guid":{"rendered":"https:\/\/avecobaggie.com\/?post_type=product&#038;p=7518"},"modified":"2022-11-16T11:47:25","modified_gmt":"2022-11-16T03:47:25","slug":"folding-portable-shopping-bag-reusable-bag-waterproof-storage-oxford-cloth-bag-can-be-printed-with-logo","status":"publish","type":"product","link":"https:\/\/avecobaggie.com\/da\/product\/folding-portable-shopping-bag-reusable-bag-waterproof-storage-oxford-cloth-bag-can-be-printed-with-logo\/","title":{"rendered":"Sammenklappelig b\u00e6rbar indk\u00f8bstaske genanvendelig taske vandt\u00e6t opbevaring Oxford stofpose kan udskrives med LOGO"},"content":{"rendered":"<p>PRODUKTETS EGENSKABER<\/p>\n<ul>\n<li><strong>Taske-stil<\/strong>: Sammenklappelig b\u00e6rbar indk\u00f8bstaske<\/li>\n<li><strong>Materialetype<\/strong>: <a class=\"color_pc_blue_text\" data-keyword=\"oxford cloth\">oxford-klud<\/a><\/li>\n<li><strong>Materiale Farve<\/strong>: Gul, lilla, orange, sort eller andre tilpassede farver<\/li>\n<li><strong>Taske st\u00f8rrelse<\/strong>: 35X30CM (liste med standardst\u00f8rrelse, vi accepterer tilpasset st\u00f8rrelse taske)<\/li>\n<li><strong>P\u00e5trykt omr\u00e5de<\/strong>: 1 farve | 2 farver | flere farver | Fuldt tryk, tryk p\u00e5 en side eller to sider<\/li>\n<li><strong>Plejeinstruktioner<\/strong>: M\u00e5 kun vaskes i h\u00e5nden.<\/li>\n<\/ul>","protected":false},"excerpt":{"rendered":"<p>Halloween non-woven poser med tegneseriem\u00f8nster og -elementer f\u00e5r gaveposer til at f\u00f8les s\u00f8de, men ikke skr\u00e6mmende, og kreative pakker med slik ser luksuri\u00f8se ud.<br \/>\nHvis du vil skabe din egen non woven Halloween-pose, skal du sende designfilen, og du vil modtage Halloween-gaver efter 15 dage.<\/p>","protected":false},"featured_media":7519,"comment_status":"open","ping_status":"closed","template":"","meta":{"_seopress_robots_primary_cat":"none","_seopress_titles_title":"","_seopress_titles_desc":"","_seopress_robots_index":""},"product_brand":[],"product_cat":[29,105,111],"product_tag":[139],"class_list":{"0":"post-7518","1":"product","2":"type-product","3":"status-publish","4":"has-post-thumbnail","6":"product_cat-tote-bag","7":"product_cat-non-woven-bag","8":"product_cat-promotional-events","9":"product_tag-non-woven-bag","11":"first","12":"instock","13":"taxable","14":"shipping-taxable","15":"product-type-simple"},"_links":{"self":[{"href":"https:\/\/avecobaggie.com\/da\/wp-json\/wp\/v2\/product\/7518","targetHints":{"allow":["GET"]}}],"collection":[{"href":"https:\/\/avecobaggie.com\/da\/wp-json\/wp\/v2\/product"}],"about":[{"href":"https:\/\/avecobaggie.com\/da\/wp-json\/wp\/v2\/types\/product"}],"replies":[{"embeddable":true,"href":"https:\/\/avecobaggie.com\/da\/wp-json\/wp\/v2\/comments?post=7518"}],"wp:featuredmedia":[{"embeddable":true,"href":"https:\/\/avecobaggie.com\/da\/wp-json\/wp\/v2\/media\/7519"}],"wp:attachment":[{"href":"https:\/\/avecobaggie.com\/da\/wp-json\/wp\/v2\/media?parent=7518"}],"wp:term":[{"taxonomy":"product_brand","embeddable":true,"href":"https:\/\/avecobaggie.com\/da\/wp-json\/wp\/v2\/product_brand?post=7518"},{"taxonomy":"product_cat","embeddable":true,"href":"https:\/\/avecobaggie.com\/da\/wp-json\/wp\/v2\/product_cat?post=7518"},{"taxonomy":"product_tag","embeddable":true,"href":"https:\/\/avecobaggie.com\/da\/wp-json\/wp\/v2\/product_tag?post=7518"}],"curies":[{"name":"wp","href":"https:\/\/api.w.org\/{rel}","templated":true}]}}