{"id":7538,"date":"2022-11-16T10:24:53","date_gmt":"2022-11-16T02:24:53","guid":{"rendered":"https:\/\/avecobaggie.com\/?post_type=product&#038;p=7538"},"modified":"2022-11-16T10:33:51","modified_gmt":"2022-11-16T02:33:51","slug":"custom-vintage-reusable-denim-tote-bag","status":"publish","type":"product","link":"https:\/\/avecobaggie.com\/da\/product\/custom-vintage-reusable-denim-tote-bag\/","title":{"rendered":"Brugerdefineret genanvendelig vintage-denim-taske"},"content":{"rendered":"<p>Aveco leverer hovedsageligt skr\u00e6ddersyede \u00f8ko-taskeposer med one-stop-shop-l\u00f8sningsservice. Vores tasker er holdbare, af h\u00f8j kvalitet og til en overkommelig pris til forskellige form\u00e5l. Alle de materialer, vi bruger, er milj\u00f8venlige, herunder bomuld, l\u00e6rred, linned, jute, filt osv. Og hvis du \u00f8nsker at lave tasker med dit private label-m\u00e6rke eller salgsfremmende begivenheder, kan vi opfylde dine bulkbehov med en ganske lav MOQ og hurtig levering.<\/p>\n<p>PRODUKTETS EGENSKABER<\/p>\n<ul>\n<li><strong>Taske-stil<\/strong>: Tasker<\/li>\n<li><strong>Materialetype<\/strong>: Denim<\/li>\n<li><strong>Materiale Farve<\/strong>: Bl\u00e5<\/li>\n<li><strong>Taske st\u00f8rrelse<\/strong>:Liste med standardst\u00f8rrelse, vi accepterer taske i tilpasset st\u00f8rrelse<\/li>\n<li><strong>P\u00e5trykt omr\u00e5de<\/strong>: 1 farve | 2 farver | flere farver | Fuldt tryk, tryk p\u00e5 en side eller to sider<\/li>\n<li><strong>Lukning<\/strong>: Med lynl\u00e5s<\/li>\n<li><strong>Plejeinstruktioner<\/strong>: H\u00e5ndvask anbefales, maskinvask er ogs\u00e5 ok, h\u00e6ng til t\u00f8rre.<\/li>\n<\/ul>","protected":false},"excerpt":{"rendered":"<p>Stilfuldt design med milj\u00f8venligt denimmateriale, afslappet mellemst\u00f8rrelse, perfekt til arbejde og skole, med b\u00f8ger, paraply, pung, iPad osv.<\/p>","protected":false},"featured_media":7539,"comment_status":"open","ping_status":"closed","template":"","meta":{"_seopress_robots_primary_cat":"none","_seopress_titles_title":"","_seopress_titles_desc":"","_seopress_robots_index":""},"product_brand":[],"product_cat":[29,108,110],"product_tag":[127],"class_list":{"0":"post-7538","1":"product","2":"type-product","3":"status-publish","4":"has-post-thumbnail","6":"product_cat-tote-bag","7":"product_cat-work-school","8":"product_cat-travel","9":"product_tag-denim-bag","11":"first","12":"instock","13":"taxable","14":"shipping-taxable","15":"product-type-simple"},"_links":{"self":[{"href":"https:\/\/avecobaggie.com\/da\/wp-json\/wp\/v2\/product\/7538","targetHints":{"allow":["GET"]}}],"collection":[{"href":"https:\/\/avecobaggie.com\/da\/wp-json\/wp\/v2\/product"}],"about":[{"href":"https:\/\/avecobaggie.com\/da\/wp-json\/wp\/v2\/types\/product"}],"replies":[{"embeddable":true,"href":"https:\/\/avecobaggie.com\/da\/wp-json\/wp\/v2\/comments?post=7538"}],"wp:featuredmedia":[{"embeddable":true,"href":"https:\/\/avecobaggie.com\/da\/wp-json\/wp\/v2\/media\/7539"}],"wp:attachment":[{"href":"https:\/\/avecobaggie.com\/da\/wp-json\/wp\/v2\/media?parent=7538"}],"wp:term":[{"taxonomy":"product_brand","embeddable":true,"href":"https:\/\/avecobaggie.com\/da\/wp-json\/wp\/v2\/product_brand?post=7538"},{"taxonomy":"product_cat","embeddable":true,"href":"https:\/\/avecobaggie.com\/da\/wp-json\/wp\/v2\/product_cat?post=7538"},{"taxonomy":"product_tag","embeddable":true,"href":"https:\/\/avecobaggie.com\/da\/wp-json\/wp\/v2\/product_tag?post=7538"}],"curies":[{"name":"wp","href":"https:\/\/api.w.org\/{rel}","templated":true}]}}