{"id":7659,"date":"2023-02-14T16:07:06","date_gmt":"2023-02-14T08:07:06","guid":{"rendered":"https:\/\/avecobaggie.com\/?post_type=product&#038;p=7659"},"modified":"2023-02-14T16:31:25","modified_gmt":"2023-02-14T08:31:25","slug":"thick-agaric-edge-cotton-drawstring-bag-double-drawstring-storage-bundle-pocket-wholesale","status":"publish","type":"product","link":"https:\/\/avecobaggie.com\/da\/product\/thick-agaric-edge-cotton-drawstring-bag-double-drawstring-storage-bundle-pocket-wholesale\/","title":{"rendered":"Tyk svamp kant bomuldssn\u00f8repose dobbelt sn\u00f8re opbevaring bundt lomme engros"},"content":{"rendered":"<p>Aveco leverer hovedsageligt tilpassede \u00f8koposer med one-stop-shop-l\u00f8sningsservice. Vi har ogs\u00e5 nogle grundl\u00e6ggende former for poser til en nem start som anf\u00f8rt p\u00e5 hjemmesiden for\u00a0\u00a0<a href=\"https:\/\/avecobaggie.com\/da\/product-category\/bags-in-stock\/\"> Tasker p\u00e5 lager <\/a>. de fleste lagerf\u00f8rte poser er blanke uden tryk, s\u00e5 det er lettere for dig at lave et privat logo eller en etiket til dine kunder uden noget minimum.<\/p>\n<p><span class=\"Apple-converted-space\">\u00a0 \u00a0 Hvis du vil tilpasse disse \u00f8ko-poser, er det ogs\u00e5 nemt, nogle af poserne er endda med ekstremt lave priser. <\/span>MOQ for tilpassede overflader. Is\u00e6r bomulds- eller l\u00e6rredspose er ekstremt lav ved 100 stykker eller endnu mindre for at st\u00f8tte begyndere, g\u00e5 til <a href=\"https:\/\/avecobaggie.com\/da\/custom-solutions\/\"><strong>TILPASSEDE L\u00d8SNINGER<\/strong><\/a> for at f\u00e5 mere at vide om trin for specialfremstillede tasker.<\/p>\n<h3 class=\"p1\"><span style=\"color: #333333;\">\u00a0Produktegenskaber for Custom Cotton Drawstring Bag<\/span><\/h3>\n<ul>\n<li><strong>Taske-stil<\/strong>: Taske med snor<\/li>\n<li><strong>Materialetype<\/strong>: Naturlig bomuld 100%<\/li>\n<li><strong>Materiale V\u00e6gt<\/strong>: 8 oz<\/li>\n<li><strong>Materiale Farve<\/strong>: M\u00f8rk beige, Lys beige<\/li>\n<li><strong>Taske st\u00f8rrelse<\/strong>:Customized\uff08 list with popular size, we accept customized size bag \uff09<\/li>\n<li><strong>P\u00e5trykt omr\u00e5de<\/strong>: 1 farve | 2 farver | flere farver | Fuldt tryk, tryk p\u00e5 en side eller to sider<\/li>\n<li><strong>Lukning<\/strong>: L\u00f8beb\u00e5nd<\/li>\n<li><strong>Plejeinstruktioner<\/strong>: H\u00e5ndvask anbefales, maskinvask er ogs\u00e5 ok, h\u00e6ng til t\u00f8rre.<\/li>\n<\/ul>\n<p><strong>Bem\u00e6rkninger:For bomuldsstof vil der v\u00e6re en lille krympning efter vask.<\/strong><\/p>","protected":false},"excerpt":{"rendered":"<p>Perfekt til gaver med k\u00f8bsprogrammer og giveaways, f\u00e5 tilpasset dit logo p\u00e5 bomuldsposen med snor og udvid din brand awareness<\/p>","protected":false},"featured_media":7661,"comment_status":"open","ping_status":"closed","template":"","meta":{"_seopress_robots_primary_cat":"none","_seopress_titles_title":"Customize drawstring  bag the  %%term_title%% wholesale %%sep%% %%sitetitle%%","_seopress_titles_desc":"Various shapes, thickness and Sizes give you more choices on Custom cotton drawstring bag.Sample proofing in 3 days,Fast turn around,0 Claim quality","_seopress_robots_index":""},"product_brand":[],"product_cat":[92,102,111],"product_tag":[],"class_list":{"0":"post-7659","1":"product","2":"type-product","3":"status-publish","4":"has-post-thumbnail","6":"product_cat-drawstring-bag","7":"product_cat-cotton-canvas-bag","8":"product_cat-promotional-events","10":"first","11":"instock","12":"taxable","13":"shipping-taxable","14":"product-type-simple"},"_links":{"self":[{"href":"https:\/\/avecobaggie.com\/da\/wp-json\/wp\/v2\/product\/7659","targetHints":{"allow":["GET"]}}],"collection":[{"href":"https:\/\/avecobaggie.com\/da\/wp-json\/wp\/v2\/product"}],"about":[{"href":"https:\/\/avecobaggie.com\/da\/wp-json\/wp\/v2\/types\/product"}],"replies":[{"embeddable":true,"href":"https:\/\/avecobaggie.com\/da\/wp-json\/wp\/v2\/comments?post=7659"}],"wp:featuredmedia":[{"embeddable":true,"href":"https:\/\/avecobaggie.com\/da\/wp-json\/wp\/v2\/media\/7661"}],"wp:attachment":[{"href":"https:\/\/avecobaggie.com\/da\/wp-json\/wp\/v2\/media?parent=7659"}],"wp:term":[{"taxonomy":"product_brand","embeddable":true,"href":"https:\/\/avecobaggie.com\/da\/wp-json\/wp\/v2\/product_brand?post=7659"},{"taxonomy":"product_cat","embeddable":true,"href":"https:\/\/avecobaggie.com\/da\/wp-json\/wp\/v2\/product_cat?post=7659"},{"taxonomy":"product_tag","embeddable":true,"href":"https:\/\/avecobaggie.com\/da\/wp-json\/wp\/v2\/product_tag?post=7659"}],"curies":[{"name":"wp","href":"https:\/\/api.w.org\/{rel}","templated":true}]}}