{"id":7671,"date":"2023-02-14T16:58:29","date_gmt":"2023-02-14T08:58:29","guid":{"rendered":"https:\/\/avecobaggie.com\/?post_type=product&#038;p=7671"},"modified":"2023-03-20T10:29:36","modified_gmt":"2023-03-20T02:29:36","slug":"solid-color-can-be-customized-size-logo-environmental-friendly-canvas-bag","status":"publish","type":"product","link":"https:\/\/avecobaggie.com\/da\/product\/solid-color-can-be-customized-size-logo-environmental-friendly-canvas-bag\/","title":{"rendered":"Solid color can be customized size logo environmental friendly canvas bag"},"content":{"rendered":"<p>Aveco-firmaet kan tilpasse og engros l\u00e6rredstasker med one stop shop-l\u00f8sningstjeneste. Vi har ogs\u00e5 nogle grundl\u00e6ggende former for tasker til en nem start som anf\u00f8rt p\u00e5 hjemmesiden for\u00a0\u00a0<a href=\"https:\/\/avecobaggie.com\/da\/product-category\/bags-in-stock\/\"> Tasker p\u00e5 lager <\/a>. de fleste lagerf\u00f8rte poser er blanke uden tryk, s\u00e5 det er lettere for dig at lave et privat logo eller en etiket til dine kunder uden noget minimum.<\/p>\n<p><span class=\"Apple-converted-space\">\u00a0 \u00a0 Hvis du vil tilpasse disse \u00f8ko-poser, er det ogs\u00e5 nemt, nogle af poserne er endda med ekstremt lave priser. <\/span>MOQ for tilpassede overflader. Is\u00e6r bomulds- eller l\u00e6rredspose er ekstremt lav ved 100 stykker eller endnu mindre for at st\u00f8tte begyndere, g\u00e5 til <a href=\"https:\/\/avecobaggie.com\/da\/custom-solutions\/\"><strong>TILPASSEDE L\u00d8SNINGER<\/strong><\/a> for at f\u00e5 mere at vide om trin for specialfremstillede tasker.<\/p>\n<h4 class=\"p1\"><span style=\"color: #333333;\">Produktfunktioner<\/span><\/h4>\n<ul>\n<li><strong>Taske-stil<\/strong>: Tasker<\/li>\n<li><strong>Materialetype<\/strong>: L\u00e6rred<\/li>\n<li><strong>Materiale V\u00e6gt<\/strong>:5oz\/6oz\/8oz\/10oz\/12oz \/14oz\/16oz vi kan ogs\u00e5 lave andre tykkelser i henhold til din anmodning, <a href=\"https:\/\/avecobaggie.com\/da\/custom-solutions\/\">Klik for at se diagrammet over stoffets v\u00e6gt, <\/a>tyk tr\u00e5d, inklusive korssting ved h\u00e5ndtaget for maksimal fasthed.<\/li>\n<li><strong>Materiale Farve<\/strong>: Naturlig beige<\/li>\n<li><strong>Taske st\u00f8rrelse<\/strong>:34*40*10CM \/45*35*10CM( liste med standardst\u00f8rrelse, vi accepterer tilpasset st\u00f8rrelse taske \uff09<\/li>\n<li><strong>P\u00e5trykt omr\u00e5de<\/strong>: 1 farve | 2 farver | flere farver | Fuldt tryk, tryk p\u00e5 en side eller to sider<\/li>\n<\/ul>\n<h4 class=\"a-spacing-mini\">Til flere form\u00e5l<\/h4>\n<p>Tasken kan v\u00e6re helt tom uden tryk eller logoer, hvis du vil s\u00e6lge en tom l\u00e6rredstaske til g\u00f8r-det-selv-brug, den er fantastisk til male- og dekorationsprojekter derhjemme, i skolen, i lejren eller til velg\u00f8rende aktiviteter. Du kan ogs\u00e5 pakke tasken med malev\u00e6rkt\u00f8j som en pakke til salg.<\/p>\n<p>En anden m\u00e5de at g\u00f8re det selv p\u00e5 er at k\u00f8be en pakke vinylpapir til varmeoverf\u00f8rsel, som man kan stryge p\u00e5, s\u00e5 det kan overf\u00f8res til tasken.<\/p>\n<p>Udover DIY-form\u00e5lene kan du ogs\u00e5 tilpasse et logo eller m\u00f8nster med producenten direkte for at udvide din brandbevidsthed, tasken er fantastisk til hverdagsb\u00e6ring, skole, arbejde, strand, picnic, fest, fitnesscenter, bibliotek, f\u00f8dselsdagsgaver, messer, konference, julegaver, bryllup og forskellige begivenheders b\u00e6ring.<\/p>\n<h4 class=\"a-spacing-mini\">Stor kapacitet<\/h4>\n<p>Tasken kan rumme ca. 20 liter og b\u00e6re mere end 50 kilo. Det lange, brede h\u00e5ndtag er en god m\u00e5de at lindre muskelsmerter p\u00e5, og det er behageligt at holde den i h\u00e5nden eller p\u00e5 skulderen.stropperne kan tilpasses efter dine egne \u00f8nsker, den normale st\u00f8rrelse er 75 cm lang.<\/p>\n<h4 class=\"a-spacing-mini\">Fremragende produktion<\/h4>\n<p>Med mere end 10 \u00e5rs syerfaring for arbejderne kan vi kontrollere st\u00f8rrelsestolerancen p\u00e5 +\/- 1 \u2033, det fremragende ledelsesteam vil have en streng kontrol og f\u00f8lge op gennem hele processen. Hver taske vil blive n\u00f8je inspiceret inden afsendelse, uanset lille eller stor. vi er forpligtet til at bringe de bedste v\u00e6rdifulde l\u00e6rredstasker til vores kunder.<\/p>\n<h4 class=\"a-spacing-mini\">Meddelelse om vask<\/h4>\n<p>Det anbefales at vaske i h\u00e5nden i koldt vand eller i maskine og stryge ved h\u00f8j temperatur efter naturlig t\u00f8rring.<\/p>\n<p><strong>Bem\u00e6rkninger:For bomuldsstof vil der v\u00e6re en lille krympning efter vask.<\/strong><\/p>\n<p>&nbsp;<\/p>","protected":false},"excerpt":{"rendered":"<p>Introducing our customizable solid color canvas bag, designed with both style and sustainability in mind. Made from environmentally friendly materials, this canvas bag is perfect for carrying your essentials while reducing your carbon footprint.<\/p>\n<p>With its solid color design, this canvas bag is versatile enough to match any outfit and can be<em class=\"Highlight\"> tilpasset <\/em>with your own unique logo. Plus, the bag is available in a range of sizes to fit all your needs.<em class=\"Highlight\"> tilpasset <\/em>with your own unique logo.<\/p>","protected":false},"featured_media":7677,"comment_status":"open","ping_status":"closed","template":"","meta":{"_seopress_robots_primary_cat":"none","_seopress_titles_title":"Custom Canvas Tote Bag With Pockets - Fast Proof-Free Sample  ","_seopress_titles_desc":"Canvas Tote Bag with pockets outside and reinforced straps,Durable and eco friendly.10+ years experience make the neat sewing and reputed quality.","_seopress_robots_index":""},"product_brand":[],"product_cat":[29,102,108,110],"product_tag":[],"class_list":{"0":"post-7671","1":"product","2":"type-product","3":"status-publish","4":"has-post-thumbnail","6":"product_cat-tote-bag","7":"product_cat-cotton-canvas-bag","8":"product_cat-work-school","9":"product_cat-travel","11":"first","12":"instock","13":"taxable","14":"shipping-taxable","15":"product-type-simple"},"_links":{"self":[{"href":"https:\/\/avecobaggie.com\/da\/wp-json\/wp\/v2\/product\/7671","targetHints":{"allow":["GET"]}}],"collection":[{"href":"https:\/\/avecobaggie.com\/da\/wp-json\/wp\/v2\/product"}],"about":[{"href":"https:\/\/avecobaggie.com\/da\/wp-json\/wp\/v2\/types\/product"}],"replies":[{"embeddable":true,"href":"https:\/\/avecobaggie.com\/da\/wp-json\/wp\/v2\/comments?post=7671"}],"wp:featuredmedia":[{"embeddable":true,"href":"https:\/\/avecobaggie.com\/da\/wp-json\/wp\/v2\/media\/7677"}],"wp:attachment":[{"href":"https:\/\/avecobaggie.com\/da\/wp-json\/wp\/v2\/media?parent=7671"}],"wp:term":[{"taxonomy":"product_brand","embeddable":true,"href":"https:\/\/avecobaggie.com\/da\/wp-json\/wp\/v2\/product_brand?post=7671"},{"taxonomy":"product_cat","embeddable":true,"href":"https:\/\/avecobaggie.com\/da\/wp-json\/wp\/v2\/product_cat?post=7671"},{"taxonomy":"product_tag","embeddable":true,"href":"https:\/\/avecobaggie.com\/da\/wp-json\/wp\/v2\/product_tag?post=7671"}],"curies":[{"name":"wp","href":"https:\/\/api.w.org\/{rel}","templated":true}]}}