{"id":8982,"date":"2025-03-17T17:30:21","date_gmt":"2025-03-17T09:30:21","guid":{"rendered":"https:\/\/avecobaggie.com\/?post_type=product&#038;p=8982"},"modified":"2025-03-18T14:37:51","modified_gmt":"2025-03-18T06:37:51","slug":"jute-totes-with-woven-handle","status":"publish","type":"product","link":"https:\/\/avecobaggie.com\/da\/product\/jute-totes-with-woven-handle\/","title":{"rendered":"Jute Totes with Woven handle"},"content":{"rendered":"<h2 class=\"wp-block-heading has-text-align-center\">Product Features for Jute totes with Woven handle<\/h2>\n\n\n\n<ul class=\"wp-block-list\">\n<li>Large Size: 42\u00d730\u00d710cm. This Jute Shopping Bag is large enough to hold food vegatables, fruits, etc.<\/li>\n\n\n\n<li>High Quality &#8211; The jute tote bag is made of 100% natural jute fiber with a clear coating of PE, it&#8217;s waterproof.<\/li>\n\n\n\n<li>Professional Design &#8211; thickened canvas trim + double-stitched handles with foam inside (15kg static\/8kg dynamic load)<\/li>\n\n\n\n<li>Multiple Occasions &#8211; The jute tote bag for women brings nature, unique and chic, perfect for beach, party, shopping, camping, and dating.<\/li>\n<\/ul>\n\n\n\n<p>Easy to Customize with logo,pattern , size,a nd shape.<\/p>\n\n\n\n<h3 class=\"wp-block-heading has-text-align-center\">Tilpassede l\u00f8sninger<\/h3>\n\n\n\n<figure class=\"wp-block-image size-large\"><img fetchpriority=\"high\" width=\"1024\" height=\"816\" src=\"https:\/\/avecobaggie.com\/wp-content\/uploads\/2025\/03\/Handle-Style-1024x816.jpg\" alt=\"\" class=\"wp-image-8939\" srcset=\"https:\/\/avecobaggie.com\/wp-content\/uploads\/2025\/03\/Handle-Style-1024x816.jpg 1024w, https:\/\/avecobaggie.com\/wp-content\/uploads\/2025\/03\/Handle-Style-300x239.jpg 300w, https:\/\/avecobaggie.com\/wp-content\/uploads\/2025\/03\/Handle-Style-768x612.jpg 768w, https:\/\/avecobaggie.com\/wp-content\/uploads\/2025\/03\/Handle-Style-600x478.jpg 600w, https:\/\/avecobaggie.com\/wp-content\/uploads\/2025\/03\/Handle-Style.jpg 1444w\" sizes=\"(max-width: 1024px) 100vw, 1024px\" \/><\/figure>\n\n\n\n<figure class=\"wp-block-table\"><table><tbody><tr><td>Materiale<\/td><td>Jute, linned, falsk jute<\/td><\/tr><tr><td>Farve<\/td><td>V\u00e6lg fra vores tilg\u00e6ngelige stoflager, eller tilpas gennem indfarvning for at matche specifikke Pantone-farver.<\/td><\/tr><tr><td>Tykkelse af stof<\/td><td>200-450 g\/m\u00b2<\/td><\/tr><tr><td>Udskrivning<\/td><td>Serigrafi, varmeoverf\u00f8rselstryk, digitaltryk, pr\u00e6gning<\/td><\/tr><tr><td>H\u00e5ndtagstype<\/td><td>Jute, linned, bomuld, l\u00e6der, b\u00e5nd, bambus<\/td><\/tr><tr><td>Tilbeh\u00f8r<\/td><td>Inderlomme, yderlomme, lynl\u00e5s, trykknap, magnetisk trykknap, velcro, l\u00f8begang, bundkile, sidekile, D-ring, sp\u00e6nder, \u00f8je, skillev\u00e6gge, m\u00e6rke, etiket<\/td><\/tr><tr><td>Anvendelse<\/td><td>Shopping, gaver, reklame, emballage, strandtasker, personlig daglig transport<\/td><\/tr><tr><td rowspan=\"4\">Pr\u00f8veproduktion<\/td><td>Leveringstid: 3-7 dage.<\/td><\/tr><tr><td>Omkostninger: 30USD-80USD Varierer afh\u00e6ngigt af produktdetaljer.<\/td><\/tr><tr><td>Tilbagebetalingspolitik: Fuld refusion ved en ordre p\u00e5 1000 stk. eller mere.<\/td><\/tr><tr><td>Standardpr\u00f8ver er gratis. Du er kun ansvarlig for at d\u00e6kke forsendelsesomkostningerne.<\/td><\/tr><tr><td>Pakning<\/td><td>PE-pose + karton (kan tilpasses)<\/td><\/tr><tr><td>Masseproduktion<\/td><td>7-30 dage afh\u00e6nger af m\u00e6ngde<\/td><\/tr><tr><td>Forsendelse<\/td><td>Med ekspres (DHL, UPS, FedEx, TNT, EMS), med fly, ad s\u00f8vejen<\/td><\/tr><\/tbody><\/table><\/figure>","protected":false},"excerpt":{"rendered":"<p>Logotryk | Lav MOQ | Milj\u00f8venlig | Vandafvisende<\/p>","protected":false},"featured_media":8990,"comment_status":"open","ping_status":"closed","template":"","meta":{"_seopress_robots_primary_cat":"none","_seopress_titles_title":"%%post_title%% %%sep%% Get Customized Now","_seopress_titles_desc":"The jute tote bag is made of 100% natural jute fiber,Large Size: 42\u00d730\u00d710cm,Easy to Customize at low MOQ with logo,pattern , size,a nd shape.","_seopress_robots_index":""},"product_brand":[],"product_cat":[187,29],"product_tag":[],"class_list":{"0":"post-8982","1":"product","2":"type-product","3":"status-publish","4":"has-post-thumbnail","6":"product_cat-custom-jute-bag","7":"product_cat-tote-bag","9":"first","10":"instock","11":"taxable","12":"shipping-taxable","13":"product-type-simple"},"_links":{"self":[{"href":"https:\/\/avecobaggie.com\/da\/wp-json\/wp\/v2\/product\/8982","targetHints":{"allow":["GET"]}}],"collection":[{"href":"https:\/\/avecobaggie.com\/da\/wp-json\/wp\/v2\/product"}],"about":[{"href":"https:\/\/avecobaggie.com\/da\/wp-json\/wp\/v2\/types\/product"}],"replies":[{"embeddable":true,"href":"https:\/\/avecobaggie.com\/da\/wp-json\/wp\/v2\/comments?post=8982"}],"wp:featuredmedia":[{"embeddable":true,"href":"https:\/\/avecobaggie.com\/da\/wp-json\/wp\/v2\/media\/8990"}],"wp:attachment":[{"href":"https:\/\/avecobaggie.com\/da\/wp-json\/wp\/v2\/media?parent=8982"}],"wp:term":[{"taxonomy":"product_brand","embeddable":true,"href":"https:\/\/avecobaggie.com\/da\/wp-json\/wp\/v2\/product_brand?post=8982"},{"taxonomy":"product_cat","embeddable":true,"href":"https:\/\/avecobaggie.com\/da\/wp-json\/wp\/v2\/product_cat?post=8982"},{"taxonomy":"product_tag","embeddable":true,"href":"https:\/\/avecobaggie.com\/da\/wp-json\/wp\/v2\/product_tag?post=8982"}],"curies":[{"name":"wp","href":"https:\/\/api.w.org\/{rel}","templated":true}]}}