{"id":9011,"date":"2025-03-18T15:06:51","date_gmt":"2025-03-18T07:06:51","guid":{"rendered":"https:\/\/avecobaggie.com\/?post_type=product&#038;p=9011"},"modified":"2025-03-19T11:46:42","modified_gmt":"2025-03-19T03:46:42","slug":"black-jute-tote-bag-with-eagle-prints","status":"publish","type":"product","link":"https:\/\/avecobaggie.com\/da\/product\/black-jute-tote-bag-with-eagle-prints\/","title":{"rendered":"Sort jute-taske med \u00f8rnetryk"},"content":{"rendered":"<h2 class=\"wp-block-heading has-text-align-center\">Produktegenskaber for Sort jute-taske med \u00f8rnetryk<\/h2>\n\n\n\n<p><strong>1. Dristigt design i sort og naturlig jute:<\/strong><br>Denne <strong>elegant tote bag<\/strong> mejet\u00e6rskere <strong>Sider og bund i sort jute<\/strong> med <strong>Naturlig jute foran og bagp\u00e5<\/strong>og skaber en <strong>Moderne, tofarvet \u00e6stetik<\/strong> der er b\u00e5de stilfuld og funktionel.<\/p>\n\n\n\n<p><strong>2. Eagle-print, der kan tilpasses:<\/strong><br>Den <strong>Forreste del af midten<\/strong> har en sl\u00e5ende <strong>Sort \u00f8rneprint<\/strong>som kan v\u00e6re <strong>let at udskifte<\/strong> med dit brands logo eller design. Det g\u00f8r det til en <strong>Perfekt l\u00e6rred til branding<\/strong> og tilpasning.<\/p>\n\n\n\n<p><strong>3. V\u00e6vet etiket med m\u00e6rke:<\/strong><br>A <strong>V\u00e6vet etiket<\/strong> p\u00e5 <strong>h\u00f8jre side<\/strong> tilf\u00f8jer en <strong>Professionelt touch<\/strong>Det er ideelt til at fremvise dit brand eller din tagline.<\/p>\n\n\n\n<p><strong>4. Slidst\u00e6rke sorte b\u00e5ndh\u00e5ndtag:<\/strong><br>Tasken leveres med <strong>Robuste sorte h\u00e5ndtag med sv\u00f8mmehud<\/strong>, forst\u00e6rket til <strong>komfort og holdbarhed<\/strong>Det g\u00f8r det nemt at b\u00e6re tunge ting.<\/p>\n\n\n\n<p><strong>5. Vandt\u00e6t PE-bel\u00e6gning:<\/strong><br>Interi\u00f8ret er <strong>foret med en vandt\u00e6t PE-film<\/strong>og sikre <strong>Beskyttelse mod fugt<\/strong> og tilf\u00f8je til dens <strong>funktionel appel<\/strong>.<\/p>\n\n\n\n<p><strong>6. Naturlig \u00e5ben top:<\/strong><br>Den <strong>Design med \u00e5ben top<\/strong> Tilbud <strong>nem adgang<\/strong> til dine ejendele, hvilket g\u00f8r det til en <strong>Alsidigt valg<\/strong> til hverdagsbrug.<\/p>\n\n\n\n<p><strong>7. Kompakt og praktisk st\u00f8rrelse:<\/strong><br>M\u00e5ling <strong>30x25x10cm<\/strong>Denne taske er <strong>Kompakt og alligevel rummelig<\/strong>, perfekt til:<\/p>\n\n\n\n<ul class=\"wp-block-list\">\n<li><strong>Detailhandel og shopping:<\/strong>\u00a0A\u00a0<strong>genanvendelig indk\u00f8bspose med logo<\/strong>\u00a0for milj\u00f8bevidste kunder.<\/li>\n\n\n\n<li><strong>Begivenheder og gaver:<\/strong>\u00a0A\u00a0<strong>Stilfuld reklameartikel<\/strong>\u00a0til messer eller kampagner.<\/li>\n\n\n\n<li><strong>Daglige n\u00f8dvendigheder:<\/strong>\u00a0Ideel til at b\u00e6re\u00a0<strong>b\u00f8ger, dagligvarer eller personlige ting<\/strong>.<\/li>\n\n\n\n<li><strong>Gaver til virksomheder:<\/strong>\u00a0A\u00a0<strong>sofistikeret og milj\u00f8venlig gave<\/strong>\u00a0for klienter eller medarbejdere.<\/li>\n<\/ul>\n\n\n\n<p><strong>8. Milj\u00f8venlig og genanvendelig:<\/strong><br>Fremstillet af <strong>naturlig og sort jute<\/strong>denne taske er <strong>Bionedbrydelig og b\u00e6redygtig<\/strong>, der passer til den voksende eftersp\u00f8rgsel efter <strong>Milj\u00f8bevidste produkter<\/strong>.<\/p>\n\n\n\n<hr class=\"wp-block-separator has-alpha-channel-opacity\"\/>\n\n\n\n<h4 class=\"wp-block-heading has-text-align-center\"><strong>Tilpasningsmuligheder:<\/strong><\/h4>\n\n\n\n<p>Denne <strong>Taske i sort og jute<\/strong> er blot et af de mange designs, vi tilbyder. Uanset om du har brug for:<\/p>\n\n\n\n<ul class=\"wp-block-list\">\n<li><strong>Forskellige farver eller m\u00f8nstre<\/strong>,<\/li>\n\n\n\n<li><strong>Brugerdefinerede tryk eller logoer<\/strong>,<\/li>\n\n\n\n<li><strong>Unikke former eller st\u00f8rrelser<\/strong>,<br>Vi kan oprette en\u00a0<strong>skr\u00e6ddersyet l\u00f8sning<\/strong>\u00a0der opfylder dit brands behov.<\/li>\n<\/ul>\n\n\n\n<p><strong>Kontakt os i dag<\/strong> for at diskutere, hvordan vi kan hj\u00e6lpe dig med at designe <strong>Milj\u00f8venlige tote bags med branding<\/strong> der l\u00f8fter din virksomhed og v\u00e6kker genklang hos dine kunder.<\/p>\n\n\n\n<figure class=\"wp-block-image size-large\"><img fetchpriority=\"high\" width=\"1024\" height=\"816\" src=\"https:\/\/avecobaggie.com\/wp-content\/uploads\/2025\/03\/Handle-Style-1024x816.jpg\" alt=\"\" class=\"wp-image-8939\" srcset=\"https:\/\/avecobaggie.com\/wp-content\/uploads\/2025\/03\/Handle-Style-1024x816.jpg 1024w, https:\/\/avecobaggie.com\/wp-content\/uploads\/2025\/03\/Handle-Style-300x239.jpg 300w, https:\/\/avecobaggie.com\/wp-content\/uploads\/2025\/03\/Handle-Style-768x612.jpg 768w, https:\/\/avecobaggie.com\/wp-content\/uploads\/2025\/03\/Handle-Style-600x478.jpg 600w, https:\/\/avecobaggie.com\/wp-content\/uploads\/2025\/03\/Handle-Style.jpg 1444w\" sizes=\"(max-width: 1024px) 100vw, 1024px\" \/><\/figure>\n\n\n\n<figure class=\"wp-block-table\"><table><tbody><tr><td>Materiale<\/td><td>Jute, linned, falsk jute<\/td><\/tr><tr><td>Farve<\/td><td>V\u00e6lg fra vores tilg\u00e6ngelige stoflager, eller tilpas gennem indfarvning for at matche specifikke Pantone-farver.<\/td><\/tr><tr><td>Tykkelse af stof<\/td><td>200-450 g\/m\u00b2<\/td><\/tr><tr><td>Udskrivning<\/td><td>Serigrafi, varmeoverf\u00f8rselstryk, digitaltryk, pr\u00e6gning<\/td><\/tr><tr><td>H\u00e5ndtagstype<\/td><td>Jute, linned, bomuld, l\u00e6der, b\u00e5nd, bambus<\/td><\/tr><tr><td>Tilbeh\u00f8r<\/td><td>Inderlomme, yderlomme, lynl\u00e5s, trykknap, magnetisk trykknap, velcro, l\u00f8begang, bundkile, sidekile, D-ring, sp\u00e6nder, \u00f8je, skillev\u00e6gge, m\u00e6rke, etiket<\/td><\/tr><tr><td>Anvendelse<\/td><td>Shopping, gaver, reklame, emballage, strandtasker, personlig daglig transport<\/td><\/tr><tr><td rowspan=\"4\">Pr\u00f8veproduktion<\/td><td>Leveringstid: 3-7 dage.<\/td><\/tr><tr><td>Omkostninger: 30USD-80USD Varierer afh\u00e6ngigt af produktdetaljer.<\/td><\/tr><tr><td>Tilbagebetalingspolitik: Fuld refusion ved en ordre p\u00e5 1000 stk. eller mere.<\/td><\/tr><tr><td>Standardpr\u00f8ver er gratis. Du er kun ansvarlig for at d\u00e6kke forsendelsesomkostningerne.<\/td><\/tr><tr><td>Pakning<\/td><td>PE-pose + karton (kan tilpasses)<\/td><\/tr><tr><td>Masseproduktion<\/td><td>7-30 dage afh\u00e6nger af m\u00e6ngde<\/td><\/tr><tr><td>Forsendelse<\/td><td>Med ekspres (DHL, UPS, FedEx, TNT, EMS), med fly, ad s\u00f8vejen<\/td><\/tr><\/tbody><\/table><\/figure>","protected":false},"excerpt":{"rendered":"<p>Logotryk | Lav MOQ | Milj\u00f8venlig | Vandafvisende<\/p>","protected":false},"featured_media":9012,"comment_status":"open","ping_status":"closed","template":"","meta":{"_seopress_robots_primary_cat":"none","_seopress_titles_title":"%%post_title%% %%sep%% Get Customized Now","_seopress_titles_desc":"Customizable Black & Jute Tote Bag with waterproof PE coating, durable handles, and branding options. Perfect for retail, events, or daily use.","_seopress_robots_index":""},"product_brand":[],"product_cat":[187,29],"product_tag":[],"class_list":{"0":"post-9011","1":"product","2":"type-product","3":"status-publish","4":"has-post-thumbnail","6":"product_cat-custom-jute-bag","7":"product_cat-tote-bag","9":"first","10":"instock","11":"taxable","12":"shipping-taxable","13":"product-type-simple"},"_links":{"self":[{"href":"https:\/\/avecobaggie.com\/da\/wp-json\/wp\/v2\/product\/9011","targetHints":{"allow":["GET"]}}],"collection":[{"href":"https:\/\/avecobaggie.com\/da\/wp-json\/wp\/v2\/product"}],"about":[{"href":"https:\/\/avecobaggie.com\/da\/wp-json\/wp\/v2\/types\/product"}],"replies":[{"embeddable":true,"href":"https:\/\/avecobaggie.com\/da\/wp-json\/wp\/v2\/comments?post=9011"}],"wp:featuredmedia":[{"embeddable":true,"href":"https:\/\/avecobaggie.com\/da\/wp-json\/wp\/v2\/media\/9012"}],"wp:attachment":[{"href":"https:\/\/avecobaggie.com\/da\/wp-json\/wp\/v2\/media?parent=9011"}],"wp:term":[{"taxonomy":"product_brand","embeddable":true,"href":"https:\/\/avecobaggie.com\/da\/wp-json\/wp\/v2\/product_brand?post=9011"},{"taxonomy":"product_cat","embeddable":true,"href":"https:\/\/avecobaggie.com\/da\/wp-json\/wp\/v2\/product_cat?post=9011"},{"taxonomy":"product_tag","embeddable":true,"href":"https:\/\/avecobaggie.com\/da\/wp-json\/wp\/v2\/product_tag?post=9011"}],"curies":[{"name":"wp","href":"https:\/\/api.w.org\/{rel}","templated":true}]}}