{"id":9038,"date":"2025-03-18T16:37:10","date_gmt":"2025-03-18T08:37:10","guid":{"rendered":"https:\/\/avecobaggie.com\/?post_type=product&#038;p=9038"},"modified":"2025-03-19T08:40:18","modified_gmt":"2025-03-19T00:40:18","slug":"promotional-cute-bear-jute-canvas-tote-bag","status":"publish","type":"product","link":"https:\/\/avecobaggie.com\/da\/product\/promotional-cute-bear-jute-canvas-tote-bag\/","title":{"rendered":"Promotional Cute Bear Jute Canvas Tote Bag"},"content":{"rendered":"<h2 class=\"wp-block-heading has-text-align-center\">Product Features for Promotional Cute Bear Jute Canvas Tote Bag<\/h2>\n\n\n\n<ul class=\"wp-block-list\">\n<li>This natural jute tote combines rustic charm with modern durability. Perfect for Supermarket grocery hauls, beach days, or farmers&#8217; market adventures \u2013 its spacious design and reinforced handles handle life&#8217;s hustle. <\/li>\n\n\n\n<li>The water-resistant laminated coating upgrades traditional jute into a practical fashion hero. Roomy enough for books, yoga gear, or weekend treasures (12cm depth!)<\/li>\n\n\n\n<li>From brunch dates to urban errands, this 34cm tall eco-warrior does it all! <\/li>\n\n\n\n<li>Bigger meets better! This large jute shopper (fits 3-4 reusable grocery bags!) boasts a sleek laminated finish that shrugs off spills. The 32cm wide base stays sturdy whether you&#8217;re carrying fresh produce or library finds.<\/li>\n<\/ul>\n\n\n\n<p><\/p>\n\n\n\n<h3 class=\"wp-block-heading has-text-align-center\">Tilpassede l\u00f8sninger<\/h3>\n\n\n\n<figure class=\"wp-block-image size-large\"><img fetchpriority=\"high\" width=\"1024\" height=\"816\" src=\"https:\/\/avecobaggie.com\/wp-content\/uploads\/2025\/03\/Handle-Style-1024x816.jpg\" alt=\"Handle style and accessories for customizing the jute bag\" class=\"wp-image-8939\" srcset=\"https:\/\/avecobaggie.com\/wp-content\/uploads\/2025\/03\/Handle-Style-1024x816.jpg 1024w, https:\/\/avecobaggie.com\/wp-content\/uploads\/2025\/03\/Handle-Style-300x239.jpg 300w, https:\/\/avecobaggie.com\/wp-content\/uploads\/2025\/03\/Handle-Style-768x612.jpg 768w, https:\/\/avecobaggie.com\/wp-content\/uploads\/2025\/03\/Handle-Style-600x478.jpg 600w, https:\/\/avecobaggie.com\/wp-content\/uploads\/2025\/03\/Handle-Style.jpg 1444w\" sizes=\"(max-width: 1024px) 100vw, 1024px\" \/><\/figure>\n\n\n\n<figure class=\"wp-block-table\"><table><tbody><tr><td>Materiale<\/td><td>7-30 days depending on quantity<\/td><\/tr><tr><td>Farve<\/td><td>V\u00e6lg fra vores tilg\u00e6ngelige stoflager, eller tilpas gennem indfarvning for at matche specifikke Pantone-farver.<\/td><\/tr><tr><td>Tykkelse af stof<\/td><td>200-450 g\/m\u00b2<\/td><\/tr><tr><td>Udskrivning<\/td><td>Serigrafi, varmeoverf\u00f8rselstryk, digitaltryk, pr\u00e6gning<\/td><\/tr><tr><td>H\u00e5ndtagstype<\/td><td>Jute, linned, bomuld, l\u00e6der, b\u00e5nd, bambus<\/td><\/tr><tr><td>Tilbeh\u00f8r<\/td><td>Inderlomme, yderlomme, lynl\u00e5s, trykknap, magnetisk trykknap, velcro, l\u00f8begang, bundkile, sidekile, D-ring, sp\u00e6nder, \u00f8je, skillev\u00e6gge, m\u00e6rke, etiket<\/td><\/tr><tr><td>Anvendelse<\/td><td>Shopping, gaver, reklame, emballage, strandtasker, personlig daglig transport<\/td><\/tr><tr><td rowspan=\"4\">Pr\u00f8veproduktion<\/td><td>Leveringstid: 3-7 dage.<\/td><\/tr><tr><td>Omkostninger: 30USD-80USD Varierer afh\u00e6ngigt af produktdetaljer.<\/td><\/tr><tr><td>Tilbagebetalingspolitik: Fuld refusion ved en ordre p\u00e5 1000 stk. eller mere.<\/td><\/tr><tr><td>Standardpr\u00f8ver er gratis. Du er kun ansvarlig for at d\u00e6kke forsendelsesomkostningerne.<\/td><\/tr><tr><td>Pakning<\/td><td>PE-pose + karton (kan tilpasses)<\/td><\/tr><tr><td>Masseproduktion<\/td><td>7-30 days depending on the quantity<\/td><\/tr><tr><td>Forsendelse<\/td><td>By Express (DHL, UPS, FedEx, TNT, EMS), By Air, By Sea, DDP to Door service<\/td><\/tr><\/tbody><\/table><\/figure>","protected":false},"excerpt":{"rendered":"<p>Print on Demand\u00a0 | Low MOQ | Natural and Eco Friendly\u00a0<\/p>","protected":false},"featured_media":9039,"comment_status":"open","ping_status":"closed","template":"","meta":{"_seopress_robots_primary_cat":"none","_seopress_titles_title":"%%post_title%% %%sep%% Get Customized Now","_seopress_titles_desc":"The jute tote bag is made of jute fiber and bleached canvas in front ,Large Size,Easy to Customize with brand Logo such as supermarket","_seopress_robots_index":""},"product_brand":[],"product_cat":[187,29],"product_tag":[],"class_list":{"0":"post-9038","1":"product","2":"type-product","3":"status-publish","4":"has-post-thumbnail","6":"product_cat-custom-jute-bag","7":"product_cat-tote-bag","9":"first","10":"instock","11":"taxable","12":"shipping-taxable","13":"product-type-simple"},"_links":{"self":[{"href":"https:\/\/avecobaggie.com\/da\/wp-json\/wp\/v2\/product\/9038","targetHints":{"allow":["GET"]}}],"collection":[{"href":"https:\/\/avecobaggie.com\/da\/wp-json\/wp\/v2\/product"}],"about":[{"href":"https:\/\/avecobaggie.com\/da\/wp-json\/wp\/v2\/types\/product"}],"replies":[{"embeddable":true,"href":"https:\/\/avecobaggie.com\/da\/wp-json\/wp\/v2\/comments?post=9038"}],"wp:featuredmedia":[{"embeddable":true,"href":"https:\/\/avecobaggie.com\/da\/wp-json\/wp\/v2\/media\/9039"}],"wp:attachment":[{"href":"https:\/\/avecobaggie.com\/da\/wp-json\/wp\/v2\/media?parent=9038"}],"wp:term":[{"taxonomy":"product_brand","embeddable":true,"href":"https:\/\/avecobaggie.com\/da\/wp-json\/wp\/v2\/product_brand?post=9038"},{"taxonomy":"product_cat","embeddable":true,"href":"https:\/\/avecobaggie.com\/da\/wp-json\/wp\/v2\/product_cat?post=9038"},{"taxonomy":"product_tag","embeddable":true,"href":"https:\/\/avecobaggie.com\/da\/wp-json\/wp\/v2\/product_tag?post=9038"}],"curies":[{"name":"wp","href":"https:\/\/api.w.org\/{rel}","templated":true}]}}