{"id":9078,"date":"2025-03-19T14:21:27","date_gmt":"2025-03-19T06:21:27","guid":{"rendered":"https:\/\/avecobaggie.com\/?post_type=product&#038;p=9078"},"modified":"2025-03-21T12:55:31","modified_gmt":"2025-03-21T04:55:31","slug":"jute-tote-bag-with-pvc-clear-window","status":"publish","type":"product","link":"https:\/\/avecobaggie.com\/da\/product\/jute-tote-bag-with-pvc-clear-window\/","title":{"rendered":"Totepose i jute med klart PVC-vindue"},"content":{"rendered":"<h2 class=\"wp-block-heading has-text-align-center\">Produktegenskaber for Jute Tote Bag med klart PVC-vindue<\/h2>\n\n\n\n<ol start=\"1\" class=\"wp-block-list\">\n<li><strong>Synligt PVC-vinduesdesign<\/strong>\n<ul class=\"wp-block-list\">\n<li><strong>10 cm h\u00f8jt gennemsigtigt PVC-panel<\/strong>&nbsp;- fremvise produkter som br\u00f8d, r\u00e5varer eller gaver&nbsp;<strong>uden at \u00e5bne posen<\/strong>.<\/li>\n\n\n\n<li>Ideel til&nbsp;<strong>bagerier, g\u00e5rdbutikker eller abonnementskasser<\/strong>&nbsp;- forbedre unboxing-oplevelser.<\/li>\n<\/ul>\n<\/li>\n\n\n\n<li><strong>Holdbar konstruktion af jute og bomuld<\/strong>\n<ul class=\"wp-block-list\">\n<li>Fremstillet af 100% naturmateriale <strong> H\u00e5ndtag af jute + bomuldskerne<\/strong>\u00a0-\u00a0<strong>100% biologisk nedbrydelig<\/strong>\u00a0undtagen PVC-vindue.<\/li>\n\n\n\n<li><strong>Forst\u00e6rket bund + sider (32x21x13cm)<\/strong>&nbsp;- Den strukturerede form forhindrer, at den h\u00e6nger.<\/li>\n<\/ul>\n<\/li>\n\n\n\n<li><strong>Kraftig ydeevne<\/strong>\n<ul class=\"wp-block-list\">\n<li><strong>Pr\u00e6cisionsdobbeltsyede s\u00f8mme<\/strong>&nbsp;- testet for&nbsp;<strong>15 kg v\u00e6gtkapacitet<\/strong>&nbsp;(f.eks. 20 vinflasker).<\/li>\n\n\n\n<li><strong>Gule bomuldsh\u00e5ndtag<\/strong>&nbsp;- Ergonomisk greb til at b\u00e6re p\u00e5 skulderen eller i h\u00e5nden.<\/li>\n<\/ul>\n<\/li>\n\n\n\n<li><strong>Branding og tilpasning<\/strong>\n<ul class=\"wp-block-list\">\n<li><strong>Tryk logoer p\u00e5 jute- eller PVC-omr\u00e5der<\/strong>\u00a0- h\u00f8j synlighed til kampagner eller branding af butikker.<\/li>\n<\/ul>\n<\/li>\n<\/ol>\n\n\n\n<p><\/p>\n\n\n\n<hr class=\"wp-block-separator has-alpha-channel-opacity\"\/>\n\n\n\n<h4 class=\"wp-block-heading has-text-align-center\"><strong>Tilpasningsmuligheder:<\/strong><\/h4>\n\n\n\n<ul class=\"wp-block-list\">\n<li><strong>Tilpasning af vinduesst\u00f8rrelse<\/strong>&nbsp;(f.eks. st\u00f8rre paneler til udstilling af t\u00f8j).<\/li>\n\n\n\n<li><strong>Alternative materialer<\/strong>&nbsp;(genbrugte PET-vinduer for fuld bionedbrydelighed).<\/li>\n\n\n\n<li><strong>Tilf\u00f8jelser<\/strong>&nbsp;som inderlommer, magnetiske trykknapper eller QR-kode-tags.<br><strong>Anmod om et tilbud<\/strong>&nbsp;- Del din vision, og f\u00e5 en prototype p\u00e5 48 timer!<\/li>\n<\/ul>\n\n\n\n<figure class=\"wp-block-image size-large\"><img fetchpriority=\"high\" width=\"1024\" height=\"926\" src=\"https:\/\/avecobaggie.com\/wp-content\/uploads\/2025\/03\/002-1024x926.jpg\" alt=\"H\u00e5ndtagsstil og tilbeh\u00f8r til tilpasning af juteposer\" class=\"wp-image-9083\" srcset=\"https:\/\/avecobaggie.com\/wp-content\/uploads\/2025\/03\/002-1024x926.jpg 1024w, https:\/\/avecobaggie.com\/wp-content\/uploads\/2025\/03\/002-300x271.jpg 300w, https:\/\/avecobaggie.com\/wp-content\/uploads\/2025\/03\/002-768x694.jpg 768w, https:\/\/avecobaggie.com\/wp-content\/uploads\/2025\/03\/002-600x542.jpg 600w, https:\/\/avecobaggie.com\/wp-content\/uploads\/2025\/03\/002-1536x1388.jpg 1536w, https:\/\/avecobaggie.com\/wp-content\/uploads\/2025\/03\/002.jpg 1778w\" sizes=\"(max-width: 1024px) 100vw, 1024px\" \/><\/figure>\n\n\n\n<figure class=\"wp-block-table\"><table><tbody><tr><td>Materiale<\/td><td>Jute, linned, falsk jute<\/td><\/tr><tr><td>Farve<\/td><td>V\u00e6lg fra vores tilg\u00e6ngelige stoflager, eller tilpas gennem indfarvning for at matche specifikke Pantone-farver.<\/td><\/tr><tr><td>Tykkelse af stof<\/td><td>200-450 g\/m\u00b2<\/td><\/tr><tr><td>Udskrivning<\/td><td>Serigrafi, varmeoverf\u00f8rselstryk, digitaltryk, pr\u00e6gning<\/td><\/tr><tr><td>H\u00e5ndtagstype<\/td><td>Jute, linned, bomuld, l\u00e6der, b\u00e5nd, bambus<\/td><\/tr><tr><td>Tilbeh\u00f8r<\/td><td>Inderlomme, yderlomme, lynl\u00e5s, trykknap, magnetisk trykknap, velcro, l\u00f8begang, bundkile, sidekile, D-ring, sp\u00e6nder, \u00f8je, skillev\u00e6gge, m\u00e6rke, etiket<\/td><\/tr><tr><td>Anvendelse<\/td><td>Shopping, gaver, reklame, emballage, strandtasker, personlig daglig transport<\/td><\/tr><tr><td rowspan=\"4\">Pr\u00f8veproduktion<\/td><td>Leveringstid: 3-7 dage.<\/td><\/tr><tr><td>Omkostninger: 30USD-80USD Varierer afh\u00e6ngigt af produktdetaljer.<\/td><\/tr><tr><td>Tilbagebetalingspolitik: Fuld refusion ved en ordre p\u00e5 1000 stk. eller mere.<\/td><\/tr><tr><td>Standardpr\u00f8ver er gratis. Du er kun ansvarlig for at d\u00e6kke forsendelsesomkostningerne.<\/td><\/tr><tr><td>Pakning<\/td><td>PE-pose + karton (kan tilpasses)<\/td><\/tr><tr><td>Masseproduktion<\/td><td>7-30 dage afh\u00e6nger af m\u00e6ngde<\/td><\/tr><tr><td>Forsendelse<\/td><td>Med ekspres (DHL, UPS, FedEx, TNT, EMS), med fly, ad s\u00f8vejen<\/td><\/tr><\/tbody><\/table><\/figure>\n\n\n\n<p><\/p>","protected":false},"excerpt":{"rendered":"<p>Naturlig \uff5c Vandafvisende | Synligt vindue | Rummelig<\/p>","protected":false},"featured_media":9080,"comment_status":"open","ping_status":"closed","template":"","meta":{"_seopress_robots_primary_cat":"none","_seopress_titles_title":"%%post_title%% %%sep%% Get Customized Now","_seopress_titles_desc":"Clear window jute tote bag \u2013 32x21x13cm, PVC visibility panel, 15kg load, Customize order is workble.","_seopress_robots_index":""},"product_brand":[],"product_cat":[187,29],"product_tag":[],"class_list":{"0":"post-9078","1":"product","2":"type-product","3":"status-publish","4":"has-post-thumbnail","6":"product_cat-custom-jute-bag","7":"product_cat-tote-bag","9":"first","10":"instock","11":"taxable","12":"shipping-taxable","13":"product-type-simple"},"_links":{"self":[{"href":"https:\/\/avecobaggie.com\/da\/wp-json\/wp\/v2\/product\/9078","targetHints":{"allow":["GET"]}}],"collection":[{"href":"https:\/\/avecobaggie.com\/da\/wp-json\/wp\/v2\/product"}],"about":[{"href":"https:\/\/avecobaggie.com\/da\/wp-json\/wp\/v2\/types\/product"}],"replies":[{"embeddable":true,"href":"https:\/\/avecobaggie.com\/da\/wp-json\/wp\/v2\/comments?post=9078"}],"wp:featuredmedia":[{"embeddable":true,"href":"https:\/\/avecobaggie.com\/da\/wp-json\/wp\/v2\/media\/9080"}],"wp:attachment":[{"href":"https:\/\/avecobaggie.com\/da\/wp-json\/wp\/v2\/media?parent=9078"}],"wp:term":[{"taxonomy":"product_brand","embeddable":true,"href":"https:\/\/avecobaggie.com\/da\/wp-json\/wp\/v2\/product_brand?post=9078"},{"taxonomy":"product_cat","embeddable":true,"href":"https:\/\/avecobaggie.com\/da\/wp-json\/wp\/v2\/product_cat?post=9078"},{"taxonomy":"product_tag","embeddable":true,"href":"https:\/\/avecobaggie.com\/da\/wp-json\/wp\/v2\/product_tag?post=9078"}],"curies":[{"name":"wp","href":"https:\/\/api.w.org\/{rel}","templated":true}]}}