{"id":9134,"date":"2025-03-21T13:37:03","date_gmt":"2025-03-21T05:37:03","guid":{"rendered":"https:\/\/avecobaggie.com\/?post_type=product&#038;p=9134"},"modified":"2025-03-21T19:51:13","modified_gmt":"2025-03-21T11:51:13","slug":"insulated-tyvek-lunch-tote-thermal-lining-custom-print","status":"publish","type":"product","link":"https:\/\/avecobaggie.com\/da\/product\/insulated-tyvek-lunch-tote-thermal-lining-custom-print\/","title":{"rendered":"Isoleret Tyvek\u00ae-madkasse med eget tryk"},"content":{"rendered":"<h2 class=\"wp-block-heading has-text-align-center\">Produktegenskaber for Isoleret Tyvek\u00ae madkasse med termisk foring og brugerdefineret tryk<\/h2>\n\n\n\n<p><strong>1. Hold m\u00e5ltiderne friske og milj\u00f8venlige:<\/strong><br>Denne <strong>Tyvek\u00ae isoleret madkasse<\/strong> er designet til at <strong>Hold maden frisk<\/strong> og samtidig tilbyde en <strong>b\u00e6redygtigt alternativ<\/strong> til engangsposer. Med en <strong>indvendigt lag af aluminiumsfolie<\/strong>giver det fremragende <strong>isolering<\/strong>hvilket g\u00f8r den perfekt til <strong>skole, arbejde eller skovture<\/strong>.<\/p>\n\n\n\n<p><strong>2. Sammenklappeligt og b\u00e6rbart design:<\/strong><br>Med dimensioner p\u00e5 <strong>34x40x11cm<\/strong>denne madkasse er <strong>rummelig nok til m\u00e5ltider og snacks<\/strong> endnu <strong>kompakt, n\u00e5r den er foldet sammen<\/strong>. Dens <strong>Let og b\u00e6rbart design<\/strong> sikrer, at den er nem at b\u00e6re og opbevare, ideel til <strong>daglig brug eller rejser<\/strong>.<\/p>\n\n\n\n<p><strong>3. Sikker og praktisk lukning:<\/strong><br>Den <strong>sn\u00f8relukning med en knap<\/strong> sikrer <strong>nem adgang<\/strong> samtidig med at indholdet bevares <strong>trygt og sikkert<\/strong>. Denne gennemt\u00e6nkte designfunktion tilf\u00f8jer <strong>funktionalitet og enkelhed<\/strong> til taskens samlede appel.<\/p>\n\n\n\n<p><strong>4. Premium konstruktionsdetaljer:<\/strong><\/p>\n\n\n\n<ul class=\"wp-block-list\">\n<li><strong>Tyvek\u00ae Materiale:<\/strong>\u00a0Kendt for sin\u00a0<strong>holdbarhed, vandmodstand og milj\u00f8venlige egenskaber<\/strong>Tyvek\u00ae er et\u00a0<strong>Genanvendeligt, ikke-giftigt materiale<\/strong>\u00a0der er perfekt til genanvendelige produkter.<\/li>\n\n\n\n<li><strong>Isolering af aluminiumsfolie:<\/strong>\u00a0Den\u00a0<strong>indvendigt lag af aluminium<\/strong>\u00a0hj\u00e6lper\u00a0<strong>opretholder madens temperatur<\/strong>og holder frokosten frisk og appetitlig.<\/li>\n\n\n\n<li><strong>Genanvendelig og vaskbar:<\/strong>\u00a0Denne taske er\u00a0<strong>nem at reng\u00f8re og vedligeholde<\/strong>og sikrer, at det kan v\u00e6re\u00a0<strong>brugt gentagne gange<\/strong>\u00a0uden at miste sin funktionalitet eller tiltr\u00e6kningskraft.<\/li>\n<\/ul>\n\n\n\n<p><strong>5. Perfekt til milj\u00f8bevidste brands:<\/strong><br>Denne madkasse er en <strong>Alsidig l\u00f8sning<\/strong> for:<\/p>\n\n\n\n<ul class=\"wp-block-list\">\n<li><strong>Skoler:<\/strong>\u00a0A\u00a0<strong>b\u00e6redygtig og funktionel<\/strong>\u00a0mulighed for studerende og for\u00e6ldre.<\/li>\n\n\n\n<li><strong>Arbejdspladser:<\/strong>\u00a0A\u00a0<strong>Stilfuld og praktisk<\/strong>\u00a0valg for medarbejdere, der tager frokost med p\u00e5 kontoret.<\/li>\n\n\n\n<li><strong>Picnic og udend\u00f8rs aktiviteter:<\/strong>\u00a0A\u00a0<strong>B\u00e6rbar og milj\u00f8venlig<\/strong>\u00a0ledsager til m\u00e5ltider p\u00e5 farten.<\/li>\n\n\n\n<li><strong>Forhandlere:<\/strong>\u00a0A\u00a0<strong>Produkt, der kan tilpasses<\/strong>\u00a0til milj\u00f8bevidste gavebutikker eller reklamekampagner.<\/li>\n<\/ul>\n\n\n\n<p><strong>6. Kan tilpasses til dit brand:<\/strong><br>Den slanke <strong>Tyvek\u00ae-overflade<\/strong> er <strong>Perfekt til branding<\/strong> og personalisering, herunder:<\/p>\n\n\n\n<ul class=\"wp-block-list\">\n<li><strong>Logoer:<\/strong>\u00a0Tilf\u00f8j din\u00a0<strong>logo eller tagline<\/strong>\u00a0for at promovere dit brand.<\/li>\n\n\n\n<li><strong>Design:<\/strong>\u00a0Funktion\u00a0<strong>m\u00f8nstre, farver eller slogans<\/strong>\u00a0for at appellere til din m\u00e5lgruppe.<\/li>\n\n\n\n<li><strong>Minimalistisk \u00e6stetik:<\/strong>\u00a0Hold det rent og enkelt med\u00a0<strong>neutrale toner eller monokrome designs<\/strong>.<\/li>\n<\/ul>\n\n\n\n<p><strong>7. Milj\u00f8venlig og b\u00e6redygtig:<\/strong><br>Fremstillet af <strong>Tyvek\u00ae, et genanvendeligt og ugiftigt materiale<\/strong>er denne madkasse i overensstemmelse med den stigende eftersp\u00f8rgsel efter <strong>b\u00e6redygtige, genanvendelige alternativer<\/strong> til engangsplastik.<\/p>\n\n\n\n<p><strong>8. Appel til milj\u00f8bevidste k\u00f8bere:<\/strong><br>Denne madkasse er en <strong>Alsidig l\u00f8sning<\/strong> for:<\/p>\n\n\n\n<ul class=\"wp-block-list\">\n<li><strong>Forhandlere:<\/strong>\u00a0A\u00a0<strong>Produkt klar til salg<\/strong>\u00a0for milj\u00f8venlige m\u00e6rker, gavebutikker eller livsstilsbutikker.<\/li>\n\n\n\n<li><strong>Forbrugere:<\/strong>\u00a0A\u00a0<strong>Stilfuld og praktisk<\/strong>\u00a0en dagligdags f\u00f8lgesvend til frokost.<\/li>\n\n\n\n<li><strong>Eventplanl\u00e6ggere:<\/strong>\u00a0A\u00a0<strong>Giveaway, der kan tilpasses<\/strong>\u00a0til milj\u00f8bevidste events eller reklamekampagner.<\/li>\n<\/ul>\n\n\n\n<p><\/p>\n\n\n\n<hr class=\"wp-block-separator has-alpha-channel-opacity\"\/>\n\n\n\n<h4 class=\"wp-block-heading has-text-align-center\"><strong><a href=\"https:\/\/avecobaggie.com\/da\/custom-tyvek-bag-manufacturer\/\" data-type=\"page\" data-id=\"8777\">Tilpasningsmuligheder:<\/a><\/strong><\/h4>\n\n\n\n<p>Mens dette <strong>Tyvek\u00ae isoleret madkasse<\/strong> er en <strong>En l\u00f8sning, der er klar til brug<\/strong>Vi er specialiseret i <strong>Tilpassede designs<\/strong> skr\u00e6ddersyet til dine behov. Uanset om det er <strong>\u00e6ndre materialer, justere st\u00f8rrelser eller tilf\u00f8je unikke funktioner<\/strong>kan vi skabe produkter, der <strong>repr\u00e6senterer din vision perfekt<\/strong>.<\/p>\n\n\n\n<p><strong>Kontakt os i dag<\/strong> for at unders\u00f8ge, hvordan vi kan hj\u00e6lpe dig med at designe <strong>Milj\u00f8venlige, funktionelle madpakker<\/strong> der forbedrer dine tilbud og gl\u00e6der dine kunder.<\/p>\n\n\n\n<figure class=\"wp-block-image size-large\"><img fetchpriority=\"high\" width=\"1024\" height=\"752\" src=\"https:\/\/avecobaggie.com\/wp-content\/uploads\/2025\/03\/Handling-process-selection-3-1024x752.jpg\" alt=\"Tilbeh\u00f8r til tyvekpose\" class=\"wp-image-9131\" srcset=\"https:\/\/avecobaggie.com\/wp-content\/uploads\/2025\/03\/Handling-process-selection-3-1024x752.jpg 1024w, https:\/\/avecobaggie.com\/wp-content\/uploads\/2025\/03\/Handling-process-selection-3-300x220.jpg 300w, https:\/\/avecobaggie.com\/wp-content\/uploads\/2025\/03\/Handling-process-selection-3-768x564.jpg 768w, https:\/\/avecobaggie.com\/wp-content\/uploads\/2025\/03\/Handling-process-selection-3-600x441.jpg 600w, https:\/\/avecobaggie.com\/wp-content\/uploads\/2025\/03\/Handling-process-selection-3.jpg 1140w\" sizes=\"(max-width: 1024px) 100vw, 1024px\" \/><\/figure>\n\n\n\n<figure class=\"wp-block-image size-large\"><img width=\"929\" height=\"1024\" src=\"https:\/\/avecobaggie.com\/wp-content\/uploads\/2025\/03\/Handling-process-selection-4-929x1024.jpg\" alt=\"Forskellige h\u00e5ndtag til at tilpasse tyvek-posen\" class=\"wp-image-9132\" srcset=\"https:\/\/avecobaggie.com\/wp-content\/uploads\/2025\/03\/Handling-process-selection-4-929x1024.jpg 929w, https:\/\/avecobaggie.com\/wp-content\/uploads\/2025\/03\/Handling-process-selection-4-272x300.jpg 272w, https:\/\/avecobaggie.com\/wp-content\/uploads\/2025\/03\/Handling-process-selection-4-768x846.jpg 768w, https:\/\/avecobaggie.com\/wp-content\/uploads\/2025\/03\/Handling-process-selection-4-600x661.jpg 600w, https:\/\/avecobaggie.com\/wp-content\/uploads\/2025\/03\/Handling-process-selection-4.jpg 1140w\" sizes=\"(max-width: 929px) 100vw, 929px\" \/><\/figure>\n\n\n\n<figure class=\"wp-block-table\"><table><tbody><tr><td>Materiale<\/td><td>DuPont Tyvek papir<\/td><\/tr><tr><td>Farve<\/td><td>V\u00e6lg fra vores tilg\u00e6ngelige stoflager, eller tilpas gennem indfarvning for at matche specifikke Pantone-farver.<\/td><\/tr><tr><td>Tykkelse af stof<\/td><td>35-105 gsm<\/td><\/tr><tr><td>St\u00f8rrelse<\/td><td>Kan tilpasses<\/td><\/tr><tr><td>Udskrivning<\/td><td>Digitaltryk, serigrafi, varmeoverf\u00f8rselstryk, flexografi<\/td><\/tr><tr><td>H\u00e5ndtagstype<\/td><td>Tyvek, l\u00e6der, bomuld, nylon<\/td><\/tr><tr><td>Tilbeh\u00f8r<\/td><td>Inderlomme, yderlomme, lynl\u00e5s, trykknap, magnetisk trykknap, velcro, l\u00f8begang, bundkile, sidekile, D-ring, sp\u00e6nder, \u00f8je, skillev\u00e6gge, m\u00e6rke, etiket<\/td><\/tr><tr><td>Funktioner<\/td><td>Let, men holdbar, vandafvisende, rivefast, \u00e5ndbar, milj\u00f8venlig og genanvendelig, unik tekstur og udseende, nem at tilpasse<\/td><\/tr><tr><td>Anvendelse<\/td><td>Reklamebegivenheder, shopping, rejser, konferencer, udstillinger, strandture, picnic, daglig brug<\/td><\/tr><tr><td>Kvalitet<\/td><td>F\u00f8rsteklasses materialer og overlegent h\u00e5ndv\u00e6rk garanteret<\/td><\/tr><tr><td>OEM\/ODM<\/td><td>Acceptabel<\/td><\/tr><tr><td rowspan=\"4\">Pr\u00f8veproduktion<\/td><td>Leveringstid: 3-7 dage.<\/td><\/tr><tr><td>Omkostninger: 30USD-80USD Varierer afh\u00e6ngigt af produktdetaljer.<\/td><\/tr><tr><td>Tilbagebetalingspolitik: Fuld refusion ved en ordre p\u00e5 1000 stk. eller mere.<\/td><\/tr><tr><td>Standardpr\u00f8ver er gratis. Du er kun ansvarlig for at d\u00e6kke forsendelsesomkostningerne.<\/td><\/tr><tr><td>Pakning<\/td><td>PE-pose + karton (kan tilpasses)<\/td><\/tr><tr><td>Masseproduktion<\/td><td>7-30 dage afh\u00e6nger af m\u00e6ngde<\/td><\/tr><tr><td>Forsendelse<\/td><td>Med ekspres (DHL, UPS, FedEx, TNT, EMS), med fly, ad s\u00f8vejen<\/td><\/tr><\/tbody><\/table><\/figure>","protected":false},"excerpt":{"rendered":"<p>Dupont\u2122 Tyvek\u00ae | 5 timers varmeretention | foldbar lukning<\/p>","protected":false},"featured_media":9164,"comment_status":"open","ping_status":"closed","template":"","meta":{"_seopress_robots_primary_cat":"none","_seopress_titles_title":"%%post_title%% %%sep%% Get Customized Now","_seopress_titles_desc":"Insulated lunch tote \u2013 34x40x11cm, Dupont\u2122 Tyvek\u00ae, 5-hour heat retention, bulk orders,Customize Now","_seopress_robots_index":""},"product_brand":[185],"product_cat":[189],"product_tag":[136],"class_list":{"0":"post-9134","1":"product","2":"type-product","3":"status-publish","4":"has-post-thumbnail","6":"product_brand-avecobaggie","7":"product_cat-custom-tyvek-bag","8":"product_tag-dupont-bag","10":"first","11":"instock","12":"taxable","13":"shipping-taxable","14":"product-type-simple"},"_links":{"self":[{"href":"https:\/\/avecobaggie.com\/da\/wp-json\/wp\/v2\/product\/9134","targetHints":{"allow":["GET"]}}],"collection":[{"href":"https:\/\/avecobaggie.com\/da\/wp-json\/wp\/v2\/product"}],"about":[{"href":"https:\/\/avecobaggie.com\/da\/wp-json\/wp\/v2\/types\/product"}],"replies":[{"embeddable":true,"href":"https:\/\/avecobaggie.com\/da\/wp-json\/wp\/v2\/comments?post=9134"}],"wp:featuredmedia":[{"embeddable":true,"href":"https:\/\/avecobaggie.com\/da\/wp-json\/wp\/v2\/media\/9164"}],"wp:attachment":[{"href":"https:\/\/avecobaggie.com\/da\/wp-json\/wp\/v2\/media?parent=9134"}],"wp:term":[{"taxonomy":"product_brand","embeddable":true,"href":"https:\/\/avecobaggie.com\/da\/wp-json\/wp\/v2\/product_brand?post=9134"},{"taxonomy":"product_cat","embeddable":true,"href":"https:\/\/avecobaggie.com\/da\/wp-json\/wp\/v2\/product_cat?post=9134"},{"taxonomy":"product_tag","embeddable":true,"href":"https:\/\/avecobaggie.com\/da\/wp-json\/wp\/v2\/product_tag?post=9134"}],"curies":[{"name":"wp","href":"https:\/\/api.w.org\/{rel}","templated":true}]}}