{"id":9145,"date":"2025-03-21T14:12:38","date_gmt":"2025-03-21T06:12:38","guid":{"rendered":"https:\/\/avecobaggie.com\/?post_type=product&#038;p=9145"},"modified":"2025-03-21T16:43:24","modified_gmt":"2025-03-21T08:43:24","slug":"love-print-jute-pot-cover","status":"publish","type":"product","link":"https:\/\/avecobaggie.com\/da\/product\/love-print-jute-pot-cover\/","title":{"rendered":"Grydel\u00e5g i jute med k\u00e6rlighedsm\u00f8nster"},"content":{"rendered":"<h2 class=\"wp-block-heading has-text-align-center\">Produktegenskaber for Grydel\u00e5g med rund bund og k\u00e6rlighedsprint i jute<\/h2>\n\n\n\n<p><strong>1. Stilfuldt design med jute- og k\u00e6rlighedstryk:<\/strong><br>Denne <strong>Grydel\u00e5g i jute<\/strong> er en <strong>Charmerende og milj\u00f8venlig l\u00f8sning<\/strong> til at forbedre udseendet af plastikpotter. Den <strong>Naturligt jute-materiale<\/strong> suppleres med en <strong>Frontprint af \"Love\"<\/strong> og en <strong>Sl\u00f8jfe af sejlgarn<\/strong>og skaber en <strong>hjertevarmende \u00e6stetik<\/strong> Perfekt til gaver eller boligindretning.<\/p>\n\n\n\n<p><strong>2. Passer perfekt til sm\u00e5 gryder:<\/strong><br>Med dimensioner p\u00e5 <strong>8 cm i diameter og 10,5 cm i h\u00f8jden<\/strong>Dette cover er <strong>ideel til sm\u00e5 plastikpotter<\/strong>hvilket g\u00f8r det til en <strong>Alsidigt tilbeh\u00f8r<\/strong> for:<\/p>\n\n\n\n<ul class=\"wp-block-list\">\n<li><strong>Indend\u00f8rs planter:<\/strong>\u00a0Tilf\u00f8jer en\u00a0<strong>Rustikt og elegant touch<\/strong>\u00a0til sukkulenter, krydderurter eller sm\u00e5 blomster.<\/li>\n\n\n\n<li><strong>Kontorindretning:<\/strong>\u00a0Forbedrer den\u00a0<strong>\u00e6stetik af skrivebordsplanter<\/strong>\u00a0i arbejdsomr\u00e5der.<\/li>\n\n\n\n<li><strong>Centerpieces til arrangementet:<\/strong>\u00a0A\u00a0<strong>b\u00e6redygtig og stilfuld l\u00f8sning<\/strong>\u00a0til bryllups- eller festdekoration.<\/li>\n<\/ul>\n\n\n\n<p><strong>3. Kan tilpasses til dit brand:<\/strong><br>Den <strong>overflade af jute<\/strong> er <strong>trykklar<\/strong>, hvilket giver mulighed for <strong>Personalisering<\/strong> som for eksempel:<\/p>\n\n\n\n<ul class=\"wp-block-list\">\n<li><strong>Brand-logoer:<\/strong>\u00a0Tilf\u00f8j din\u00a0<strong>logo eller tagline<\/strong>\u00a0til salgsfremmende form\u00e5l.<\/li>\n\n\n\n<li><strong>Temaer for arrangementer:<\/strong>\u00a0Inkorporere\u00a0<strong>Begivenhedsnavne, datoer eller motiver<\/strong>\u00a0til bryllupper eller firmaarrangementer.<\/li>\n\n\n\n<li><strong>Kulturelle designs:<\/strong>\u00a0Funktion\u00a0<strong>m\u00f8nstre eller symboler<\/strong>\u00a0for at appellere til specifikke markeder.<\/li>\n<\/ul>\n\n\n\n<p><strong>4. Milj\u00f8venlig og b\u00e6redygtig:<\/strong><br>Fremstillet af <strong>naturlig jute<\/strong>Dette grydel\u00e5g er <strong>Bionedbrydelig, holdbar og milj\u00f8venlig<\/strong>, der passer til den voksende eftersp\u00f8rgsel efter <strong>b\u00e6redygtige produkter<\/strong>.<\/p>\n\n\n\n<p><strong>5. Appel til detailhandlere og blomsterhandlere:<\/strong><br>Dette grydel\u00e5g i jute er en <strong>Alsidig l\u00f8sning<\/strong> for:<\/p>\n\n\n\n<ul class=\"wp-block-list\">\n<li><strong>Gavebutikker:<\/strong>\u00a0A\u00a0<strong>Mulighed for klar-til-salg-emballage<\/strong>\u00a0til sm\u00e5 planter eller blomsterarrangementer.<\/li>\n\n\n\n<li><strong>Blomsterhandlere:<\/strong>\u00a0Forbedrer den\u00a0<strong>pr\u00e6sentation af potteplanter<\/strong>\u00a0for kunder.<\/li>\n\n\n\n<li><strong>Forhandlere af boligindretning:<\/strong>\u00a0A\u00a0<strong>b\u00e6redygtig og stilfuld tilf\u00f8jelse<\/strong>\u00a0til produktlinjer til hjemmet eller haven.<\/li>\n\n\n\n<li><strong>Eventplanl\u00e6ggere:<\/strong>\u00a0A\u00a0<strong>Charmerende og milj\u00f8venligt touch<\/strong>\u00a0til bryllupper, fester eller firmaarrangementer.<\/li>\n<\/ul>\n\n\n\n<p><strong>6. Perfekt til gaver:<\/strong><br>Dette cover er en <strong>ideelt valg<\/strong> for:<\/p>\n\n\n\n<ul class=\"wp-block-list\">\n<li><strong>Bryllupsgaver:<\/strong>\u00a0A\u00a0<strong>Tankev\u00e6kkende og genanvendelig gave<\/strong>\u00a0for g\u00e6ster.<\/li>\n\n\n\n<li><strong>Julegaver:<\/strong>\u00a0A\u00a0<strong>s\u00e6sonbestemt tilbeh\u00f8r<\/strong>\u00a0til jul, valentinsdag eller mors dag.<\/li>\n\n\n\n<li><strong>Firmagaver:<\/strong>\u00a0A\u00a0<strong>Branded og b\u00e6redygtig giveaway<\/strong>\u00a0for klienter eller medarbejdere.<\/li>\n<\/ul>\n\n\n\n<p><\/p>\n\n\n\n<hr class=\"wp-block-separator has-alpha-channel-opacity\"\/>\n\n\n\n<h4 class=\"wp-block-heading has-text-align-center\"><strong>Tilpasningsmuligheder:<\/strong><\/h4>\n\n\n\n<p>Mens dette <strong>Grydel\u00e5g i jute med k\u00e6rlighedsm\u00f8nster<\/strong> er en <strong>En l\u00f8sning, der er klar til brug<\/strong>Vi er specialiseret i <strong>Tilpassede designs<\/strong> skr\u00e6ddersyet til dine behov. Uanset om det er <strong>\u00e6ndre print, justere st\u00f8rrelser eller tilf\u00f8je unikke udsmykninger<\/strong>kan vi skabe produkter, der <strong>repr\u00e6senterer din vision perfekt<\/strong>.<\/p>\n\n\n\n<p><strong>Kontakt os i dag<\/strong> for at unders\u00f8ge, hvordan vi kan hj\u00e6lpe dig med at designe <strong>milj\u00f8venlige, stilfulde grydelapper<\/strong> der forbedrer dine produkter og gl\u00e6der dine kunder.<\/p>\n\n\n\n<figure class=\"wp-block-table\"><table><tbody><tr><td>Materiale<\/td><td>Jute, linned, syntetisk jute<\/td><\/tr><tr><td>Farve<\/td><td>V\u00e6lg fra vores tilg\u00e6ngelige stoflager, eller tilpas gennem indfarvning for at matche specifikke Pantone-farver.<\/td><\/tr><tr><td>Tykkelse af stof<\/td><td>200-450 g\/m\u00b2<\/td><\/tr><tr><td>Udskrivning<\/td><td>Serigrafi, varmeoverf\u00f8rselstryk, digitaltryk, pr\u00e6gning<\/td><\/tr><tr><td>H\u00e5ndtagstype<\/td><td>Jute, linned, bomuld, l\u00e6der, b\u00e5nd, bambus<\/td><\/tr><tr><td>Tilbeh\u00f8r<\/td><td>Inderlomme, yderlomme, lynl\u00e5s, trykknap, magnetisk trykknap, velcro, l\u00f8begang, bundkile, sidekile, D-ring, sp\u00e6nder, \u00f8je, skillev\u00e6gge, m\u00e6rke, etiket<\/td><\/tr><tr><td>Anvendelse<\/td><td>Shopping, gaver, reklame, emballage, strandtasker, personlig daglig transport<\/td><\/tr><tr><td rowspan=\"4\">Pr\u00f8veproduktion<\/td><td>Leveringstid: 3-7 dage.<\/td><\/tr><tr><td>Omkostninger: 30USD-80USD Varierer afh\u00e6ngigt af produktdetaljer.<\/td><\/tr><tr><td>Tilbagebetalingspolitik: Fuld refusion ved en ordre p\u00e5 1000 stk. eller mere.<\/td><\/tr><tr><td>Standardpr\u00f8ver er gratis. Du er kun ansvarlig for at d\u00e6kke forsendelsesomkostningerne.<\/td><\/tr><tr><td>Pakning<\/td><td>PE-pose + karton (kan tilpasses)<\/td><\/tr><tr><td>Masseproduktion<\/td><td>7-30 dage afh\u00e6nger af m\u00e6ngde<\/td><\/tr><tr><td>Forsendelse<\/td><td>Med ekspres (DHL, UPS, FedEx, TNT, EMS), med fly, ad s\u00f8vejen<\/td><\/tr><\/tbody><\/table><\/figure>\n\n\n\n<p><\/p>","protected":false},"excerpt":{"rendered":"<p>Jute &amp; Love Decor | Milj\u00f8venlig | Gaveindpakning<\/p>","protected":false},"featured_media":9146,"comment_status":"open","ping_status":"closed","template":"","meta":{"_seopress_robots_primary_cat":"none","_seopress_titles_title":"%%post_title%% %%sep%% Get Customized Now","_seopress_titles_desc":"Love Print Jute Pot Cover\u2014customizable, eco-friendly, and chic. Perfect for gifts, home decor, or events.","_seopress_robots_index":""},"product_brand":[185],"product_cat":[187],"product_tag":[119],"class_list":{"0":"post-9145","1":"product","2":"type-product","3":"status-publish","4":"has-post-thumbnail","6":"product_brand-avecobaggie","7":"product_cat-custom-jute-bag","8":"product_tag-jute-bag","10":"first","11":"instock","12":"taxable","13":"shipping-taxable","14":"product-type-simple"},"_links":{"self":[{"href":"https:\/\/avecobaggie.com\/da\/wp-json\/wp\/v2\/product\/9145","targetHints":{"allow":["GET"]}}],"collection":[{"href":"https:\/\/avecobaggie.com\/da\/wp-json\/wp\/v2\/product"}],"about":[{"href":"https:\/\/avecobaggie.com\/da\/wp-json\/wp\/v2\/types\/product"}],"replies":[{"embeddable":true,"href":"https:\/\/avecobaggie.com\/da\/wp-json\/wp\/v2\/comments?post=9145"}],"wp:featuredmedia":[{"embeddable":true,"href":"https:\/\/avecobaggie.com\/da\/wp-json\/wp\/v2\/media\/9146"}],"wp:attachment":[{"href":"https:\/\/avecobaggie.com\/da\/wp-json\/wp\/v2\/media?parent=9145"}],"wp:term":[{"taxonomy":"product_brand","embeddable":true,"href":"https:\/\/avecobaggie.com\/da\/wp-json\/wp\/v2\/product_brand?post=9145"},{"taxonomy":"product_cat","embeddable":true,"href":"https:\/\/avecobaggie.com\/da\/wp-json\/wp\/v2\/product_cat?post=9145"},{"taxonomy":"product_tag","embeddable":true,"href":"https:\/\/avecobaggie.com\/da\/wp-json\/wp\/v2\/product_tag?post=9145"}],"curies":[{"name":"wp","href":"https:\/\/api.w.org\/{rel}","templated":true}]}}