{"id":9202,"date":"2025-03-24T15:15:28","date_gmt":"2025-03-24T07:15:28","guid":{"rendered":"https:\/\/avecobaggie.com\/?post_type=product&#038;p=9202"},"modified":"2025-03-24T17:36:51","modified_gmt":"2025-03-24T09:36:51","slug":"custom-white-tyvek-crossbody-bag","status":"publish","type":"product","link":"https:\/\/avecobaggie.com\/da\/product\/custom-white-tyvek-crossbody-bag\/","title":{"rendered":"Specialfremstillet hvid Tyvek Crossbody-taske"},"content":{"rendered":"<h2 class=\"wp-block-heading has-text-align-center\">Produktegenskaber for Tyvek Crossbody Bag | Dobbeltsidet tryk | Reklamegaver<\/h2>\n\n\n\n<ol start=\"1\" class=\"wp-block-list\">\n<li><strong>Levende og holdbart Tyvek\u00ae-materiale<\/strong>\n<ul class=\"wp-block-list\">\n<li>Fremstillet af&nbsp;<strong>vandt\u00e6t og rivefast Dupont\u2122 Tyvek\u00ae.<\/strong>&nbsp;-&nbsp;<strong>5 gange lettere end l\u00e6rred<\/strong>&nbsp;men kan alligevel genbruges i 3+ \u00e5r.<\/li>\n\n\n\n<li><strong>Spr\u00f8d hvid base<\/strong>&nbsp;- perfekt til&nbsp;<strong>Farvetryk i h\u00f8j opl\u00f8sning<\/strong>&nbsp;p\u00e5 begge sider.<\/li>\n<\/ul>\n<\/li>\n\n\n\n<li><strong>Funktionelt og sikkert design<\/strong>\n<ul class=\"wp-block-list\">\n<li><strong>28x16x11cm kompakt st\u00f8rrelse<\/strong>&nbsp;- passer til smartphones, punge, pas eller sm\u00e5 tablets.<\/li>\n\n\n\n<li><strong>YKK sort lynl\u00e5slukning<\/strong>&nbsp;- beskytter v\u00e6rdigenstande i overfyldte rum eller p\u00e5 rejser.<\/li>\n\n\n\n<li><strong>Justerbar gr\u00f8n nylonrem<\/strong>&nbsp;(60-120 cm) - skift mellem at b\u00e6re p\u00e5 tv\u00e6rs af kroppen eller p\u00e5 skulderen.<\/li>\n<\/ul>\n<\/li>\n\n\n\n<li><strong>360\u00b0 branding-virkning<\/strong>\n<ul class=\"wp-block-list\">\n<li><strong>Dobbeltsidet digitaltryk<\/strong>&nbsp;- ideel til&nbsp;<strong>Festival-merchandise, firmagaver eller detailkampagner<\/strong>.<\/li>\n\n\n\n<li><strong>Pantone-matchede farver<\/strong>&nbsp;- sikre brandkonsistens p\u00e5 tv\u00e6rs af partier.<\/li>\n<\/ul>\n<\/li>\n\n\n\n<li><strong>B2B-centreret effektivitet<\/strong>\n<ul class=\"wp-block-list\">\n<li><strong>MOQ 500 stk.<\/strong>&nbsp;- den laveste i branchen for sm\u00e5 kampagner.<\/li>\n\n\n\n<li><strong>20 dages produktion<\/strong>\u00a0+\u00a0<strong>DDP global forsendelse<\/strong>\u00a0<\/li>\n<\/ul>\n<\/li>\n<\/ol>\n\n\n\n<hr class=\"wp-block-separator has-alpha-channel-opacity\"\/>\n\n\n\n<h4 class=\"wp-block-heading has-text-align-center\"><strong><a href=\"https:\/\/avecobaggie.com\/da\/custom-tyvek-bag-manufacturer\/\"><strong>Tilpassede l\u00f8sninger<\/strong><\/a><\/strong>:<\/h4>\n\n\n\n<ul class=\"wp-block-list\">\n<li><strong>Alternative farver p\u00e5 stropper<\/strong>&nbsp;(r\u00f8d, marinebl\u00e5 eller Pantone-farver).<\/li>\n\n\n\n<li><strong>Muligheder med genanvendt Tyvek\u00ae<\/strong>&nbsp;eller&nbsp;<strong>Bionedbrydelige foringer<\/strong>.<\/li>\n\n\n\n<li><strong>Integration af QR-koder<\/strong>&nbsp;eller&nbsp;<strong>Lommer med RFID-blokering<\/strong>&nbsp;til teknisk avanceret branding.<br><strong>Anmod om gratis mockups<\/strong>&nbsp;- visualiser dit design p\u00e5 6 timer!<\/li>\n<\/ul>\n\n\n\n<figure class=\"wp-block-image size-large\"><img fetchpriority=\"high\" width=\"1024\" height=\"752\" src=\"https:\/\/avecobaggie.com\/wp-content\/uploads\/2025\/03\/Handling-process-selection-3-1024x752.jpg\" alt=\"Tilbeh\u00f8r til tyvekpose\" class=\"wp-image-9131\" srcset=\"https:\/\/avecobaggie.com\/wp-content\/uploads\/2025\/03\/Handling-process-selection-3-1024x752.jpg 1024w, https:\/\/avecobaggie.com\/wp-content\/uploads\/2025\/03\/Handling-process-selection-3-300x220.jpg 300w, https:\/\/avecobaggie.com\/wp-content\/uploads\/2025\/03\/Handling-process-selection-3-768x564.jpg 768w, https:\/\/avecobaggie.com\/wp-content\/uploads\/2025\/03\/Handling-process-selection-3-600x441.jpg 600w, https:\/\/avecobaggie.com\/wp-content\/uploads\/2025\/03\/Handling-process-selection-3.jpg 1140w\" sizes=\"(max-width: 1024px) 100vw, 1024px\" \/><\/figure>\n\n\n\n<figure class=\"wp-block-image size-large\"><img width=\"929\" height=\"1024\" src=\"https:\/\/avecobaggie.com\/wp-content\/uploads\/2025\/03\/Handling-process-selection-4-929x1024.jpg\" alt=\"H\u00e5ndtagsmulighed til fremstilling af tyvekpose\" class=\"wp-image-9132\" srcset=\"https:\/\/avecobaggie.com\/wp-content\/uploads\/2025\/03\/Handling-process-selection-4-929x1024.jpg 929w, https:\/\/avecobaggie.com\/wp-content\/uploads\/2025\/03\/Handling-process-selection-4-272x300.jpg 272w, https:\/\/avecobaggie.com\/wp-content\/uploads\/2025\/03\/Handling-process-selection-4-768x846.jpg 768w, https:\/\/avecobaggie.com\/wp-content\/uploads\/2025\/03\/Handling-process-selection-4-600x661.jpg 600w, https:\/\/avecobaggie.com\/wp-content\/uploads\/2025\/03\/Handling-process-selection-4.jpg 1140w\" sizes=\"(max-width: 929px) 100vw, 929px\" \/><\/figure>\n\n\n\n<figure class=\"wp-block-table\"><table><tbody><tr><td>Materiale<\/td><td>DuPont Tyvek papir<\/td><\/tr><tr><td>Farve<\/td><td>V\u00e6lg fra vores tilg\u00e6ngelige stoflager, eller tilpas gennem indfarvning for at matche specifikke Pantone-farver.<\/td><\/tr><tr><td>Tykkelse af stof<\/td><td>35-105 gsm<\/td><\/tr><tr><td>St\u00f8rrelse<\/td><td>Kan tilpasses<\/td><\/tr><tr><td>Udskrivning<\/td><td>Digitaltryk, serigrafi, varmeoverf\u00f8rselstryk, flexografi<\/td><\/tr><tr><td>H\u00e5ndtagstype<\/td><td>Tyvek, l\u00e6der, bomuld, nylon<\/td><\/tr><tr><td>Tilbeh\u00f8r<\/td><td>Inderlomme, yderlomme, lynl\u00e5s, trykknap, magnetisk trykknap, velcro, l\u00f8begang, bundkile, sidekile, D-ring, sp\u00e6nder, \u00f8je, skillev\u00e6gge, m\u00e6rke, etiket<\/td><\/tr><tr><td>Funktioner<\/td><td>Let, men holdbar, vandafvisende, rivefast, \u00e5ndbar, milj\u00f8venlig og genanvendelig, unik tekstur og udseende, nem at tilpasse<\/td><\/tr><tr><td>Anvendelse<\/td><td>Reklamebegivenheder, shopping, rejser, konferencer, udstillinger, strandture, picnic, daglig brug<\/td><\/tr><tr><td>Kvalitet<\/td><td>F\u00f8rsteklasses materialer og overlegent h\u00e5ndv\u00e6rk garanteret<\/td><\/tr><tr><td>OEM\/ODM<\/td><td>Acceptabel<\/td><\/tr><tr><td rowspan=\"4\">Pr\u00f8veproduktion<\/td><td>Leveringstid: 3-7 dage.<\/td><\/tr><tr><td>Omkostninger: 30USD-80USD Varierer afh\u00e6ngigt af produktdetaljer.<\/td><\/tr><tr><td>Tilbagebetalingspolitik: Fuld refusion ved en ordre p\u00e5 1000 stk. eller mere.<\/td><\/tr><tr><td>Standardpr\u00f8ver er gratis. Du er kun ansvarlig for at d\u00e6kke forsendelsesomkostningerne.<\/td><\/tr><tr><td>Pakning<\/td><td>PE-pose + karton (kan tilpasses)<\/td><\/tr><tr><td>Masseproduktion<\/td><td>7-30 dage afh\u00e6nger af m\u00e6ngde<\/td><\/tr><tr><td>Forsendelse<\/td><td>Med ekspres (DHL, UPS, FedEx, TNT, EMS), med fly, ad s\u00f8vejen<\/td><\/tr><\/tbody><\/table><\/figure>","protected":false},"excerpt":{"rendered":"<p>Hvid Tyvek | Justerbar gr\u00f8n strop | Fuldfarvet tryk<\/p>","protected":false},"featured_media":9203,"comment_status":"open","ping_status":"closed","template":"","meta":{"_seopress_robots_primary_cat":"none","_seopress_titles_title":"%%post_title%% %%sep%% Get Customized Now","_seopress_titles_desc":"Fashion Tyvek\u00ae crossbody bag \u2013 28x16x11cm, two-sided print, with long green printed strap.Perfect for students, Get a Customized quote now!","_seopress_robots_index":""},"product_brand":[185],"product_cat":[189],"product_tag":[136],"class_list":{"0":"post-9202","1":"product","2":"type-product","3":"status-publish","4":"has-post-thumbnail","6":"product_brand-avecobaggie","7":"product_cat-custom-tyvek-bag","8":"product_tag-dupont-bag","10":"first","11":"instock","12":"taxable","13":"shipping-taxable","14":"product-type-simple"},"_links":{"self":[{"href":"https:\/\/avecobaggie.com\/da\/wp-json\/wp\/v2\/product\/9202","targetHints":{"allow":["GET"]}}],"collection":[{"href":"https:\/\/avecobaggie.com\/da\/wp-json\/wp\/v2\/product"}],"about":[{"href":"https:\/\/avecobaggie.com\/da\/wp-json\/wp\/v2\/types\/product"}],"replies":[{"embeddable":true,"href":"https:\/\/avecobaggie.com\/da\/wp-json\/wp\/v2\/comments?post=9202"}],"wp:featuredmedia":[{"embeddable":true,"href":"https:\/\/avecobaggie.com\/da\/wp-json\/wp\/v2\/media\/9203"}],"wp:attachment":[{"href":"https:\/\/avecobaggie.com\/da\/wp-json\/wp\/v2\/media?parent=9202"}],"wp:term":[{"taxonomy":"product_brand","embeddable":true,"href":"https:\/\/avecobaggie.com\/da\/wp-json\/wp\/v2\/product_brand?post=9202"},{"taxonomy":"product_cat","embeddable":true,"href":"https:\/\/avecobaggie.com\/da\/wp-json\/wp\/v2\/product_cat?post=9202"},{"taxonomy":"product_tag","embeddable":true,"href":"https:\/\/avecobaggie.com\/da\/wp-json\/wp\/v2\/product_tag?post=9202"}],"curies":[{"name":"wp","href":"https:\/\/api.w.org\/{rel}","templated":true}]}}