{"id":9229,"date":"2025-03-25T09:37:14","date_gmt":"2025-03-25T01:37:14","guid":{"rendered":"https:\/\/avecobaggie.com\/?post_type=product&#038;p=9229"},"modified":"2025-03-26T14:10:43","modified_gmt":"2025-03-26T06:10:43","slug":"tyvek-men-backpack-with-magnetic-closure","status":"publish","type":"product","link":"https:\/\/avecobaggie.com\/da\/product\/tyvek-men-backpack-with-magnetic-closure\/","title":{"rendered":"Tyvek-rygs\u00e6k til m\u00e6nd med magnetisk lukning"},"content":{"rendered":"<h2 class=\"wp-block-heading has-text-align-center\">Produktegenskaber for Tyvek\u00ae-rygs\u00e6k til m\u00e6nd med magnetisk lukning, aftagelige stropper og l\u00e6derdetaljer<\/h2>\n\n\n\n<ol start=\"1\" class=\"wp-block-list\">\n<li><strong>Holdbarhed i industrikvalitet<\/strong>\n<ul class=\"wp-block-list\">\n<li>Fremstillet af&nbsp;<strong>vandt\u00e6t og rivefast Dupont\u2122 Tyvek\u00ae.<\/strong>&nbsp;-&nbsp;<strong>5 gange lettere end l\u00e6rred<\/strong>&nbsp;men t\u00e5ler alligevel 2+ \u00e5rs daglig brug.<\/li>\n\n\n\n<li><strong>Forst\u00e6rkede sorte nylonh\u00e5ndtag + justerbare rygs\u00e6kstropper<\/strong>&nbsp;- testet for&nbsp;<strong>12 kg belastningskapacitet<\/strong>.<\/li>\n<\/ul>\n<\/li>\n\n\n\n<li><strong>Sikkert og funktionelt design<\/strong>\n<ul class=\"wp-block-list\">\n<li><strong>Magnetisk snaplukning<\/strong>\u00a0+\u00a0<strong>orange Tyvek\u00ae-forseglingsstrimmel<\/strong>\u00a0- hurtig adgang, samtidig med at indholdet beskyttes mod st\u00f8v\/regn. strimlen kan trykkes med dit brand eller logo.<\/li>\n\n\n\n<li><strong>32x36x12cm rummeligt interi\u00f8r<\/strong>&nbsp;- Passer til 15\" b\u00e6rbare computere, A4-mapper eller tr\u00e6ningst\u00f8j.<\/li>\n<\/ul>\n<\/li>\n\n\n\n<li><strong>\u00c6stetiske detaljer af h\u00f8j kvalitet<\/strong>\n<ul class=\"wp-block-list\">\n<li><strong>Kontrastfarvede syninger<\/strong>\u00a0+\u00a0<strong>accentpanel i l\u00e6der<\/strong>\u00a0- l\u00f8fter branding for\u00a0<strong>luksusdetailhandel eller firmagaver<\/strong>.<\/li>\n\n\n\n<li><strong>Kraft Tyvek\u00ae udvendigt<\/strong>&nbsp;- Den neutrale tone passer til minimalistiske, urbane eller milj\u00f8bevidste brands.<\/li>\n<\/ul>\n<\/li>\n\n\n\n<li><strong>B2B-centreret v\u00e6rdi<\/strong>\n<ul class=\"wp-block-list\">\n<li><strong>MOQ 500 stk.<\/strong>&nbsp;med&nbsp;<strong>20 dages produktion<\/strong>&nbsp;- ideel til hurtige kampagner.<\/li>\n\n\n\n<li><strong>DDP-forsendelse<\/strong>&nbsp;til mere end 30 lande - uden toldb\u00f8vl eller skjulte gebyrer.<\/li>\n\n\n\n<li><strong>Pantone-matchede print<\/strong>\u00a0p\u00e5 Tyvek eller l\u00e6der for at sikre brandkonsistens.<\/li>\n<\/ul>\n<\/li>\n<\/ol>\n\n\n\n<p><\/p>\n\n\n\n<hr class=\"wp-block-separator has-alpha-channel-opacity\"\/>\n\n\n\n<h4 class=\"wp-block-heading has-text-align-center\"><strong><a href=\"https:\/\/avecobaggie.com\/da\/custom-tyvek-bag-manufacturer\/\" data-type=\"page\" data-id=\"8777\"><\/a><strong><a href=\"https:\/\/avecobaggie.com\/da\/custom-tyvek-bag-manufacturer\/\" data-type=\"page\" data-id=\"8777\"><\/a><strong><strong><strong><a href=\"https:\/\/avecobaggie.com\/da\/custom-tyvek-bag-manufacturer\/\" data-type=\"page\" data-id=\"8777\"><strong><strong><strong><strong><strong><strong><strong><\/strong><\/strong><\/strong><\/strong><\/strong><\/strong><\/strong><\/a><strong><strong><strong><a href=\"https:\/\/avecobaggie.com\/da\/custom-tyvek-bag-manufacturer\/\" data-type=\"page\" data-id=\"8777\"><strong><strong><strong>Fleksibilitet i tilpasningen<\/strong><\/strong><\/strong><\/a><\/strong><\/strong><\/strong><\/strong><\/strong><\/strong><\/strong><\/strong><\/h4>\n\n\n\n<ul class=\"wp-block-list\">\n<li><strong>Opgraderinger af justerbare stropper<\/strong>&nbsp;(polstret eller reflekterende af hensyn til sikkerheden).<\/li>\n\n\n\n<li><strong>Vandt\u00e6tte lynl\u00e5se<\/strong>&nbsp;eller&nbsp;<strong>Ekstra indvendige lommer<\/strong>.<\/li>\n\n\n\n<li><strong>Bionedbrydeligt, vaskbart papir<\/strong>\u00a0eller\u00a0<strong>stropper af genanvendt nylon<\/strong>.<br><strong>Anmod om hurtige pr\u00f8ver<\/strong>\u00a0- Test holdbarhed og brandp\u00e5virkning risikofrit!<\/li>\n<\/ul>\n\n\n\n<p><\/p>\n\n\n\n<figure class=\"wp-block-image size-large\"><img fetchpriority=\"high\" width=\"1024\" height=\"752\" src=\"https:\/\/avecobaggie.com\/wp-content\/uploads\/2025\/03\/Handling-process-selection-3-1024x752.jpg\" alt=\"Tilbeh\u00f8r til tyvekpose\" class=\"wp-image-9131\" srcset=\"https:\/\/avecobaggie.com\/wp-content\/uploads\/2025\/03\/Handling-process-selection-3-1024x752.jpg 1024w, https:\/\/avecobaggie.com\/wp-content\/uploads\/2025\/03\/Handling-process-selection-3-300x220.jpg 300w, https:\/\/avecobaggie.com\/wp-content\/uploads\/2025\/03\/Handling-process-selection-3-768x564.jpg 768w, https:\/\/avecobaggie.com\/wp-content\/uploads\/2025\/03\/Handling-process-selection-3-600x441.jpg 600w, https:\/\/avecobaggie.com\/wp-content\/uploads\/2025\/03\/Handling-process-selection-3.jpg 1140w\" sizes=\"(max-width: 1024px) 100vw, 1024px\" \/><\/figure>\n\n\n\n<figure class=\"wp-block-image size-large\"><img width=\"929\" height=\"1024\" src=\"https:\/\/avecobaggie.com\/wp-content\/uploads\/2025\/03\/Handling-process-selection-4-929x1024.jpg\" alt=\"H\u00e5ndtagsmulighed til fremstilling af tyvekpose\" class=\"wp-image-9132\" srcset=\"https:\/\/avecobaggie.com\/wp-content\/uploads\/2025\/03\/Handling-process-selection-4-929x1024.jpg 929w, https:\/\/avecobaggie.com\/wp-content\/uploads\/2025\/03\/Handling-process-selection-4-272x300.jpg 272w, https:\/\/avecobaggie.com\/wp-content\/uploads\/2025\/03\/Handling-process-selection-4-768x846.jpg 768w, https:\/\/avecobaggie.com\/wp-content\/uploads\/2025\/03\/Handling-process-selection-4-600x661.jpg 600w, https:\/\/avecobaggie.com\/wp-content\/uploads\/2025\/03\/Handling-process-selection-4.jpg 1140w\" sizes=\"(max-width: 929px) 100vw, 929px\" \/><\/figure>\n\n\n\n<figure class=\"wp-block-table\"><table><tbody><tr><td>Materiale<\/td><td>DuPont Tyvek papir<\/td><\/tr><tr><td>Farve<\/td><td>V\u00e6lg fra vores tilg\u00e6ngelige stoflager, eller tilpas gennem indfarvning for at matche specifikke Pantone-farver.<\/td><\/tr><tr><td>Tykkelse af stof<\/td><td>35-105 gsm<\/td><\/tr><tr><td>St\u00f8rrelse<\/td><td>Kan tilpasses<\/td><\/tr><tr><td>Udskrivning<\/td><td>Digitaltryk, serigrafi, varmeoverf\u00f8rselstryk, flexografi<\/td><\/tr><tr><td>H\u00e5ndtagstype<\/td><td>Tyvek, l\u00e6der, bomuld, nylon<\/td><\/tr><tr><td>Tilbeh\u00f8r<\/td><td>Inderlomme, yderlomme, lynl\u00e5s, trykknap, magnetisk trykknap, velcro, l\u00f8begang, bundkile, sidekile, D-ring, sp\u00e6nder, \u00f8je, skillev\u00e6gge, m\u00e6rke, etiket<\/td><\/tr><tr><td>Funktioner<\/td><td>Let, men holdbar, vandafvisende, rivefast, \u00e5ndbar, milj\u00f8venlig og genanvendelig, unik tekstur og udseende, nem at tilpasse<\/td><\/tr><tr><td>Anvendelse<\/td><td>Reklamebegivenheder, shopping, rejser, konferencer, udstillinger, strandture, picnic, daglig brug<\/td><\/tr><tr><td>Kvalitet<\/td><td>F\u00f8rsteklasses materialer og overlegent h\u00e5ndv\u00e6rk garanteret<\/td><\/tr><tr><td>OEM\/ODM<\/td><td>Acceptabel<\/td><\/tr><tr><td rowspan=\"4\">Pr\u00f8veproduktion<\/td><td>Leveringstid: 3-7 dage.<\/td><\/tr><tr><td>Omkostninger: 30USD-80USD Varierer afh\u00e6ngigt af produktdetaljer.<\/td><\/tr><tr><td>Tilbagebetalingspolitik: Fuld refusion ved en ordre p\u00e5 1000 stk. eller mere.<\/td><\/tr><tr><td>Standardpr\u00f8ver er gratis. Du er kun ansvarlig for at d\u00e6kke forsendelsesomkostningerne.<\/td><\/tr><tr><td>Pakning<\/td><td>PE-pose + karton (kan tilpasses)<\/td><\/tr><tr><td>Masseproduktion<\/td><td>7-30 dage afh\u00e6nger af m\u00e6ngde<\/td><\/tr><tr><td>Forsendelse<\/td><td>Med ekspres (DHL, UPS, FedEx, TNT, EMS), med fly, ad s\u00f8vejen<\/td><\/tr><\/tbody><\/table><\/figure>","protected":false},"excerpt":{"rendered":"<p>Daglig Chic | Rummelig | Magnetisk forsegling | Orange kant\u00a0<\/p>","protected":false},"featured_media":9287,"comment_status":"open","ping_status":"closed","template":"","meta":{"_seopress_robots_primary_cat":"none","_seopress_titles_title":"%%post_title%% %%sep%% Get Customized Now","_seopress_titles_desc":"Tyvek\u00ae backpack \u2013 32x36x12cm, magnetic closure, leather accent, bulk custom.","_seopress_robots_index":""},"product_brand":[185],"product_cat":[189,98,108,109],"product_tag":[136],"class_list":{"0":"post-9229","1":"product","2":"type-product","3":"status-publish","4":"has-post-thumbnail","6":"product_brand-avecobaggie","7":"product_cat-custom-tyvek-bag","8":"product_cat-backpack-bag","9":"product_cat-work-school","10":"product_cat-everyday","11":"product_tag-dupont-bag","13":"first","14":"instock","15":"taxable","16":"shipping-taxable","17":"product-type-simple"},"_links":{"self":[{"href":"https:\/\/avecobaggie.com\/da\/wp-json\/wp\/v2\/product\/9229","targetHints":{"allow":["GET"]}}],"collection":[{"href":"https:\/\/avecobaggie.com\/da\/wp-json\/wp\/v2\/product"}],"about":[{"href":"https:\/\/avecobaggie.com\/da\/wp-json\/wp\/v2\/types\/product"}],"replies":[{"embeddable":true,"href":"https:\/\/avecobaggie.com\/da\/wp-json\/wp\/v2\/comments?post=9229"}],"wp:featuredmedia":[{"embeddable":true,"href":"https:\/\/avecobaggie.com\/da\/wp-json\/wp\/v2\/media\/9287"}],"wp:attachment":[{"href":"https:\/\/avecobaggie.com\/da\/wp-json\/wp\/v2\/media?parent=9229"}],"wp:term":[{"taxonomy":"product_brand","embeddable":true,"href":"https:\/\/avecobaggie.com\/da\/wp-json\/wp\/v2\/product_brand?post=9229"},{"taxonomy":"product_cat","embeddable":true,"href":"https:\/\/avecobaggie.com\/da\/wp-json\/wp\/v2\/product_cat?post=9229"},{"taxonomy":"product_tag","embeddable":true,"href":"https:\/\/avecobaggie.com\/da\/wp-json\/wp\/v2\/product_tag?post=9229"}],"curies":[{"name":"wp","href":"https:\/\/api.w.org\/{rel}","templated":true}]}}