{"id":9276,"date":"2025-03-26T13:50:00","date_gmt":"2025-03-26T05:50:00","guid":{"rendered":"https:\/\/avecobaggie.com\/?post_type=product&#038;p=9276"},"modified":"2025-04-03T16:15:48","modified_gmt":"2025-04-03T08:15:48","slug":"custom-portable-camping-dupont-picnic-lunch-bag","status":"publish","type":"product","link":"https:\/\/avecobaggie.com\/da\/product\/custom-portable-camping-dupont-picnic-lunch-bag\/","title":{"rendered":"Brugerdefineret b\u00e6rbar camping Dupont-picnictaske"},"content":{"rendered":"<h2 class=\"wp-block-heading has-text-align-center\">Produktfunktioner <\/h2>\n\n\n\n<ol start=\"1\" class=\"wp-block-list\">\n<li><strong>Industrial Double-Layer Construction<\/strong>\n<ul class=\"wp-block-list\">\n<li><strong>Dual-layer grey Tyvek\u00ae<\/strong>&nbsp;-&nbsp;<strong>tear-resistant<\/strong>&nbsp;og&nbsp;<strong>2x more durable<\/strong>&nbsp;than single-layer designs.<\/li>\n\n\n\n<li><strong>Laser-cut handles<\/strong>&nbsp;\u2013 reinforced stitching prevents fraying, tested for&nbsp;<strong>10kg load capacity<\/strong>.<\/li>\n<\/ul>\n<\/li>\n\n\n\n<li><strong>Funktionelt og sikkert design<\/strong>\n<ul class=\"wp-block-list\">\n<li><strong>30x35x10cm capacity<\/strong>\u00a0\u2013 fits picnic food .<\/li>\n\n\n\n<li><strong>Metal snap closures<\/strong>&nbsp;(top + sides) \u2013 lock contents in place during transport or crowded events.<\/li>\n<\/ul>\n<\/li>\n\n\n\n<li><strong>High-Contrast Branding<\/strong>\n<ul class=\"wp-block-list\">\n<li><strong>Crisp white logo screen print<\/strong>&nbsp;\u2013 bold visibility against grey Tyvek\u00ae for&nbsp;<strong>trade shows or retail branding<\/strong>.<\/li>\n\n\n\n<li><strong>UV-bestandigt bl\u00e6k<\/strong>&nbsp;\u2013 retains color vibrancy after 500+ uses.<\/li>\n<\/ul>\n<\/li>\n\n\n\n<li><strong>B2B-centreret v\u00e6rdi<\/strong>\n<ul class=\"wp-block-list\">\n<li><strong>MOQ 500 stk.<\/strong>&nbsp;\u2013 scalable for corporate gifting, festivals, or eco-retail.<\/li>\n\n\n\n<li><strong>12-day production<\/strong>&nbsp;+&nbsp;<strong>DDP global forsendelse<\/strong>&nbsp;\u2013 no customs delays or hidden fees.<\/li>\n\n\n\n<li><strong>Flat-pack design<\/strong>&nbsp;\u2013 reduces shipping costs by 40% vs. pre-assembled bags.<\/li>\n<\/ul>\n<\/li>\n<\/ol>\n\n\n\n<hr class=\"wp-block-separator has-alpha-channel-opacity\"\/>\n\n\n\n<h4 class=\"wp-block-heading has-text-align-center\"><strong><a href=\"https:\/\/avecobaggie.com\/da\/custom-tyvek-bag-manufacturer\/\" data-type=\"page\" data-id=\"8777\"><\/a><strong><a href=\"https:\/\/avecobaggie.com\/da\/custom-tyvek-bag-manufacturer\/\" data-type=\"page\" data-id=\"8777\"><\/a><strong><strong><strong><a href=\"https:\/\/avecobaggie.com\/da\/custom-tyvek-bag-manufacturer\/\" data-type=\"page\" data-id=\"8777\"><strong><strong><strong><strong><strong><strong><strong><\/strong><\/strong><\/strong><\/strong><\/strong><\/strong><\/strong><\/a><strong><strong><strong><a href=\"https:\/\/avecobaggie.com\/da\/custom-tyvek-bag-manufacturer\/\" data-type=\"page\" data-id=\"8777\"><strong><strong><strong>Fleksibilitet i tilpasningen<\/strong><\/strong><\/strong><\/a><\/strong><\/strong><\/strong><\/strong><\/strong><\/strong><\/strong><\/strong><\/h4>\n\n\n\n<ul class=\"wp-block-list\">\n<li><strong>Pantone-matchede Tyvek\u00ae-farver<\/strong>&nbsp;(navy, charcoal, olive).<\/li>\n\n\n\n<li><strong>Opgraderede lukninger<\/strong>&nbsp;(magnetic snaps or waterproof zippers).<\/li>\n\n\n\n<li><strong>Pr\u00e6gede logoer<\/strong>\u00a0eller\u00a0<strong>Integration af QR-koder<\/strong>\u00a0til interaktiv branding.<br><strong>Anmod om tilpassede pr\u00f8ver<\/strong>\u00a0- Test holdbarhed og brandp\u00e5virkning risikofrit!<\/li>\n<\/ul>\n\n\n\n<figure class=\"wp-block-image size-large\"><img fetchpriority=\"high\" width=\"1024\" height=\"752\" src=\"https:\/\/avecobaggie.com\/wp-content\/uploads\/2025\/03\/Handling-process-selection-3-1024x752.jpg\" alt=\"Tilbeh\u00f8r til tyvekpose\" class=\"wp-image-9131\" srcset=\"https:\/\/avecobaggie.com\/wp-content\/uploads\/2025\/03\/Handling-process-selection-3-1024x752.jpg 1024w, https:\/\/avecobaggie.com\/wp-content\/uploads\/2025\/03\/Handling-process-selection-3-300x220.jpg 300w, https:\/\/avecobaggie.com\/wp-content\/uploads\/2025\/03\/Handling-process-selection-3-768x564.jpg 768w, https:\/\/avecobaggie.com\/wp-content\/uploads\/2025\/03\/Handling-process-selection-3-600x441.jpg 600w, https:\/\/avecobaggie.com\/wp-content\/uploads\/2025\/03\/Handling-process-selection-3.jpg 1140w\" sizes=\"(max-width: 1024px) 100vw, 1024px\" \/><\/figure>\n\n\n\n<figure class=\"wp-block-image size-large\"><img width=\"929\" height=\"1024\" src=\"https:\/\/avecobaggie.com\/wp-content\/uploads\/2025\/03\/Handling-process-selection-4-929x1024.jpg\" alt=\"H\u00e5ndtagsmulighed til fremstilling af tyvekpose\" class=\"wp-image-9132\" srcset=\"https:\/\/avecobaggie.com\/wp-content\/uploads\/2025\/03\/Handling-process-selection-4-929x1024.jpg 929w, https:\/\/avecobaggie.com\/wp-content\/uploads\/2025\/03\/Handling-process-selection-4-272x300.jpg 272w, https:\/\/avecobaggie.com\/wp-content\/uploads\/2025\/03\/Handling-process-selection-4-768x846.jpg 768w, https:\/\/avecobaggie.com\/wp-content\/uploads\/2025\/03\/Handling-process-selection-4-600x661.jpg 600w, https:\/\/avecobaggie.com\/wp-content\/uploads\/2025\/03\/Handling-process-selection-4.jpg 1140w\" sizes=\"(max-width: 929px) 100vw, 929px\" \/><\/figure>\n\n\n\n<figure class=\"wp-block-table\"><table><tbody><tr><td>Materiale<\/td><td>DuPont Tyvek papir<\/td><\/tr><tr><td>Farve<\/td><td>V\u00e6lg fra vores tilg\u00e6ngelige stoflager, eller tilpas gennem indfarvning for at matche specifikke Pantone-farver.<\/td><\/tr><tr><td>Tykkelse af stof<\/td><td>35-105 gsm<\/td><\/tr><tr><td>St\u00f8rrelse<\/td><td>Kan tilpasses<\/td><\/tr><tr><td>Udskrivning<\/td><td>Digitaltryk, serigrafi, varmeoverf\u00f8rselstryk, flexografi<\/td><\/tr><tr><td>H\u00e5ndtagstype<\/td><td>Tyvek, l\u00e6der, bomuld, nylon<\/td><\/tr><tr><td>Tilbeh\u00f8r<\/td><td>Inderlomme, yderlomme, lynl\u00e5s, trykknap, magnetisk trykknap, velcro, l\u00f8begang, bundkile, sidekile, D-ring, sp\u00e6nder, \u00f8je, skillev\u00e6gge, m\u00e6rke, etiket<\/td><\/tr><tr><td>Funktioner<\/td><td>Let, men holdbar, vandafvisende, rivefast, \u00e5ndbar, milj\u00f8venlig og genanvendelig, unik tekstur og udseende, nem at tilpasse<\/td><\/tr><tr><td>Anvendelse<\/td><td>Reklamebegivenheder, shopping, rejser, konferencer, udstillinger, strandture, picnic, daglig brug<\/td><\/tr><tr><td>Kvalitet<\/td><td>F\u00f8rsteklasses materialer og overlegent h\u00e5ndv\u00e6rk garanteret<\/td><\/tr><tr><td>OEM\/ODM<\/td><td>Acceptabel<\/td><\/tr><tr><td rowspan=\"4\">Pr\u00f8veproduktion<\/td><td>Leveringstid: 3-7 dage.<\/td><\/tr><tr><td>Omkostninger: 30USD-80USD Varierer afh\u00e6ngigt af produktdetaljer.<\/td><\/tr><tr><td>Tilbagebetalingspolitik: Fuld refusion ved en ordre p\u00e5 1000 stk. eller mere.<\/td><\/tr><tr><td>Standardpr\u00f8ver er gratis. Du er kun ansvarlig for at d\u00e6kke forsendelsesomkostningerne.<\/td><\/tr><tr><td>Pakning<\/td><td>PE-pose + karton (kan tilpasses)<\/td><\/tr><tr><td>Masseproduktion<\/td><td>7-30 dage afh\u00e6nger af m\u00e6ngde<\/td><\/tr><tr><td>Forsendelse<\/td><td>Med ekspres (DHL, UPS, FedEx, TNT, EMS), med fly, ad s\u00f8vejen<\/td><\/tr><\/tbody><\/table><\/figure>","protected":false},"excerpt":{"rendered":"<p>Double-Layer Dupont | Cutout Handles | Snap Seals | White Logo<\/p>","protected":false},"featured_media":9277,"comment_status":"open","ping_status":"closed","template":"","meta":{"_seopress_robots_primary_cat":"none","_seopress_titles_title":"Custom Portable Camping Dupont Picnic Lunch Bag","_seopress_titles_desc":"Tyvek cutout tote picnic bag\u2013 30x35x10cm, double-layer grey, snap closure, lock contents in place during transport or crowded events.Send a request Now","_seopress_robots_index":""},"product_brand":[185],"product_cat":[189,29,108],"product_tag":[136],"class_list":{"0":"post-9276","1":"product","2":"type-product","3":"status-publish","4":"has-post-thumbnail","6":"product_brand-avecobaggie","7":"product_cat-custom-tyvek-bag","8":"product_cat-tote-bag","9":"product_cat-work-school","10":"product_tag-dupont-bag","12":"first","13":"instock","14":"taxable","15":"shipping-taxable","16":"product-type-simple"},"_links":{"self":[{"href":"https:\/\/avecobaggie.com\/da\/wp-json\/wp\/v2\/product\/9276","targetHints":{"allow":["GET"]}}],"collection":[{"href":"https:\/\/avecobaggie.com\/da\/wp-json\/wp\/v2\/product"}],"about":[{"href":"https:\/\/avecobaggie.com\/da\/wp-json\/wp\/v2\/types\/product"}],"replies":[{"embeddable":true,"href":"https:\/\/avecobaggie.com\/da\/wp-json\/wp\/v2\/comments?post=9276"}],"wp:featuredmedia":[{"embeddable":true,"href":"https:\/\/avecobaggie.com\/da\/wp-json\/wp\/v2\/media\/9277"}],"wp:attachment":[{"href":"https:\/\/avecobaggie.com\/da\/wp-json\/wp\/v2\/media?parent=9276"}],"wp:term":[{"taxonomy":"product_brand","embeddable":true,"href":"https:\/\/avecobaggie.com\/da\/wp-json\/wp\/v2\/product_brand?post=9276"},{"taxonomy":"product_cat","embeddable":true,"href":"https:\/\/avecobaggie.com\/da\/wp-json\/wp\/v2\/product_cat?post=9276"},{"taxonomy":"product_tag","embeddable":true,"href":"https:\/\/avecobaggie.com\/da\/wp-json\/wp\/v2\/product_tag?post=9276"}],"curies":[{"name":"wp","href":"https:\/\/api.w.org\/{rel}","templated":true}]}}