{"id":9303,"date":"2025-03-26T16:24:50","date_gmt":"2025-03-26T08:24:50","guid":{"rendered":"https:\/\/avecobaggie.com\/?post_type=product&#038;p=9303"},"modified":"2025-03-26T17:06:24","modified_gmt":"2025-03-26T09:06:24","slug":"tyvek-dupont-zip-wallet","status":"publish","type":"product","link":"https:\/\/avecobaggie.com\/da\/product\/tyvek-dupont-zip-wallet\/","title":{"rendered":"Tyvek Dupont pung med lynl\u00e5s"},"content":{"rendered":"<h2 class=\"wp-block-heading has-text-align-center\">Produktegenskaber for Tyvek\u00ae Zip Wallet med to rum<\/h2>\n\n\n\n<ol start=\"1\" class=\"wp-block-list\">\n<li><strong>Kompakt og organiseret design<\/strong>\n<ul class=\"wp-block-list\">\n<li><strong>13x10 cm slank profil<\/strong>&nbsp;- passer til kort, kontanter eller ID-badges, perfekt til&nbsp;<strong>firmagaver eller vigtige rejseartikler<\/strong>.<\/li>\n\n\n\n<li><strong>To indvendige rum<\/strong>&nbsp;- Adskil nemt sedler, m\u00f8nter eller loyalitetskort.<\/li>\n<\/ul>\n<\/li>\n\n\n\n<li><strong>Holdbart hybridmateriale<\/strong>\n<ul class=\"wp-block-list\">\n<li><strong>Kraft Tyvek\u00ae udvendigt<\/strong>&nbsp;-&nbsp;<strong>Vandt\u00e6t, rivefast<\/strong>og 100% genanvendelig.<\/li>\n\n\n\n<li><strong>Inderfor af nylon<\/strong>&nbsp;- beskytter indholdet mod ridser og giver samtidig strukturel stivhed.<\/li>\n<\/ul>\n<\/li>\n\n\n\n<li><strong>Subtil, men effektfuld branding<\/strong>\n<ul class=\"wp-block-list\">\n<li><strong>Enkeltfarvet logo trykt p\u00e5 begge sider<\/strong>&nbsp;- underspillet elegance til&nbsp;<strong>Luksusm\u00e6rker, hoteller eller event-swag<\/strong>.<\/li>\n\n\n\n<li><strong>UV-bestandigt bl\u00e6k<\/strong>&nbsp;- sikrer, at logoer forbliver skarpe gennem daglig brug.<\/li>\n<\/ul>\n<\/li>\n\n\n\n<li><strong>B2B-centreret effektivitet<\/strong>\n<ul class=\"wp-block-list\">\n<li><strong>MOQ 500 stk.<\/strong>&nbsp;- laveste minimum for boutique brands eller limited editions.<\/li>\n\n\n\n<li><strong>15 dages produktion<\/strong>\u00a0+\u00a0<strong>forsendelse af flade pakker<\/strong>\u00a0- reducerer fragtomkostningerne med 40% i forhold til stiv emballage.<\/li>\n\n\n\n<li><strong>Gratis korrektur af design<\/strong>&nbsp;- godkende dit logo inden for 6 timer.<\/li>\n<\/ul>\n<\/li>\n<\/ol>\n\n\n\n<hr class=\"wp-block-separator has-alpha-channel-opacity\"\/>\n\n\n\n<h4 class=\"wp-block-heading has-text-align-center\"><strong><a href=\"https:\/\/avecobaggie.com\/da\/custom-tyvek-bag-manufacturer\/\" data-type=\"page\" data-id=\"8777\"><\/a><strong><a href=\"https:\/\/avecobaggie.com\/da\/custom-tyvek-bag-manufacturer\/\" data-type=\"page\" data-id=\"8777\"><\/a><strong><strong><strong><a href=\"https:\/\/avecobaggie.com\/da\/custom-tyvek-bag-manufacturer\/\" data-type=\"page\" data-id=\"8777\"><strong><strong><strong><strong><strong><strong><strong><\/strong><\/strong><\/strong><\/strong><\/strong><\/strong><\/strong><\/a><strong><strong><strong><a href=\"https:\/\/avecobaggie.com\/da\/custom-tyvek-bag-manufacturer\/\" data-type=\"page\" data-id=\"8777\"><strong><strong><strong>Fleksibilitet i tilpasningen<\/strong><\/strong><\/strong><\/a><\/strong><\/strong><\/strong><\/strong><\/strong><\/strong><\/strong><\/strong><\/h4>\n\n\n\n<ul class=\"wp-block-list\">\n<li><strong>Pantone-matchede Tyvek\u00ae-farver<\/strong>&nbsp;(f.eks. marinebl\u00e5, tr\u00e6kul).<\/li>\n\n\n\n<li><strong>forskellige lag<\/strong>\u00a0eller\u00a0<strong>gennemsigtige ID-vinduer<\/strong>.<\/li>\n\n\n\n<li><strong>Pr\u00e6gede logoer<\/strong>&nbsp;eller&nbsp;<strong>f\u00f8rsteklasses opgraderinger af lynl\u00e5se<\/strong>.<br><strong>Anmod om gratis pr\u00f8ver<\/strong>&nbsp;- test funktionalitet med dit team!<\/li>\n<\/ul>\n\n\n\n<figure class=\"wp-block-image size-large\"><img fetchpriority=\"high\" width=\"1024\" height=\"752\" src=\"https:\/\/avecobaggie.com\/wp-content\/uploads\/2025\/03\/Handling-process-selection-3-1024x752.jpg\" alt=\"Tilbeh\u00f8r til tyvekpose\" class=\"wp-image-9131\" srcset=\"https:\/\/avecobaggie.com\/wp-content\/uploads\/2025\/03\/Handling-process-selection-3-1024x752.jpg 1024w, https:\/\/avecobaggie.com\/wp-content\/uploads\/2025\/03\/Handling-process-selection-3-300x220.jpg 300w, https:\/\/avecobaggie.com\/wp-content\/uploads\/2025\/03\/Handling-process-selection-3-768x564.jpg 768w, https:\/\/avecobaggie.com\/wp-content\/uploads\/2025\/03\/Handling-process-selection-3-600x441.jpg 600w, https:\/\/avecobaggie.com\/wp-content\/uploads\/2025\/03\/Handling-process-selection-3.jpg 1140w\" sizes=\"(max-width: 1024px) 100vw, 1024px\" \/><\/figure>\n\n\n\n<figure class=\"wp-block-image size-large\"><img width=\"929\" height=\"1024\" src=\"https:\/\/avecobaggie.com\/wp-content\/uploads\/2025\/03\/Handling-process-selection-4-929x1024.jpg\" alt=\"H\u00e5ndtagsmulighed til fremstilling af tyvekpose\" class=\"wp-image-9132\" srcset=\"https:\/\/avecobaggie.com\/wp-content\/uploads\/2025\/03\/Handling-process-selection-4-929x1024.jpg 929w, https:\/\/avecobaggie.com\/wp-content\/uploads\/2025\/03\/Handling-process-selection-4-272x300.jpg 272w, https:\/\/avecobaggie.com\/wp-content\/uploads\/2025\/03\/Handling-process-selection-4-768x846.jpg 768w, https:\/\/avecobaggie.com\/wp-content\/uploads\/2025\/03\/Handling-process-selection-4-600x661.jpg 600w, https:\/\/avecobaggie.com\/wp-content\/uploads\/2025\/03\/Handling-process-selection-4.jpg 1140w\" sizes=\"(max-width: 929px) 100vw, 929px\" \/><\/figure>\n\n\n\n<figure class=\"wp-block-table\"><table><tbody><tr><td>Materiale<\/td><td>DuPont Tyvek papir<\/td><\/tr><tr><td>Farve<\/td><td>V\u00e6lg fra vores tilg\u00e6ngelige stoflager, eller tilpas gennem indfarvning for at matche specifikke Pantone-farver.<\/td><\/tr><tr><td>Tykkelse af stof<\/td><td>35-105 gsm<\/td><\/tr><tr><td>St\u00f8rrelse<\/td><td>Kan tilpasses<\/td><\/tr><tr><td>Udskrivning<\/td><td>Digitaltryk, serigrafi, varmeoverf\u00f8rselstryk, flexografi<\/td><\/tr><tr><td>H\u00e5ndtagstype<\/td><td>Tyvek, l\u00e6der, bomuld, nylon<\/td><\/tr><tr><td>Tilbeh\u00f8r<\/td><td>Inderlomme, yderlomme, lynl\u00e5s, trykknap, magnetisk trykknap, velcro, l\u00f8begang, bundkile, sidekile, D-ring, sp\u00e6nder, \u00f8je, skillev\u00e6gge, m\u00e6rke, etiket<\/td><\/tr><tr><td>Funktioner<\/td><td>Let, men holdbar, vandafvisende, rivefast, \u00e5ndbar, milj\u00f8venlig og genanvendelig, unik tekstur og udseende, nem at tilpasse<\/td><\/tr><tr><td>Anvendelse<\/td><td>Reklamebegivenheder, shopping, rejser, konferencer, udstillinger, strandture, picnic, daglig brug<\/td><\/tr><tr><td>Kvalitet<\/td><td>F\u00f8rsteklasses materialer og overlegent h\u00e5ndv\u00e6rk garanteret<\/td><\/tr><tr><td>OEM\/ODM<\/td><td>Acceptabel<\/td><\/tr><tr><td rowspan=\"4\">Pr\u00f8veproduktion<\/td><td>Leveringstid: 3-7 dage.<\/td><\/tr><tr><td>Omkostninger: 30USD-80USD Varierer afh\u00e6ngigt af produktdetaljer.<\/td><\/tr><tr><td>Tilbagebetalingspolitik: Fuld refusion ved en ordre p\u00e5 1000 stk. eller mere.<\/td><\/tr><tr><td>Standardpr\u00f8ver er gratis. Du er kun ansvarlig for at d\u00e6kke forsendelsesomkostningerne.<\/td><\/tr><tr><td>Pakning<\/td><td>PE-pose + karton (kan tilpasses)<\/td><\/tr><tr><td>Masseproduktion<\/td><td>7-30 dage afh\u00e6nger af m\u00e6ngde<\/td><\/tr><tr><td>Forsendelse<\/td><td>Med ekspres (DHL, UPS, FedEx, TNT, EMS), med fly, ad s\u00f8vejen<\/td><\/tr><\/tbody><\/table><\/figure>","protected":false},"excerpt":{"rendered":"<p>Dupont Tyvek | Nylonfor | Dobbeltsidet tryk | Lynl\u00e5s<\/p>","protected":false},"featured_media":9305,"comment_status":"open","ping_status":"closed","template":"","meta":{"_seopress_robots_primary_cat":"none","_seopress_titles_title":"%%post_title%% %%sep%% Dual Compartments,Get Customized Now","_seopress_titles_desc":"Tyvek dupont zip wallet \u2013 13x10cm, dual compartments, custom logo, compact but with ideal space.eco friendly ,Get customized Now!","_seopress_robots_index":""},"product_brand":[185],"product_cat":[189,100,108,109],"product_tag":[136],"class_list":{"0":"post-9303","1":"product","2":"type-product","3":"status-publish","4":"has-post-thumbnail","6":"product_brand-avecobaggie","7":"product_cat-custom-tyvek-bag","8":"product_cat-other-creative-bag","9":"product_cat-work-school","10":"product_cat-everyday","11":"product_tag-dupont-bag","13":"first","14":"instock","15":"taxable","16":"shipping-taxable","17":"product-type-simple"},"_links":{"self":[{"href":"https:\/\/avecobaggie.com\/da\/wp-json\/wp\/v2\/product\/9303","targetHints":{"allow":["GET"]}}],"collection":[{"href":"https:\/\/avecobaggie.com\/da\/wp-json\/wp\/v2\/product"}],"about":[{"href":"https:\/\/avecobaggie.com\/da\/wp-json\/wp\/v2\/types\/product"}],"replies":[{"embeddable":true,"href":"https:\/\/avecobaggie.com\/da\/wp-json\/wp\/v2\/comments?post=9303"}],"wp:featuredmedia":[{"embeddable":true,"href":"https:\/\/avecobaggie.com\/da\/wp-json\/wp\/v2\/media\/9305"}],"wp:attachment":[{"href":"https:\/\/avecobaggie.com\/da\/wp-json\/wp\/v2\/media?parent=9303"}],"wp:term":[{"taxonomy":"product_brand","embeddable":true,"href":"https:\/\/avecobaggie.com\/da\/wp-json\/wp\/v2\/product_brand?post=9303"},{"taxonomy":"product_cat","embeddable":true,"href":"https:\/\/avecobaggie.com\/da\/wp-json\/wp\/v2\/product_cat?post=9303"},{"taxonomy":"product_tag","embeddable":true,"href":"https:\/\/avecobaggie.com\/da\/wp-json\/wp\/v2\/product_tag?post=9303"}],"curies":[{"name":"wp","href":"https:\/\/api.w.org\/{rel}","templated":true}]}}