{"id":9414,"date":"2025-03-31T16:15:59","date_gmt":"2025-03-31T08:15:59","guid":{"rendered":"https:\/\/avecobaggie.com\/?post_type=product&#038;p=9414"},"modified":"2025-04-03T11:33:33","modified_gmt":"2025-04-03T03:33:33","slug":"custom-waterproof-tyvek-laptop-sleeve-14-15-16-17-inch","status":"publish","type":"product","link":"https:\/\/avecobaggie.com\/da\/product\/custom-waterproof-tyvek-laptop-sleeve-14-15-16-17-inch\/","title":{"rendered":"Brugerdefineret vandt\u00e6t Tyvek Laptop Sleeve 14 15 16 17 tommer"},"content":{"rendered":"<h2 class=\"wp-block-heading has-text-align-center\">Product Features for Waterproof Tyvek Document Pouch | 26x35cm | Custom Branding<\/h2>\n\n\n\n<ol start=\"1\" class=\"wp-block-list\">\n<li><strong>Premium Waterproof Construction<\/strong>\n<ul class=\"wp-block-list\">\n<li><strong>Brown Tyvek\u00ae exterior<\/strong>\u00a0+\u00a0<strong>quilted polyester lining<\/strong>\u00a0-\u00a0<strong>IP54-rated<\/strong>\u00a0to protect Laptop from water, spills, and humidity in\u00a0<strong>outdoor worksites or rainy commutes<\/strong>.<\/li>\n\n\n\n<li><strong>Dobbeltsyede s\u00f8mme<\/strong>&nbsp;- rivefast til&nbsp;<strong>3+ years of heavy use<\/strong>&nbsp;in briefcases or site visits.<\/li>\n<\/ul>\n<\/li>\n\n\n\n<li><strong>Funktionelt og sikkert design<\/strong>\n<ul class=\"wp-block-list\">\n<li><strong>Self-seal Velcro closure<\/strong>&nbsp;\u2013 quick access while keeping contents dust-free and secure.<\/li>\n\n\n\n<li><strong>flat size<\/strong>\u00a0 customized : fits\u00a014inch ,15 inch ,16 inch ,17inch laptop or other sizes.<\/li>\n<\/ul>\n<\/li>\n\n\n\n<li><strong>B2B-centreret effektivitet<\/strong>\n<ul class=\"wp-block-list\">\n<li><strong>MOQ 500 stk.<\/strong>&nbsp;\u2013 lowest in the industry for small law firms, architects, or corporate suppliers.<\/li>\n\n\n\n<li><strong>7-day production<\/strong>\u00a0+\u00a0<strong>DDP-forsendelse<\/strong>\u00a0\u2013 flat-pack .<\/li>\n\n\n\n<li><strong>Free digital proofs<\/strong>\u00a0\u2013 approve logos or patterns.<\/li>\n<\/ul>\n<\/li>\n\n\n\n<li><strong>Commercial Applications<\/strong>\n<ul class=\"wp-block-list\">\n<li><strong>Construction Sites<\/strong>: Protect blueprints from moisture and dirt.<\/li>\n\n\n\n<li><strong>Gaver til virksomheder<\/strong>: Brand with company values for employee welcome kits.<\/li>\n\n\n\n<li><strong>Travel Consultants<\/strong>: Organize itineraries and tickets for clients.<\/li>\n<\/ul>\n<\/li>\n<\/ol>\n\n\n\n<hr class=\"wp-block-separator has-alpha-channel-opacity\"\/>\n\n\n\n<h4 class=\"wp-block-heading has-text-align-center\"><strong><a href=\"https:\/\/avecobaggie.com\/da\/custom-tyvek-bag-manufacturer\/\" data-type=\"page\" data-id=\"8777\"><\/a><strong><a href=\"https:\/\/avecobaggie.com\/da\/custom-tyvek-bag-manufacturer\/\" data-type=\"page\" data-id=\"8777\"><\/a><strong><strong><strong><a href=\"https:\/\/avecobaggie.com\/da\/custom-tyvek-bag-manufacturer\/\" data-type=\"page\" data-id=\"8777\"><strong><strong><strong><strong><strong><strong><strong><\/strong><\/strong><\/strong><\/strong><\/strong><\/strong><\/strong><\/a><strong><strong><strong><a href=\"https:\/\/avecobaggie.com\/da\/custom-tyvek-bag-manufacturer\/\" data-type=\"page\" data-id=\"8777\"><strong><strong><strong>Fleksibilitet i tilpasningen<\/strong><\/strong><\/strong><\/a><\/strong><\/strong><\/strong><\/strong><\/strong><\/strong><\/strong><\/strong><\/h4>\n\n\n\n<ul class=\"wp-block-list\">\n<li><strong>Pantone-matchede Tyvek\u00ae-farver<\/strong>&nbsp;(f.eks. marinebl\u00e5, tr\u00e6kul).<\/li>\n\n\n\n<li><strong>Pr\u00e6gede logoer<\/strong>&nbsp;eller&nbsp;<strong>Integration af QR-koder<\/strong>&nbsp;for trackable documents.<\/li>\n\n\n\n<li><strong>RFID-blocking layers<\/strong>&nbsp;eller&nbsp;<strong>inner ID windows<\/strong>&nbsp;for security upgrades.<br><strong>Anmod om gratis pr\u00f8ver<\/strong>&nbsp;\u2013 test durability with your team!<\/li>\n<\/ul>\n\n\n\n<figure class=\"wp-block-image size-large is-resized\"><img fetchpriority=\"high\" width=\"1024\" height=\"752\" src=\"https:\/\/avecobaggie.com\/wp-content\/uploads\/2025\/03\/Handling-process-selection-3-1024x752.jpg\" alt=\"Tilbeh\u00f8r til tyvekpose\" class=\"wp-image-9131\" style=\"object-fit:cover;width:1140px;height:837px\" srcset=\"https:\/\/avecobaggie.com\/wp-content\/uploads\/2025\/03\/Handling-process-selection-3-1024x752.jpg 1024w, https:\/\/avecobaggie.com\/wp-content\/uploads\/2025\/03\/Handling-process-selection-3-300x220.jpg 300w, https:\/\/avecobaggie.com\/wp-content\/uploads\/2025\/03\/Handling-process-selection-3-768x564.jpg 768w, https:\/\/avecobaggie.com\/wp-content\/uploads\/2025\/03\/Handling-process-selection-3-600x441.jpg 600w, https:\/\/avecobaggie.com\/wp-content\/uploads\/2025\/03\/Handling-process-selection-3.jpg 1140w\" sizes=\"(max-width: 1024px) 100vw, 1024px\" \/><\/figure>\n\n\n\n<figure class=\"wp-block-image size-large is-resized\"><img width=\"929\" height=\"1024\" src=\"https:\/\/avecobaggie.com\/wp-content\/uploads\/2025\/03\/Handling-process-selection-4-929x1024.jpg\" alt=\"H\u00e5ndtagsmulighed til fremstilling af tyvekpose\" class=\"wp-image-9132\" style=\"object-fit:cover;width:1140px;height:1256px\" srcset=\"https:\/\/avecobaggie.com\/wp-content\/uploads\/2025\/03\/Handling-process-selection-4-929x1024.jpg 929w, https:\/\/avecobaggie.com\/wp-content\/uploads\/2025\/03\/Handling-process-selection-4-272x300.jpg 272w, https:\/\/avecobaggie.com\/wp-content\/uploads\/2025\/03\/Handling-process-selection-4-768x846.jpg 768w, https:\/\/avecobaggie.com\/wp-content\/uploads\/2025\/03\/Handling-process-selection-4-600x661.jpg 600w, https:\/\/avecobaggie.com\/wp-content\/uploads\/2025\/03\/Handling-process-selection-4.jpg 1140w\" sizes=\"(max-width: 929px) 100vw, 929px\" \/><\/figure>\n\n\n\n<figure class=\"wp-block-table\"><table><tbody><tr><td>Materiale<\/td><td>DuPont Tyvek papir<\/td><\/tr><tr><td>Farve<\/td><td>V\u00e6lg fra vores tilg\u00e6ngelige stoflager, eller tilpas gennem indfarvning for at matche specifikke Pantone-farver.<\/td><\/tr><tr><td>Tykkelse af stof<\/td><td>35-105 gsm<\/td><\/tr><tr><td>St\u00f8rrelse<\/td><td>Kan tilpasses<\/td><\/tr><tr><td>Udskrivning<\/td><td>Digitaltryk, serigrafi, varmeoverf\u00f8rselstryk, flexografi<\/td><\/tr><tr><td>H\u00e5ndtagstype<\/td><td>Tyvek, l\u00e6der, bomuld, nylon<\/td><\/tr><tr><td>Tilbeh\u00f8r<\/td><td>Inderlomme, yderlomme, lynl\u00e5s, trykknap, magnetisk trykknap, velcro, l\u00f8begang, bundkile, sidekile, D-ring, sp\u00e6nder, \u00f8je, skillev\u00e6gge, m\u00e6rke, etiket<\/td><\/tr><tr><td>Funktioner<\/td><td>Let, men holdbar, vandafvisende, rivefast, \u00e5ndbar, milj\u00f8venlig og genanvendelig, unik tekstur og udseende, nem at tilpasse<\/td><\/tr><tr><td>Anvendelse<\/td><td>Reklamebegivenheder, shopping, rejser, konferencer, udstillinger, strandture, picnic, daglig brug<\/td><\/tr><tr><td>Kvalitet<\/td><td>F\u00f8rsteklasses materialer og overlegent h\u00e5ndv\u00e6rk garanteret<\/td><\/tr><tr><td>OEM\/ODM<\/td><td>Acceptabel<\/td><\/tr><tr><td rowspan=\"4\">Pr\u00f8veproduktion<\/td><td>Leveringstid: 3-7 dage.<\/td><\/tr><tr><td>Omkostninger: 30USD-80USD Varierer afh\u00e6ngigt af produktdetaljer.<\/td><\/tr><tr><td>Tilbagebetalingspolitik: Fuld refusion ved en ordre p\u00e5 1000 stk. eller mere.<\/td><\/tr><tr><td>Standardpr\u00f8ver er gratis. Du er kun ansvarlig for at d\u00e6kke forsendelsesomkostningerne.<\/td><\/tr><tr><td>Pakning<\/td><td>PE-pose + karton (kan tilpasses)<\/td><\/tr><tr><td>Masseproduktion<\/td><td>7-30 dage afh\u00e6nger af m\u00e6ngde<\/td><\/tr><tr><td>Forsendelse<\/td><td>Med ekspres (DHL, UPS, FedEx, TNT, EMS), med fly, ad s\u00f8vejen<\/td><\/tr><\/tbody><\/table><\/figure>","protected":false},"excerpt":{"rendered":"<p>Tyvek &amp; Polyester Lining | Waterproof | Self-Seal Closure\u00a0<\/p>","protected":false},"featured_media":9415,"comment_status":"open","ping_status":"closed","template":"","meta":{"_seopress_robots_primary_cat":"none","_seopress_titles_title":"Custom 14 15 16 17 inch Tyvek Laptop From Avecobaggie","_seopress_titles_desc":"Tyvek waterproof laptop sleev \u2013 sutible for 14,15,16,17 inch ,or other requested size, with inner lining, self-seal closure, bulk orders welcome.","_seopress_robots_index":""},"product_brand":[185],"product_cat":[189,100],"product_tag":[136],"class_list":{"0":"post-9414","1":"product","2":"type-product","3":"status-publish","4":"has-post-thumbnail","6":"product_brand-avecobaggie","7":"product_cat-custom-tyvek-bag","8":"product_cat-other-creative-bag","9":"product_tag-dupont-bag","11":"first","12":"instock","13":"taxable","14":"shipping-taxable","15":"product-type-simple"},"_links":{"self":[{"href":"https:\/\/avecobaggie.com\/da\/wp-json\/wp\/v2\/product\/9414","targetHints":{"allow":["GET"]}}],"collection":[{"href":"https:\/\/avecobaggie.com\/da\/wp-json\/wp\/v2\/product"}],"about":[{"href":"https:\/\/avecobaggie.com\/da\/wp-json\/wp\/v2\/types\/product"}],"replies":[{"embeddable":true,"href":"https:\/\/avecobaggie.com\/da\/wp-json\/wp\/v2\/comments?post=9414"}],"wp:featuredmedia":[{"embeddable":true,"href":"https:\/\/avecobaggie.com\/da\/wp-json\/wp\/v2\/media\/9415"}],"wp:attachment":[{"href":"https:\/\/avecobaggie.com\/da\/wp-json\/wp\/v2\/media?parent=9414"}],"wp:term":[{"taxonomy":"product_brand","embeddable":true,"href":"https:\/\/avecobaggie.com\/da\/wp-json\/wp\/v2\/product_brand?post=9414"},{"taxonomy":"product_cat","embeddable":true,"href":"https:\/\/avecobaggie.com\/da\/wp-json\/wp\/v2\/product_cat?post=9414"},{"taxonomy":"product_tag","embeddable":true,"href":"https:\/\/avecobaggie.com\/da\/wp-json\/wp\/v2\/product_tag?post=9414"}],"curies":[{"name":"wp","href":"https:\/\/api.w.org\/{rel}","templated":true}]}}