{"id":9460,"date":"2025-04-02T17:21:46","date_gmt":"2025-04-02T09:21:46","guid":{"rendered":"https:\/\/avecobaggie.com\/?post_type=product&#038;p=9460"},"modified":"2025-04-03T15:40:55","modified_gmt":"2025-04-03T07:40:55","slug":"customized-washed-kraft-paper-tissue-box-holder","status":"publish","type":"product","link":"https:\/\/avecobaggie.com\/da\/product\/customized-washed-kraft-paper-tissue-box-holder\/","title":{"rendered":"Tilpasset holder til v\u00e6vsboks af vasket kraftpapir"},"content":{"rendered":"<h2 class=\"wp-block-heading has-text-align-center\">Produktfunktioner <\/h2>\n\n\n\n<ol start=\"1\" class=\"wp-block-list\">\n<li><strong>Milj\u00f8venlig og struktureret \u00e6stetik<\/strong>\n<ul class=\"wp-block-list\">\n<li>Fremstillet af&nbsp;<strong>100% bionedbrydeligt vasket kraftpapir<\/strong>&nbsp;- udvikler en&nbsp;<strong>naturlig patina over tid<\/strong>, ideel til&nbsp;<strong>\u00f8kologiske m\u00e6rker eller rustikke butiksudstillinger<\/strong>.<\/li>\n\n\n\n<li><strong>Indre lag af genbrugsfilt<\/strong>&nbsp;- beskytter v\u00e6vet mod st\u00f8v og giver samtidig strukturel stivhed.<\/li>\n<\/ul>\n<\/li>\n\n\n\n<li><strong>Funktionelt minimalistisk design<\/strong>\n<ul class=\"wp-block-list\">\n<li><strong>Dobbelt velcrolukning<\/strong>&nbsp;- sikker forsegling for nem adgang til v\u00e6v og genopfyldning.<\/li>\n\n\n\n<li><strong>25x14x16cm kompakt st\u00f8rrelse<\/strong>&nbsp;- passer til standard tissuepakker (f.eks. 20x12x8 cm) med plads til overs.<\/li>\n<\/ul>\n<\/li>\n\n\n\n<li><strong>Subtil p\u00e5virkning af branding<\/strong>\n<ul class=\"wp-block-list\">\n<li><strong>Skarpt sort logo-screentryk<\/strong>&nbsp;- underspillet synlighed for&nbsp;<strong>hoteller, caf\u00e9er eller wellness-brands<\/strong>.<\/li>\n\n\n\n<li><strong>UV-bestandigt bl\u00e6k<\/strong>&nbsp;- bevarer skarpheden selv ved hyppig h\u00e5ndtering.<\/li>\n<\/ul>\n<\/li>\n\n\n\n<li><strong>B2B-centrerede fordele<\/strong>\n<ul class=\"wp-block-list\">\n<li><strong>MOQ 500 stk.<\/strong>&nbsp;- laveste i branchen for sm\u00e5 virksomheder eller hotelk\u00e6der.<\/li>\n\n\n\n<li><strong>20 dages produktion<\/strong>\u00a0+\u00a0<strong>DDP-forsendelse i flad pakke<\/strong>\u00a0<\/li>\n\n\n\n<li><strong>Gratis pr\u00f8vetryk af design<\/strong>&nbsp;- godkende kunstv\u00e6rker inden for 6 timer.<\/li>\n<\/ul>\n<\/li>\n<\/ol>\n\n\n\n<p><\/p>\n\n\n\n<hr class=\"wp-block-separator has-alpha-channel-opacity\"\/>\n\n\n\n<h4 class=\"wp-block-heading has-text-align-center\"><strong><a href=\"https:\/\/avecobaggie.com\/da\/custom-tyvek-bag-manufacturer\/\" data-type=\"page\" data-id=\"8777\"><\/a><strong><a href=\"https:\/\/avecobaggie.com\/da\/custom-tyvek-bag-manufacturer\/\" data-type=\"page\" data-id=\"8777\"><\/a><strong><strong><strong><a href=\"https:\/\/avecobaggie.com\/da\/custom-tyvek-bag-manufacturer\/\" data-type=\"page\" data-id=\"8777\"><\/a><strong><strong><strong><a href=\"https:\/\/avecobaggie.com\/da\/custom-washable-paper-bag-manufactuer\/\" data-type=\"page\" data-id=\"8845\"><strong><strong><strong>Fleksibilitet i tilpasningen<\/strong><\/strong><\/strong><\/a><\/strong><\/strong><\/strong><\/strong><\/strong><\/strong><\/strong><\/strong><\/h4>\n\n\n\n<ul class=\"wp-block-list\">\n<li><strong>Accenter af h\u00f8r eller jute<\/strong>&nbsp;for \u00f8get rustik appel.<\/li>\n\n\n\n<li><strong>QR-kode-tags<\/strong>\u00a0eller\u00a0<strong>Pr\u00e6gede logoer<\/strong>\u00a0til interaktiv branding.<br><strong>Anmod om tilpassede pr\u00f8ver<\/strong>\u00a0- Test funktionaliteten i dit rum!<\/li>\n<\/ul>\n\n\n\n<figure class=\"wp-block-image size-large is-resized\"><img fetchpriority=\"high\" width=\"1024\" height=\"752\" src=\"https:\/\/avecobaggie.com\/wp-content\/uploads\/2025\/03\/Handling-process-selection-3-1024x752.jpg\" alt=\"Tilbeh\u00f8r til tyvekpose\" class=\"wp-image-9131\" style=\"object-fit:cover;width:1140px;height:837px\" srcset=\"https:\/\/avecobaggie.com\/wp-content\/uploads\/2025\/03\/Handling-process-selection-3-1024x752.jpg 1024w, https:\/\/avecobaggie.com\/wp-content\/uploads\/2025\/03\/Handling-process-selection-3-300x220.jpg 300w, https:\/\/avecobaggie.com\/wp-content\/uploads\/2025\/03\/Handling-process-selection-3-768x564.jpg 768w, https:\/\/avecobaggie.com\/wp-content\/uploads\/2025\/03\/Handling-process-selection-3-600x441.jpg 600w, https:\/\/avecobaggie.com\/wp-content\/uploads\/2025\/03\/Handling-process-selection-3.jpg 1140w\" sizes=\"(max-width: 1024px) 100vw, 1024px\" \/><\/figure>\n\n\n\n<figure class=\"wp-block-image size-large is-resized\"><img width=\"929\" height=\"1024\" src=\"https:\/\/avecobaggie.com\/wp-content\/uploads\/2025\/03\/Handling-process-selection-4-929x1024.jpg\" alt=\"H\u00e5ndtagsmulighed til fremstilling af tyvekpose\" class=\"wp-image-9132\" style=\"object-fit:cover;width:1140px;height:1256px\" srcset=\"https:\/\/avecobaggie.com\/wp-content\/uploads\/2025\/03\/Handling-process-selection-4-929x1024.jpg 929w, https:\/\/avecobaggie.com\/wp-content\/uploads\/2025\/03\/Handling-process-selection-4-272x300.jpg 272w, https:\/\/avecobaggie.com\/wp-content\/uploads\/2025\/03\/Handling-process-selection-4-768x846.jpg 768w, https:\/\/avecobaggie.com\/wp-content\/uploads\/2025\/03\/Handling-process-selection-4-600x661.jpg 600w, https:\/\/avecobaggie.com\/wp-content\/uploads\/2025\/03\/Handling-process-selection-4.jpg 1140w\" sizes=\"(max-width: 929px) 100vw, 929px\" \/><\/figure>\n\n\n\n<figure class=\"wp-block-table\"><table><tbody><tr><td>Beskrivelse:<\/td><td><strong>Funktion<\/strong><\/td><\/tr><tr><td><strong>Milj\u00f8m\u00e6ssige fordele<\/strong><\/td><td>1.&nbsp;<strong>Genanvendelig<\/strong>: Kan vaskes og genbruges flere gange, hvilket reducerer engangsaffald.<br>2.&nbsp;<strong>Bionedbrydeligt materiale<\/strong>: Prim\u00e6rt papirbaseret, nedbrydes hurtigere end plast.<br>3.&nbsp;<strong>Reducerer plastikforurening<\/strong>: Erstatter traditionelle plastikposer og minimerer mikroplastforurening.<\/td><\/tr><tr><td><strong>Funktionelle egenskaber<\/strong><\/td><td>1.&nbsp;<strong>Vandt\u00e6t\/vandafvisende<\/strong>: Behandlede overflader modst\u00e5r skader under vask.<br>2.&nbsp;<strong>Let og holdbar<\/strong>: St\u00e6rkere end almindelige papirposer med h\u00f8jere b\u00e6reevne.<br>3.&nbsp;<strong>Let at reng\u00f8re<\/strong>: Kan vaskes i h\u00e5nden eller i maskinen (afh\u00e6ngigt af design) og t\u00f8rrer hurtigt.<\/td><\/tr><tr><td><strong>\u00d8konomiske fordele<\/strong><\/td><td>1.&nbsp;<strong>Lavere omkostninger p\u00e5 lang sigt<\/strong>: Omkostningseffektiv pr. brug sammenlignet med engangsprodukter.<br>2.&nbsp;<strong>Reduceret genk\u00f8b<\/strong>: Genanvendelighed s\u00e6nker de tilbagevendende udgifter for virksomheder\/forbrugere.<\/td><\/tr><tr><td><strong>Praktiske anvendelser<\/strong><\/td><td>1.&nbsp;<strong>Alsidig<\/strong>: Ideel til indk\u00f8b, opbevaring, rejser og meget mere.<br>2.&nbsp;<strong>B\u00e6rbar<\/strong>: Kompakt, n\u00e5r den er foldet sammen, let at b\u00e6re.<br>3.&nbsp;<strong>Kan tilpasses i h\u00f8j grad<\/strong>: Kan udskrives med design eller logoer til branding.<\/td><\/tr><tr><td><strong>Forbrugernes appel<\/strong><\/td><td>1.&nbsp;<strong>Stilfuldt design<\/strong>: Kombinerer papirstruktur med moderne \u00e6stetik og er i tr\u00e5d med milj\u00f8venlige tendenser.<br>2.&nbsp;<strong>Sundhedssikker<\/strong>: Kemikaliefri bel\u00e6gninger (i nogle produkter), sikrere ved f\u00f8devarekontakt.<\/td><\/tr><tr><td><strong>Overholdelse af politikker<\/strong><\/td><td>1.&nbsp;<strong>Opfylder regler om forbud mod plastik<\/strong>: Overholder globale forbud mod engangsplastik.<br>2.&nbsp;<strong>Milj\u00f8certificeringer<\/strong>: Kan kvalificere sig til b\u00e6redygtighedsm\u00e6rker, hvilket \u00f8ger ESG-scoren.<\/td><\/tr><\/tbody><\/table><\/figure>","protected":false},"excerpt":{"rendered":"<p>Vasket kraft | Velcroforsegling | Sort logo\u00a0<\/p>","protected":false},"featured_media":9461,"comment_status":"open","ping_status":"closed","template":"","meta":{"_seopress_robots_primary_cat":"none","_seopress_titles_title":"Custom Washed Kraft tissue box holder with Velcro Closure","_seopress_titles_desc":"Washed kraft tissue box holder \u2013 25x14x16cm, Velcro closure, bulk custom.","_seopress_robots_index":""},"product_brand":[185],"product_cat":[190,29],"product_tag":[37,191],"class_list":{"0":"post-9460","1":"product","2":"type-product","3":"status-publish","4":"has-post-thumbnail","6":"product_brand-avecobaggie","7":"product_cat-washable-craft-paper-bag","8":"product_cat-tote-bag","9":"product_tag-tote-bag","10":"product_tag-washable-craft-paper-bag","12":"first","13":"instock","14":"taxable","15":"shipping-taxable","16":"product-type-simple"},"_links":{"self":[{"href":"https:\/\/avecobaggie.com\/da\/wp-json\/wp\/v2\/product\/9460","targetHints":{"allow":["GET"]}}],"collection":[{"href":"https:\/\/avecobaggie.com\/da\/wp-json\/wp\/v2\/product"}],"about":[{"href":"https:\/\/avecobaggie.com\/da\/wp-json\/wp\/v2\/types\/product"}],"replies":[{"embeddable":true,"href":"https:\/\/avecobaggie.com\/da\/wp-json\/wp\/v2\/comments?post=9460"}],"wp:featuredmedia":[{"embeddable":true,"href":"https:\/\/avecobaggie.com\/da\/wp-json\/wp\/v2\/media\/9461"}],"wp:attachment":[{"href":"https:\/\/avecobaggie.com\/da\/wp-json\/wp\/v2\/media?parent=9460"}],"wp:term":[{"taxonomy":"product_brand","embeddable":true,"href":"https:\/\/avecobaggie.com\/da\/wp-json\/wp\/v2\/product_brand?post=9460"},{"taxonomy":"product_cat","embeddable":true,"href":"https:\/\/avecobaggie.com\/da\/wp-json\/wp\/v2\/product_cat?post=9460"},{"taxonomy":"product_tag","embeddable":true,"href":"https:\/\/avecobaggie.com\/da\/wp-json\/wp\/v2\/product_tag?post=9460"}],"curies":[{"name":"wp","href":"https:\/\/api.w.org\/{rel}","templated":true}]}}