{"id":9475,"date":"2025-04-03T11:26:57","date_gmt":"2025-04-03T03:26:57","guid":{"rendered":"https:\/\/avecobaggie.com\/?post_type=product&#038;p=9475"},"modified":"2025-05-08T10:34:13","modified_gmt":"2025-05-08T02:34:13","slug":"collapsible-washed-kraft-storage-organizers","status":"publish","type":"product","link":"https:\/\/avecobaggie.com\/da\/product\/collapsible-washed-kraft-storage-organizers\/","title":{"rendered":"Engros sammenklappelige organisatorer til opbevaring af vasket kraftpapir"},"content":{"rendered":"<h2 class=\"wp-block-heading has-text-align-center\">Produktfunktioner <\/h2>\n\n\n\n<ol start=\"1\" class=\"wp-block-list\">\n<li><strong>Pladsbesparende sammenklappeligt design<\/strong>\n<ul class=\"wp-block-list\">\n<li><strong>Trykknapper i siden af metal<\/strong>&nbsp;- foldes fladt, n\u00e5r den er tom, og reducerer opbevaringsvolumen med&nbsp;<strong>70%<\/strong>&nbsp;til nem transport eller s\u00e6sonbestemt brug.<\/li>\n\n\n\n<li><strong>Samles i firkantede tern<\/strong>&nbsp;(9,6\u00d79,6\u00d79,2 cm til 20x20x19,8 cm) - stiv struktur holder formen selv med tunge ting.<\/li>\n<\/ul>\n<\/li>\n\n\n\n<li><strong>Organisering af flere scenarier<\/strong>\n<ul class=\"wp-block-list\">\n<li><strong>K\u00f8kken\/k\u00f8leskab<\/strong>: Opbevar krydderier, teposer eller frosne gr\u00f8ntsager.<\/li>\n\n\n\n<li><strong>Badev\u00e6relse<\/strong>: Organiser toiletsager, makeup eller vatrondeller.<\/li>\n\n\n\n<li><strong>Kontor\/hjem<\/strong>: Sorter papirvarer, b\u00f8ger eller sm\u00e5 potteplanter.<\/li>\n\n\n\n<li><strong>Garderobe<\/strong>: Corral-sokker, tilbeh\u00f8r eller s\u00e6sonvarer.<\/li>\n<\/ul>\n<\/li>\n\n\n\n<li><strong>Milj\u00f8venlig og holdbar konstruktion<\/strong>\n<ul class=\"wp-block-list\">\n<li><strong>Bionedbrydeligt, vasket kraftpapir<\/strong>&nbsp;- \u00e6ldes naturligt og giver en rustik \u00e6stetik.<\/li>\n\n\n\n<li><strong>S\u00f8mme med dobbelt lag<\/strong>&nbsp;- rivefast til&nbsp;<strong>3+ \u00e5rs daglig brug<\/strong>.<\/li>\n<\/ul>\n<\/li>\n\n\n\n<li><strong>Subtil branding og B2B-v\u00e6rdi<\/strong>\n<ul class=\"wp-block-list\">\n<li><strong>Logotryk i \u00e9n farve<\/strong>&nbsp;- minimalistisk branding til hoteller, detailhandlere eller \u00f8kobutikker.<\/li>\n\n\n\n<li><strong>MOQ 500 stk.<\/strong>&nbsp;(blandede st\u00f8rrelser) - ideel til nystartede virksomheder eller hotelk\u00e6der.<\/li>\n\n\n\n<li><strong>20 dages produktion<\/strong>&nbsp;+&nbsp;<strong>DDP-forsendelse<\/strong>&nbsp;<\/li>\n<\/ul>\n<\/li>\n<\/ol>\n\n\n\n<hr class=\"wp-block-separator has-alpha-channel-opacity\"\/>\n\n\n\n<h4 class=\"wp-block-heading has-text-align-center\"><strong><a href=\"https:\/\/avecobaggie.com\/da\/custom-tyvek-bag-manufacturer\/\" data-type=\"page\" data-id=\"8777\"><\/a><strong><a href=\"https:\/\/avecobaggie.com\/da\/custom-tyvek-bag-manufacturer\/\" data-type=\"page\" data-id=\"8777\"><\/a><strong><strong><strong><a href=\"https:\/\/avecobaggie.com\/da\/custom-tyvek-bag-manufacturer\/\" data-type=\"page\" data-id=\"8777\"><\/a><strong><strong><strong><a href=\"https:\/\/avecobaggie.com\/da\/custom-washable-paper-bag-manufactuer\/\" data-type=\"page\" data-id=\"8845\"><strong><strong><strong>Fleksibilitet i tilpasningen<\/strong><\/strong><\/strong><\/a><\/strong><\/strong><\/strong><\/strong><\/strong><\/strong><\/strong><\/strong><\/h4>\n\n\n\n<ul class=\"wp-block-list\">\n<li><strong>Vandt\u00e6tte foringer<\/strong>&nbsp;eller&nbsp;<strong>ventilerede paneler<\/strong>&nbsp;for planter\u00f8dder.<\/li>\n\n\n\n<li><strong>Magnetiske lukninger<\/strong>&nbsp;eller&nbsp;<strong>H\u00e5ndtag af bomuldsreb<\/strong>&nbsp;for opgraderinger.<br><strong>Anmod om tilpassede pr\u00f8ver<\/strong>&nbsp;- test funktionalitet i virkelige scenarier!<\/li>\n<\/ul>\n\n\n\n<figure class=\"wp-block-image size-large is-resized\"><img fetchpriority=\"high\" width=\"1024\" height=\"752\" src=\"https:\/\/avecobaggie.com\/wp-content\/uploads\/2025\/03\/Handling-process-selection-3-1024x752.jpg\" alt=\"Tilbeh\u00f8r til tyvekpose\" class=\"wp-image-9131\" style=\"object-fit:cover;width:1140px;height:837px\" srcset=\"https:\/\/avecobaggie.com\/wp-content\/uploads\/2025\/03\/Handling-process-selection-3-1024x752.jpg 1024w, https:\/\/avecobaggie.com\/wp-content\/uploads\/2025\/03\/Handling-process-selection-3-300x220.jpg 300w, https:\/\/avecobaggie.com\/wp-content\/uploads\/2025\/03\/Handling-process-selection-3-768x564.jpg 768w, https:\/\/avecobaggie.com\/wp-content\/uploads\/2025\/03\/Handling-process-selection-3-600x441.jpg 600w, https:\/\/avecobaggie.com\/wp-content\/uploads\/2025\/03\/Handling-process-selection-3.jpg 1140w\" sizes=\"(max-width: 1024px) 100vw, 1024px\" \/><\/figure>\n\n\n\n<figure class=\"wp-block-image size-large is-resized\"><img width=\"929\" height=\"1024\" src=\"https:\/\/avecobaggie.com\/wp-content\/uploads\/2025\/03\/Handling-process-selection-4-929x1024.jpg\" alt=\"H\u00e5ndtagsmulighed til fremstilling af tyvekpose\" class=\"wp-image-9132\" style=\"object-fit:cover;width:1140px;height:1256px\" srcset=\"https:\/\/avecobaggie.com\/wp-content\/uploads\/2025\/03\/Handling-process-selection-4-929x1024.jpg 929w, https:\/\/avecobaggie.com\/wp-content\/uploads\/2025\/03\/Handling-process-selection-4-272x300.jpg 272w, https:\/\/avecobaggie.com\/wp-content\/uploads\/2025\/03\/Handling-process-selection-4-768x846.jpg 768w, https:\/\/avecobaggie.com\/wp-content\/uploads\/2025\/03\/Handling-process-selection-4-600x661.jpg 600w, https:\/\/avecobaggie.com\/wp-content\/uploads\/2025\/03\/Handling-process-selection-4.jpg 1140w\" sizes=\"(max-width: 929px) 100vw, 929px\" \/><\/figure>\n\n\n\n<figure class=\"wp-block-table\"><table><tbody><tr><td>Beskrivelse:<\/td><td><strong>Funktion<\/strong><\/td><\/tr><tr><td><strong>Milj\u00f8m\u00e6ssige fordele<\/strong><\/td><td>1.&nbsp;<strong>Genanvendelig<\/strong>: Kan vaskes og genbruges flere gange, hvilket reducerer engangsaffald.<br>2.&nbsp;<strong>Bionedbrydeligt materiale<\/strong>: Prim\u00e6rt papirbaseret, nedbrydes hurtigere end plast.<br>3.&nbsp;<strong>Reducerer plastikforurening<\/strong>: Erstatter traditionelle plastikposer og minimerer mikroplastforurening.<\/td><\/tr><tr><td><strong>Funktionelle egenskaber<\/strong><\/td><td>1.&nbsp;<strong>Vandt\u00e6t\/vandafvisende<\/strong>: Behandlede overflader modst\u00e5r skader under vask.<br>2.&nbsp;<strong>Let og holdbar<\/strong>: St\u00e6rkere end almindelige papirposer med h\u00f8jere b\u00e6reevne.<br>3.&nbsp;<strong>Let at reng\u00f8re<\/strong>: Kan vaskes i h\u00e5nden eller i maskinen (afh\u00e6ngigt af design) og t\u00f8rrer hurtigt.<\/td><\/tr><tr><td><strong>\u00d8konomiske fordele<\/strong><\/td><td>1.&nbsp;<strong>Lavere omkostninger p\u00e5 lang sigt<\/strong>: Omkostningseffektiv pr. brug sammenlignet med engangsprodukter.<br>2.&nbsp;<strong>Reduceret genk\u00f8b<\/strong>: Genanvendelighed s\u00e6nker de tilbagevendende udgifter for virksomheder\/forbrugere.<\/td><\/tr><tr><td><strong>Praktiske anvendelser<\/strong><\/td><td>1.&nbsp;<strong>Alsidig<\/strong>: Ideel til indk\u00f8b, opbevaring, rejser og meget mere.<br>2.&nbsp;<strong>B\u00e6rbar<\/strong>: Kompakt, n\u00e5r den er foldet sammen, let at b\u00e6re.<br>3.&nbsp;<strong>Kan tilpasses i h\u00f8j grad<\/strong>: Kan udskrives med design eller logoer til branding.<\/td><\/tr><tr><td><strong>Forbrugernes appel<\/strong><\/td><td>1.&nbsp;<strong>Stilfuldt design<\/strong>: Kombinerer papirstruktur med moderne \u00e6stetik og er i tr\u00e5d med milj\u00f8venlige tendenser.<br>2.&nbsp;<strong>Sundhedssikker<\/strong>: Kemikaliefri bel\u00e6gninger (i nogle produkter), sikrere ved f\u00f8devarekontakt.<\/td><\/tr><tr><td><strong>Overholdelse af politikker<\/strong><\/td><td>1.&nbsp;<strong>Opfylder regler om forbud mod plastik<\/strong>: Overholder globale forbud mod engangsplastik.<br>2.&nbsp;<strong>Milj\u00f8certificeringer<\/strong>: Kan kvalificere sig til b\u00e6redygtighedsm\u00e6rker, hvilket \u00f8ger ESG-scoren.<\/td><\/tr><\/tbody><\/table><\/figure>\n\n\n\n<p><\/p>","protected":false},"excerpt":{"rendered":"<p>Milj\u00f8venlig | 4 st\u00f8rrelser | foldbart design | biologisk nedbrydelig<\/p>","protected":false},"featured_media":9476,"comment_status":"closed","ping_status":"closed","template":"","meta":{"_seopress_robots_primary_cat":"none","_seopress_titles_title":"Wholesale Washed Kraft Storage Organizers | 4 Sizes","_seopress_titles_desc":"Washed kraft storage cubes \u2013 4 collapsible sizes, multi-use organizers, qucik shipment and wholesale price","_seopress_robots_index":""},"product_brand":[185],"product_cat":[190,109],"product_tag":[191],"class_list":{"0":"post-9475","1":"product","2":"type-product","3":"status-publish","4":"has-post-thumbnail","6":"product_brand-avecobaggie","7":"product_cat-washable-craft-paper-bag","8":"product_cat-everyday","9":"product_tag-washable-craft-paper-bag","11":"first","12":"instock","13":"taxable","14":"shipping-taxable","15":"product-type-simple"},"_links":{"self":[{"href":"https:\/\/avecobaggie.com\/da\/wp-json\/wp\/v2\/product\/9475","targetHints":{"allow":["GET"]}}],"collection":[{"href":"https:\/\/avecobaggie.com\/da\/wp-json\/wp\/v2\/product"}],"about":[{"href":"https:\/\/avecobaggie.com\/da\/wp-json\/wp\/v2\/types\/product"}],"replies":[{"embeddable":true,"href":"https:\/\/avecobaggie.com\/da\/wp-json\/wp\/v2\/comments?post=9475"}],"wp:featuredmedia":[{"embeddable":true,"href":"https:\/\/avecobaggie.com\/da\/wp-json\/wp\/v2\/media\/9476"}],"wp:attachment":[{"href":"https:\/\/avecobaggie.com\/da\/wp-json\/wp\/v2\/media?parent=9475"}],"wp:term":[{"taxonomy":"product_brand","embeddable":true,"href":"https:\/\/avecobaggie.com\/da\/wp-json\/wp\/v2\/product_brand?post=9475"},{"taxonomy":"product_cat","embeddable":true,"href":"https:\/\/avecobaggie.com\/da\/wp-json\/wp\/v2\/product_cat?post=9475"},{"taxonomy":"product_tag","embeddable":true,"href":"https:\/\/avecobaggie.com\/da\/wp-json\/wp\/v2\/product_tag?post=9475"}],"curies":[{"name":"wp","href":"https:\/\/api.w.org\/{rel}","templated":true}]}}