{"id":9538,"date":"2025-04-07T17:46:44","date_gmt":"2025-04-07T09:46:44","guid":{"rendered":"https:\/\/avecobaggie.com\/?post_type=product&#038;p=9538"},"modified":"2025-04-08T14:36:50","modified_gmt":"2025-04-08T06:36:50","slug":"vintage-washable-kraft-backpack-two-sizes-reinforced-lining-bulk-orders","status":"publish","type":"product","link":"https:\/\/avecobaggie.com\/da\/product\/vintage-washable-kraft-backpack-two-sizes-reinforced-lining-bulk-orders\/","title":{"rendered":"Vintage vaskbar kraft-rygs\u00e6k | to st\u00f8rrelser | forst\u00e6rket foring | massebestillinger"},"content":{"rendered":"<h2 class=\"wp-block-heading has-text-align-center\">Produktfunktioner <\/h2>\n\n\n\n<p><strong>Carbon-Neutral Durability<\/strong><br> &nbsp;<strong>Outer shell<\/strong>:&nbsp;<strong>Vaskbart kraftpapir<\/strong>&nbsp;\u2013 Develops unique patina with use, 3x stronger than standard paper.<br> &nbsp;<strong>Inner structure<\/strong>:&nbsp;<strong>8oz canvas lining<\/strong>&nbsp;\u2013 Tear-resistant fabric base with anti-sag stitching.<\/p>\n\n\n\n<p><strong>Functional Urban Design<\/strong><br> &nbsp;<strong>Padded compartment<\/strong>&nbsp;\u2013 Sponge-embedded canvas layer protects laptops\/tablets (fits 15&#8221; devices).<br> &nbsp;<strong>Dual carry options<\/strong>&nbsp;\u2013 Top kraft handles + adjustable canvas shoulder straps (1.5-2m).<br> &nbsp;<strong>Metal-reinforced zippers<\/strong>&nbsp;\u2013 Resin teeth glide smoothly, rust-proof pullers for rainy climates.<\/p>\n\n\n\n<p><strong>Multi-Scenario Versatility<\/strong><br> &nbsp;<strong>City Commute<\/strong>: Mini size fits gym gear + lunch box (22x25x10cm).<br> &nbsp;<strong>Campus Life<\/strong>: Standard size carries textbooks + 14&#8221; laptop (31x35x12cm).<br> &nbsp;<strong>Weekend Travel<\/strong>: Water-resistant exterior handles light rain\/humidity.<\/p>\n\n\n\n<p><strong>B2B Bulk Benefits<\/strong><br> \u00a0<strong>MOQ 500 stk.<\/strong>\u00a0\u2013 Mix sizes\/colors (Natural Kraft &amp; Cement Grey).<br> \u00a0<strong>25-day production<\/strong>\u00a0+\u00a0<strong>FOB\/DDP options<\/strong>\u00a0\u2013 Save 20% on EU\/US shipping routes.<br> \u00a0<strong>Custom branding<\/strong>\u00a0\u2013 Deboss logos on kraft surface or print on canvas lining.<\/p>\n\n\n\n<hr class=\"wp-block-separator has-alpha-channel-opacity\"\/>\n\n\n\n<h4 class=\"wp-block-heading has-text-align-center\"><strong><a href=\"https:\/\/avecobaggie.com\/da\/custom-tyvek-bag-manufacturer\/\" data-type=\"page\" data-id=\"8777\"><\/a><strong><a href=\"https:\/\/avecobaggie.com\/da\/custom-tyvek-bag-manufacturer\/\" data-type=\"page\" data-id=\"8777\"><\/a><strong><strong><strong><a href=\"https:\/\/avecobaggie.com\/da\/custom-tyvek-bag-manufacturer\/\" data-type=\"page\" data-id=\"8777\"><\/a><strong><strong><strong><a href=\"https:\/\/avecobaggie.com\/da\/custom-washable-paper-bag-manufactuer\/\" data-type=\"page\" data-id=\"8845\"><strong><strong><strong>Fleksibilitet i tilpasningen<\/strong><\/strong><\/strong><\/a><\/strong><\/strong><\/strong><\/strong><\/strong><\/strong><\/strong><\/strong><\/h4>\n\n\n\n<p><br>\u2022 Replace straps with recycled PET webbing<br>\u2022 Include matching kraft pencil cases (MOQ+500)<\/p>\n\n\n\n<figure class=\"wp-block-image size-large is-resized\"><img fetchpriority=\"high\" width=\"1024\" height=\"752\" src=\"https:\/\/avecobaggie.com\/wp-content\/uploads\/2025\/03\/Handling-process-selection-3-1024x752.jpg\" alt=\"Tilbeh\u00f8r til tyvekpose\" class=\"wp-image-9131\" style=\"object-fit:cover;width:1140px;height:837px\" srcset=\"https:\/\/avecobaggie.com\/wp-content\/uploads\/2025\/03\/Handling-process-selection-3-1024x752.jpg 1024w, https:\/\/avecobaggie.com\/wp-content\/uploads\/2025\/03\/Handling-process-selection-3-300x220.jpg 300w, https:\/\/avecobaggie.com\/wp-content\/uploads\/2025\/03\/Handling-process-selection-3-768x564.jpg 768w, https:\/\/avecobaggie.com\/wp-content\/uploads\/2025\/03\/Handling-process-selection-3-600x441.jpg 600w, https:\/\/avecobaggie.com\/wp-content\/uploads\/2025\/03\/Handling-process-selection-3.jpg 1140w\" sizes=\"(max-width: 1024px) 100vw, 1024px\" \/><\/figure>\n\n\n\n<figure class=\"wp-block-image size-large is-resized\"><img width=\"929\" height=\"1024\" src=\"https:\/\/avecobaggie.com\/wp-content\/uploads\/2025\/03\/Handling-process-selection-4-929x1024.jpg\" alt=\"H\u00e5ndtagsmulighed til fremstilling af tyvekpose\" class=\"wp-image-9132\" style=\"object-fit:cover;width:1140px;height:1256px\" srcset=\"https:\/\/avecobaggie.com\/wp-content\/uploads\/2025\/03\/Handling-process-selection-4-929x1024.jpg 929w, https:\/\/avecobaggie.com\/wp-content\/uploads\/2025\/03\/Handling-process-selection-4-272x300.jpg 272w, https:\/\/avecobaggie.com\/wp-content\/uploads\/2025\/03\/Handling-process-selection-4-768x846.jpg 768w, https:\/\/avecobaggie.com\/wp-content\/uploads\/2025\/03\/Handling-process-selection-4-600x661.jpg 600w, https:\/\/avecobaggie.com\/wp-content\/uploads\/2025\/03\/Handling-process-selection-4.jpg 1140w\" sizes=\"(max-width: 929px) 100vw, 929px\" \/><\/figure>\n\n\n\n<figure class=\"wp-block-table\"><table><tbody><tr><td>Beskrivelse:<\/td><td><strong>Funktion<\/strong><\/td><\/tr><tr><td><strong>Milj\u00f8m\u00e6ssige fordele<\/strong><\/td><td>1.&nbsp;<strong>Genanvendelig<\/strong>: Kan vaskes og genbruges flere gange, hvilket reducerer engangsaffald.<br>2.&nbsp;<strong>Bionedbrydeligt materiale<\/strong>: Prim\u00e6rt papirbaseret, nedbrydes hurtigere end plast.<br>3.&nbsp;<strong>Reducerer plastikforurening<\/strong>: Erstatter traditionelle plastikposer og minimerer mikroplastforurening.<\/td><\/tr><tr><td><strong>Funktionelle egenskaber<\/strong><\/td><td>1.&nbsp;<strong>Vandt\u00e6t\/vandafvisende<\/strong>: Behandlede overflader modst\u00e5r skader under vask.<br>2.&nbsp;<strong>Let og holdbar<\/strong>: St\u00e6rkere end almindelige papirposer med h\u00f8jere b\u00e6reevne.<br>3.&nbsp;<strong>Let at reng\u00f8re<\/strong>: Kan vaskes i h\u00e5nden eller i maskinen (afh\u00e6ngigt af design) og t\u00f8rrer hurtigt.<\/td><\/tr><tr><td><strong>\u00d8konomiske fordele<\/strong><\/td><td>1.&nbsp;<strong>Lavere omkostninger p\u00e5 lang sigt<\/strong>: Omkostningseffektiv pr. brug sammenlignet med engangsprodukter.<br>2.&nbsp;<strong>Reduceret genk\u00f8b<\/strong>: Genanvendelighed s\u00e6nker de tilbagevendende udgifter for virksomheder\/forbrugere.<\/td><\/tr><tr><td><strong>Praktiske anvendelser<\/strong><\/td><td>1.&nbsp;<strong>Alsidig<\/strong>: Ideel til indk\u00f8b, opbevaring, rejser og meget mere.<br>2.&nbsp;<strong>B\u00e6rbar<\/strong>: Kompakt, n\u00e5r den er foldet sammen, let at b\u00e6re.<br>3.&nbsp;<strong>Kan tilpasses i h\u00f8j grad<\/strong>: Kan udskrives med design eller logoer til branding.<\/td><\/tr><tr><td><strong>Forbrugernes appel<\/strong><\/td><td>1.&nbsp;<strong>Stilfuldt design<\/strong>: Kombinerer papirstruktur med moderne \u00e6stetik og er i tr\u00e5d med milj\u00f8venlige tendenser.<br>2.&nbsp;<strong>Sundhedssikker<\/strong>: Kemikaliefri bel\u00e6gninger (i nogle produkter), sikrere ved f\u00f8devarekontakt.<\/td><\/tr><tr><td><strong>Overholdelse af politikker<\/strong><\/td><td>1.&nbsp;<strong>Opfylder regler om forbud mod plastik<\/strong>: Overholder globale forbud mod engangsplastik.<br>2.&nbsp;<strong>Milj\u00f8certificeringer<\/strong>: Kan kvalificere sig til b\u00e6redygtighedsm\u00e6rker, hvilket \u00f8ger ESG-scoren.<\/td><\/tr><\/tbody><\/table><\/figure>","protected":false},"excerpt":{"rendered":"<p>8oz Canvas Lining | Resin Zipper | School &amp; Office<\/p>","protected":false},"featured_media":9540,"comment_status":"open","ping_status":"closed","template":"","meta":{"_seopress_robots_primary_cat":"none","_seopress_titles_title":"Unisex Washable Kraft Backpacks | Two Sizes | Eco Urban Commute","_seopress_titles_desc":"Vintage-style kraft backpacks: 31x35x12cm & 22x25x10cm. Water-resistant exterior + padded canvas compartments. MOQ 500 for corporate\/retail branding.","_seopress_robots_index":""},"product_brand":[185],"product_cat":[190,98,108],"product_tag":[191],"class_list":{"0":"post-9538","1":"product","2":"type-product","3":"status-publish","4":"has-post-thumbnail","6":"product_brand-avecobaggie","7":"product_cat-washable-craft-paper-bag","8":"product_cat-backpack-bag","9":"product_cat-work-school","10":"product_tag-washable-craft-paper-bag","12":"first","13":"instock","14":"taxable","15":"shipping-taxable","16":"product-type-simple"},"_links":{"self":[{"href":"https:\/\/avecobaggie.com\/da\/wp-json\/wp\/v2\/product\/9538","targetHints":{"allow":["GET"]}}],"collection":[{"href":"https:\/\/avecobaggie.com\/da\/wp-json\/wp\/v2\/product"}],"about":[{"href":"https:\/\/avecobaggie.com\/da\/wp-json\/wp\/v2\/types\/product"}],"replies":[{"embeddable":true,"href":"https:\/\/avecobaggie.com\/da\/wp-json\/wp\/v2\/comments?post=9538"}],"wp:featuredmedia":[{"embeddable":true,"href":"https:\/\/avecobaggie.com\/da\/wp-json\/wp\/v2\/media\/9540"}],"wp:attachment":[{"href":"https:\/\/avecobaggie.com\/da\/wp-json\/wp\/v2\/media?parent=9538"}],"wp:term":[{"taxonomy":"product_brand","embeddable":true,"href":"https:\/\/avecobaggie.com\/da\/wp-json\/wp\/v2\/product_brand?post=9538"},{"taxonomy":"product_cat","embeddable":true,"href":"https:\/\/avecobaggie.com\/da\/wp-json\/wp\/v2\/product_cat?post=9538"},{"taxonomy":"product_tag","embeddable":true,"href":"https:\/\/avecobaggie.com\/da\/wp-json\/wp\/v2\/product_tag?post=9538"}],"curies":[{"name":"wp","href":"https:\/\/api.w.org\/{rel}","templated":true}]}}