{"id":9594,"date":"2025-04-09T14:29:35","date_gmt":"2025-04-09T06:29:35","guid":{"rendered":"https:\/\/avecobaggie.com\/?post_type=product&#038;p=9594"},"modified":"2025-04-21T17:27:44","modified_gmt":"2025-04-21T09:27:44","slug":"stitched-custom-non-woven-tote-bag","status":"publish","type":"product","link":"https:\/\/avecobaggie.com\/da\/product\/stitched-custom-non-woven-tote-bag\/","title":{"rendered":"Stitched Custom Non-Woven Tote Bag"},"content":{"rendered":"<h2 class=\"wp-block-heading has-text-align-center\">Produktfunktioner<\/h2>\n\n\n\n<p><strong>Holdbarhed i industrikvalitet<\/strong><br> &nbsp;<strong>Maskinsyede s\u00f8mme<\/strong>&nbsp;- 2x st\u00e6rkere end varmeforseglede kanter, t\u00e5ler 15 kg dynamisk v\u00e6gt.<br> &nbsp;<strong>Forst\u00e6rkede kiler<\/strong>&nbsp;- Forhindrer rivning, n\u00e5r man b\u00e6rer tunge ting (b\u00f8ger\/t\u00f8jbundter).<\/p>\n\n\n\n<p><strong>Kontrol af tilpasning<\/strong><br> &nbsp;<strong>360\u00b0 branding-l\u00e6rred<\/strong>\uff1a<br>- Digitalprint i fuld farve (CMYK\/Pantone)<br>- Metallisk folie\/stempel-logo p\u00e5 h\u00e5ndtagene<br>- Brugerdefinerede tr\u00e5dfarver til kontrast i syningen<br> &nbsp;<strong>Funktionelle opgraderinger<\/strong>\uff1a<br>- Valg af stoftykkelse 80-150gsm<br>- Lynl\u00e5s\/Velcro\/roll-down-lukning i toppen<br>- Ekstra D-ringe til skulderstropper<\/p>\n\n\n\n<p><br> \u00a0<br> \u00a0<strong>Mode detailhandel<\/strong>\uff1a<br>120gsm premiumposer med satinforing - l\u00f8ft luksusemballagen.<br> \u00a0<strong>Supermarkedsk\u00e6der<\/strong>\uff1a<br>Tilf\u00f8j\u00a0<strong>H\u00e5ndtag i dobbelt lag<\/strong>\u00a0til 20 kg+ storindk\u00f8b (\u00e6ldrevenlig).<\/p>\n\n\n\n<p><strong>Hvorfor globale k\u00f8bere stoler p\u00e5 os<\/strong><br> \u00a0<strong>MOQ 2000 stk.<\/strong>\u00a0- Kombiner 3 farver i \u00e9n ordre for at reducere risikoen.<br> \u00a0<strong>20 dages ekspeditionstid<\/strong>\u00a0- Fra underskrevet korrektur til havneklar forsendelse.<br> \u00a0<strong>Forudbetalt told<\/strong>\u00a0- DDP-vilk\u00e5r d\u00e6kker EU-moms\/USA-toldberegninger.<\/p>\n\n\n\n<hr class=\"wp-block-separator has-alpha-channel-opacity\"\/>\n\n\n\n<h4 class=\"wp-block-heading has-text-align-center\"><strong><strong><strong><strong><strong><strong><strong><strong><a href=\"https:\/\/avecobaggie.com\/da\/custom-washable-paper-bag-manufactuer\/\" data-type=\"page\" data-id=\"8845\"><strong><strong><strong>Tilpasning <\/strong><\/strong><\/strong><\/a><strong><strong><strong><a href=\"https:\/\/avecobaggie.com\/da\/customize-non-woven-bag-manufacturer\/\" data-type=\"page\" data-id=\"8967\">Fleksibilitet<\/a><\/strong><\/strong><\/strong><\/strong><\/strong><\/strong><\/strong><\/strong><\/strong><\/strong><\/strong><\/h4>\n\n\n\n<p>- Anti-mikrobiel bel\u00e6gning (hospitaler\/klinikker)<br>- Bionedbrydelig PLA-bel\u00e6gning (\u00f8ko-detailhandlere)<\/p>\n\n\n\n<figure class=\"wp-block-image size-full is-resized\"><img fetchpriority=\"high\" width=\"1530\" height=\"725\" src=\"https:\/\/avecobaggie.com\/wp-content\/uploads\/2025\/04\/Accessories-for-Non-woven-bag.jpg\" alt=\"Tilbeh\u00f8r til ikke-v\u00e6vede tasker\" class=\"wp-image-9551\" style=\"width:1180px\" srcset=\"https:\/\/avecobaggie.com\/wp-content\/uploads\/2025\/04\/Accessories-for-Non-woven-bag.jpg 1530w, https:\/\/avecobaggie.com\/wp-content\/uploads\/2025\/04\/Accessories-for-Non-woven-bag-300x142.jpg 300w, https:\/\/avecobaggie.com\/wp-content\/uploads\/2025\/04\/Accessories-for-Non-woven-bag-1024x485.jpg 1024w, https:\/\/avecobaggie.com\/wp-content\/uploads\/2025\/04\/Accessories-for-Non-woven-bag-768x364.jpg 768w, https:\/\/avecobaggie.com\/wp-content\/uploads\/2025\/04\/Accessories-for-Non-woven-bag-600x284.jpg 600w\" sizes=\"(max-width: 1530px) 100vw, 1530px\" \/><\/figure>\n\n\n\n<figure class=\"wp-block-image size-full is-resized\"><img width=\"790\" height=\"871\" src=\"https:\/\/avecobaggie.com\/wp-content\/uploads\/2025\/04\/Accessories-for-Non-woven-bag-2.jpg\" alt=\"Tilbeh\u00f8r til ikke-v\u00e6vede tasker\" class=\"wp-image-9552\" style=\"width:1180px\" srcset=\"https:\/\/avecobaggie.com\/wp-content\/uploads\/2025\/04\/Accessories-for-Non-woven-bag-2.jpg 790w, https:\/\/avecobaggie.com\/wp-content\/uploads\/2025\/04\/Accessories-for-Non-woven-bag-2-272x300.jpg 272w, https:\/\/avecobaggie.com\/wp-content\/uploads\/2025\/04\/Accessories-for-Non-woven-bag-2-768x847.jpg 768w, https:\/\/avecobaggie.com\/wp-content\/uploads\/2025\/04\/Accessories-for-Non-woven-bag-2-600x662.jpg 600w\" sizes=\"(max-width: 790px) 100vw, 790px\" \/><\/figure>\n\n\n\n<p><\/p>","protected":false},"excerpt":{"rendered":"<p>\u00a015 kg belastning | syede s\u00f8mme | reklame\/detailhandel<\/p>","protected":false},"featured_media":9595,"comment_status":"open","ping_status":"closed","template":"","meta":{"_seopress_robots_primary_cat":"none","_seopress_titles_title":"Stitched Non woven Tote Bags | Bulk Custom","_seopress_titles_desc":"Reinforced 40x32x10cm non-woven tote bags with stitched seams. 15kg load, fully customizable colors\/prints. MOQ 2000 for retail\/promo use.","_seopress_robots_index":""},"product_brand":[185],"product_cat":[29,105],"product_tag":[139],"class_list":{"0":"post-9594","1":"product","2":"type-product","3":"status-publish","4":"has-post-thumbnail","6":"product_brand-avecobaggie","7":"product_cat-tote-bag","8":"product_cat-non-woven-bag","9":"product_tag-non-woven-bag","11":"first","12":"instock","13":"taxable","14":"shipping-taxable","15":"product-type-simple"},"_links":{"self":[{"href":"https:\/\/avecobaggie.com\/da\/wp-json\/wp\/v2\/product\/9594","targetHints":{"allow":["GET"]}}],"collection":[{"href":"https:\/\/avecobaggie.com\/da\/wp-json\/wp\/v2\/product"}],"about":[{"href":"https:\/\/avecobaggie.com\/da\/wp-json\/wp\/v2\/types\/product"}],"replies":[{"embeddable":true,"href":"https:\/\/avecobaggie.com\/da\/wp-json\/wp\/v2\/comments?post=9594"}],"wp:featuredmedia":[{"embeddable":true,"href":"https:\/\/avecobaggie.com\/da\/wp-json\/wp\/v2\/media\/9595"}],"wp:attachment":[{"href":"https:\/\/avecobaggie.com\/da\/wp-json\/wp\/v2\/media?parent=9594"}],"wp:term":[{"taxonomy":"product_brand","embeddable":true,"href":"https:\/\/avecobaggie.com\/da\/wp-json\/wp\/v2\/product_brand?post=9594"},{"taxonomy":"product_cat","embeddable":true,"href":"https:\/\/avecobaggie.com\/da\/wp-json\/wp\/v2\/product_cat?post=9594"},{"taxonomy":"product_tag","embeddable":true,"href":"https:\/\/avecobaggie.com\/da\/wp-json\/wp\/v2\/product_tag?post=9594"}],"curies":[{"name":"wp","href":"https:\/\/api.w.org\/{rel}","templated":true}]}}