{"id":9841,"date":"2025-04-18T15:55:15","date_gmt":"2025-04-18T07:55:15","guid":{"rendered":"https:\/\/avecobaggie.com\/?post_type=product&#038;p=9841"},"modified":"2025-05-09T16:50:01","modified_gmt":"2025-05-09T08:50:01","slug":"earthwise-polyester-reusable-mesh-produce-bags-wholesale","status":"publish","type":"product","link":"https:\/\/avecobaggie.com\/da\/product\/earthwise-polyester-reusable-mesh-produce-bags-wholesale\/","title":{"rendered":"Earthwise polyester genanvendelige netposer til frugt og gr\u00f8nt engros"},"content":{"rendered":"<h2 class=\"wp-block-heading has-text-align-center\">Produktfunktioner<\/h2>\n\n\n\n<p><strong>B\u00e6redygtigt og funktionelt materiale<\/strong><\/p>\n\n\n\n<ul class=\"wp-block-list\">\n<li><strong>Polyesternet<\/strong>:Genanvendelig og \u00e5ndbar .<\/li>\n\n\n\n<li><strong>Forst\u00e6rkede s\u00f8mme<\/strong>: Dobbeltsyede kanaler forhindrer flosseri, testet til 100+ vaskecyklusser.<\/li>\n<\/ul>\n\n\n\n<p><strong>Matrix for pr\u00e6cisionsst\u00f8rrelse<\/strong><\/p>\n\n\n\n<figure class=\"wp-block-table\"><table class=\"has-fixed-layout\"><thead><tr><th><strong>St\u00f8rrelse<\/strong><\/th><th><strong>Kapacitet<\/strong><\/th><th><strong>Ideel til<\/strong><\/th><\/tr><\/thead><tbody><tr><td>Lille (30x20cm)<\/td><td>5 kg<\/td><td>B\u00e6r, urter, gr\u00f8nt i l\u00f8s v\u00e6gt<\/td><\/tr><tr><td>Medium (30x35cm)<\/td><td>6,5 kg<\/td><td>\u00c6bler, citrusfrugter, rodfrugter<\/td><\/tr><tr><td>Stor (30x43cm)<\/td><td>8 kg<\/td><td>Bladgr\u00f8nt, meloner, bulkprodukter<\/td><\/tr><\/tbody><\/table><\/figure>\n\n\n\n<p><strong>Tekniske fordele<\/strong><\/p>\n\n\n\n<ul class=\"wp-block-list\">\n<li><strong>\u00c5ndbart design<\/strong>: 3 mm net\u00e5bninger reducerer kondens og forl\u00e6nger produkternes friskhed med 30%.<\/li>\n\n\n\n<li><strong>Hurtigt\u00f8rrende stof<\/strong>: Materiale, der kan maskinvaskes, t\u00f8rrer 2 gange hurtigere end alternativer i bomuld.<\/li>\n\n\n\n<li><strong>Skridsikker tr\u00e6ksnor<\/strong>: Flettet polyestersnor med l\u00e5seknap for sikker lukning.<\/li>\n<\/ul>\n\n\n\n<p><strong>B2B-tilpasning<\/strong><\/p>\n\n\n\n<ul class=\"wp-block-list\">\n<li><strong>MOQ 2000 enheder<\/strong>: Bland st\u00f8rrelser\/tryk <\/li>\n\n\n\n<li><strong>Brugerdefineret branding<\/strong>: Serigrafisk trykte logoer\/tekst og tarav\u00e6gtsetiket .<\/li>\n\n\n\n<li><strong>Hurtig pr\u00f8veudtagning<\/strong>: masseproduktion p\u00e5 20-30 dage.<\/li>\n<\/ul>\n\n\n\n<hr class=\"wp-block-separator has-alpha-channel-opacity\"\/>\n\n\n\n<h3 class=\"wp-block-heading has-text-align-center\"><strong><strong><strong><strong><strong><strong><strong><strong><a href=\"https:\/\/avecobaggie.com\/da\/custom-washable-paper-bag-manufactuer\/\" data-type=\"page\" data-id=\"8845\"><strong><strong><strong>Tilpasning <\/strong><\/strong><\/strong><\/a><strong><strong><strong><a href=\"https:\/\/avecobaggie.com\/da\/customize-rpet-bag-manufacturer\/\" data-type=\"link\" data-id=\"https:\/\/avecobaggie.com\/customize-rpet-bag-manufacturer\/\">Fleksibilitet<\/a><\/strong><\/strong><\/strong><\/strong><\/strong><\/strong><\/strong><\/strong><\/strong><\/strong><\/strong><\/h3>\n\n\n\n<ul class=\"wp-block-list\">\n<li><strong>B\u00e6rbar opbevaring<\/strong>: Fladpakket design sparer 60% forsendelsesplads i forhold til stive containere.<\/li>\n\n\n\n<li><strong>Klar til at overholde reglerne<\/strong>: FDA-kompatibel med f\u00f8devarekontakt med valgfri anti-skimmelbehandling.<\/li>\n<\/ul>\n\n\n\n<figure class=\"wp-block-image size-full is-resized\"><img fetchpriority=\"high\" width=\"1530\" height=\"725\" src=\"https:\/\/avecobaggie.com\/wp-content\/uploads\/2025\/04\/Accessories-for-Non-woven-bag.jpg\" alt=\"Tilbeh\u00f8r til ikke-v\u00e6vede tasker\" class=\"wp-image-9551\" style=\"width:1180px\" srcset=\"https:\/\/avecobaggie.com\/wp-content\/uploads\/2025\/04\/Accessories-for-Non-woven-bag.jpg 1530w, https:\/\/avecobaggie.com\/wp-content\/uploads\/2025\/04\/Accessories-for-Non-woven-bag-300x142.jpg 300w, https:\/\/avecobaggie.com\/wp-content\/uploads\/2025\/04\/Accessories-for-Non-woven-bag-1024x485.jpg 1024w, https:\/\/avecobaggie.com\/wp-content\/uploads\/2025\/04\/Accessories-for-Non-woven-bag-768x364.jpg 768w, https:\/\/avecobaggie.com\/wp-content\/uploads\/2025\/04\/Accessories-for-Non-woven-bag-600x284.jpg 600w\" sizes=\"(max-width: 1530px) 100vw, 1530px\" \/><\/figure>\n\n\n\n<figure class=\"wp-block-image size-full is-resized\"><img width=\"790\" height=\"871\" src=\"https:\/\/avecobaggie.com\/wp-content\/uploads\/2025\/04\/Accessories-for-Non-woven-bag-2.jpg\" alt=\"Tilbeh\u00f8r til ikke-v\u00e6vede tasker\" class=\"wp-image-9552\" style=\"width:1180px\" srcset=\"https:\/\/avecobaggie.com\/wp-content\/uploads\/2025\/04\/Accessories-for-Non-woven-bag-2.jpg 790w, https:\/\/avecobaggie.com\/wp-content\/uploads\/2025\/04\/Accessories-for-Non-woven-bag-2-272x300.jpg 272w, https:\/\/avecobaggie.com\/wp-content\/uploads\/2025\/04\/Accessories-for-Non-woven-bag-2-768x847.jpg 768w, https:\/\/avecobaggie.com\/wp-content\/uploads\/2025\/04\/Accessories-for-Non-woven-bag-2-600x662.jpg 600w\" sizes=\"(max-width: 790px) 100vw, 790px\" \/><\/figure>\n\n\n\n<p><\/p>","protected":false},"excerpt":{"rendered":"<p>Flere st\u00f8rrelser | 5-8 kg kapacitet | vaskbar og genanvendelig<\/p>","protected":false},"featured_media":9842,"comment_status":"open","ping_status":"closed","template":"","meta":{"_seopress_robots_primary_cat":"none","_seopress_titles_title":"Earthwise Polyester Reusable Mesh Produce Bags Wholesale","_seopress_titles_desc":"Polyester mesh drawstring bags in 3 sizes (30x20-43cm). Breathable, washable, and customizable. MOQ 2000 for grocers, markets & eco brands.","_seopress_robots_index":""},"product_brand":[185],"product_cat":[92],"product_tag":[139],"class_list":{"0":"post-9841","1":"product","2":"type-product","3":"status-publish","4":"has-post-thumbnail","6":"product_brand-avecobaggie","7":"product_cat-drawstring-bag","8":"product_tag-non-woven-bag","10":"first","11":"instock","12":"taxable","13":"shipping-taxable","14":"product-type-simple"},"_links":{"self":[{"href":"https:\/\/avecobaggie.com\/da\/wp-json\/wp\/v2\/product\/9841","targetHints":{"allow":["GET"]}}],"collection":[{"href":"https:\/\/avecobaggie.com\/da\/wp-json\/wp\/v2\/product"}],"about":[{"href":"https:\/\/avecobaggie.com\/da\/wp-json\/wp\/v2\/types\/product"}],"replies":[{"embeddable":true,"href":"https:\/\/avecobaggie.com\/da\/wp-json\/wp\/v2\/comments?post=9841"}],"wp:featuredmedia":[{"embeddable":true,"href":"https:\/\/avecobaggie.com\/da\/wp-json\/wp\/v2\/media\/9842"}],"wp:attachment":[{"href":"https:\/\/avecobaggie.com\/da\/wp-json\/wp\/v2\/media?parent=9841"}],"wp:term":[{"taxonomy":"product_brand","embeddable":true,"href":"https:\/\/avecobaggie.com\/da\/wp-json\/wp\/v2\/product_brand?post=9841"},{"taxonomy":"product_cat","embeddable":true,"href":"https:\/\/avecobaggie.com\/da\/wp-json\/wp\/v2\/product_cat?post=9841"},{"taxonomy":"product_tag","embeddable":true,"href":"https:\/\/avecobaggie.com\/da\/wp-json\/wp\/v2\/product_tag?post=9841"}],"curies":[{"name":"wp","href":"https:\/\/api.w.org\/{rel}","templated":true}]}}