{"id":998,"date":"2021-02-09T16:54:12","date_gmt":"2021-02-09T08:54:12","guid":{"rendered":"https:\/\/avecobaggie.com\/?post_type=product&#038;p=998"},"modified":"2021-03-30T11:21:34","modified_gmt":"2021-03-30T03:21:34","slug":"cheap-drawstring-backpack-bag","status":"publish","type":"product","link":"https:\/\/avecobaggie.com\/da\/product\/cheap-drawstring-backpack-bag\/","title":{"rendered":"Billig rygs\u00e6k med snor"},"content":{"rendered":"<p>Aveco leverer hovedsageligt skr\u00e6ddersyede \u00f8ko-poser med one-stop-shop-l\u00f8sningsservice. Vores tasker er holdbare, af h\u00f8j kvalitet og til en overkommelig pris til forskellige form\u00e5l. Alle de materialer, vi bruger, er milj\u00f8venlige, herunder bomuld, l\u00e6rred, linned, jute, filt osv. Og hvis du \u00f8nsker at lave tasker med dit private label-m\u00e6rke eller salgsfremmende begivenheder, kan vi opfylde dine bulkbehov med en ganske lav MOQ og hurtig levering.<\/p>\n<p>PRODUKTETS EGENSKABER<\/p>\n<ul>\n<li><strong>Taske-stil<\/strong>: Drawstring backpack Bag<\/li>\n<li><strong>Materialetype<\/strong>: Demin<\/li>\n<li><strong>Materiale V\u00e6gt<\/strong>: 220gram<\/li>\n<li><strong>Materiale Farve<\/strong>: dark blue<\/li>\n<li><strong>Taske st\u00f8rrelse<\/strong>: 42X35cm\uff08 list with popular size, we accept customized size bag \uff09<\/li>\n<li><strong>P\u00e5trykt omr\u00e5de<\/strong>: 1 farve | 2 farver | flere farver | Fuldt tryk, tryk p\u00e5 en side eller to sider<\/li>\n<li><strong>Lukning<\/strong>: L\u00f8beb\u00e5nd<\/li>\n<li><strong>Plejeinstruktioner<\/strong>: H\u00e5ndvask anbefales, maskinvask er ogs\u00e5 ok, h\u00e6ng til t\u00f8rre.<\/li>\n<\/ul>\n<p><span class=\"a-list-item\">\u00a0 \u00a0 \u00a0 \u00a0Multi-purpose Bag: Can be used for gym, sport, swimming, cycling, yoga, dance, travel, carry-on, luggage, camping, hiking, team work, training and more! A fabulous gift idea for everyone.<\/span><\/p>","protected":false},"excerpt":{"rendered":"<p>Eco friendly denim drawstring backpack is light weight, easy to carry outside and good for sports events such as marathon, with sponsor logo ,which can expand your brand\u3002<\/p>","protected":false},"featured_media":1014,"comment_status":"closed","ping_status":"closed","template":"","meta":{"_seopress_robots_primary_cat":"none","_seopress_titles_title":"","_seopress_titles_desc":"","_seopress_robots_index":""},"product_brand":[],"product_cat":[98,103,112,110],"product_tag":[129,128],"class_list":{"0":"post-998","1":"product","2":"type-product","3":"status-publish","4":"has-post-thumbnail","6":"product_cat-backpack-bag","7":"product_cat-other-fabric-bag","8":"product_cat-sports","9":"product_cat-travel","10":"product_tag-demin-bag","11":"product_tag-gym-sack","13":"first","14":"instock","15":"taxable","16":"shipping-taxable","17":"product-type-simple"},"_links":{"self":[{"href":"https:\/\/avecobaggie.com\/da\/wp-json\/wp\/v2\/product\/998","targetHints":{"allow":["GET"]}}],"collection":[{"href":"https:\/\/avecobaggie.com\/da\/wp-json\/wp\/v2\/product"}],"about":[{"href":"https:\/\/avecobaggie.com\/da\/wp-json\/wp\/v2\/types\/product"}],"replies":[{"embeddable":true,"href":"https:\/\/avecobaggie.com\/da\/wp-json\/wp\/v2\/comments?post=998"}],"wp:featuredmedia":[{"embeddable":true,"href":"https:\/\/avecobaggie.com\/da\/wp-json\/wp\/v2\/media\/1014"}],"wp:attachment":[{"href":"https:\/\/avecobaggie.com\/da\/wp-json\/wp\/v2\/media?parent=998"}],"wp:term":[{"taxonomy":"product_brand","embeddable":true,"href":"https:\/\/avecobaggie.com\/da\/wp-json\/wp\/v2\/product_brand?post=998"},{"taxonomy":"product_cat","embeddable":true,"href":"https:\/\/avecobaggie.com\/da\/wp-json\/wp\/v2\/product_cat?post=998"},{"taxonomy":"product_tag","embeddable":true,"href":"https:\/\/avecobaggie.com\/da\/wp-json\/wp\/v2\/product_tag?post=998"}],"curies":[{"name":"wp","href":"https:\/\/api.w.org\/{rel}","templated":true}]}}