{"id":10003,"date":"2025-04-27T14:40:44","date_gmt":"2025-04-27T06:40:44","guid":{"rendered":"https:\/\/avecobaggie.com\/?post_type=product&#038;p=10003"},"modified":"2025-10-13T13:34:37","modified_gmt":"2025-10-13T05:34:37","slug":"washable-kraft-paper-insulated-lunch-bag","status":"publish","type":"product","link":"https:\/\/avecobaggie.com\/de\/produkt\/washable-kraft-paper-insulated-lunch-bag\/","title":{"rendered":"Waschbare Kraftpapier-Isoliertasche f\u00fcr das Mittagessen"},"content":{"rendered":"<p>Unser <strong>Waschbare Kraftpapier-Isoliertasche f\u00fcr das Mittagessen<\/strong> bietet die perfekte L\u00f6sung, um Ihre Mahlzeiten frisch und warm zu halten. Hergestellt aus <strong>haltbares, umweltfreundliches, abwaschbares Kraftpapier<\/strong>ist diese Tasche mit einem <strong>Aluminium-D\u00e4mmschicht<\/strong> die eine hervorragende W\u00e4rmespeicherung bei gleichzeitiger Aufrechterhaltung eines <strong>auslaufsicher<\/strong> Struktur.<\/p>\n\n\n\n<ul class=\"wp-block-list\">\n<li><strong>Gr\u00f6\u00dfe:<\/strong> 150X150X150MM, 280X190X90MM, 280X240X200MM bieten reichlich Platz f\u00fcr gr\u00f6\u00dfere Mahlzeiten oder mehrere Essensbeh\u00e4lter.<\/li>\n\n\n\n<li><strong>Auslaufsicher und wasserfest:<\/strong> Sch\u00fctzt Ihre Lebensmittel vor Versch\u00fctten und sorgt daf\u00fcr, dass der Beutel sauber bleibt.<\/li>\n\n\n\n<li><strong>Lebensmittelecht:<\/strong> Kann direkt mit Lebensmitteln in Ber\u00fchrung kommen und ist somit sicher f\u00fcr den t\u00e4glichen Gebrauch.<\/li>\n\n\n\n<li><strong>Nachhaltiges Material:<\/strong> Umweltfreundliches Kraftpapier ist sowohl praktisch als auch umweltfreundlich.<\/li>\n\n\n\n<li><strong>Verschluss mit Rei\u00dfverschluss:<\/strong> Einfach zu verwenden, damit Ihre Lebensmittel sicher verpackt bleiben.<\/li>\n<\/ul>\n\n\n\n<p>Ideal f\u00fcr <strong>Unternehmen der Lebensmittelindustrie<\/strong> oder <strong>Unternehmen, die nach Lunchpaketen mit Markenaufdruck suchen<\/strong> F\u00fcr Werbezwecke ist diese Brotzeittasche sowohl funktional als auch stilvoll. Sie ist eine gute Wahl f\u00fcr Werbegeschenke, <strong>Mitarbeiter-Werbegeschenke<\/strong>oder Einzelhandelsprodukte, die sich an umweltbewusste Verbraucher richten.<\/p>\n\n\n\n<p>Wenn Sie Anpassungen wie verschiedene Gr\u00f6\u00dfen, Farben oder Druckoptionen f\u00fcr Logos ben\u00f6tigen, bieten wir <strong>ma\u00dfgeschneiderte L\u00f6sungen<\/strong>. Ob Sie eine <strong>Kleinserienbestellung<\/strong> oder eine <strong>vollst\u00e4ndige individuelle Gestaltung<\/strong>k\u00f6nnen wir Ihre Visionen mit unseren hochwertigen Fertigungsm\u00f6glichkeiten zum Leben erwecken.<\/p>\n\n\n\n<p>Auch wenn diese Lunchbag nicht ganz Ihren Bed\u00fcrfnissen entspricht, bieten wir <strong>kundenspezifische Designdienstleistungen<\/strong> f\u00fcr eine Vielzahl von umweltfreundlichen Taschen. Von Gr\u00f6\u00dfenanpassungen bis hin zu einzigartiger Materialauswahl und Logodruck - wir k\u00f6nnen eine <strong>individuelle L\u00f6sung<\/strong> f\u00fcr Ihre spezifischen Anforderungen. Lassen Sie sich von uns beraten und entdecken Sie die M\u00f6glichkeiten.<\/p>","protected":false},"excerpt":{"rendered":"<p>Waschbares Kraftpapier | Aluminium-Isolierung | Auslaufsicher | Gro\u00dfes Fassungsverm\u00f6gen | Rei\u00dfverschluss | Umweltfreundlich<\/p>","protected":false},"featured_media":10006,"comment_status":"open","ping_status":"closed","template":"","meta":{"_seopress_robots_primary_cat":"none","_seopress_titles_title":"Eco-Friendly Washable Kraft Paper Lunch Bag with Insulated Lining","_seopress_titles_desc":"Durable, eco-friendly lunch bag with washable kraft paper, aluminum insulation, and leak-proof design. Perfect for keeping food fresh!","_seopress_robots_index":""},"product_brand":[185],"product_cat":[113],"product_tag":[191],"class_list":{"0":"post-10003","1":"product","2":"type-product","3":"status-publish","4":"has-post-thumbnail","6":"product_brand-avecobaggie","7":"product_cat-bags-in-stock","8":"product_tag-washable-craft-paper-bag","10":"first","11":"instock","12":"taxable","13":"shipping-taxable","14":"product-type-simple"},"_links":{"self":[{"href":"https:\/\/avecobaggie.com\/de\/wp-json\/wp\/v2\/product\/10003","targetHints":{"allow":["GET"]}}],"collection":[{"href":"https:\/\/avecobaggie.com\/de\/wp-json\/wp\/v2\/product"}],"about":[{"href":"https:\/\/avecobaggie.com\/de\/wp-json\/wp\/v2\/types\/product"}],"replies":[{"embeddable":true,"href":"https:\/\/avecobaggie.com\/de\/wp-json\/wp\/v2\/comments?post=10003"}],"wp:featuredmedia":[{"embeddable":true,"href":"https:\/\/avecobaggie.com\/de\/wp-json\/wp\/v2\/media\/10006"}],"wp:attachment":[{"href":"https:\/\/avecobaggie.com\/de\/wp-json\/wp\/v2\/media?parent=10003"}],"wp:term":[{"taxonomy":"product_brand","embeddable":true,"href":"https:\/\/avecobaggie.com\/de\/wp-json\/wp\/v2\/product_brand?post=10003"},{"taxonomy":"product_cat","embeddable":true,"href":"https:\/\/avecobaggie.com\/de\/wp-json\/wp\/v2\/product_cat?post=10003"},{"taxonomy":"product_tag","embeddable":true,"href":"https:\/\/avecobaggie.com\/de\/wp-json\/wp\/v2\/product_tag?post=10003"}],"curies":[{"name":"wp","href":"https:\/\/api.w.org\/{rel}","templated":true}]}}