{"id":10160,"date":"2025-05-06T17:06:51","date_gmt":"2025-05-06T09:06:51","guid":{"rendered":"https:\/\/avecobaggie.com\/?post_type=product&#038;p=10160"},"modified":"2026-01-09T11:46:03","modified_gmt":"2026-01-09T03:46:03","slug":"japanese-cartoon-canvas-tote-bag-heavy-duty-custom","status":"publish","type":"product","link":"https:\/\/avecobaggie.com\/de\/produkt\/japanese-cartoon-canvas-tote-bag-heavy-duty-custom\/","title":{"rendered":"Cartoon Canvas Tote Bag | Heavy-Duty Custom"},"content":{"rendered":"<p><strong>Kawaii Culture Meets Utility<\/strong><br> \u00a0<strong>16oz Cotton Canvas<\/strong>\u00a0\u2013 Ultra-thick 12&#215;12 weave for 15kg+ loads (ideal for cosplay gear\/books).<\/p>\n\n\n\n<p><strong>Signature Design Elements<\/strong><br> &nbsp;<strong>Detachable Plush Charm<\/strong>&nbsp;\u2013 8cm mascot (30+ character options) with reinforced D-ring attachment.<br> &nbsp;<strong>Vibrant Printing<\/strong>&nbsp;\u2013 Full-wrap CMYK\/sublimation graphics with anti-crack coating for fold durability.<\/p>\n\n\n\n<p><strong>Functional Excellence<\/strong><br> &nbsp;<strong>Oversized Capacity<\/strong>&nbsp;\u2013 Fits A3 portfolios, gym shoes, or convention merchandise.<br> &nbsp;<strong>Secure Base<\/strong>&nbsp;\u2013 8cm flat bottom prevents tipping, even when overloaded.<\/p>\n\n\n\n<p><strong>Anpassungsoptionen<\/strong>: Wenn Sie das Design oder die Farben personalisieren oder ein Logo hinzuf\u00fcgen m\u00f6chten, bieten wir Ihnen umfassende Anpassungsm\u00f6glichkeiten. Von verschiedenen Aufdrucken bis hin zu verschiedenen Griffarten k\u00f6nnen wir die perfekte Tasche f\u00fcr die Bed\u00fcrfnisse Ihrer Marke entwerfen.<\/p>\n\n\n\n<p><strong>Zusammenfassung<\/strong>:<br>Whether you prefer this vibrant cartoon design or need something more tailored, we can help create a custom tote bag that reflects your brand\u2019s identity. Contact us today to begin designing your eco-friendly bags!<\/p>\n\n\n\n<p class=\"has-text-align-center\"><a href=\"https:\/\/avecobaggie.com\/de\/whats-the-difference-between-cotton-bag-or-canvas-bag\/\">Baumwolle vs. Segeltuch<\/a><\/p>\n\n\n\n<figure class=\"wp-block-table\"><table class=\"has-fixed-layout\"><tbody><tr><td><\/td><td><strong>Baumwolle<\/strong><strong><\/strong><\/td><td><strong>Segeltuch<\/strong><strong><\/strong><\/td><\/tr><tr><td><strong>Material<\/strong><strong><\/strong><\/td><td>normalerweise 100% Baumwolle<\/td><td>normalerweise 35umwolle oder Hanf, 65%Polyester (kann auch 100umwolle sein)<\/td><\/tr><tr><td><strong>Weben von Garn<\/strong><strong><\/strong><\/td><td>Einfaches Kett- und Schussgarn<\/td><td>Mehr als 2 Kett- und Schussf\u00e4den, sieht dicker aus<\/td><\/tr><tr><td><strong>Methode des Webens<\/strong><strong><\/strong><\/td><td>Leinwandbindung oder K\u00f6perbindung<\/td><td>Meistens Schlichtgewebe<\/td><\/tr><tr><td><strong>Textur des Stoffes<\/strong><strong><\/strong><\/td><td>kleine Flecken auf der Oberfl\u00e4che, die eigentlich die nat\u00fcrlichen Samen sind<\/td><td>Keine Flecken, rauher als Baumwolle<\/td><\/tr><tr><td><strong>Gewicht:<\/strong><strong><\/strong><\/td><td>kann gewachst werden, um wasserdicht zu sein, kann halb gebleicht oder ganz gebleicht werden<\/td><td>\u00fcber 8oz, f\u00fcr die gleiche Dicke, die Leinwand ist billiger, kann auch mehr Gewicht laden<\/td><\/tr><tr><td>Von d\u00fcnn 4 oz bis dick 16 oz, leicht, besser Baumwolle w\u00e4hlen<\/td><td>Nachhaltiger und 100% biologisch abbaubar<\/td><td>nachhaltig, aber nicht vollst\u00e4ndig biologisch abbaubar<\/td><\/tr><tr><td><strong>Wasserdicht<\/strong><strong><\/strong><\/td><td>Nicht wasserdicht, wenn nicht laminiert, kann halbgebleicht oder vollst\u00e4ndig gebleicht sein<\/td><td>\u00dcber 8 Unzen, f\u00fcr die gleiche Dicke, die Leinwand ist billiger, auch kann mehr Gewicht laden<\/td><\/tr><tr><td><strong>Atmungsaktivit\u00e4t<\/strong><strong><\/strong><\/td><td>Weich und sehr atmungsaktiv<\/td><td>dick und wenig bel\u00fcftet, geeignet f\u00fcr stereotype Taschen<\/td><\/tr><tr><td><strong>Druckbarkeit<\/strong><strong><\/strong><\/td><td>f\u00fcr den Thermotransferdruck nicht so gut wie die Leinwand<\/td><td>Nahezu f\u00fcr alle Druckverfahren geeignet, das Design wird sch\u00f6n zur Geltung kommen<\/td><\/tr><tr><td><strong>Pflege waschen<\/strong><strong><\/strong><\/td><td>wird nach dem Waschen von 2% auf 5% schrumpfen<\/td><td>Schrumpft weniger als 100%. Baumwolle<\/td><\/tr><tr><td><strong>Dauerhaftigkeit<\/strong><strong><\/strong><\/td><td>leicht faltbar und verformbar, leicht klebende Haare<\/td><td>Leicht zu verschmutzen, Verformung,<\/td><\/tr><tr><td><strong>Anwendung:<\/strong><strong><\/strong><\/td><td>Baumwollbeutel mit kleinem Kordelzug, Produktbeutel, Lebensmittelverpackungsbeutel, leichte Baumwolltaschen, usw.<\/td><td>Einkaufstasche, Lebensmitteltasche, Schwerlasttasche, Tragetasche aus Segeltuch, Sporttasche, Alltagstasche, etc.<\/td><\/tr><\/tbody><\/table><\/figure>\n\n\n\n<p><\/p>","protected":false},"excerpt":{"rendered":"<p><strong>40x32x8cm Oversized Tote | Anime-Style Print\u00a0<\/strong><\/p>","protected":false},"featured_media":10161,"comment_status":"open","ping_status":"closed","template":"","meta":{"_seopress_robots_primary_cat":"none","_seopress_titles_title":"Custom Japanese Cartoon Tote Bags | 40x32x8cm | Bulk Anime & Kawaii Promotions","_seopress_titles_desc":"Charming 40x32x8cm canvas tote with anime prints and plush charm. 8-16oz fabric, bulk customizable. MOQ 500 for schools, conventions & retail.","_seopress_robots_index":""},"product_brand":[185],"product_cat":[188,29],"product_tag":[122],"class_list":{"0":"post-10160","1":"product","2":"type-product","3":"status-publish","4":"has-post-thumbnail","6":"product_brand-avecobaggie","7":"product_cat-custom-canvas-bag","8":"product_cat-tote-bag","9":"product_tag-canvas-bag","11":"first","12":"instock","13":"taxable","14":"shipping-taxable","15":"product-type-simple"},"_links":{"self":[{"href":"https:\/\/avecobaggie.com\/de\/wp-json\/wp\/v2\/product\/10160","targetHints":{"allow":["GET"]}}],"collection":[{"href":"https:\/\/avecobaggie.com\/de\/wp-json\/wp\/v2\/product"}],"about":[{"href":"https:\/\/avecobaggie.com\/de\/wp-json\/wp\/v2\/types\/product"}],"replies":[{"embeddable":true,"href":"https:\/\/avecobaggie.com\/de\/wp-json\/wp\/v2\/comments?post=10160"}],"wp:featuredmedia":[{"embeddable":true,"href":"https:\/\/avecobaggie.com\/de\/wp-json\/wp\/v2\/media\/10161"}],"wp:attachment":[{"href":"https:\/\/avecobaggie.com\/de\/wp-json\/wp\/v2\/media?parent=10160"}],"wp:term":[{"taxonomy":"product_brand","embeddable":true,"href":"https:\/\/avecobaggie.com\/de\/wp-json\/wp\/v2\/product_brand?post=10160"},{"taxonomy":"product_cat","embeddable":true,"href":"https:\/\/avecobaggie.com\/de\/wp-json\/wp\/v2\/product_cat?post=10160"},{"taxonomy":"product_tag","embeddable":true,"href":"https:\/\/avecobaggie.com\/de\/wp-json\/wp\/v2\/product_tag?post=10160"}],"curies":[{"name":"wp","href":"https:\/\/api.w.org\/{rel}","templated":true}]}}