{"id":10170,"date":"2025-05-07T16:43:00","date_gmt":"2025-05-07T08:43:00","guid":{"rendered":"https:\/\/avecobaggie.com\/?post_type=product&#038;p=10170"},"modified":"2026-01-19T16:07:00","modified_gmt":"2026-01-19T08:07:00","slug":"two-tone-jute-handles-canvas-tote-bag","status":"publish","type":"product","link":"https:\/\/avecobaggie.com\/de\/produkt\/two-tone-jute-handles-canvas-tote-bag\/","title":{"rendered":"Two-Tone Jute Handles Canvas Tote Bag"},"content":{"rendered":"<p><strong>Rustic-Meets-Modern Design<\/strong><br> \u00a0<strong>12oz Cotton Canvas<\/strong>\u00a0\u2013 Dense 10&#215;10 weave with dual-tone contrast stitching (navy + natural beige).<br> \u00a0<strong>Reinforced Construction<\/strong>\u00a0\u2013 Bar-tacked seams tested for 10kg dynamic loads (400+ reuse cycles).<\/p>\n\n\n\n<p><strong>Functional Aesthetics<\/strong><br> \u00a0<strong>Jute Rope Handles<\/strong>\u00a0\u2013 30mm thick braided ropes with anti-fray treatment, 28cm drop length.<br> \u00a0<strong>Metal Snap Closure<\/strong>\u00a0\u2013 Durable alloy clasp secures items during commutes or market runs.<br> \u00a0<strong>Subtle Branding<\/strong>\u00a0\u2013 Single-color screen print on beige panel (min. 8pt font visibility).<\/p>\n\n\n\n<p><strong>Multi-Industry Versatility<\/strong><br> \u00a0<strong>Corporate Branding<\/strong>:<br>\u2022 Print minimalist logos on beige canvas<br>\u2022 Add leather tag with embossed mission statement<br> \u00a0<strong>Boutique Retail<\/strong>:<br>\u2022 Distress-effect printing for vintage appeal<br>\u2022 Attach wooden claim tags with artisan branding<\/p>\n\n\n\n<p><strong>Anpassungsoptionen<\/strong>: Wenn Sie das Design oder die Farben personalisieren oder ein Logo hinzuf\u00fcgen m\u00f6chten, bieten wir Ihnen umfassende Anpassungsm\u00f6glichkeiten. Von verschiedenen Aufdrucken bis hin zu verschiedenen Griffarten k\u00f6nnen wir die perfekte Tasche f\u00fcr die Bed\u00fcrfnisse Ihrer Marke entwerfen.<\/p>\n\n\n\n<p><strong>Zusammenfassung<\/strong>:<br>Whether you prefer this vibrant cartoon design or need something more tailored, we can help create a custom tote bag that reflects your brand\u2019s identity. Contact us today to begin designing your eco-friendly bags!<\/p>\n\n\n\n<p class=\"has-text-align-center\"><a href=\"https:\/\/avecobaggie.com\/de\/whats-the-difference-between-cotton-bag-or-canvas-bag\/\">Baumwolle vs. Segeltuch<\/a><\/p>\n\n\n\n<figure class=\"wp-block-table\"><table class=\"has-fixed-layout\"><tbody><tr><td><\/td><td><strong>Baumwolle<\/strong><strong><\/strong><\/td><td><strong>Segeltuch<\/strong><strong><\/strong><\/td><\/tr><tr><td><strong>Material<\/strong><strong><\/strong><\/td><td>normalerweise 100% Baumwolle<\/td><td>normalerweise 35umwolle oder Hanf, 65%Polyester (kann auch 100umwolle sein)<\/td><\/tr><tr><td><strong>Weben von Garn<\/strong><strong><\/strong><\/td><td>Einfaches Kett- und Schussgarn<\/td><td>Mehr als 2 Kett- und Schussf\u00e4den, sieht dicker aus<\/td><\/tr><tr><td><strong>Methode des Webens<\/strong><strong><\/strong><\/td><td>Leinwandbindung oder K\u00f6perbindung<\/td><td>Meistens Schlichtgewebe<\/td><\/tr><tr><td><strong>Textur des Stoffes<\/strong><strong><\/strong><\/td><td>kleine Flecken auf der Oberfl\u00e4che, die eigentlich die nat\u00fcrlichen Samen sind<\/td><td>Keine Flecken, rauher als Baumwolle<\/td><\/tr><tr><td><strong>Gewicht:<\/strong><strong><\/strong><\/td><td>kann gewachst werden, um wasserdicht zu sein, kann halb gebleicht oder ganz gebleicht werden<\/td><td>\u00fcber 8oz, f\u00fcr die gleiche Dicke, die Leinwand ist billiger, kann auch mehr Gewicht laden<\/td><\/tr><tr><td>Von d\u00fcnn 4 oz bis dick 16 oz, leicht, besser Baumwolle w\u00e4hlen<\/td><td>Nachhaltiger und 100% biologisch abbaubar<\/td><td>nachhaltig, aber nicht vollst\u00e4ndig biologisch abbaubar<\/td><\/tr><tr><td><strong>Wasserdicht<\/strong><strong><\/strong><\/td><td>Nicht wasserdicht, wenn nicht laminiert, kann halbgebleicht oder vollst\u00e4ndig gebleicht sein<\/td><td>\u00dcber 8 Unzen, f\u00fcr die gleiche Dicke, die Leinwand ist billiger, auch kann mehr Gewicht laden<\/td><\/tr><tr><td><strong>Atmungsaktivit\u00e4t<\/strong><strong><\/strong><\/td><td>Weich und sehr atmungsaktiv<\/td><td>dick und wenig bel\u00fcftet, geeignet f\u00fcr stereotype Taschen<\/td><\/tr><tr><td><strong>Druckbarkeit<\/strong><strong><\/strong><\/td><td>f\u00fcr den Thermotransferdruck nicht so gut wie die Leinwand<\/td><td>Nahezu f\u00fcr alle Druckverfahren geeignet, das Design wird sch\u00f6n zur Geltung kommen<\/td><\/tr><tr><td><strong>Pflege waschen<\/strong><strong><\/strong><\/td><td>wird nach dem Waschen von 2% auf 5% schrumpfen<\/td><td>Schrumpft weniger als 100%. Baumwolle<\/td><\/tr><tr><td><strong>Dauerhaftigkeit<\/strong><strong><\/strong><\/td><td>leicht faltbar und verformbar, leicht klebende Haare<\/td><td>Leicht zu verschmutzen, Verformung,<\/td><\/tr><tr><td><strong>Anwendung:<\/strong><strong><\/strong><\/td><td>Baumwollbeutel mit kleinem Kordelzug, Produktbeutel, Lebensmittelverpackungsbeutel, leichte Baumwolltaschen, usw.<\/td><td>Einkaufstasche, Lebensmitteltasche, Schwerlasttasche, Tragetasche aus Segeltuch, Sporttasche, Alltagstasche, etc.<\/td><\/tr><\/tbody><\/table><\/figure>","protected":false},"excerpt":{"rendered":"<p><strong>33x38x8cm | Navy\/Beige Canvas | Jute Rope Handles | 8-16oz Custom<\/strong><\/p>","protected":false},"featured_media":12535,"comment_status":"open","ping_status":"closed","template":"","meta":{"_seopress_robots_primary_cat":"none","_seopress_titles_title":"Custom Two-Tone Canvas Tote Bags | 33x38x8cm | Bulk Business & Retail","_seopress_titles_desc":"Stylish navy\/beige canvas tote with jute handles and metal snap. 8-16oz fabric, screen\/digital printing. MOQ 500 for offices, stores & outdoor use.","_seopress_robots_index":""},"product_brand":[185],"product_cat":[188,29],"product_tag":[122],"class_list":{"0":"post-10170","1":"product","2":"type-product","3":"status-publish","4":"has-post-thumbnail","6":"product_brand-avecobaggie","7":"product_cat-custom-canvas-bag","8":"product_cat-tote-bag","9":"product_tag-canvas-bag","11":"first","12":"instock","13":"taxable","14":"shipping-taxable","15":"product-type-simple"},"_links":{"self":[{"href":"https:\/\/avecobaggie.com\/de\/wp-json\/wp\/v2\/product\/10170","targetHints":{"allow":["GET"]}}],"collection":[{"href":"https:\/\/avecobaggie.com\/de\/wp-json\/wp\/v2\/product"}],"about":[{"href":"https:\/\/avecobaggie.com\/de\/wp-json\/wp\/v2\/types\/product"}],"replies":[{"embeddable":true,"href":"https:\/\/avecobaggie.com\/de\/wp-json\/wp\/v2\/comments?post=10170"}],"wp:featuredmedia":[{"embeddable":true,"href":"https:\/\/avecobaggie.com\/de\/wp-json\/wp\/v2\/media\/12535"}],"wp:attachment":[{"href":"https:\/\/avecobaggie.com\/de\/wp-json\/wp\/v2\/media?parent=10170"}],"wp:term":[{"taxonomy":"product_brand","embeddable":true,"href":"https:\/\/avecobaggie.com\/de\/wp-json\/wp\/v2\/product_brand?post=10170"},{"taxonomy":"product_cat","embeddable":true,"href":"https:\/\/avecobaggie.com\/de\/wp-json\/wp\/v2\/product_cat?post=10170"},{"taxonomy":"product_tag","embeddable":true,"href":"https:\/\/avecobaggie.com\/de\/wp-json\/wp\/v2\/product_tag?post=10170"}],"curies":[{"name":"wp","href":"https:\/\/api.w.org\/{rel}","templated":true}]}}