{"id":10175,"date":"2025-05-07T17:57:26","date_gmt":"2025-05-07T09:57:26","guid":{"rendered":"https:\/\/avecobaggie.com\/?post_type=product&#038;p=10175"},"modified":"2025-05-12T17:41:02","modified_gmt":"2025-05-12T09:41:02","slug":"custom-big-beige-canvas-crossbody-hobo-bag-for-women","status":"publish","type":"product","link":"https:\/\/avecobaggie.com\/de\/produkt\/custom-big-beige-canvas-crossbody-hobo-bag-for-women\/","title":{"rendered":"Benutzerdefinierte gro\u00dfe Beige Canvas Crossbody Hobo Tasche f\u00fcr Frauen"},"content":{"rendered":"<h3 class=\"wp-block-heading has-text-align-center\"><strong>Produkt Seite Beschreibung<\/strong><\/h3>\n\n\n\n<p><strong>Raw Material &amp; Craftsmanship<\/strong><br> \u00a0<strong>12oz Cotton Canvas<\/strong>\u00a0\u2013 Unbleached natural beige color, pre-shrunk for shape retention.<br> \u00a0<strong>Verst\u00e4rkte Spannungspunkte<\/strong>\u00a0\u2013 Double-stitched vest straps and pocket edges (tested 15kg dynamic load).<\/p>\n\n\n\n<p><strong>Functional Minimalism<\/strong><br> &nbsp;<strong>Utility Pocket<\/strong>&nbsp;\u2013 14x8cm external slip pocket fits phones\/passports, angled for easy access.<br> &nbsp;<strong>Adjustable Straps<\/strong>&nbsp;\u2013 58cm crossbody drop with sliding buckles (fits heights 150-190cm).<br> &nbsp;<strong>Blank Canvas Potential<\/strong>&nbsp;\u2013 Unprinted areas for DIY markers\/paint (pre-treated for art supplies).<\/p>\n\n\n\n<p><strong>Custom Branding Flexibility<\/strong><br>\ud83d\udd8c\ufe0f&nbsp;<strong>Creative Freedom<\/strong>:<\/p>\n\n\n\n<ul class=\"wp-block-list\">\n<li><strong>DIY Zones<\/strong>: Prime space for team-building art workshops<\/li>\n\n\n\n<li><strong>Professional Prints<\/strong>: Edge-to-edge sublimation for photorealistic graphics<\/li>\n\n\n\n<li><strong>Hybrid Option<\/strong>: Pre-printed logo + blank areas for local customization<\/li>\n<\/ul>\n\n\n\n<p><strong>Industry Applications<\/strong><br> &nbsp;<strong>Corporate Team Building<\/strong>&nbsp;\u2013 Blank totes for employee painting contests.<br> &nbsp;<strong>University Merch<\/strong>&nbsp;\u2013 Student-designed bags for campus sustainability drives.<br> &nbsp;<strong>Pop-Up Retail<\/strong>&nbsp;\u2013 Limited-edition artist collabs with live painting demos.<\/p>\n\n\n\n<p><strong>Anpassungsoptionen<\/strong>: Wenn Sie das Design oder die Farben personalisieren oder ein Logo hinzuf\u00fcgen m\u00f6chten, bieten wir Ihnen umfassende Anpassungsm\u00f6glichkeiten. Von verschiedenen Aufdrucken bis hin zu verschiedenen Griffarten k\u00f6nnen wir die perfekte Tasche f\u00fcr die Bed\u00fcrfnisse Ihrer Marke entwerfen.<\/p>\n\n\n\n<p><strong>Zusammenfassung<\/strong>:<br>Whether you prefer this vibrant cartoon design or need something more tailored, we can help create a custom tote bag that reflects your brand\u2019s identity. Contact us today to begin designing your eco-friendly bags!<\/p>\n\n\n\n<p class=\"has-text-align-center\"><a href=\"https:\/\/avecobaggie.com\/de\/whats-the-difference-between-cotton-bag-or-canvas-bag\/\">Baumwolle vs. Segeltuch<\/a><\/p>\n\n\n\n<figure class=\"wp-block-table\"><table class=\"has-fixed-layout\"><tbody><tr><td><\/td><td><strong>Baumwolle<\/strong><strong><\/strong><\/td><td><strong>Segeltuch<\/strong><strong><\/strong><\/td><\/tr><tr><td><strong>Material<\/strong><strong><\/strong><\/td><td>normalerweise 100% Baumwolle<\/td><td>normalerweise 35umwolle oder Hanf, 65%Polyester (kann auch 100umwolle sein)<\/td><\/tr><tr><td><strong>Weben von Garn<\/strong><strong><\/strong><\/td><td>Einfaches Kett- und Schussgarn<\/td><td>Mehr als 2 Kett- und Schussf\u00e4den, sieht dicker aus<\/td><\/tr><tr><td><strong>Methode des Webens<\/strong><strong><\/strong><\/td><td>Leinwandbindung oder K\u00f6perbindung<\/td><td>Meistens Schlichtgewebe<\/td><\/tr><tr><td><strong>Textur des Stoffes<\/strong><strong><\/strong><\/td><td>kleine Flecken auf der Oberfl\u00e4che, die eigentlich die nat\u00fcrlichen Samen sind<\/td><td>Keine Flecken, rauher als Baumwolle<\/td><\/tr><tr><td><strong>Gewicht:<\/strong><strong><\/strong><\/td><td>kann gewachst werden, um wasserdicht zu sein, kann halb gebleicht oder ganz gebleicht werden<\/td><td>\u00fcber 8oz, f\u00fcr die gleiche Dicke, die Leinwand ist billiger, kann auch mehr Gewicht laden<\/td><\/tr><tr><td>Von d\u00fcnn 4 oz bis dick 16 oz, leicht, besser Baumwolle w\u00e4hlen<\/td><td>Nachhaltiger und 100% biologisch abbaubar<\/td><td>nachhaltig, aber nicht vollst\u00e4ndig biologisch abbaubar<\/td><\/tr><tr><td><strong>Wasserdicht<\/strong><strong><\/strong><\/td><td>Nicht wasserdicht, wenn nicht laminiert, kann halbgebleicht oder vollst\u00e4ndig gebleicht sein<\/td><td>\u00dcber 8 Unzen, f\u00fcr die gleiche Dicke, die Leinwand ist billiger, auch kann mehr Gewicht laden<\/td><\/tr><tr><td><strong>Atmungsaktivit\u00e4t<\/strong><strong><\/strong><\/td><td>Weich und sehr atmungsaktiv<\/td><td>dick und wenig bel\u00fcftet, geeignet f\u00fcr stereotype Taschen<\/td><\/tr><tr><td><strong>Druckbarkeit<\/strong><strong><\/strong><\/td><td>f\u00fcr den Thermotransferdruck nicht so gut wie die Leinwand<\/td><td>Nahezu f\u00fcr alle Druckverfahren geeignet, das Design wird sch\u00f6n zur Geltung kommen<\/td><\/tr><tr><td><strong>Pflege waschen<\/strong><strong><\/strong><\/td><td>wird nach dem Waschen von 2% auf 5% schrumpfen<\/td><td>Schrumpft weniger als 100%. Baumwolle<\/td><\/tr><tr><td><strong>Dauerhaftigkeit<\/strong><strong><\/strong><\/td><td>leicht faltbar und verformbar, leicht klebende Haare<\/td><td>Leicht zu verschmutzen, Verformung,<\/td><\/tr><tr><td><strong>Anwendung:<\/strong><strong><\/strong><\/td><td>Baumwollbeutel mit kleinem Kordelzug, Produktbeutel, Lebensmittelverpackungsbeutel, leichte Baumwolltaschen, usw.<\/td><td>Einkaufstasche, Lebensmitteltasche, Schwerlasttasche, Tragetasche aus Segeltuch, Sporttasche, Alltagstasche, etc.<\/td><\/tr><\/tbody><\/table><\/figure>","protected":false},"excerpt":{"rendered":"<p><strong>Phone Pocket | DIY Series | Big Space<\/strong><\/p>","protected":false},"featured_media":10176,"comment_status":"open","ping_status":"closed","template":"","meta":{"_seopress_robots_primary_cat":"none","_seopress_titles_title":"Canvas Crossbody Hobo Bags | Custom DIY Promotional Use","_seopress_titles_desc":"Minimalist 34.5x58x5cm crossbody hobo bag with utility pocket. Custom prints, 8-16oz fabric. MOQ 500 for corporate, retail & creative branding.","_seopress_robots_index":""},"product_brand":[185],"product_cat":[188,29],"product_tag":[122],"class_list":{"0":"post-10175","1":"product","2":"type-product","3":"status-publish","4":"has-post-thumbnail","6":"product_brand-avecobaggie","7":"product_cat-custom-canvas-bag","8":"product_cat-tote-bag","9":"product_tag-canvas-bag","11":"first","12":"instock","13":"taxable","14":"shipping-taxable","15":"product-type-simple"},"_links":{"self":[{"href":"https:\/\/avecobaggie.com\/de\/wp-json\/wp\/v2\/product\/10175","targetHints":{"allow":["GET"]}}],"collection":[{"href":"https:\/\/avecobaggie.com\/de\/wp-json\/wp\/v2\/product"}],"about":[{"href":"https:\/\/avecobaggie.com\/de\/wp-json\/wp\/v2\/types\/product"}],"replies":[{"embeddable":true,"href":"https:\/\/avecobaggie.com\/de\/wp-json\/wp\/v2\/comments?post=10175"}],"wp:featuredmedia":[{"embeddable":true,"href":"https:\/\/avecobaggie.com\/de\/wp-json\/wp\/v2\/media\/10176"}],"wp:attachment":[{"href":"https:\/\/avecobaggie.com\/de\/wp-json\/wp\/v2\/media?parent=10175"}],"wp:term":[{"taxonomy":"product_brand","embeddable":true,"href":"https:\/\/avecobaggie.com\/de\/wp-json\/wp\/v2\/product_brand?post=10175"},{"taxonomy":"product_cat","embeddable":true,"href":"https:\/\/avecobaggie.com\/de\/wp-json\/wp\/v2\/product_cat?post=10175"},{"taxonomy":"product_tag","embeddable":true,"href":"https:\/\/avecobaggie.com\/de\/wp-json\/wp\/v2\/product_tag?post=10175"}],"curies":[{"name":"wp","href":"https:\/\/api.w.org\/{rel}","templated":true}]}}