{"id":10223,"date":"2025-05-09T14:16:46","date_gmt":"2025-05-09T06:16:46","guid":{"rendered":"https:\/\/avecobaggie.com\/?post_type=product&#038;p=10223"},"modified":"2025-05-12T20:18:40","modified_gmt":"2025-05-12T12:18:40","slug":"16oz-back-to-school-canvas-crossbody-bag-multi-function","status":"publish","type":"product","link":"https:\/\/avecobaggie.com\/de\/produkt\/16oz-back-to-school-canvas-crossbody-bag-multi-function\/","title":{"rendered":"16oz zur\u00fcck zu Schule Canvas Crossbody Bag Multi-Funktion"},"content":{"rendered":"<p><strong>Hochwertiges Material und Handwerkskunst<\/strong><br> &nbsp;<strong>16oz schweres Segeltuch<\/strong>&nbsp;- Ultradichtes 12\u00d712-Geflecht, 2x dicker als Standardtaschen f\u00fcr strukturierte Haltbarkeit.<br> &nbsp;<strong>Verst\u00e4rkte Spannungspunkte<\/strong>&nbsp;- Doppelt gen\u00e4hte Griffe und Ecken, getestet f\u00fcr 15 kg dynamische Belastung.<\/p>\n\n\n\n<p><strong>Funktionelles Modedesign<\/strong><br> &nbsp;<strong>2-in-1-Tragesystem<\/strong>:<\/p>\n\n\n\n<ul class=\"wp-block-list\">\n<li><strong>Kurze Griffe<\/strong>24 cm lange Riemen aus \u00f6kologisch gef\u00e4rbtem Hanf zum schnellen Greifen<\/li>\n\n\n\n<li><strong>Abnehmbarer Umh\u00e4ngeriemen<\/strong>: Verstellbar 50-130cm mit antiken Messingbeschl\u00e4gen<br> &nbsp;<strong>Sicheres Verschlusssystem<\/strong>:<\/li>\n\n\n\n<li>Hauptfach mit Rei\u00dfverschluss<\/li>\n\n\n\n<li>Magnetische Schnappverschl\u00fcsse an zwei Vordertaschen (10x12cm)<\/li>\n<\/ul>\n\n\n\n<p><strong>Branding-Anpassung<\/strong><br> &nbsp;<strong>Doppellogo-Aufn\u00e4her<\/strong>:<\/p>\n\n\n\n<ul class=\"wp-block-list\">\n<li>15x15cm Leinwandaufn\u00e4her auf Vorder-\/R\u00fcckseite (Siebdruck\/Digitaldruck)<\/li>\n\n\n\n<li>Optionale gealterte Kanten f\u00fcr Vintage-Appeal<br> &nbsp;<strong>Farbanpassung<\/strong>:<\/li>\n\n\n\n<li>Grundgewebe: Hanf natur\/Charcoal grau\/Olivgr\u00fcn<\/li>\n\n\n\n<li>Riemen-Akzente: 8 RAL-Farboptionen<\/li>\n<\/ul>\n\n\n\n<p><strong>Anpassungsoptionen<\/strong>: Wenn Sie das Design oder die Farben personalisieren oder ein Logo hinzuf\u00fcgen m\u00f6chten, bieten wir Ihnen umfassende Anpassungsm\u00f6glichkeiten. Von verschiedenen Aufdrucken bis hin zu verschiedenen Griffarten k\u00f6nnen wir die perfekte Tasche f\u00fcr die Bed\u00fcrfnisse Ihrer Marke entwerfen.<\/p>\n\n\n\n<p class=\"has-text-align-center\"><a href=\"https:\/\/avecobaggie.com\/de\/whats-the-difference-between-cotton-bag-or-canvas-bag\/\">Baumwolle vs. Segeltuch<\/a><\/p>\n\n\n\n<figure class=\"wp-block-table\"><table class=\"has-fixed-layout\"><tbody><tr><td><\/td><td><strong>Baumwolle<\/strong><strong><\/strong><\/td><td><strong>Segeltuch<\/strong><strong><\/strong><\/td><\/tr><tr><td><strong>Material<\/strong><strong><\/strong><\/td><td>normalerweise 100% Baumwolle<\/td><td>normalerweise 35umwolle oder Hanf, 65%Polyester (kann auch 100umwolle sein)<\/td><\/tr><tr><td><strong>Weben von Garn<\/strong><strong><\/strong><\/td><td>Einfaches Kett- und Schussgarn<\/td><td>Mehr als 2 Kett- und Schussf\u00e4den, sieht dicker aus<\/td><\/tr><tr><td><strong>Methode des Webens<\/strong><strong><\/strong><\/td><td>Leinwandbindung oder K\u00f6perbindung<\/td><td>Meistens Schlichtgewebe<\/td><\/tr><tr><td><strong>Textur des Stoffes<\/strong><strong><\/strong><\/td><td>kleine Flecken auf der Oberfl\u00e4che, die eigentlich die nat\u00fcrlichen Samen sind<\/td><td>Keine Flecken, rauher als Baumwolle<\/td><\/tr><tr><td><strong>Gewicht:<\/strong><strong><\/strong><\/td><td>kann gewachst werden, um wasserdicht zu sein, kann halb gebleicht oder ganz gebleicht werden<\/td><td>\u00fcber 8oz, f\u00fcr die gleiche Dicke, die Leinwand ist billiger, kann auch mehr Gewicht laden<\/td><\/tr><tr><td>Von d\u00fcnn 4 oz bis dick 16 oz, leicht, besser Baumwolle w\u00e4hlen<\/td><td>Nachhaltiger und 100% biologisch abbaubar<\/td><td>nachhaltig, aber nicht vollst\u00e4ndig biologisch abbaubar<\/td><\/tr><tr><td><strong>Wasserdicht<\/strong><strong><\/strong><\/td><td>Nicht wasserdicht, wenn nicht laminiert, kann halbgebleicht oder vollst\u00e4ndig gebleicht sein<\/td><td>\u00dcber 8 Unzen, f\u00fcr die gleiche Dicke, die Leinwand ist billiger, auch kann mehr Gewicht laden<\/td><\/tr><tr><td><strong>Atmungsaktivit\u00e4t<\/strong><strong><\/strong><\/td><td>Weich und sehr atmungsaktiv<\/td><td>dick und wenig bel\u00fcftet, geeignet f\u00fcr stereotype Taschen<\/td><\/tr><tr><td><strong>Druckbarkeit<\/strong><strong><\/strong><\/td><td>f\u00fcr den Thermotransferdruck nicht so gut wie die Leinwand<\/td><td>Nahezu f\u00fcr alle Druckverfahren geeignet, das Design wird sch\u00f6n zur Geltung kommen<\/td><\/tr><tr><td><strong>Pflege waschen<\/strong><strong><\/strong><\/td><td>wird nach dem Waschen von 2% auf 5% schrumpfen<\/td><td>Schrumpft weniger als 100%. Baumwolle<\/td><\/tr><tr><td><strong>Dauerhaftigkeit<\/strong><strong><\/strong><\/td><td>leicht faltbar und verformbar, leicht klebende Haare<\/td><td>Leicht zu verschmutzen, Verformung,<\/td><\/tr><tr><td><strong>Anwendung:<\/strong><strong><\/strong><\/td><td>Baumwollbeutel mit kleinem Kordelzug, Produktbeutel, Lebensmittelverpackungsbeutel, leichte Baumwolltaschen, usw.<\/td><td>Einkaufstasche, Lebensmitteltasche, Schwerlasttasche, Tragetasche aus Segeltuch, Sporttasche, Alltagstasche, etc.<\/td><\/tr><\/tbody><\/table><\/figure>","protected":false},"excerpt":{"rendered":"<p><strong>Rei\u00dfverschluss | 2 individuelle Aufn\u00e4her | abnehmbarer Metallriemen\u00a0<\/strong><\/p>","protected":false},"featured_media":10224,"comment_status":"open","ping_status":"closed","template":"","meta":{"_seopress_robots_primary_cat":"none","_seopress_titles_title":"Back to School Canvas Crossbody Bag | Bulk Custom","_seopress_titles_desc":"Trendy 34x36x4cm canvas tote with detachable strap & magnetic pocket closures. 16oz fabric, dual logo patches. MOQ 500 for fashion\/retail brands.","_seopress_robots_index":""},"product_brand":[185],"product_cat":[188,29],"product_tag":[122],"class_list":{"0":"post-10223","1":"product","2":"type-product","3":"status-publish","4":"has-post-thumbnail","6":"product_brand-avecobaggie","7":"product_cat-custom-canvas-bag","8":"product_cat-tote-bag","9":"product_tag-canvas-bag","11":"first","12":"instock","13":"taxable","14":"shipping-taxable","15":"product-type-simple"},"_links":{"self":[{"href":"https:\/\/avecobaggie.com\/de\/wp-json\/wp\/v2\/product\/10223","targetHints":{"allow":["GET"]}}],"collection":[{"href":"https:\/\/avecobaggie.com\/de\/wp-json\/wp\/v2\/product"}],"about":[{"href":"https:\/\/avecobaggie.com\/de\/wp-json\/wp\/v2\/types\/product"}],"replies":[{"embeddable":true,"href":"https:\/\/avecobaggie.com\/de\/wp-json\/wp\/v2\/comments?post=10223"}],"wp:featuredmedia":[{"embeddable":true,"href":"https:\/\/avecobaggie.com\/de\/wp-json\/wp\/v2\/media\/10224"}],"wp:attachment":[{"href":"https:\/\/avecobaggie.com\/de\/wp-json\/wp\/v2\/media?parent=10223"}],"wp:term":[{"taxonomy":"product_brand","embeddable":true,"href":"https:\/\/avecobaggie.com\/de\/wp-json\/wp\/v2\/product_brand?post=10223"},{"taxonomy":"product_cat","embeddable":true,"href":"https:\/\/avecobaggie.com\/de\/wp-json\/wp\/v2\/product_cat?post=10223"},{"taxonomy":"product_tag","embeddable":true,"href":"https:\/\/avecobaggie.com\/de\/wp-json\/wp\/v2\/product_tag?post=10223"}],"curies":[{"name":"wp","href":"https:\/\/api.w.org\/{rel}","templated":true}]}}