{"id":1024,"date":"2021-02-22T11:06:16","date_gmt":"2021-02-22T03:06:16","guid":{"rendered":"https:\/\/avecobaggie.com\/?post_type=product&#038;p=1024"},"modified":"2021-03-30T11:20:52","modified_gmt":"2021-03-30T03:20:52","slug":"custom-double-drawstring-linen-bagcustom-double-drawstring-cotton-bag","status":"publish","type":"product","link":"https:\/\/avecobaggie.com\/de\/produkt\/custom-double-drawstring-linen-bagcustom-double-drawstring-cotton-bag\/","title":{"rendered":"Benutzerdefinierte Tasche mit doppeltem Kordelzug aus Leinen"},"content":{"rendered":"<p>Aveco bietet haupts\u00e4chlich kundenspezifische \u00d6ko-Taschen mit einem One-Stop-Shop-L\u00f6sungs-Service. Wir haben auch einige grundlegende Form der Taschen f\u00fcr einen einfachen Start als auf der Website von aufgef\u00fchrt\u00a0\u00a0<a href=\"https:\/\/avecobaggie.com\/de\/produkt-kategorie\/bags-in-stock\/\"> Taschen auf Lager <\/a>. die meisten der auf Lager befindlichen Taschen sind unbedruckt, so dass es f\u00fcr Sie einfacher ist, ein eigenes Logo oder Etikett f\u00fcr Ihre Kunden zu erstellen, ohne dass Sie ein Minimum ben\u00f6tigen.<\/p>\n<p><span class=\"Apple-converted-space\">\u00a0 \u00a0 Wenn Sie diese \u00d6ko-Taschen individuell gestalten wollen, ist das auch ganz einfach, einige der Taschen sind sogar mit extrem niedrigen <\/span>MOQ f\u00fcr kundenspezifische Oberfl\u00e4chen. Besonders Baumwolle oder Segeltuch Tasche ist extrem niedrig bei 100pieces oder sogar weniger zu unterst\u00fctzen Anf\u00e4nger, gehen Sie zu <a href=\"https:\/\/avecobaggie.com\/de\/custom-solutions\/\"><strong>MASSGESCHNEIDERTE L\u00d6SUNGEN<\/strong><\/a> um mehr \u00fcber individuelle Taschen zu erfahren.<\/p>\n<p>&nbsp;<\/p>\n<p>This difference between linen and cotton is the linen fabric is loosen weaved, while the cotton weaved more tight.Below picture.<\/p>\n<p><img fetchpriority=\"high\" class=\"size-medium wp-image-2528 aligncenter\" src=\"https:\/\/avecobaggie.com\/wp-content\/uploads\/2021\/02\/cotton-linen-300x193.jpg\" alt=\"\" width=\"300\" height=\"193\" srcset=\"https:\/\/avecobaggie.com\/wp-content\/uploads\/2021\/02\/cotton-linen-300x193.jpg 300w, https:\/\/avecobaggie.com\/wp-content\/uploads\/2021\/02\/cotton-linen.jpg 498w\" sizes=\"(max-width: 300px) 100vw, 300px\" \/><\/p>\n<h3 class=\"p1\"><span style=\"color: #333333;\">\u00a0 \u00a0 Product Features for the Custom double drawstring linen bag<\/span><\/h3>\n<ul>\n<li><strong>Tasche Stil<\/strong>: Kordelzug Tasche<\/li>\n<li><strong>Material Typ<\/strong>: Natural Linen<\/li>\n<li><strong>Material Gewicht<\/strong>: 6oz<\/li>\n<li><strong>Material Farbe<\/strong>: Dunkelbeige, Hellbeige<\/li>\n<li><strong>Gr\u00f6\u00dfe der Tasche<\/strong>: 4\u2033W x 6\u2033H |6\u2033W x 8\u2033H|10\u2033W x 12\u2033H\uff08 Liste mit beliebten Gr\u00f6\u00dfe, wir akzeptieren kundenspezifische Gr\u00f6\u00dfe Tasche \uff09<\/li>\n<li><strong>Impressum Bereich<\/strong>: 1-farbig | 2-farbig | mehrfarbig| Vollfl\u00e4chiger Druck, ein- oder zweiseitiger Druck<\/li>\n<li><strong>Schlie\u00dfung<\/strong>: Kordelzug<\/li>\n<li><strong>Pflegehinweise<\/strong>: Handw\u00e4sche empfohlen, Maschinenw\u00e4sche ist auch ok, h\u00e4ngen trocken.<\/li>\n<\/ul>\n<p>&nbsp;<\/p>","protected":false},"excerpt":{"rendered":"<p>A bit rougher than 100% cotton bag, but durable and cheaper for the same size, suitable for grain, rice, beans packing, if you want to look for natural looking, drawstring linen bag is perfect<\/p>","protected":false},"featured_media":1643,"comment_status":"open","ping_status":"closed","template":"","meta":{"_seopress_robots_primary_cat":"none","_seopress_titles_title":"%%post_title%% %%sep%%Low MOQ %%sep%%Fast Shipping","_seopress_titles_desc":"Drawstring Linen Bag is a bit rougher than drawstring cotton bag, easy to print logo or pattern.MOQ 100Pieces,Fast Shipment.24 Hours service.","_seopress_robots_index":""},"product_brand":[],"product_cat":[92,103,111],"product_tag":[114,116,115],"class_list":{"0":"post-1024","1":"product","2":"type-product","3":"status-publish","4":"has-post-thumbnail","6":"product_cat-drawstring-bag","7":"product_cat-other-fabric-bag","8":"product_cat-promotional-events","9":"product_tag-cotton-bag","10":"product_tag-eco-friendly","11":"product_tag-promotional-bag","13":"first","14":"instock","15":"taxable","16":"shipping-taxable","17":"product-type-simple"},"_links":{"self":[{"href":"https:\/\/avecobaggie.com\/de\/wp-json\/wp\/v2\/product\/1024","targetHints":{"allow":["GET"]}}],"collection":[{"href":"https:\/\/avecobaggie.com\/de\/wp-json\/wp\/v2\/product"}],"about":[{"href":"https:\/\/avecobaggie.com\/de\/wp-json\/wp\/v2\/types\/product"}],"replies":[{"embeddable":true,"href":"https:\/\/avecobaggie.com\/de\/wp-json\/wp\/v2\/comments?post=1024"}],"wp:featuredmedia":[{"embeddable":true,"href":"https:\/\/avecobaggie.com\/de\/wp-json\/wp\/v2\/media\/1643"}],"wp:attachment":[{"href":"https:\/\/avecobaggie.com\/de\/wp-json\/wp\/v2\/media?parent=1024"}],"wp:term":[{"taxonomy":"product_brand","embeddable":true,"href":"https:\/\/avecobaggie.com\/de\/wp-json\/wp\/v2\/product_brand?post=1024"},{"taxonomy":"product_cat","embeddable":true,"href":"https:\/\/avecobaggie.com\/de\/wp-json\/wp\/v2\/product_cat?post=1024"},{"taxonomy":"product_tag","embeddable":true,"href":"https:\/\/avecobaggie.com\/de\/wp-json\/wp\/v2\/product_tag?post=1024"}],"curies":[{"name":"wp","href":"https:\/\/api.w.org\/{rel}","templated":true}]}}