{"id":10245,"date":"2025-05-09T17:46:59","date_gmt":"2025-05-09T09:46:59","guid":{"rendered":"https:\/\/avecobaggie.com\/?post_type=product&#038;p=10245"},"modified":"2025-05-12T13:53:11","modified_gmt":"2025-05-12T05:53:11","slug":"custom-cotton-canvas-garment-dust-cover-storage-bag-with-zipper","status":"publish","type":"product","link":"https:\/\/avecobaggie.com\/de\/produkt\/custom-cotton-canvas-garment-dust-cover-storage-bag-with-zipper\/","title":{"rendered":"Benutzerdefinierte Baumwolle Segeltuch Kleid Staub Abdeckung Lagerung Tasche mit Rei\u00dfverschluss"},"content":{"rendered":"<h3 class=\"wp-block-heading has-text-align-center\"><strong>Produkt Seite Beschreibung<\/strong><\/h3>\n\n\n\n<p><strong>Gewerblicher Bekleidungsschutz<\/strong><\/p>\n\n\n\n<ul class=\"wp-block-list\">\n<li><strong>Strapazierf\u00e4higes 12oz Segeltuch<\/strong>\u00a0gew\u00e4hrleistet eine lange Lebensdauer bei wiederholter gewerblicher Nutzung.<\/li>\n\n\n\n<li><strong>Verst\u00e4rkte, doppelt gen\u00e4hte N\u00e4hte<\/strong>\u00a0verhindern das Einrei\u00dfen unter schwerer Kleidung.<\/li>\n<\/ul>\n\n\n\n<p><strong>Intelligentes funktionales Design<\/strong><\/p>\n\n\n\n<ul class=\"wp-block-list\">\n<li><strong>Zwei Griffe oben\/unten<\/strong>\u00a0erm\u00f6glichen ein flexibles Aufh\u00e4ngen oder Tragen in Gesch\u00e4ften\/Werkst\u00e4tten.<\/li>\n\n\n\n<li><strong>Sicherer Druckknopfverschluss<\/strong>\u00a0am Sockel vereinfacht den Zugang und h\u00e4lt gleichzeitig den Staub fern.<\/li>\n\n\n\n<li><strong>Glatter Kunststoff-Rei\u00dfverschluss<\/strong>\u00a0arbeitet leise f\u00fcr h\u00e4ufige \u00d6ffnungen in Einzelhandelsumgebungen.<\/li>\n<\/ul>\n\n\n\n<p><strong>Individuelles Branding &amp; Massenl\u00f6sungen<\/strong><\/p>\n\n\n\n<ul class=\"wp-block-list\">\n<li><strong>Leere unbedruckte Oberfl\u00e4che<\/strong>\u00a0bereit f\u00fcr Ihr Logo\/Kunstwerk (Siebdruck\/Stickerei).<\/li>\n\n\n\n<li><strong>Ma\u00dfe, Stoffe oder Hardware anpassen<\/strong>\u00a0die zu Ihrer Marken\u00e4sthetik passen.<\/li>\n\n\n\n<li><strong>OEM-freundlich<\/strong>\u00a0mit MOQs ab 500 St\u00fcck - optimiert f\u00fcr Gro\u00dfauftr\u00e4ge.<\/li>\n<\/ul>\n\n\n\n<p><strong> Anwendungsszenarien<\/strong><br>\u2713\u00a0<strong>Chemische Reinigungen<\/strong>: Sch\u00fctzt hochwertige Anz\u00fcge bei Lagerung\/Transport.<br>\u2713\u00a0<strong>Boutiquen<\/strong>: Hochwertige Pr\u00e4sentation von Kleidungsst\u00fccken mit gebrandeten Umschl\u00e4gen.<br>\u2713\u00a0<strong>Schneidereien<\/strong>: Organisieren Sie Kundenauftr\u00e4ge mit Stil.<\/p>\n\n\n\n<p><strong>6. Verpflichtung zur Anpassung<\/strong><br><em>Sie ben\u00f6tigen andere Gr\u00f6\u00dfen, Materialien oder Drucktechniken?<\/em>&nbsp;Ganz gleich, ob Sie waschbare Papierstaubbeutel f\u00fcr Luxusmarken oder leichte Vliesh\u00fcllen f\u00fcr Werbegeschenke ben\u00f6tigen,&nbsp;<strong>wir entwickeln L\u00f6sungen f\u00fcr Ihre genauen Gesch\u00e4ftsanforderungen<\/strong>. Fordern Sie noch heute ein kostenloses Angebot f\u00fcr das Prototyping an - Ihr Design, unser Know-how, weltweite Lieferung.<\/p>\n\n\n\n<p class=\"has-text-align-center\"><a href=\"https:\/\/avecobaggie.com\/de\/whats-the-difference-between-cotton-bag-or-canvas-bag\/\">Baumwolle vs. Segeltuch<\/a><\/p>\n\n\n\n<figure class=\"wp-block-table\"><table class=\"has-fixed-layout\"><tbody><tr><td><\/td><td><strong>Baumwolle<\/strong><strong><\/strong><\/td><td><strong>Segeltuch<\/strong><strong><\/strong><\/td><\/tr><tr><td><strong>Material<\/strong><strong><\/strong><\/td><td>normalerweise 100% Baumwolle<\/td><td>normalerweise 35umwolle oder Hanf, 65%Polyester (kann auch 100umwolle sein)<\/td><\/tr><tr><td><strong>Weben von Garn<\/strong><strong><\/strong><\/td><td>Einfaches Kett- und Schussgarn<\/td><td>Mehr als 2 Kett- und Schussf\u00e4den, sieht dicker aus<\/td><\/tr><tr><td><strong>Methode des Webens<\/strong><strong><\/strong><\/td><td>Leinwandbindung oder K\u00f6perbindung<\/td><td>Meistens Schlichtgewebe<\/td><\/tr><tr><td><strong>Textur des Stoffes<\/strong><strong><\/strong><\/td><td>kleine Flecken auf der Oberfl\u00e4che, die eigentlich die nat\u00fcrlichen Samen sind<\/td><td>Keine Flecken, rauher als Baumwolle<\/td><\/tr><tr><td><strong>Gewicht:<\/strong><strong><\/strong><\/td><td>kann gewachst werden, um wasserdicht zu sein, kann halb gebleicht oder ganz gebleicht werden<\/td><td>\u00fcber 8oz, f\u00fcr die gleiche Dicke, die Leinwand ist billiger, kann auch mehr Gewicht laden<\/td><\/tr><tr><td>Von d\u00fcnn 4 oz bis dick 16 oz, leicht, besser Baumwolle w\u00e4hlen<\/td><td>Nachhaltiger und 100% biologisch abbaubar<\/td><td>nachhaltig, aber nicht vollst\u00e4ndig biologisch abbaubar<\/td><\/tr><tr><td><strong>Wasserdicht<\/strong><strong><\/strong><\/td><td>Nicht wasserdicht, wenn nicht laminiert, kann halbgebleicht oder vollst\u00e4ndig gebleicht sein<\/td><td>\u00dcber 8 Unzen, f\u00fcr die gleiche Dicke, die Leinwand ist billiger, auch kann mehr Gewicht laden<\/td><\/tr><tr><td><strong>Atmungsaktivit\u00e4t<\/strong><strong><\/strong><\/td><td>Weich und sehr atmungsaktiv<\/td><td>dick und wenig bel\u00fcftet, geeignet f\u00fcr stereotype Taschen<\/td><\/tr><tr><td><strong>Druckbarkeit<\/strong><strong><\/strong><\/td><td>f\u00fcr den Thermotransferdruck nicht so gut wie die Leinwand<\/td><td>Nahezu f\u00fcr alle Druckverfahren geeignet, das Design wird sch\u00f6n zur Geltung kommen<\/td><\/tr><tr><td><strong>Pflege waschen<\/strong><strong><\/strong><\/td><td>wird nach dem Waschen von 2% auf 5% schrumpfen<\/td><td>Schrumpft weniger als 100%. Baumwolle<\/td><\/tr><tr><td><strong>Dauerhaftigkeit<\/strong><strong><\/strong><\/td><td>leicht faltbar und verformbar, leicht klebende Haare<\/td><td>Leicht zu verschmutzen, Verformung,<\/td><\/tr><tr><td><strong>Anwendung:<\/strong><strong><\/strong><\/td><td>Baumwollbeutel mit kleinem Kordelzug, Produktbeutel, Lebensmittelverpackungsbeutel, leichte Baumwolltaschen, usw.<\/td><td>Einkaufstasche, Lebensmitteltasche, Schwerlasttasche, Tragetasche aus Segeltuch, Sporttasche, Alltagstasche, etc.<\/td><\/tr><\/tbody><\/table><\/figure>","protected":false},"excerpt":{"rendered":"<p><strong>\u00a0Zwei Griffe | Schnappverschluss | Kunststoffrei\u00dfverschluss | Moderner Stil<\/strong><\/p>","protected":false},"featured_media":10252,"comment_status":"open","ping_status":"closed","template":"","meta":{"_seopress_robots_primary_cat":"none","_seopress_titles_title":"Custom Canvas Garment Bags for Retail & Dry Cleaners | Durable Dust Covers","_seopress_titles_desc":"Premium unprinted canvas garment bags with dual handles & snap closure. Ideal for dry cleaners, boutiques, and wholesale clothing storage. Custom sizes\/designs available.","_seopress_robots_index":""},"product_brand":[185],"product_cat":[188,100],"product_tag":[201],"class_list":{"0":"post-10245","1":"product","2":"type-product","3":"status-publish","4":"has-post-thumbnail","6":"product_brand-avecobaggie","7":"product_cat-custom-canvas-bag","8":"product_cat-other-creative-bag","9":"product_tag-dust-proof-bag","11":"first","12":"instock","13":"taxable","14":"shipping-taxable","15":"product-type-simple"},"_links":{"self":[{"href":"https:\/\/avecobaggie.com\/de\/wp-json\/wp\/v2\/product\/10245","targetHints":{"allow":["GET"]}}],"collection":[{"href":"https:\/\/avecobaggie.com\/de\/wp-json\/wp\/v2\/product"}],"about":[{"href":"https:\/\/avecobaggie.com\/de\/wp-json\/wp\/v2\/types\/product"}],"replies":[{"embeddable":true,"href":"https:\/\/avecobaggie.com\/de\/wp-json\/wp\/v2\/comments?post=10245"}],"wp:featuredmedia":[{"embeddable":true,"href":"https:\/\/avecobaggie.com\/de\/wp-json\/wp\/v2\/media\/10252"}],"wp:attachment":[{"href":"https:\/\/avecobaggie.com\/de\/wp-json\/wp\/v2\/media?parent=10245"}],"wp:term":[{"taxonomy":"product_brand","embeddable":true,"href":"https:\/\/avecobaggie.com\/de\/wp-json\/wp\/v2\/product_brand?post=10245"},{"taxonomy":"product_cat","embeddable":true,"href":"https:\/\/avecobaggie.com\/de\/wp-json\/wp\/v2\/product_cat?post=10245"},{"taxonomy":"product_tag","embeddable":true,"href":"https:\/\/avecobaggie.com\/de\/wp-json\/wp\/v2\/product_tag?post=10245"}],"curies":[{"name":"wp","href":"https:\/\/api.w.org\/{rel}","templated":true}]}}