{"id":10388,"date":"2025-05-15T09:24:51","date_gmt":"2025-05-15T01:24:51","guid":{"rendered":"https:\/\/avecobaggie.com\/?post_type=product&#038;p=10388"},"modified":"2025-05-15T16:58:10","modified_gmt":"2025-05-15T08:58:10","slug":"heavy-duty-flood-burlap-sandbags-wholesale","status":"publish","type":"product","link":"https:\/\/avecobaggie.com\/de\/produkt\/heavy-duty-flood-burlap-sandbags-wholesale\/","title":{"rendered":"Heavy-Duty Flut Burlap SandBags Gro\u00dfhandel"},"content":{"rendered":"<p><strong>Hochwasserschutz in Industriest\u00e4rke<\/strong><\/p>\n\n\n\n<ul class=\"wp-block-list\">\n<li><strong>Verst\u00e4rktes Jutegewebe<\/strong>\u00a0rei\u00dft nicht bei schweren Lasten aus Sand\/Kies (50 kg und mehr).<\/li>\n\n\n\n<li><strong>Dreifach gen\u00e4hte N\u00e4hte<\/strong>&nbsp;und&nbsp;<strong>ges\u00e4umte Kanten<\/strong>&nbsp;verhindern ein Bersten beim schnellen Bef\u00fcllen\/Stapeln.<\/li>\n<\/ul>\n\n\n\n<p><strong>Multiskalige Notfalll\u00f6sungen<\/strong><\/p>\n\n\n\n<ul class=\"wp-block-list\">\n<li><strong>6 standardisierte Gr\u00f6\u00dfen<\/strong>:<br> &nbsp;<strong>35x50cm<\/strong>: Kompakt f\u00fcr schnellen Einsatz<br> &nbsp;<strong>40x60cm<\/strong>: Mittlere Gr\u00f6\u00dfe f\u00fcr Deichflickung<br> &nbsp;<strong>50x74cm<\/strong>: Barrierefreies Bauen mit hohem Fassungsverm\u00f6gen<br> &nbsp;<strong>60\u00d790\/100cm<\/strong>: Einschluss von Sch\u00fcttgut<br> &nbsp;<strong>74x107cm<\/strong>: Mega-Barrieren f\u00fcr kritische Zonen<\/li>\n\n\n\n<li><strong>Nach oben offenes Design<\/strong>&nbsp;erm\u00f6glicht eine schnelle Bef\u00fcllung mit Schaufeln oder F\u00f6rdersystemen.<\/li>\n\n\n\n<li><strong>Atmungsaktivit\u00e4t der Naturfaser<\/strong>&nbsp;erm\u00f6glicht den Abfluss von Wasser und h\u00e4lt gleichzeitig Feststoffe zur\u00fcck.<\/li>\n<\/ul>\n\n\n\n<p><strong>Anpassungen &amp; Bulk-Vorteile<\/strong><\/p>\n\n\n\n<ul class=\"wp-block-list\">\n<li><strong>Individueller Aufdruck Logos\/QR-Codes<\/strong>\u00a0f\u00fcr die kommunale Verm\u00f6gensverfolgung.<\/li>\n\n\n\n<li><strong>Sands\u00e4cke aus zweiter Hand sind ebenfalls erh\u00e4ltlich, zu g\u00fcnstigeren Preisen.<\/strong><\/li>\n\n\n\n<li><strong>MOQ 1.000 St\u00fcck<\/strong>&nbsp;- Mengenrabatte f\u00fcr Bestellungen \u00fcber 10.000 St\u00fcck.<\/li>\n<\/ul>\n\n\n\n<p><strong>Kommerzielle Anwendungsszenarien<\/strong><br>\u2713&nbsp;<strong>Notfalldienste<\/strong>: Hochwasserschutz-Sets f\u00fcr Katastrophengebiete mit schneller Reaktionszeit.<br>\u2713&nbsp;<strong>Bauunternehmen<\/strong>: Eind\u00e4mmung der Erosion bei Projekten am Wasser.<br>\u2713&nbsp;<strong>Landwirtschaft<\/strong>: Ableitung des Hochwassers von den Feldern.<br>\u2713&nbsp;<strong>Staatliche Stellen<\/strong>: Standardisierte Verteidigungssysteme auf Vorrat.<\/p>\n\n\n\n<hr class=\"wp-block-separator has-alpha-channel-opacity\"\/>\n\n\n\n<h4 class=\"wp-block-heading has-text-align-center\"><strong><strong><a href=\"https:\/\/avecobaggie.com\/de\/custom-jute-bag-manufacturer\/\" data-type=\"page\" data-id=\"8728\"><strong>Ihre Bed\u00fcrfnisse, unser Know-how<\/strong><\/a><\/strong><\/strong><\/h4>\n\n\n\n<p><em>Ben\u00f6tigen Sie feuerhemmende Behandlungen, synthetische Mischungen oder individuelle Abmessungen?<\/em>&nbsp;Von&nbsp;<strong>biologisch abbaubare Jute-Varianten<\/strong>&nbsp;zu&nbsp;<strong>Sands\u00e4cke aus Polypropylen f\u00fcr milit\u00e4rische Zwecke<\/strong>Wir entwickeln L\u00f6sungen f\u00fcr extreme Bedingungen. Fordern Sie einen kostenlosen Lasttestbericht an - globale Logistik, 24\/7 Produktion, kein Projekt zu dringend.<\/p>\n\n\n\n<figure class=\"wp-block-image size-large\"><img fetchpriority=\"high\" width=\"1024\" height=\"926\" src=\"https:\/\/avecobaggie.com\/wp-content\/uploads\/2025\/03\/002-1024x926.jpg\" alt=\"Henkel Stil und Zubeh\u00f6r f\u00fcr Jute Tasche Anpassung\" class=\"wp-image-9083\" srcset=\"https:\/\/avecobaggie.com\/wp-content\/uploads\/2025\/03\/002-1024x926.jpg 1024w, https:\/\/avecobaggie.com\/wp-content\/uploads\/2025\/03\/002-300x271.jpg 300w, https:\/\/avecobaggie.com\/wp-content\/uploads\/2025\/03\/002-768x694.jpg 768w, https:\/\/avecobaggie.com\/wp-content\/uploads\/2025\/03\/002-600x542.jpg 600w, https:\/\/avecobaggie.com\/wp-content\/uploads\/2025\/03\/002-1536x1388.jpg 1536w, https:\/\/avecobaggie.com\/wp-content\/uploads\/2025\/03\/002.jpg 1778w\" sizes=\"(max-width: 1024px) 100vw, 1024px\" \/><\/figure>\n\n\n\n<figure class=\"wp-block-table\"><table><tbody><tr><td>Material<\/td><td>Jute, Leinen, Juteimitat<\/td><\/tr><tr><td>Farbe<\/td><td>W\u00e4hlen Sie aus unseren verf\u00fcgbaren Stoffen oder passen Sie sie durch F\u00e4rben an bestimmte Pantone-Farben an.<\/td><\/tr><tr><td>Dicke des Gewebes<\/td><td>200-450 g\/m\u00b2<\/td><\/tr><tr><td>Drucken<\/td><td>Siebdruck, Thermotransferdruck, Digitaldruck, Pr\u00e4gung<\/td><\/tr><tr><td>Handgriff Typ<\/td><td>Jute, Leinen, Baumwolle, Leder, Gurtband, Bambus<\/td><\/tr><tr><td>Zubeh\u00f6r<\/td><td>Innentasche, Au\u00dfentasche, Rei\u00dfverschluss, Druckknopf, Magnetverschluss, Klettverschluss, Kordelzug, Bodenfalte, Seitenfalte, D-Ring, Schnallen, \u00d6se, Unterteilungen, Anh\u00e4nger, Etikett<\/td><\/tr><tr><td>Verwendung<\/td><td>Einkaufen, Verschenken, Werbung, Verpacken, Strandtaschen, pers\u00f6nlicher t\u00e4glicher Transport<\/td><\/tr><tr><td rowspan=\"4\">Musterproduktion<\/td><td>Vorlaufzeit: 3-7 Tage.<\/td><\/tr><tr><td>Kosten: 30USD-80USD Variiert je nach Produktdetails.<\/td><\/tr><tr><td>Erstattungspolitik: Vollst\u00e4ndige R\u00fcckerstattung bei einer Bestellung von 1000 St\u00fcck oder mehr.<\/td><\/tr><tr><td>Standardmuster sind kostenlos. Sie m\u00fcssen nur die Versandkosten tragen.<\/td><\/tr><tr><td>Verpacken<\/td><td>PE-Beutel + Karton (anpassbar)<\/td><\/tr><tr><td>Massenproduktion<\/td><td>7-30 Tage je nach Menge<\/td><\/tr><tr><td>Sendung<\/td><td>Per Express (DHL, UPS, FedEx, TNT, EMS), per Luft, per See<\/td><\/tr><\/tbody><\/table><\/figure>\n\n\n\n<p><\/p>","protected":false},"excerpt":{"rendered":"<p>Heavy Duty | Kordelzug-Verschluss | Natur<\/p>","protected":false},"featured_media":10389,"comment_status":"open","ping_status":"closed","template":"","meta":{"_seopress_robots_primary_cat":"none","_seopress_titles_title":"Custom Burlap Sandbags for Flood Control \u2013 Heavy-Duty Emergency Use","_seopress_titles_desc":"Durable burlap flood bags in 6 sizes (35x50cm to 74x107cm). Ideal for flood prevention, levee reinforcement & bulk orders. Custom branding available.","_seopress_robots_index":""},"product_brand":[185],"product_cat":[187,92,104],"product_tag":[119],"class_list":{"0":"post-10388","1":"product","2":"type-product","3":"status-publish","4":"has-post-thumbnail","6":"product_brand-avecobaggie","7":"product_cat-custom-jute-bag","8":"product_cat-drawstring-bag","9":"product_cat-jute-burlap-bag","10":"product_tag-jute-bag","12":"first","13":"instock","14":"taxable","15":"shipping-taxable","16":"product-type-simple"},"_links":{"self":[{"href":"https:\/\/avecobaggie.com\/de\/wp-json\/wp\/v2\/product\/10388","targetHints":{"allow":["GET"]}}],"collection":[{"href":"https:\/\/avecobaggie.com\/de\/wp-json\/wp\/v2\/product"}],"about":[{"href":"https:\/\/avecobaggie.com\/de\/wp-json\/wp\/v2\/types\/product"}],"replies":[{"embeddable":true,"href":"https:\/\/avecobaggie.com\/de\/wp-json\/wp\/v2\/comments?post=10388"}],"wp:featuredmedia":[{"embeddable":true,"href":"https:\/\/avecobaggie.com\/de\/wp-json\/wp\/v2\/media\/10389"}],"wp:attachment":[{"href":"https:\/\/avecobaggie.com\/de\/wp-json\/wp\/v2\/media?parent=10388"}],"wp:term":[{"taxonomy":"product_brand","embeddable":true,"href":"https:\/\/avecobaggie.com\/de\/wp-json\/wp\/v2\/product_brand?post=10388"},{"taxonomy":"product_cat","embeddable":true,"href":"https:\/\/avecobaggie.com\/de\/wp-json\/wp\/v2\/product_cat?post=10388"},{"taxonomy":"product_tag","embeddable":true,"href":"https:\/\/avecobaggie.com\/de\/wp-json\/wp\/v2\/product_tag?post=10388"}],"curies":[{"name":"wp","href":"https:\/\/api.w.org\/{rel}","templated":true}]}}