{"id":10798,"date":"2025-06-19T16:24:11","date_gmt":"2025-06-19T08:24:11","guid":{"rendered":"https:\/\/avecobaggie.com\/?post_type=product&#038;p=10798"},"modified":"2025-06-19T16:31:54","modified_gmt":"2025-06-19T08:31:54","slug":"heavy-duty-rpet-cooler-bag-for-picnic","status":"publish","type":"product","link":"https:\/\/avecobaggie.com\/de\/produkt\/heavy-duty-rpet-cooler-bag-for-picnic\/","title":{"rendered":"Robuste rPET-K\u00fchltasche f\u00fcr Picknick"},"content":{"rendered":"<p><\/p>\n\n\n<p>Aveco hat sich haupts\u00e4chlich auf OEM und ODM f\u00fcr Taschen aus umweltfreundlichen Materialien spezialisiert und bietet L\u00f6sungen aus einer Hand an. Derzeit haben wir Tragetaschen, Kordelzugtaschen, Umh\u00e4ngetaschen, K\u00fchltaschen und andere kreative Taschen. Unsere Taschen sind langlebig, hochwertig und erschwinglich, um verschiedene Zwecke zu erf\u00fcllen. Alle von uns verwendeten Materialien sind umweltfreundlich, einschlie\u00dflich Baumwolle, Segeltuch, rPET, Vliesstoff, Leinen, Jute, Filz, Oxford usw. Wenn Sie Taschen mit Ihrer Eigenmarke oder f\u00fcr Werbeveranstaltungen herstellen m\u00f6chten, k\u00f6nnen wir Ihren Bedarf an Gro\u00dfmengen mit einem recht niedrigen MOQ und schneller Lieferung decken.<\/p>\n<p>Diese Tasche ist f\u00fcr den Transport von Lebensmitteln au\u00dferhalb f\u00fcr Picknick, f\u00fcr Reisen, mittelgro\u00df, es ist geeignet, um die Lunch-Boxen in setzen.<\/p>\n<p>PRODUKTMERKMALE<\/p>\n<ul>\n<li><strong>Tasche Stil<\/strong>: Totes<\/li>\n<li><strong>Material Typ<\/strong>: rPET innen und Aluminiumfolie innen.<\/li>\n<li><strong>Material Farbe<\/strong>Orange oder andere Farbe<\/li>\n<li><strong>Gr\u00f6\u00dfe der Tasche<\/strong>: 22X15X18.6CM ( list with standard size, we accept customized size bag \uff09<\/li>\n<li><strong>Impressum Bereich<\/strong>: 1-farbig | 2-farbig | mehrfarbig| Vollfl\u00e4chiger Druck, ein- oder zweiseitiger Druck<\/li>\n<li><strong>Schlie\u00dfung<\/strong>: Mit Zauberstab<\/li>\n<li><strong>Pflegehinweise<\/strong>: Handw\u00e4sche empfohlen, Maschinenw\u00e4sche ist auch ok, h\u00e4ngen trocken.<\/li>\n<\/ul>\n\n\n<p><\/p>","protected":false},"excerpt":{"rendered":"<p>Konzipiert f\u00fcr Lebensmittel au\u00dferhalb f\u00fcr Picknick zu tragen, f\u00fcr Reisen, mittlere Gr\u00f6\u00dfe, geeignet, um die Lunch-Boxen im Inneren setzen.<\/p>","protected":false},"featured_media":10799,"comment_status":"open","ping_status":"closed","template":"","meta":{"_seopress_robots_primary_cat":"none","_seopress_titles_title":"Heavy Duty rPET Cooler Bag for Picnic | Custom OEM Supplier","_seopress_titles_desc":"Durable rPET picnic cooler bags with aluminum lining. Ideal for lunch, travel & outdoor branding. OEM\/ODM support, low MOQ, fast delivery from Aveco.","_seopress_robots_index":""},"product_brand":[],"product_cat":[193,30,110],"product_tag":[204,130],"class_list":{"0":"post-10798","1":"product","2":"type-product","3":"status-publish","4":"has-post-thumbnail","6":"product_cat-custom-rpet-bag","7":"product_cat-cooler-bag","8":"product_cat-travel","9":"product_tag-cooler-bag","10":"product_tag-lunch-bag","12":"first","13":"instock","14":"taxable","15":"shipping-taxable","16":"product-type-simple"},"_links":{"self":[{"href":"https:\/\/avecobaggie.com\/de\/wp-json\/wp\/v2\/product\/10798","targetHints":{"allow":["GET"]}}],"collection":[{"href":"https:\/\/avecobaggie.com\/de\/wp-json\/wp\/v2\/product"}],"about":[{"href":"https:\/\/avecobaggie.com\/de\/wp-json\/wp\/v2\/types\/product"}],"replies":[{"embeddable":true,"href":"https:\/\/avecobaggie.com\/de\/wp-json\/wp\/v2\/comments?post=10798"}],"wp:featuredmedia":[{"embeddable":true,"href":"https:\/\/avecobaggie.com\/de\/wp-json\/wp\/v2\/media\/10799"}],"wp:attachment":[{"href":"https:\/\/avecobaggie.com\/de\/wp-json\/wp\/v2\/media?parent=10798"}],"wp:term":[{"taxonomy":"product_brand","embeddable":true,"href":"https:\/\/avecobaggie.com\/de\/wp-json\/wp\/v2\/product_brand?post=10798"},{"taxonomy":"product_cat","embeddable":true,"href":"https:\/\/avecobaggie.com\/de\/wp-json\/wp\/v2\/product_cat?post=10798"},{"taxonomy":"product_tag","embeddable":true,"href":"https:\/\/avecobaggie.com\/de\/wp-json\/wp\/v2\/product_tag?post=10798"}],"curies":[{"name":"wp","href":"https:\/\/api.w.org\/{rel}","templated":true}]}}