{"id":10812,"date":"2025-06-19T17:26:17","date_gmt":"2025-06-19T09:26:17","guid":{"rendered":"https:\/\/avecobaggie.com\/?post_type=product&#038;p=10812"},"modified":"2025-06-19T17:44:08","modified_gmt":"2025-06-19T09:44:08","slug":"portable-insulated-non-woven-cooler-bag-multi-sizes-available","status":"publish","type":"product","link":"https:\/\/avecobaggie.com\/de\/produkt\/portable-insulated-non-woven-cooler-bag-multi-sizes-available\/","title":{"rendered":"Portable Insulated Non-Woven Cooler Bag \u2013 Multi Sizes Available"},"content":{"rendered":"<p>Aveco ist haupts\u00e4chlich Hersteller und OEM f\u00fcr verschiedene Arten von \u00d6ko-Taschen mit einem One-Stop-Shop-L\u00f6sung Service. Unsere Taschen sind langlebig, hohe Qualit\u00e4t und erschwinglich, um verschiedene Zwecke zu erf\u00fcllen.<\/p>\n<p>Alle von uns verwendeten Materialien sind umweltfreundlich, darunter Baumwolle, Segeltuch, Leinen, Jute, Filz usw. Wenn Sie Taschen f\u00fcr Ihre Eigenmarke oder f\u00fcr Werbeveranstaltungen herstellen m\u00f6chten, k\u00f6nnen wir Ihren Bedarf an Massenware mit einem recht niedrigen MOQ und schneller Lieferung decken.<\/p>\n<p>This portable cooler bag is available in multiple sizes, with a non-woven exterior and aluminum foil lining. For the outside material, you can also have a customized request on other materials such as RPET, oxford, polyester, or canvas. the straps can also OEM with a longer version ,or changing into\u00a0 a webbing strap with plain color ,or even with printed or woven letter on.<\/p>\n<p>The MOQ for those bags are 1000 pieces.<\/p>\n<h5><span style=\"color: #333333;\">PRODUKTMERKMALE\u00a0<\/span><\/h5>\n<ul>\n<li><strong>Tasche Stil<\/strong>: K\u00fchltasche<\/li>\n<li><strong>Material Typ<\/strong>: Nicht gewebt mit Alufolie<\/li>\n<li><strong>Material Farbe<\/strong>: customizable<\/li>\n<li><strong>Gr\u00f6\u00dfe der Tasche<\/strong>: 23*22*18CM,27*26*21CM,30*30*21CM&#8230; ( list with standard size, we accept customized size bag \uff09<\/li>\n<li><strong>Impressum Bereich<\/strong>: 1-farbig | 2-farbig | mehrfarbig| Vollfl\u00e4chiger Druck, ein- oder zweiseitiger Druck<\/li>\n<li><strong>Schlie\u00dfung<\/strong>: Mit Rei\u00dfverschluss<\/li>\n<li><strong>Pflegehinweise<\/strong>: Handw\u00e4sche empfohlen, Maschinenw\u00e4sche ist auch ok, h\u00e4ngen trocken.<\/li>\n<\/ul>\n<p>Bevor Sie sich f\u00fcr die Herstellung einer K\u00fchltasche entscheiden, sollten Sie etwas wissen<\/p>","protected":false},"excerpt":{"rendered":"<p>Diese isolierte K\u00fchltasche ist gro\u00df genug f\u00fcr Reisen, die nicht gewebten Materialien au\u00dfen k\u00f6nnen benutzerdefinierte reine Farbe oder Muster, innen Aluminiumfolie warm halten.<\/p>","protected":false},"featured_media":10815,"comment_status":"open","ping_status":"closed","template":"","meta":{"_seopress_robots_primary_cat":"none","_seopress_titles_title":"Portable Insulated Non-Woven Cooler Bag | Multi Sizes & OEM Custom","_seopress_titles_desc":"Durable non-woven cooler bags with aluminum foil lining, available in multiple sizes. Custom logo, strap & material options. OEM service with 1000 pcs MOQ.","_seopress_robots_index":""},"product_brand":[185],"product_cat":[30,105,110],"product_tag":[],"class_list":{"0":"post-10812","1":"product","2":"type-product","3":"status-publish","4":"has-post-thumbnail","6":"product_brand-avecobaggie","7":"product_cat-cooler-bag","8":"product_cat-non-woven-bag","9":"product_cat-travel","11":"first","12":"instock","13":"taxable","14":"shipping-taxable","15":"product-type-simple"},"_links":{"self":[{"href":"https:\/\/avecobaggie.com\/de\/wp-json\/wp\/v2\/product\/10812","targetHints":{"allow":["GET"]}}],"collection":[{"href":"https:\/\/avecobaggie.com\/de\/wp-json\/wp\/v2\/product"}],"about":[{"href":"https:\/\/avecobaggie.com\/de\/wp-json\/wp\/v2\/types\/product"}],"replies":[{"embeddable":true,"href":"https:\/\/avecobaggie.com\/de\/wp-json\/wp\/v2\/comments?post=10812"}],"wp:featuredmedia":[{"embeddable":true,"href":"https:\/\/avecobaggie.com\/de\/wp-json\/wp\/v2\/media\/10815"}],"wp:attachment":[{"href":"https:\/\/avecobaggie.com\/de\/wp-json\/wp\/v2\/media?parent=10812"}],"wp:term":[{"taxonomy":"product_brand","embeddable":true,"href":"https:\/\/avecobaggie.com\/de\/wp-json\/wp\/v2\/product_brand?post=10812"},{"taxonomy":"product_cat","embeddable":true,"href":"https:\/\/avecobaggie.com\/de\/wp-json\/wp\/v2\/product_cat?post=10812"},{"taxonomy":"product_tag","embeddable":true,"href":"https:\/\/avecobaggie.com\/de\/wp-json\/wp\/v2\/product_tag?post=10812"}],"curies":[{"name":"wp","href":"https:\/\/api.w.org\/{rel}","templated":true}]}}