{"id":10829,"date":"2025-06-23T11:25:11","date_gmt":"2025-06-23T03:25:11","guid":{"rendered":"https:\/\/avecobaggie.com\/?post_type=product&#038;p=10829"},"modified":"2025-06-25T11:09:51","modified_gmt":"2025-06-25T03:09:51","slug":"portable-insulated-non-woven-cooler-bag-for-takeaway","status":"publish","type":"product","link":"https:\/\/avecobaggie.com\/de\/produkt\/portable-insulated-non-woven-cooler-bag-for-takeaway\/","title":{"rendered":"Portable Insulated Non-Woven Cooler Bag for Takeaway"},"content":{"rendered":"<p>Aveco ist haupts\u00e4chlich Hersteller und OEM f\u00fcr verschiedene Arten von \u00d6ko-Taschen mit einem One-Stop-Shop-L\u00f6sung Service. Unsere Taschen sind langlebig, hohe Qualit\u00e4t und erschwinglich, um verschiedene Zwecke zu erf\u00fcllen.<\/p>\n<p>Alle von uns verwendeten Materialien sind umweltfreundlich, darunter Baumwolle, Segeltuch, Leinen, Jute, Filz usw. Wenn Sie Taschen f\u00fcr Ihre Eigenmarke oder f\u00fcr Werbeveranstaltungen herstellen m\u00f6chten, k\u00f6nnen wir Ihren Bedarf an Massenware mit einem recht niedrigen MOQ und schneller Lieferung decken.<\/p>\n<p>This portable cooler bag is available in multiple sizes, with a non-woven exterior and aluminum foil lining. For the outside material, you can also have a customized request on other materials such as RPET, oxford, polyester, or canvas. the straps can also OEM with a longer version ,or changing into\u00a0 a webbing strap with plain color ,or even with printed or woven letter on.<\/p>\n<p>The MOQ for those bags are 1000 pieces.<\/p>\n<h5><span style=\"color: #333333;\">PRODUKTMERKMALE\u00a0<\/span><\/h5>\n<ul>\n<li><strong>Tasche Stil<\/strong>: Cooler Takeaway Bag<\/li>\n<li><strong>Material Typ<\/strong>: Nicht gewebt mit Alufolie<\/li>\n<li><strong>Material Farbe<\/strong>: customizable<\/li>\n<li><strong>Gr\u00f6\u00dfe der Tasche<\/strong>: 20*11*26CM,24*15*24CM,26*17*26CM&#8230; ( list with standard size, we accept customized size bag \uff09<\/li>\n<li><strong>Impressum Bereich<\/strong>: 1-farbig | 2-farbig | mehrfarbig| Vollfl\u00e4chiger Druck, ein- oder zweiseitiger Druck<\/li>\n<li><strong>Schlie\u00dfung<\/strong>: With\u00a0tape<\/li>\n<\/ul>\n<p>Bevor Sie sich f\u00fcr die Herstellung einer K\u00fchltasche entscheiden, sollten Sie etwas wissen<\/p>\n\n\n<p><\/p>","protected":false},"excerpt":{"rendered":"<p>This insulated cooler bag for Takeaway, the non-woven materials outside can custom pure color or pattern, inside Aluminum foil keep warm.<\/p>","protected":false},"featured_media":10833,"comment_status":"open","ping_status":"closed","template":"","meta":{"_seopress_robots_primary_cat":"none","_seopress_titles_title":"Portable Non-Woven Cooler Bag | Custom Takeaway Bag","_seopress_titles_desc":"Custom insulated cooler bags for food delivery. Non-woven, RPET or canvas options. OEM straps, low MOQ, fast shipping, ideal for takeaway packaging.","_seopress_robots_index":""},"product_brand":[185],"product_cat":[30,105,110],"product_tag":[139],"class_list":{"0":"post-10829","1":"product","2":"type-product","3":"status-publish","4":"has-post-thumbnail","6":"product_brand-avecobaggie","7":"product_cat-cooler-bag","8":"product_cat-non-woven-bag","9":"product_cat-travel","10":"product_tag-non-woven-bag","12":"first","13":"instock","14":"taxable","15":"shipping-taxable","16":"product-type-simple"},"_links":{"self":[{"href":"https:\/\/avecobaggie.com\/de\/wp-json\/wp\/v2\/product\/10829","targetHints":{"allow":["GET"]}}],"collection":[{"href":"https:\/\/avecobaggie.com\/de\/wp-json\/wp\/v2\/product"}],"about":[{"href":"https:\/\/avecobaggie.com\/de\/wp-json\/wp\/v2\/types\/product"}],"replies":[{"embeddable":true,"href":"https:\/\/avecobaggie.com\/de\/wp-json\/wp\/v2\/comments?post=10829"}],"wp:featuredmedia":[{"embeddable":true,"href":"https:\/\/avecobaggie.com\/de\/wp-json\/wp\/v2\/media\/10833"}],"wp:attachment":[{"href":"https:\/\/avecobaggie.com\/de\/wp-json\/wp\/v2\/media?parent=10829"}],"wp:term":[{"taxonomy":"product_brand","embeddable":true,"href":"https:\/\/avecobaggie.com\/de\/wp-json\/wp\/v2\/product_brand?post=10829"},{"taxonomy":"product_cat","embeddable":true,"href":"https:\/\/avecobaggie.com\/de\/wp-json\/wp\/v2\/product_cat?post=10829"},{"taxonomy":"product_tag","embeddable":true,"href":"https:\/\/avecobaggie.com\/de\/wp-json\/wp\/v2\/product_tag?post=10829"}],"curies":[{"name":"wp","href":"https:\/\/api.w.org\/{rel}","templated":true}]}}