{"id":10931,"date":"2025-06-30T16:20:03","date_gmt":"2025-06-30T08:20:03","guid":{"rendered":"https:\/\/avecobaggie.com\/?post_type=product&#038;p=10931"},"modified":"2025-06-30T16:25:46","modified_gmt":"2025-06-30T08:25:46","slug":"custom-muslin-drawstring-bags-reusable-cotton-pouches-for-eco-packaging","status":"publish","type":"product","link":"https:\/\/avecobaggie.com\/de\/produkt\/custom-muslin-drawstring-bags-reusable-cotton-pouches-for-eco-packaging\/","title":{"rendered":"Custom Muslin Drawstring Bags | Reusable Cotton Pouches for Eco Packaging"},"content":{"rendered":"<p>Aveco Unternehmen kann anpassen und Gro\u00dfhandel Leinwand Tragetaschen mit One-Stop-Shop-L\u00f6sung Service. Wir haben auch einige grundlegende Form der Taschen f\u00fcr einen einfachen Start wie auf der Website von aufgef\u00fchrt\u00a0\u00a0<a href=\"https:\/\/avecobaggie.com\/de\/produkt-kategorie\/bags-in-stock\/\"> Taschen auf Lager <\/a>. die meisten der auf Lager befindlichen Taschen sind unbedruckt, so dass es f\u00fcr Sie einfacher ist, ein eigenes Logo oder Etikett f\u00fcr Ihre Kunden zu erstellen, ohne dass Sie ein Minimum ben\u00f6tigen.<\/p>\n<p><span class=\"Apple-converted-space\">\u00a0 \u00a0 Wenn Sie diese \u00d6ko-Taschen individuell gestalten wollen, ist das auch ganz einfach, einige der Taschen sind sogar mit extrem niedrigen <\/span>MOQ for customized surfaces. Especially cotton or canvas bag is extremely low at 200pieces or even less to support beginners, go to <a href=\"https:\/\/avecobaggie.com\/de\/custom-solutions\/\"><strong>MASSGESCHNEIDERTE L\u00d6SUNGEN<\/strong><\/a> um mehr \u00fcber individuelle Taschen zu erfahren.<\/p>\n<p data-start=\"580\" data-end=\"1053\">This muslin drawstring bag is made from 100% natural cotton, featuring a soft and breathable texture ideal for storing small items like soap, tea, herbs, jewelry, or cosmetics. With a secure double-drawstring closure and customizable printing options, it&#8217;s perfect for retail packaging, wedding favors, or promotional gifts. These bags are washable, reusable, and biodegradable\u2014supporting your brand\u2019s commitment to sustainability.<\/p>\n<h4 class=\"p1\"><span style=\"color: #333333;\">Produktmerkmale<\/span><\/h4>\n<ul>\n<li data-start=\"1196\" data-end=\"1236\">\n<p data-start=\"1198\" data-end=\"1236\"><strong data-start=\"1198\" data-end=\"1212\">Bag Style:<\/strong> Muslin Drawstring Bag<\/p>\n<\/li>\n<li data-start=\"1237\" data-end=\"1304\">\n<p data-start=\"1239\" data-end=\"1304\"><strong data-start=\"1239\" data-end=\"1252\">Material:<\/strong> 100% Cotton Muslin (Unbleached or Dyed Available)<\/p>\n<\/li>\n<li data-start=\"1305\" data-end=\"1367\">\n<p data-start=\"1307\" data-end=\"1367\"><strong data-start=\"1307\" data-end=\"1316\">Gr\u00f6\u00dfe:<\/strong> Various standard sizes (custom sizing available)<\/p>\n<\/li>\n<li data-start=\"1368\" data-end=\"1426\">\n<p data-start=\"1370\" data-end=\"1426\"><strong data-start=\"1370\" data-end=\"1388\">Color Options:<\/strong> Natural beige \/ White \/ Custom dyed<\/p>\n<\/li>\n<li data-start=\"1427\" data-end=\"1469\">\n<p data-start=\"1429\" data-end=\"1469\"><strong data-start=\"1429\" data-end=\"1441\">Closure:<\/strong> Double drawstring closure<\/p>\n<\/li>\n<li data-start=\"1470\" data-end=\"1562\">\n<p data-start=\"1472\" data-end=\"1562\"><strong data-start=\"1472\" data-end=\"1489\">Applications:<\/strong> Soap packaging, tea storage, wedding favors, jewelry pouch, spice bags<\/p>\n<\/li>\n<li data-start=\"1563\" data-end=\"1630\">\n<p data-start=\"1565\" data-end=\"1630\"><strong data-start=\"1565\" data-end=\"1578\">Features:<\/strong> Reusable, breathable, biodegradable, eco-friendly<\/p>\n<\/li>\n<li data-start=\"1631\" data-end=\"1695\">\n<p data-start=\"1633\" data-end=\"1695\"><strong data-start=\"1633\" data-end=\"1651\">Anpassungen:<\/strong> Logo printing, label tag, packaging, size<\/p>\n<\/li>\n<li data-start=\"1696\" data-end=\"1735\">\n<p data-start=\"1698\" data-end=\"1735\"><strong data-start=\"1698\" data-end=\"1706\">MOQ:<\/strong> Low minimum order accepted<\/p>\n<\/li>\n<li data-start=\"1736\" data-end=\"1791\">\n<p data-start=\"1738\" data-end=\"1791\"><strong data-start=\"1738\" data-end=\"1760\">Care Instructions:<\/strong> Hand wash recommended; air dry<\/p>\n<\/li>\n<\/ul>","protected":false},"excerpt":{"rendered":"<p>Reusable cotton muslin drawstring bags, perfect for packaging soap, tea, jewelry, or handmade gifts. Soft, breathable, and customizable with your logo.<\/p>","protected":false},"featured_media":10932,"comment_status":"open","ping_status":"closed","template":"","meta":{"_seopress_robots_primary_cat":"none","_seopress_titles_title":"Custom Muslin Drawstring Bags | Eco-Friendly Cotton Gift Pouches","_seopress_titles_desc":"Reusable muslin drawstring bags made of 100% cotton. Ideal for packaging soap, tea, or small gifts. Custom logo and size available. Low MOQ. Eco-friendly.","_seopress_robots_index":""},"product_brand":[],"product_cat":[92,102,108,110],"product_tag":[],"class_list":{"0":"post-10931","1":"product","2":"type-product","3":"status-publish","4":"has-post-thumbnail","6":"product_cat-drawstring-bag","7":"product_cat-cotton-canvas-bag","8":"product_cat-work-school","9":"product_cat-travel","11":"first","12":"instock","13":"taxable","14":"shipping-taxable","15":"product-type-simple"},"_links":{"self":[{"href":"https:\/\/avecobaggie.com\/de\/wp-json\/wp\/v2\/product\/10931","targetHints":{"allow":["GET"]}}],"collection":[{"href":"https:\/\/avecobaggie.com\/de\/wp-json\/wp\/v2\/product"}],"about":[{"href":"https:\/\/avecobaggie.com\/de\/wp-json\/wp\/v2\/types\/product"}],"replies":[{"embeddable":true,"href":"https:\/\/avecobaggie.com\/de\/wp-json\/wp\/v2\/comments?post=10931"}],"wp:featuredmedia":[{"embeddable":true,"href":"https:\/\/avecobaggie.com\/de\/wp-json\/wp\/v2\/media\/10932"}],"wp:attachment":[{"href":"https:\/\/avecobaggie.com\/de\/wp-json\/wp\/v2\/media?parent=10931"}],"wp:term":[{"taxonomy":"product_brand","embeddable":true,"href":"https:\/\/avecobaggie.com\/de\/wp-json\/wp\/v2\/product_brand?post=10931"},{"taxonomy":"product_cat","embeddable":true,"href":"https:\/\/avecobaggie.com\/de\/wp-json\/wp\/v2\/product_cat?post=10931"},{"taxonomy":"product_tag","embeddable":true,"href":"https:\/\/avecobaggie.com\/de\/wp-json\/wp\/v2\/product_tag?post=10931"}],"curies":[{"name":"wp","href":"https:\/\/api.w.org\/{rel}","templated":true}]}}