{"id":1697,"date":"2021-03-01T23:54:04","date_gmt":"2021-03-01T15:54:04","guid":{"rendered":"https:\/\/avecobaggie.com\/?post_type=product&#038;p=1697"},"modified":"2021-03-30T11:19:55","modified_gmt":"2021-03-30T03:19:55","slug":"heavy-duty-canvas-tote-bag-with-pocket-outside","status":"publish","type":"product","link":"https:\/\/avecobaggie.com\/de\/produkt\/heavy-duty-canvas-tote-bag-with-pocket-outside\/","title":{"rendered":"Heavy Duty Canvas Tragetasche mit Tasche au\u00dfen"},"content":{"rendered":"<p>Aveco bietet haupts\u00e4chlich kundenspezifische \u00d6ko-Taschen mit einem One-Stop-Shop-L\u00f6sungs-Service. Wir haben auch einige grundlegende Form der Taschen f\u00fcr einen einfachen Start als auf der Website von aufgef\u00fchrt\u00a0\u00a0<a href=\"https:\/\/avecobaggie.com\/de\/produkt-kategorie\/bags-in-stock\/\"> Taschen auf Lager <\/a>. die meisten der auf Lager befindlichen Taschen sind unbedruckt, so dass es f\u00fcr Sie einfacher ist, ein eigenes Logo oder Etikett f\u00fcr Ihre Kunden zu erstellen, ohne dass Sie ein Minimum ben\u00f6tigen.<\/p>\n<p><span class=\"Apple-converted-space\">\u00a0 \u00a0 Wenn Sie diese \u00d6ko-Taschen individuell gestalten wollen, ist das auch ganz einfach, einige der Taschen sind sogar mit extrem niedrigen <\/span>MOQ f\u00fcr kundenspezifische Oberfl\u00e4chen. Besonders Baumwolle oder Segeltuch Tasche ist extrem niedrig bei 100pieces oder sogar weniger zu unterst\u00fctzen Anf\u00e4nger, gehen Sie zu <a href=\"https:\/\/avecobaggie.com\/de\/custom-solutions\/\"><strong>MASSGESCHNEIDERTE L\u00d6SUNGEN<\/strong><\/a> um mehr \u00fcber individuelle Taschen zu erfahren.<\/p>\n<h3 class=\"p1\"><span style=\"color: #333333;\">Produktmerkmale f\u00fcr Heavy Duty Canvas Tote Bag<\/span><\/h3>\n<ul>\n<li><strong>Tasche Stil<\/strong>: Totes<\/li>\n<li><strong>Material Typ<\/strong>: Segeltuch, hergestellt aus 35% Baumwolle\/65% Polyester, um die Vorteile von Baumwolle und Polyester zu kombinieren, dick und haltbar, kann eine Menge Sachen bis zu 30lb aufnehmen.<\/li>\n<li><strong>Material Gewicht<\/strong>: 8 oz \/10 oz\/ 12 oz\/14 oz, wir empfehlen mindestens 8 oz<\/li>\n<li><strong>Material Farbe<\/strong>: Wei\u00df<\/li>\n<li><strong>Gr\u00f6\u00dfe der Tasche<\/strong>: 4\u2033W x 6\u2033H |6\u2033W x 8\u2033H|10\u2033W x 12\u2033H\uff08 Liste mit beliebten Gr\u00f6\u00dfe, wir akzeptieren kundenspezifische Gr\u00f6\u00dfe Tasche \uff09<\/li>\n<li><strong>Impressum Bereich<\/strong>: 1-farbig | 2-farbig | mehrfarbig| Vollfl\u00e4chiger Druck, ein- oder zweiseitiger Druck<\/li>\n<li><strong>Verschluss: offen<\/strong><\/li>\n<li><strong>Pflegehinweise<\/strong>: Handw\u00e4sche empfohlen, Maschinenw\u00e4sche ist auch ok, h\u00e4ngen trocken.<\/li>\n<\/ul>\n<p><strong>Hinweise:Bei Baumwollstoffen kann es nach dem Waschen zu einem leichten Einlaufen kommen.<\/strong><\/p>","protected":false},"excerpt":{"rendered":"<p>Vielf\u00e4ltige Nutzung dieser personalisierten Tragetasche, kann nicht nur ein Lebensmittelgesch\u00e4ft Einkaufstasche sein, sondern auch Tragetasche f\u00fcr die Schule, Strandtasche, Turnhalle Tragetasche, Yoga-Tasche, etc. sein.<\/p>","protected":false},"featured_media":1763,"comment_status":"open","ping_status":"closed","template":"","meta":{"_seopress_robots_primary_cat":"none","_seopress_titles_title":"%%post_title%% %%sep%% %%sitetitle%%","_seopress_titles_desc":"Custom and wholesale any heavy duty canvas tote bag in all sizes, prints, with additional accessories.Some stock designs also available for quick ship.","_seopress_robots_index":""},"product_brand":[],"product_cat":[29,102,108,109,110],"product_tag":[],"class_list":{"0":"post-1697","1":"product","2":"type-product","3":"status-publish","4":"has-post-thumbnail","6":"product_cat-tote-bag","7":"product_cat-cotton-canvas-bag","8":"product_cat-work-school","9":"product_cat-everyday","10":"product_cat-travel","12":"first","13":"instock","14":"taxable","15":"shipping-taxable","16":"product-type-simple"},"_links":{"self":[{"href":"https:\/\/avecobaggie.com\/de\/wp-json\/wp\/v2\/product\/1697","targetHints":{"allow":["GET"]}}],"collection":[{"href":"https:\/\/avecobaggie.com\/de\/wp-json\/wp\/v2\/product"}],"about":[{"href":"https:\/\/avecobaggie.com\/de\/wp-json\/wp\/v2\/types\/product"}],"replies":[{"embeddable":true,"href":"https:\/\/avecobaggie.com\/de\/wp-json\/wp\/v2\/comments?post=1697"}],"wp:featuredmedia":[{"embeddable":true,"href":"https:\/\/avecobaggie.com\/de\/wp-json\/wp\/v2\/media\/1763"}],"wp:attachment":[{"href":"https:\/\/avecobaggie.com\/de\/wp-json\/wp\/v2\/media?parent=1697"}],"wp:term":[{"taxonomy":"product_brand","embeddable":true,"href":"https:\/\/avecobaggie.com\/de\/wp-json\/wp\/v2\/product_brand?post=1697"},{"taxonomy":"product_cat","embeddable":true,"href":"https:\/\/avecobaggie.com\/de\/wp-json\/wp\/v2\/product_cat?post=1697"},{"taxonomy":"product_tag","embeddable":true,"href":"https:\/\/avecobaggie.com\/de\/wp-json\/wp\/v2\/product_tag?post=1697"}],"curies":[{"name":"wp","href":"https:\/\/api.w.org\/{rel}","templated":true}]}}