{"id":1734,"date":"2021-03-02T11:21:26","date_gmt":"2021-03-02T03:21:26","guid":{"rendered":"https:\/\/avecobaggie.com\/?post_type=product&#038;p=1734"},"modified":"2021-03-30T11:13:53","modified_gmt":"2021-03-30T03:13:53","slug":"custom-zipper-canvas-tote-bag","status":"publish","type":"product","link":"https:\/\/avecobaggie.com\/de\/produkt\/custom-zipper-canvas-tote-bag\/","title":{"rendered":"Individuelle Tragetasche aus Segeltuch mit Rei\u00dfverschluss"},"content":{"rendered":"<p>Aveco bietet haupts\u00e4chlich kundenspezifische \u00d6ko-Tragetaschen mit einem One-Stop-Shop-L\u00f6sungs-Service. Unsere Taschen sind langlebig, hochwertig und erschwinglich, um verschiedene Zwecke zu erf\u00fcllen. Alle von uns verwendeten Materialien sind umweltfreundlich, einschlie\u00dflich Baumwolle, Segeltuch, Leinen, Jute, Filz usw. Wenn Sie Taschen mit Ihrer Eigenmarke oder f\u00fcr Werbeveranstaltungen herstellen m\u00f6chten, k\u00f6nnen wir Ihren Bedarf an Massenware mit einer recht niedrigen Mindestbestellmenge und schneller Lieferung decken.<\/p>\n<h3 class=\"p1\"><span style=\"color: #333333;\">Produktmerkmale f\u00fcr Canvas-Tragetasche mit Rei\u00dfverschluss<\/span><\/h3>\n<ul>\n<li><strong>Tasche Stil<\/strong>: Taschen mit Rei\u00dfverschluss und Innentaschen<\/li>\n<li><strong>Material Typ<\/strong>: Segeltuch<\/li>\n<li><strong>Material Gewicht<\/strong>:  12 oz \/ wir k\u00f6nnen auch andere Dicken nach Ihren W\u00fcnschen herstellen, <a href=\"https:\/\/avecobaggie.com\/de\/custom-solutions\/\">Klicken Sie hier, um die Gewichtstabelle des Stoffes zu sehen<\/a><\/li>\n<li><strong>Material Farbe<\/strong>: Naturbeige<\/li>\n<li><strong>Gr\u00f6\u00dfe der Tasche<\/strong>: 40X31X8CM (Liste mit Standardgr\u00f6\u00dfe, wir akzeptieren kundenspezifische Gr\u00f6\u00dfe Tasche \uff09<\/li>\n<li><strong>Impressum Bereich<\/strong>: 1-farbig | 2-farbig | mehrfarbig| Vollfl\u00e4chiger Druck, ein- oder zweiseitiger Druck<\/li>\n<li><strong>Schlie\u00dfung<\/strong>: Mit Rei\u00dfverschluss\/Mit Druckknopf<\/li>\n<li><strong>Pflegehinweise<\/strong>: Handw\u00e4sche empfohlen, Maschinenw\u00e4sche ist auch ok, h\u00e4ngen trocken.<\/li>\n<\/ul>\n<p><strong>Hinweise:Bei Baumwollstoffen kann es nach dem Waschen zu einem leichten Einlaufen kommen.<\/strong><\/p>","protected":false},"excerpt":{"rendered":"<p>Hochwertiges umweltfreundliches Canvas-Gewebe, einfacher und gut aussehender Stil, niedriges MOQ, schneller Versand<\/p>","protected":false},"featured_media":1762,"comment_status":"open","ping_status":"closed","template":"","meta":{"_seopress_robots_primary_cat":"none","_seopress_titles_title":"Custom zipper canvas tote bag - OEM &amp; ODM - Low MOQ","_seopress_titles_desc":"Canvas tote bag designed with zipper, one inside pocket and easy to carry.with gusset, easy to print your brand or do a full printing is workable,Ask us Now","_seopress_robots_index":""},"product_brand":[],"product_cat":[29,102,109],"product_tag":[],"class_list":{"0":"post-1734","1":"product","2":"type-product","3":"status-publish","4":"has-post-thumbnail","6":"product_cat-tote-bag","7":"product_cat-cotton-canvas-bag","8":"product_cat-everyday","10":"first","11":"instock","12":"taxable","13":"shipping-taxable","14":"product-type-simple"},"_links":{"self":[{"href":"https:\/\/avecobaggie.com\/de\/wp-json\/wp\/v2\/product\/1734","targetHints":{"allow":["GET"]}}],"collection":[{"href":"https:\/\/avecobaggie.com\/de\/wp-json\/wp\/v2\/product"}],"about":[{"href":"https:\/\/avecobaggie.com\/de\/wp-json\/wp\/v2\/types\/product"}],"replies":[{"embeddable":true,"href":"https:\/\/avecobaggie.com\/de\/wp-json\/wp\/v2\/comments?post=1734"}],"wp:featuredmedia":[{"embeddable":true,"href":"https:\/\/avecobaggie.com\/de\/wp-json\/wp\/v2\/media\/1762"}],"wp:attachment":[{"href":"https:\/\/avecobaggie.com\/de\/wp-json\/wp\/v2\/media?parent=1734"}],"wp:term":[{"taxonomy":"product_brand","embeddable":true,"href":"https:\/\/avecobaggie.com\/de\/wp-json\/wp\/v2\/product_brand?post=1734"},{"taxonomy":"product_cat","embeddable":true,"href":"https:\/\/avecobaggie.com\/de\/wp-json\/wp\/v2\/product_cat?post=1734"},{"taxonomy":"product_tag","embeddable":true,"href":"https:\/\/avecobaggie.com\/de\/wp-json\/wp\/v2\/product_tag?post=1734"}],"curies":[{"name":"wp","href":"https:\/\/api.w.org\/{rel}","templated":true}]}}