{"id":1794,"date":"2021-03-02T15:49:15","date_gmt":"2021-03-02T07:49:15","guid":{"rendered":"https:\/\/avecobaggie.com\/?post_type=product&#038;p=1794"},"modified":"2021-03-30T11:09:34","modified_gmt":"2021-03-30T03:09:34","slug":"full-print-linen-tote","status":"publish","type":"product","link":"https:\/\/avecobaggie.com\/de\/produkt\/full-print-linen-tote\/","title":{"rendered":"Leinen-Tote mit Volldruck"},"content":{"rendered":"<p>Aveco bietet haupts\u00e4chlich kundenspezifische \u00d6ko-Taschen mit One-Stop-Shop-L\u00f6sung Service. wir k\u00f6nnen OEM mit einer vollst\u00e4ndigen Palette von Baumwolltasche, Canvas-Tasche, l inen Tasche, Jute Tasche, Oxford Tasche, Tragetasche, Lunch Bag, Strandtasche, Turnhalle Taschen K\u00fchltaschen, und andere kreative Taschen.Wir haben auch einige grundlegende Form der \u00d6ko-Taschen f\u00fcr einen einfachen Start als auf der Website von\u00a0\u00a0<a href=\"https:\/\/avecobaggie.com\/de\/produkt-kategorie\/bags-in-stock\/\"> Taschen auf Lager <\/a>. die meisten der auf Lager befindlichen Taschen sind unbedruckt, so dass es f\u00fcr Sie einfacher ist, ein eigenes Logo oder Etikett f\u00fcr Ihre Kunden zu erstellen, ohne dass Sie ein Minimum ben\u00f6tigen.<\/p>\n<p><span class=\"Apple-converted-space\">\u00a0 \u00a0 Wenn Sie diese \u00d6ko-Taschen individuell gestalten wollen, ist das auch ganz einfach, einige der Taschen sind sogar mit extrem niedrigen <\/span>MOQ f\u00fcr kundenspezifische Oberfl\u00e4chen. Besonders Baumwolle oder Segeltuch Tasche ist extrem niedrig bei 100pieces oder sogar weniger zu unterst\u00fctzen Anf\u00e4nger, gehen Sie zu <a href=\"https:\/\/avecobaggie.com\/de\/custom-solutions\/\"><strong>MASSGESCHNEIDERTE L\u00d6SUNGEN<\/strong><\/a> um mehr \u00fcber individuelle Taschen zu erfahren.<\/p>\n<h3 class=\"p1\"><span style=\"color: #333333;\">Produktmerkmale f\u00fcr Full Print Linen Tote<\/span><\/h3>\n<ul>\n<li><strong>Tasche Stil<\/strong>: Totes Umh\u00e4ngetasche<\/li>\n<li><strong>Material Typ<\/strong>: Nat\u00fcrliches Leinen mit Volldruck<\/li>\n<li><strong>Material Farbe<\/strong>: Naturbeige<\/li>\n<li><strong>Gr\u00f6\u00dfe der Tasche<\/strong>:34X43CM ( Liste mit Standardgr\u00f6\u00dfe, wir akzeptieren kundenspezifische Gr\u00f6\u00dfe Tasche \uff09<\/li>\n<li><strong>Impressum Bereich<\/strong>: 1-farbig | 2-farbig | mehrfarbig| Vollfl\u00e4chiger Druck, ein- oder zweiseitiger Druck<\/li>\n<li><strong>Schlie\u00dfung<\/strong>: \u00d6ffnen Sie<\/li>\n<li><strong>Pflegehinweise<\/strong>: Handw\u00e4sche empfohlen, Maschinenw\u00e4sche ist auch ok, h\u00e4ngen trocken.<\/li>\n<\/ul>","protected":false},"excerpt":{"rendered":"<p>Neu im Stil, einzigartig in der Form und exquisit in der Verarbeitung, benutzerdefinierte jede Farbe oder vollst\u00e4ndige Design auf dem Leinen Tragetasche mit einem MOQ von 100 St\u00fcck, Fast Mockup, Free Design, Ihre beste Wahl auf Werbe-Taschen<\/p>","protected":false},"featured_media":1795,"comment_status":"open","ping_status":"closed","template":"","meta":{"_seopress_robots_primary_cat":"none","_seopress_titles_title":"%%post_title%% %%sep%%Free Sample %%sep%%OEM%%sep%%Avecobaggie","_seopress_titles_desc":"Aveco can custom any color or full design on the linen tote bag with an MOQ of 100 pieces,Fast Mockup,Free Design,Ask for a quote now. ","_seopress_robots_index":""},"product_brand":[],"product_cat":[29,103,111],"product_tag":[131],"class_list":{"0":"post-1794","1":"product","2":"type-product","3":"status-publish","4":"has-post-thumbnail","6":"product_cat-tote-bag","7":"product_cat-other-fabric-bag","8":"product_cat-promotional-events","9":"product_tag-linen-bag","11":"first","12":"instock","13":"taxable","14":"shipping-taxable","15":"product-type-simple"},"_links":{"self":[{"href":"https:\/\/avecobaggie.com\/de\/wp-json\/wp\/v2\/product\/1794","targetHints":{"allow":["GET"]}}],"collection":[{"href":"https:\/\/avecobaggie.com\/de\/wp-json\/wp\/v2\/product"}],"about":[{"href":"https:\/\/avecobaggie.com\/de\/wp-json\/wp\/v2\/types\/product"}],"replies":[{"embeddable":true,"href":"https:\/\/avecobaggie.com\/de\/wp-json\/wp\/v2\/comments?post=1794"}],"wp:featuredmedia":[{"embeddable":true,"href":"https:\/\/avecobaggie.com\/de\/wp-json\/wp\/v2\/media\/1795"}],"wp:attachment":[{"href":"https:\/\/avecobaggie.com\/de\/wp-json\/wp\/v2\/media?parent=1794"}],"wp:term":[{"taxonomy":"product_brand","embeddable":true,"href":"https:\/\/avecobaggie.com\/de\/wp-json\/wp\/v2\/product_brand?post=1794"},{"taxonomy":"product_cat","embeddable":true,"href":"https:\/\/avecobaggie.com\/de\/wp-json\/wp\/v2\/product_cat?post=1794"},{"taxonomy":"product_tag","embeddable":true,"href":"https:\/\/avecobaggie.com\/de\/wp-json\/wp\/v2\/product_tag?post=1794"}],"curies":[{"name":"wp","href":"https:\/\/api.w.org\/{rel}","templated":true}]}}