{"id":1873,"date":"2021-03-03T17:07:29","date_gmt":"2021-03-03T09:07:29","guid":{"rendered":"https:\/\/avecobaggie.com\/?post_type=product&#038;p=1873"},"modified":"2021-03-30T11:02:44","modified_gmt":"2021-03-30T03:02:44","slug":"small-draw-string-sack-of-jewelry-and-joyful","status":"publish","type":"product","link":"https:\/\/avecobaggie.com\/de\/produkt\/small-draw-string-sack-of-jewelry-and-joyful\/","title":{"rendered":"Der Gro\u00dfhandel Burlap Tasche Zugband"},"content":{"rendered":"<p>Aveco bietet haupts\u00e4chlich kundenspezifische \u00d6ko-Taschen mit einem One-Stop-Shop-Service. Unsere Taschen sind langlebig, qualitativ hochwertig und erschwinglich, um verschiedene Zwecke zu erf\u00fcllen. Alle von uns verwendeten Materialien sind umweltfreundlich, einschlie\u00dflich Baumwolle, Segeltuch, Leinen, Jute, Filz usw. Wenn Sie Taschen mit Ihrer Eigenmarke oder f\u00fcr Werbeveranstaltungen herstellen m\u00f6chten, k\u00f6nnen wir Ihren Bedarf an Massenware mit einem recht niedrigen MOQ und schneller Lieferung decken.<\/p>\n<p>The listing small burlap bag can be customized with different sizes, with size small to large, and if you want a gusset,it is also ok, It has a wide occasions\u00a0 using as a burlap coffee bags, burlap makeup bags, money bags, bags for candles and so on.<\/p>\n<p>For larger bags, it is suitable for gifts, herbs and vegetable.It&#8217;s eco friendly and high quality,<\/p>\n<h3 class=\"p1\"><span style=\"color: #333333;\">Product Features for The Wholesale Burlap Bag<\/span><\/h3>\n<ul>\n<li><strong>Tasche Stil<\/strong>: Burlap bag<\/li>\n<li><strong>Material Typ<\/strong>: Jute<\/li>\n<li><strong>Material Gewicht<\/strong>: &#8212;<\/li>\n<li><strong>Material Farbe<\/strong>: Jute natur<\/li>\n<li><strong>Gr\u00f6\u00dfe der Tasche<\/strong>: 10X15CM\uff08 list with popular size, we accept customized size bag \uff09<\/li>\n<li><strong>Impressum Bereich<\/strong>: 1-farbig | 2-farbig | mehrfarbig| Vollfl\u00e4chiger Druck, ein- oder zweiseitiger Druck<\/li>\n<li><strong>Schlie\u00dfung<\/strong>: Kordelzug<\/li>\n<li><strong>Pflegehinweise<\/strong>: Handw\u00e4sche empfohlen, Maschinenw\u00e4sche ist auch ok, h\u00e4ngen trocken.<\/li>\n<\/ul>\n<p><strong>Hinweise:Bei Baumwollstoffen kann es nach dem Waschen zu einem leichten Einlaufen kommen.<\/strong><\/p>","protected":false},"excerpt":{"rendered":"<p>Perfekt f\u00fcr Geschenke mit Kauf Programme und Werbegeschenke, erhalten mit Ihrem Logo auf der Baumwolle Kordelzug Tasche angepasst und erweitern Sie Ihre Markenbekanntheit<\/p>","protected":false},"featured_media":1874,"comment_status":"open","ping_status":"closed","template":"","meta":{"_seopress_robots_primary_cat":"none","_seopress_titles_title":"%%post_title%% - OEM - Aveco","_seopress_titles_desc":"Eco friendly Jute Material Burlap bag, with drawstring ,can print logo or pattern. Multiple Sizes.Get Custom Easily With MOQ 100pieces.Let&#039;s Work Now","_seopress_robots_index":""},"product_brand":[],"product_cat":[92,104,111],"product_tag":[],"class_list":{"0":"post-1873","1":"product","2":"type-product","3":"status-publish","4":"has-post-thumbnail","6":"product_cat-drawstring-bag","7":"product_cat-jute-burlap-bag","8":"product_cat-promotional-events","10":"first","11":"instock","12":"taxable","13":"shipping-taxable","14":"product-type-simple"},"_links":{"self":[{"href":"https:\/\/avecobaggie.com\/de\/wp-json\/wp\/v2\/product\/1873","targetHints":{"allow":["GET"]}}],"collection":[{"href":"https:\/\/avecobaggie.com\/de\/wp-json\/wp\/v2\/product"}],"about":[{"href":"https:\/\/avecobaggie.com\/de\/wp-json\/wp\/v2\/types\/product"}],"replies":[{"embeddable":true,"href":"https:\/\/avecobaggie.com\/de\/wp-json\/wp\/v2\/comments?post=1873"}],"wp:featuredmedia":[{"embeddable":true,"href":"https:\/\/avecobaggie.com\/de\/wp-json\/wp\/v2\/media\/1874"}],"wp:attachment":[{"href":"https:\/\/avecobaggie.com\/de\/wp-json\/wp\/v2\/media?parent=1873"}],"wp:term":[{"taxonomy":"product_brand","embeddable":true,"href":"https:\/\/avecobaggie.com\/de\/wp-json\/wp\/v2\/product_brand?post=1873"},{"taxonomy":"product_cat","embeddable":true,"href":"https:\/\/avecobaggie.com\/de\/wp-json\/wp\/v2\/product_cat?post=1873"},{"taxonomy":"product_tag","embeddable":true,"href":"https:\/\/avecobaggie.com\/de\/wp-json\/wp\/v2\/product_tag?post=1873"}],"curies":[{"name":"wp","href":"https:\/\/api.w.org\/{rel}","templated":true}]}}