{"id":1898,"date":"2021-03-04T09:33:25","date_gmt":"2021-03-04T01:33:25","guid":{"rendered":"https:\/\/avecobaggie.com\/?post_type=product&#038;p=1898"},"modified":"2022-08-01T17:46:22","modified_gmt":"2022-08-01T09:46:22","slug":"custom-small-satin-gift-bag","status":"publish","type":"product","link":"https:\/\/avecobaggie.com\/de\/produkt\/custom-small-satin-gift-bag\/","title":{"rendered":"Individuelle kleine Satin-Geschenktasche"},"content":{"rendered":"<p>Aveco bietet haupts\u00e4chlich kundenspezifische \u00d6ko-Taschen mit einem One-Stop-Shop-L\u00f6sungs-Service. Wir haben auch einige grundlegende Form der Taschen f\u00fcr einen einfachen Start als auf der Website von aufgef\u00fchrt\u00a0\u00a0<a href=\"https:\/\/avecobaggie.com\/de\/produkt-kategorie\/bags-in-stock\/\"> Taschen auf Lager <\/a>. die meisten der auf Lager befindlichen Taschen sind unbedruckt, so dass es f\u00fcr Sie einfacher ist, ein eigenes Logo oder Etikett f\u00fcr Ihre Kunden zu erstellen, ohne dass Sie ein Minimum ben\u00f6tigen.<\/p>\n<p><span class=\"Apple-converted-space\">\u00a0 \u00a0 Wenn Sie diese \u00d6ko-Taschen individuell gestalten wollen, ist das auch ganz einfach, einige der Taschen sind sogar mit extrem niedrigen <\/span>MOQ f\u00fcr kundenspezifische Oberfl\u00e4chen. Besonders Baumwolle oder Segeltuch Tasche ist extrem niedrig bei 100pieces oder sogar weniger zu unterst\u00fctzen Anf\u00e4nger, gehen Sie zu <a href=\"https:\/\/avecobaggie.com\/de\/custom-solutions\/\"><strong>MASSGESCHNEIDERTE L\u00d6SUNGEN<\/strong><\/a> um mehr \u00fcber individuelle Taschen zu erfahren.<\/p>\n<h3 class=\"p1\"><span style=\"color: #333333;\">\u00a0 \u00a0 Produktmerkmale f\u00fcr die kleine Satin-Geschenktasche nach Ma\u00df<\/span><\/h3>\n<ul>\n<li><strong>Tasche Stil<\/strong>: Satin-Geschenktasche<\/li>\n<li><strong>Material Typ<\/strong>: Satin,<span class=\"a-list-item\">Das robuste Material ist formstabil und verhindert, dass sich die Taschen verformen und faltig werden. Stark genug, um schwerere Gegenst\u00e4nde zu halten<\/span><\/li>\n<li><strong>Material Farbe<\/strong>: Farbe<\/li>\n<li><strong>Gr\u00f6\u00dfe der Tasche<\/strong>: 13X18CM\uff08 Liste mit beliebten Gr\u00f6\u00dfe, wir akzeptieren kundenspezifische Gr\u00f6\u00dfe Tasche \uff09<\/li>\n<li><strong>Impressum Bereich<\/strong>: 1-farbig | 2-farbig | mehrfarbig| Vollfl\u00e4chiger Druck, ein- oder zweiseitiger Druck<\/li>\n<li><strong>Schlie\u00dfung<\/strong>: Der Kordelzug h\u00e4lt Ihre Gegenst\u00e4nde sicher aufbewahrt und die hochwertigen Doppeln\u00e4hte sorgen f\u00fcr einen sicheren Sitz und eine lange Nutzungsdauer, <span class=\"a-list-item\">eine gute Qualit\u00e4t Band Kordelzug, machen die Taschen leicht zu \u00f6ffnen und zu schlie\u00dfen, so kann es Ihnen helfen, Objekt verloren zu vermeiden.<\/span><\/li>\n<li><strong>Pflegehinweise<\/strong>: Handw\u00e4sche empfohlen.<\/li>\n<li><strong>Breite Anwendung:<\/strong><span class=\"a-list-item\">\u00a0Die kleinen Satin-Geschenkt\u00fcten sind perfekt f\u00fcr Urlaub, Partys, Baby-Duschen, Halloween, Weihnachten und andere besondere Anl\u00e4sse. Gut f\u00fcr die Verpackung speichern Geschenke, Schmuck, Make-up-Flasche, S\u00fc\u00dfigkeiten, Snacks, Beutel Gef\u00e4lligkeiten, Proben, Geschenke, Seifen, Karten, M\u00fcnzen andere etwas schwerere Gegenst\u00e4nde, etc.<\/span><\/li>\n<\/ul>","protected":false},"excerpt":{"rendered":"<p>Hergestellt aus glattem Qualit\u00e4tssatinstoff, leicht und ultraweich. Perfekt f\u00fcr Geschenke mit Kauf Programme und Werbegeschenke, erhalten mit Ihrem Logo auf von der Satin-Tasche Hersteller angepasst und erweitern Sie Ihre Marke.<\/p>","protected":false},"featured_media":1899,"comment_status":"open","ping_status":"closed","template":"","meta":{"_seopress_robots_primary_cat":"none","_seopress_titles_title":"Custom Small Satin Gift Bags - Free Sample - Fast Proofing","_seopress_titles_desc":"Smooth Satin Fabric, Lightweight and Ultra Soft.Perfect for promotional events. Get customized Now on small satin gift bags and expand your brand.","_seopress_robots_index":""},"product_brand":[],"product_cat":[92,103,109,111],"product_tag":[],"class_list":{"0":"post-1898","1":"product","2":"type-product","3":"status-publish","4":"has-post-thumbnail","6":"product_cat-drawstring-bag","7":"product_cat-other-fabric-bag","8":"product_cat-everyday","9":"product_cat-promotional-events","11":"first","12":"instock","13":"taxable","14":"shipping-taxable","15":"product-type-simple"},"_links":{"self":[{"href":"https:\/\/avecobaggie.com\/de\/wp-json\/wp\/v2\/product\/1898","targetHints":{"allow":["GET"]}}],"collection":[{"href":"https:\/\/avecobaggie.com\/de\/wp-json\/wp\/v2\/product"}],"about":[{"href":"https:\/\/avecobaggie.com\/de\/wp-json\/wp\/v2\/types\/product"}],"replies":[{"embeddable":true,"href":"https:\/\/avecobaggie.com\/de\/wp-json\/wp\/v2\/comments?post=1898"}],"wp:featuredmedia":[{"embeddable":true,"href":"https:\/\/avecobaggie.com\/de\/wp-json\/wp\/v2\/media\/1899"}],"wp:attachment":[{"href":"https:\/\/avecobaggie.com\/de\/wp-json\/wp\/v2\/media?parent=1898"}],"wp:term":[{"taxonomy":"product_brand","embeddable":true,"href":"https:\/\/avecobaggie.com\/de\/wp-json\/wp\/v2\/product_brand?post=1898"},{"taxonomy":"product_cat","embeddable":true,"href":"https:\/\/avecobaggie.com\/de\/wp-json\/wp\/v2\/product_cat?post=1898"},{"taxonomy":"product_tag","embeddable":true,"href":"https:\/\/avecobaggie.com\/de\/wp-json\/wp\/v2\/product_tag?post=1898"}],"curies":[{"name":"wp","href":"https:\/\/api.w.org\/{rel}","templated":true}]}}