{"id":1941,"date":"2021-03-04T14:36:27","date_gmt":"2021-03-04T06:36:27","guid":{"rendered":"https:\/\/avecobaggie.com\/?post_type=product&#038;p=1941"},"modified":"2021-03-30T10:57:16","modified_gmt":"2021-03-30T02:57:16","slug":"canvas-2-bottles-wine-totes","status":"publish","type":"product","link":"https:\/\/avecobaggie.com\/de\/produkt\/canvas-2-bottles-wine-totes\/","title":{"rendered":"Canvas 2 Flaschen Wine Totes"},"content":{"rendered":"<p>Aveco bietet haupts\u00e4chlich kundenspezifische \u00d6ko-Taschen mit einem One-Stop-Shop-Service. Unsere Taschen sind langlebig, qualitativ hochwertig und erschwinglich, um verschiedene Zwecke zu erf\u00fcllen. Alle von uns verwendeten Materialien sind umweltfreundlich, einschlie\u00dflich Baumwolle, Segeltuch, Leinen, Jute, Filz usw. Wenn Sie Taschen mit Ihrer Eigenmarke oder f\u00fcr Werbeveranstaltungen herstellen m\u00f6chten, k\u00f6nnen wir Ihren Bedarf an Massenware mit einem recht niedrigen MOQ und schneller Lieferung decken.<\/p>\n<p>PRODUKTMERKMALE<\/p>\n<ul>\n<li><strong>Tasche Stil<\/strong>: Heavy duty Wine Tote Bag<\/li>\n<li><strong>Material Typ<\/strong>: Cotton Canvas ,other material can customize<\/li>\n<li><strong>Material Gewicht<\/strong>: Listed 16oz, can also custom 6oz\/174GSM, 8oz\/232GSM, Other-please specify below<\/li>\n<li><strong>Material Farbe<\/strong>: Splicing White with Other color<\/li>\n<li><strong>Gr\u00f6\u00dfe der Tasche<\/strong>: 18X32X10CM\uff08\u00a0 We accept customized size bag \uff09<\/li>\n<li><strong>Impressum Bereich<\/strong>: 1-farbig | 2-farbig | mehrfarbig| Vollfl\u00e4chiger Druck, ein- oder zweiseitiger Druck<\/li>\n<li><strong>Schlie\u00dfung<\/strong>: \u00d6ffnen Sie<\/li>\n<li><strong>Advantage:<\/strong> 1.A great alternative to ordinary gift boxes and carrying around bottled beverages,2.Perfect for <span class=\"a-list-item\">Gifting fancy bottled wine and alcohol to friends and family for weddings, birthdays, anniversaries, housewarming parties, celebrations, and dinner parties; Use for retail, shops, and supermarkets<\/span><\/li>\n<li><strong>Pflegehinweise<\/strong>: Handw\u00e4sche empfohlen, Maschinenw\u00e4sche ist auch ok, h\u00e4ngen trocken.<\/li>\n<\/ul>\n<p><strong>Hinweise:Bei Baumwollstoffen kann es nach dem Waschen zu einem leichten Einlaufen kommen.<\/strong><\/p>","protected":false},"excerpt":{"rendered":"<p>Made of quality cotton that can be reliably re-used, time and time again.Convenient and simple storage, easy to carry, can be used for packaging wine, and other beverages.<\/p>","protected":false},"featured_media":1942,"comment_status":"open","ping_status":"closed","template":"","meta":{"_seopress_robots_primary_cat":"none","_seopress_titles_title":"","_seopress_titles_desc":"","_seopress_robots_index":""},"product_brand":[],"product_cat":[29,102,109],"product_tag":[],"class_list":{"0":"post-1941","1":"product","2":"type-product","3":"status-publish","4":"has-post-thumbnail","6":"product_cat-tote-bag","7":"product_cat-cotton-canvas-bag","8":"product_cat-everyday","10":"first","11":"instock","12":"taxable","13":"shipping-taxable","14":"product-type-simple"},"_links":{"self":[{"href":"https:\/\/avecobaggie.com\/de\/wp-json\/wp\/v2\/product\/1941","targetHints":{"allow":["GET"]}}],"collection":[{"href":"https:\/\/avecobaggie.com\/de\/wp-json\/wp\/v2\/product"}],"about":[{"href":"https:\/\/avecobaggie.com\/de\/wp-json\/wp\/v2\/types\/product"}],"replies":[{"embeddable":true,"href":"https:\/\/avecobaggie.com\/de\/wp-json\/wp\/v2\/comments?post=1941"}],"wp:featuredmedia":[{"embeddable":true,"href":"https:\/\/avecobaggie.com\/de\/wp-json\/wp\/v2\/media\/1942"}],"wp:attachment":[{"href":"https:\/\/avecobaggie.com\/de\/wp-json\/wp\/v2\/media?parent=1941"}],"wp:term":[{"taxonomy":"product_brand","embeddable":true,"href":"https:\/\/avecobaggie.com\/de\/wp-json\/wp\/v2\/product_brand?post=1941"},{"taxonomy":"product_cat","embeddable":true,"href":"https:\/\/avecobaggie.com\/de\/wp-json\/wp\/v2\/product_cat?post=1941"},{"taxonomy":"product_tag","embeddable":true,"href":"https:\/\/avecobaggie.com\/de\/wp-json\/wp\/v2\/product_tag?post=1941"}],"curies":[{"name":"wp","href":"https:\/\/api.w.org\/{rel}","templated":true}]}}