{"id":1947,"date":"2021-03-04T14:43:14","date_gmt":"2021-03-04T06:43:14","guid":{"rendered":"https:\/\/avecobaggie.com\/?post_type=product&#038;p=1947"},"modified":"2021-03-30T10:56:33","modified_gmt":"2021-03-30T02:56:33","slug":"single-bottle-canvas-wine-bag-wholesale","status":"publish","type":"product","link":"https:\/\/avecobaggie.com\/de\/produkt\/single-bottle-canvas-wine-bag-wholesale\/","title":{"rendered":"Einzelflasche Canvas Wein Tasche Gro\u00dfhandel"},"content":{"rendered":"<p>Aveco bietet haupts\u00e4chlich kundenspezifische \u00d6ko-Taschen mit einem One-Stop-Shop-L\u00f6sungs-Service. Wir haben auch einige grundlegende Form der Taschen f\u00fcr einen einfachen Start als auf der Website von aufgef\u00fchrt\u00a0\u00a0<a href=\"https:\/\/avecobaggie.com\/de\/produkt-kategorie\/bags-in-stock\/\"> Taschen auf Lager <\/a>. die meisten der auf Lager befindlichen Taschen sind unbedruckt, so dass es f\u00fcr Sie einfacher ist, ein eigenes Logo oder Etikett f\u00fcr Ihre Kunden zu erstellen, ohne dass Sie ein Minimum ben\u00f6tigen.<\/p>\n<p><span class=\"Apple-converted-space\">\u00a0 \u00a0 Wenn Sie diese \u00d6ko-Taschen individuell gestalten wollen, ist das auch ganz einfach, einige der Taschen sind sogar mit extrem niedrigen <\/span>MOQ f\u00fcr kundenspezifische Oberfl\u00e4chen. Besonders Baumwolle oder Segeltuch Tasche ist extrem niedrig bei 100pieces oder sogar weniger zu unterst\u00fctzen Anf\u00e4nger, gehen Sie zu <a href=\"https:\/\/avecobaggie.com\/de\/custom-solutions\/\"><strong>MASSGESCHNEIDERTE L\u00d6SUNGEN<\/strong><\/a> um mehr \u00fcber individuelle Taschen zu erfahren.<\/p>\n<p>&nbsp;<\/p>\n<h3 class=\"p1\"><span style=\"color: #333333;\">Product Features for the round bottom canvas grocery bag in bulk<\/span><\/h3>\n<ul>\n<li><strong>Tasche Stil<\/strong>: Canvas Wine Bag Wholesale<\/li>\n<li><strong>Material Typ<\/strong>: Cotton Canvas (65% polyester+35% cotton)<\/li>\n<li><strong>Material Gewicht<\/strong>: 12oz<\/li>\n<li><strong>Material Farbe<\/strong>: Wei\u00df<\/li>\n<li><strong>Gr\u00f6\u00dfe der Tasche<\/strong>: 10X10X25CM\uff08 list with popular size, we accept customized size bag \uff09<\/li>\n<li><strong>Impressum Bereich<\/strong>: 1-farbig | 2-farbig | mehrfarbig| Vollfl\u00e4chiger Druck, ein- oder zweiseitiger Druck<\/li>\n<li><strong>Schlie\u00dfung<\/strong>: \u00d6ffnen Sie<\/li>\n<li><strong>Pflegehinweise<\/strong>: Handw\u00e4sche empfohlen, Maschinenw\u00e4sche ist auch ok, h\u00e4ngen trocken.<\/li>\n<\/ul>\n<p><strong>Hinweise:Bei Baumwollstoffen kann es nach dem Waschen zu einem leichten Einlaufen kommen.<\/strong><\/p>","protected":false},"excerpt":{"rendered":"<p>Convenient and simple storage, easy to carry, can be used for packaging red wine, white wine and other beverages<\/p>","protected":false},"featured_media":1948,"comment_status":"open","ping_status":"closed","template":"","meta":{"_seopress_robots_primary_cat":"none","_seopress_titles_title":"Canvas Wine Bag Wholesale - Various Models - Fast Custom","_seopress_titles_desc":"More than 10 Years Canvas wine bag wholesale business,Flexible in Changing Bag Designs ,Thickness and Printing.Get a Quote Now","_seopress_robots_index":""},"product_brand":[],"product_cat":[29,102,109],"product_tag":[124],"class_list":{"0":"post-1947","1":"product","2":"type-product","3":"status-publish","4":"has-post-thumbnail","6":"product_cat-tote-bag","7":"product_cat-cotton-canvas-bag","8":"product_cat-everyday","9":"product_tag-wine-bag","11":"first","12":"instock","13":"taxable","14":"shipping-taxable","15":"product-type-simple"},"_links":{"self":[{"href":"https:\/\/avecobaggie.com\/de\/wp-json\/wp\/v2\/product\/1947","targetHints":{"allow":["GET"]}}],"collection":[{"href":"https:\/\/avecobaggie.com\/de\/wp-json\/wp\/v2\/product"}],"about":[{"href":"https:\/\/avecobaggie.com\/de\/wp-json\/wp\/v2\/types\/product"}],"replies":[{"embeddable":true,"href":"https:\/\/avecobaggie.com\/de\/wp-json\/wp\/v2\/comments?post=1947"}],"wp:featuredmedia":[{"embeddable":true,"href":"https:\/\/avecobaggie.com\/de\/wp-json\/wp\/v2\/media\/1948"}],"wp:attachment":[{"href":"https:\/\/avecobaggie.com\/de\/wp-json\/wp\/v2\/media?parent=1947"}],"wp:term":[{"taxonomy":"product_brand","embeddable":true,"href":"https:\/\/avecobaggie.com\/de\/wp-json\/wp\/v2\/product_brand?post=1947"},{"taxonomy":"product_cat","embeddable":true,"href":"https:\/\/avecobaggie.com\/de\/wp-json\/wp\/v2\/product_cat?post=1947"},{"taxonomy":"product_tag","embeddable":true,"href":"https:\/\/avecobaggie.com\/de\/wp-json\/wp\/v2\/product_tag?post=1947"}],"curies":[{"name":"wp","href":"https:\/\/api.w.org\/{rel}","templated":true}]}}