{"id":1962,"date":"2021-03-04T15:57:56","date_gmt":"2021-03-04T07:57:56","guid":{"rendered":"https:\/\/avecobaggie.com\/?post_type=product&#038;p=1962"},"modified":"2021-03-30T10:55:45","modified_gmt":"2021-03-30T02:55:45","slug":"non-woven-drawstring-shoes-bag","status":"publish","type":"product","link":"https:\/\/avecobaggie.com\/de\/produkt\/non-woven-drawstring-shoes-bag\/","title":{"rendered":"Vliesstoff-Schuhbeutel mit Kordelzug"},"content":{"rendered":"<p>Aveco bietet haupts\u00e4chlich kundenspezifische \u00d6ko-Taschen mit einem One-Stop-Shop-Service. Unsere Taschen sind langlebig, qualitativ hochwertig und erschwinglich, um verschiedene Zwecke zu erf\u00fcllen. Alle von uns verwendeten Materialien sind umweltfreundlich, einschlie\u00dflich Baumwolle, Segeltuch, Leinen, Jute, Filz usw. Wenn Sie Taschen mit Ihrer Eigenmarke oder f\u00fcr Werbeveranstaltungen herstellen m\u00f6chten, k\u00f6nnen wir Ihren Bedarf an Massenware mit einem recht niedrigen MOQ und schneller Lieferung decken.<\/p>\n<p>The listed dust free shoe bag is Made from high quality non-woven fabric with thick drawstring for convenient organization.<\/p>\n<p>PRODUKTMERKMALE<\/p>\n<ul>\n<li><strong>Tasche Stil<\/strong>: Kordelzug Tasche<\/li>\n<li><strong>Material Typ<\/strong>: Non woven + polyester clear window<\/li>\n<li><strong>Material Gewicht<\/strong>: 70g<\/li>\n<li><strong>Material Farbe<\/strong>: suggested black color, can also be rose, blue and other customized color<\/li>\n<li><strong>Gr\u00f6\u00dfe der Tasche<\/strong>: 28X38CM\uff08 can customized size with your request\uff09<\/li>\n<li><strong>Impressum Bereich<\/strong>: 1-farbig | 2-farbig | mehrfarbig| Vollfl\u00e4chiger Druck, ein- oder zweiseitiger Druck<\/li>\n<li><strong>advantage<\/strong>: 1.Translucent clear Window Design, it will help you easier to identify which pair of shoes in it, save your time. Convenient for travel and life.2.The travel shoe bags has no smell, stain resistant, breathable, foldable, lightweight and portable, convenient to use.<\/li>\n<li><strong>MULTI -FUNCTION<\/strong>: Not just a shoe bag, also can be used as makeup bag, shoe accessories, traveling bags, toiletry bag, packing bags, gym accessories, laundry bags travel,,show bags, sport bags, drawstring Christmas gift bags and for other uses.<\/li>\n<li><strong>Pflegehinweise<\/strong>: Handw\u00e4sche empfohlen, Maschinenw\u00e4sche ist auch ok, h\u00e4ngen trocken.<\/li>\n<\/ul>","protected":false},"excerpt":{"rendered":"<p>Protects your shoes against scuffs and scraps when storing in suite case, keeps well organized and dust free in the closet. Good design for home and travel use.<\/p>","protected":false},"featured_media":2179,"comment_status":"open","ping_status":"closed","template":"","meta":{"_seopress_robots_primary_cat":"none","_seopress_titles_title":"%%post_title%% %%sep%% %%sitetitle%%","_seopress_titles_desc":"","_seopress_robots_index":""},"product_brand":[],"product_cat":[92,105,110],"product_tag":[],"class_list":{"0":"post-1962","1":"product","2":"type-product","3":"status-publish","4":"has-post-thumbnail","6":"product_cat-drawstring-bag","7":"product_cat-non-woven-bag","8":"product_cat-travel","10":"first","11":"instock","12":"taxable","13":"shipping-taxable","14":"product-type-simple"},"_links":{"self":[{"href":"https:\/\/avecobaggie.com\/de\/wp-json\/wp\/v2\/product\/1962","targetHints":{"allow":["GET"]}}],"collection":[{"href":"https:\/\/avecobaggie.com\/de\/wp-json\/wp\/v2\/product"}],"about":[{"href":"https:\/\/avecobaggie.com\/de\/wp-json\/wp\/v2\/types\/product"}],"replies":[{"embeddable":true,"href":"https:\/\/avecobaggie.com\/de\/wp-json\/wp\/v2\/comments?post=1962"}],"wp:featuredmedia":[{"embeddable":true,"href":"https:\/\/avecobaggie.com\/de\/wp-json\/wp\/v2\/media\/2179"}],"wp:attachment":[{"href":"https:\/\/avecobaggie.com\/de\/wp-json\/wp\/v2\/media?parent=1962"}],"wp:term":[{"taxonomy":"product_brand","embeddable":true,"href":"https:\/\/avecobaggie.com\/de\/wp-json\/wp\/v2\/product_brand?post=1962"},{"taxonomy":"product_cat","embeddable":true,"href":"https:\/\/avecobaggie.com\/de\/wp-json\/wp\/v2\/product_cat?post=1962"},{"taxonomy":"product_tag","embeddable":true,"href":"https:\/\/avecobaggie.com\/de\/wp-json\/wp\/v2\/product_tag?post=1962"}],"curies":[{"name":"wp","href":"https:\/\/api.w.org\/{rel}","templated":true}]}}