{"id":1978,"date":"2021-03-04T17:17:16","date_gmt":"2021-03-04T09:17:16","guid":{"rendered":"https:\/\/avecobaggie.com\/?post_type=product&#038;p=1978"},"modified":"2021-03-30T10:52:37","modified_gmt":"2021-03-30T02:52:37","slug":"black-waterproof-oxford-sports-backpack","status":"publish","type":"product","link":"https:\/\/avecobaggie.com\/de\/produkt\/black-waterproof-oxford-sports-backpack\/","title":{"rendered":"Schwarzer wasserdichter Oxford Sportrucksack"},"content":{"rendered":"<p>Aveco bietet haupts\u00e4chlich kundenspezifische \u00d6ko-Taschen mit einem One-Stop-Shop-L\u00f6sungs-Service. Wir haben auch einige grundlegende Form der Taschen f\u00fcr einen einfachen Start als auf der Website von aufgef\u00fchrt\u00a0\u00a0<a href=\"https:\/\/avecobaggie.com\/de\/produkt-kategorie\/bags-in-stock\/\"> Taschen auf Lager <\/a>. die meisten der auf Lager befindlichen Taschen sind unbedruckt, so dass es f\u00fcr Sie einfacher ist, ein eigenes Logo oder Etikett f\u00fcr Ihre Kunden zu erstellen, ohne dass Sie ein Minimum ben\u00f6tigen.<\/p>\n<p><span class=\"Apple-converted-space\">\u00a0 \u00a0Wenn Sie diese \u00d6ko-Taschen individuell gestalten wollen, ist das auch ganz einfach, einige der Taschen sind sogar mit extrem niedrigen <\/span>MOQ f\u00fcr kundenspezifische Oberfl\u00e4chen. Besonders Baumwolle oder Segeltuch Tasche ist extrem niedrig bei 100pieces oder sogar weniger zu unterst\u00fctzen Anf\u00e4nger, gehen Sie zu <a href=\"https:\/\/avecobaggie.com\/de\/custom-solutions\/\"><strong>MASSGESCHNEIDERTE L\u00d6SUNGEN<\/strong><\/a> um mehr \u00fcber individuelle Taschen zu erfahren.<\/p>\n<h3 class=\"p1\"><span style=\"color: #333333;\">Produktmerkmale f\u00fcr Wasserdichter Oxford Sportrucksack<\/span><\/h3>\n<ul>\n<li><strong>Tasche Stil<\/strong>: Rucksack mit Kordelzug<\/li>\n<li><strong>Material Typ<\/strong>: Oxford 260D <span class=\"a-list-item\">mit PU-Leder verst\u00e4rkte Ecke<\/span><\/li>\n<li><strong>Material Farbe<\/strong>: Blau, rosa, schwarz oder individuelle Farbe.<\/li>\n<li><strong>Gr\u00f6\u00dfe der Tasche<\/strong>: 34X39CM\uff08 Liste mit beliebten Gr\u00f6\u00dfe, wir akzeptieren kundenspezifische Gr\u00f6\u00dfe Tasche \uff09<\/li>\n<li><strong>Impressum Bereich<\/strong>Blanko, 1 Farbe, 2 Farben, mehrere Farben, Volldruck, ein- oder zweiseitiger Druck<\/li>\n<li><strong>Schlie\u00dfung<\/strong>: Kordelzug<\/li>\n<li><strong>Pflegehinweise<\/strong>: Handw\u00e4sche empfohlen, Maschinenw\u00e4sche ist auch ok, h\u00e4ngen trocken.<\/li>\n<li><span class=\"a-list-item\">Sch\u00f6n und langlebig<\/span><\/li>\n<li><span class=\"a-list-item\">Einfach zu bedienen: Ziehen Sie die Schnur, um die Tasche zu schlie\u00dfen, sicher und bequem.<\/span><\/li>\n<li><span class=\"a-list-item\">Vielf\u00e4ltige Einsatzm\u00f6glichkeiten: Diese Art von Taschen ist sehr geeignet f\u00fcr unser t\u00e4gliches Leben, geeignet f\u00fcr Sport, Schule, Kinder, Rucksack mit Kordelzug, Schlafsack, Kleidung, Leichtathletik, Reisen, usw., leicht zu klassifizieren<\/span><\/li>\n<li><span class=\"a-list-item\"><img fetchpriority=\"high\" class=\"wp-image-2165 alignleft\" src=\"https:\/\/avecobaggie.com\/wp-content\/uploads\/2021\/03\/gym-backpack-300x186.jpg\" alt=\"\" width=\"867\" height=\"538\" srcset=\"https:\/\/avecobaggie.com\/wp-content\/uploads\/2021\/03\/gym-backpack-300x186.jpg 300w, https:\/\/avecobaggie.com\/wp-content\/uploads\/2021\/03\/gym-backpack-600x372.jpg 600w, https:\/\/avecobaggie.com\/wp-content\/uploads\/2021\/03\/gym-backpack-768x476.jpg 768w, https:\/\/avecobaggie.com\/wp-content\/uploads\/2021\/03\/gym-backpack.jpg 976w\" sizes=\"(max-width: 867px) 100vw, 867px\" \/><\/span><\/li>\n<\/ul>\n<p>&nbsp;<\/p>","protected":false},"excerpt":{"rendered":"<p><span class=\"a-list-item\">Kordelzug-Design, 2 Gurte auf jeder Seite, leicht und einfach zu tragen,<\/span><span class=\"a-list-item\">Perfekt f\u00fcr Fitnessstudio, Reisen, Wandern, Camping, Sommerlager und andere Outdoor-Aktivit\u00e4ten<\/span><\/p>","protected":false},"featured_media":1992,"comment_status":"open","ping_status":"closed","template":"","meta":{"_seopress_robots_primary_cat":"none","_seopress_titles_title":"%%post_title%% %%sep%% Low MOQ %%sep%% Fast Ship","_seopress_titles_desc":"","_seopress_robots_index":""},"product_brand":[],"product_cat":[98,106,112,110,111],"product_tag":[],"class_list":{"0":"post-1978","1":"product","2":"type-product","3":"status-publish","4":"has-post-thumbnail","6":"product_cat-backpack-bag","7":"product_cat-oxford-bag","8":"product_cat-sports","9":"product_cat-travel","10":"product_cat-promotional-events","12":"first","13":"instock","14":"taxable","15":"shipping-taxable","16":"product-type-simple"},"_links":{"self":[{"href":"https:\/\/avecobaggie.com\/de\/wp-json\/wp\/v2\/product\/1978","targetHints":{"allow":["GET"]}}],"collection":[{"href":"https:\/\/avecobaggie.com\/de\/wp-json\/wp\/v2\/product"}],"about":[{"href":"https:\/\/avecobaggie.com\/de\/wp-json\/wp\/v2\/types\/product"}],"replies":[{"embeddable":true,"href":"https:\/\/avecobaggie.com\/de\/wp-json\/wp\/v2\/comments?post=1978"}],"wp:featuredmedia":[{"embeddable":true,"href":"https:\/\/avecobaggie.com\/de\/wp-json\/wp\/v2\/media\/1992"}],"wp:attachment":[{"href":"https:\/\/avecobaggie.com\/de\/wp-json\/wp\/v2\/media?parent=1978"}],"wp:term":[{"taxonomy":"product_brand","embeddable":true,"href":"https:\/\/avecobaggie.com\/de\/wp-json\/wp\/v2\/product_brand?post=1978"},{"taxonomy":"product_cat","embeddable":true,"href":"https:\/\/avecobaggie.com\/de\/wp-json\/wp\/v2\/product_cat?post=1978"},{"taxonomy":"product_tag","embeddable":true,"href":"https:\/\/avecobaggie.com\/de\/wp-json\/wp\/v2\/product_tag?post=1978"}],"curies":[{"name":"wp","href":"https:\/\/api.w.org\/{rel}","templated":true}]}}