{"id":2001,"date":"2021-03-05T10:43:16","date_gmt":"2021-03-05T02:43:16","guid":{"rendered":"https:\/\/avecobaggie.com\/?post_type=product&#038;p=2001"},"modified":"2022-08-19T11:29:16","modified_gmt":"2022-08-19T03:29:16","slug":"drawstring-calico-bag-wholesale","status":"publish","type":"product","link":"https:\/\/avecobaggie.com\/de\/produkt\/drawstring-calico-bag-wholesale\/","title":{"rendered":"Drawstring Calico Tasche Gro\u00dfhandel"},"content":{"rendered":"<p>Aveco bietet haupts\u00e4chlich kundenspezifische \u00d6ko-Taschen mit einem One-Stop-Shop-L\u00f6sungs-Service. Wir haben auch einige grundlegende Form der Taschen f\u00fcr einen einfachen Start als auf der Website von aufgef\u00fchrt\u00a0\u00a0<a href=\"https:\/\/avecobaggie.com\/de\/produkt-kategorie\/bags-in-stock\/\"> Taschen auf Lager <\/a>. die meisten der auf Lager befindlichen Taschen sind unbedruckt, so dass es f\u00fcr Sie einfacher ist, ein eigenes Logo oder Etikett f\u00fcr Ihre Kunden zu erstellen, ohne dass Sie ein Minimum ben\u00f6tigen.<\/p>\n<p><span class=\"Apple-converted-space\">Wenn Sie diese \u00d6ko-Taschen individuell gestalten wollen, ist das auch ganz einfach, einige der Taschen sind sogar mit extrem niedrigen <\/span>MOQ f\u00fcr kundenspezifische Oberfl\u00e4chen. Besonders Baumwolle oder Segeltuch Tasche ist extrem niedrig bei 100pieces oder sogar weniger zu unterst\u00fctzen Anf\u00e4nger, gehen Sie zu <a href=\"https:\/\/avecobaggie.com\/de\/custom-solutions\/\"><strong>MASSGESCHNEIDERTE L\u00d6SUNGEN<\/strong><\/a> um mehr \u00fcber individuelle Taschen zu erfahren.<\/p>\n<p>The listed drawstring calico bags are in stock \u00a0to be fast delivered and easier for you to start. They are made from natural, sustainable, unprocessed cotton, with polyester which makes it more sturdy and durable.They come in a wide range of sizes to suit your every need. Get tiny ones for jewelry, herbs, or snacks, medium ones for beans, cosmetics, travel items. Get larger ones for fruit and vegetables, candles, votive gifts, shoes, hairdryers, and so much more.If there is no suitable size you can just contact us for a custom service<\/p>\n<h3 class=\"p1\"><span style=\"color: #333333;\">Product Features for the Drawstring Calico Bag Wholesale<\/span><\/h3>\n<ul>\n<li><strong>Tasche Stil<\/strong>: Kordelzug Tasche<\/li>\n<li><strong>Material Typ<\/strong>: Segeltuch<\/li>\n<li><strong>Material Gewicht<\/strong>: 8oz\/232GSM<\/li>\n<li><strong>Material Farbe<\/strong>: Wei\u00df<\/li>\n<li><strong>Gr\u00f6\u00dfe der Tasche<\/strong>: 12X15CM|17X25CM|20X30CM|30X40CM|40X50CM|58X76CM<\/li>\n<li><strong>Impressum Bereich<\/strong>: plain color without printing<\/li>\n<li><strong>Schlie\u00dfung<\/strong>: Kordelzug<\/li>\n<li><strong>Pflegehinweise<\/strong>: Handw\u00e4sche empfohlen, Maschinenw\u00e4sche ist auch ok, h\u00e4ngen trocken.<\/li>\n<\/ul>\n<p><strong>Hinweise:Bei Baumwollstoffen kann es nach dem Waschen zu einem leichten Einlaufen kommen.<\/strong><\/p>","protected":false},"excerpt":{"rendered":"<p>Multiple Size in stock to suit all needs.Get tiny ones for jewelry, herbs, or snacks, medium ones for beans, cosmetics, travel items. Get larger ones for fruit and vegetables, candles, votive gifts, shoes, hairdryers, etc.<\/p>","protected":false},"featured_media":2004,"comment_status":"open","ping_status":"closed","template":"","meta":{"_seopress_robots_primary_cat":"none","_seopress_titles_title":"%%post_title%%  %%sep%% Fast Deliver in 3 Days","_seopress_titles_desc":"Multiple sizes in stock to suit all needs.8oz canvas make it durable. Get stocks fast or Custom drawstring calico bag to expand your business Now","_seopress_robots_index":""},"product_brand":[],"product_cat":[113],"product_tag":[],"class_list":{"0":"post-2001","1":"product","2":"type-product","3":"status-publish","4":"has-post-thumbnail","6":"product_cat-bags-in-stock","8":"first","9":"instock","10":"taxable","11":"shipping-taxable","12":"product-type-simple"},"_links":{"self":[{"href":"https:\/\/avecobaggie.com\/de\/wp-json\/wp\/v2\/product\/2001","targetHints":{"allow":["GET"]}}],"collection":[{"href":"https:\/\/avecobaggie.com\/de\/wp-json\/wp\/v2\/product"}],"about":[{"href":"https:\/\/avecobaggie.com\/de\/wp-json\/wp\/v2\/types\/product"}],"replies":[{"embeddable":true,"href":"https:\/\/avecobaggie.com\/de\/wp-json\/wp\/v2\/comments?post=2001"}],"wp:featuredmedia":[{"embeddable":true,"href":"https:\/\/avecobaggie.com\/de\/wp-json\/wp\/v2\/media\/2004"}],"wp:attachment":[{"href":"https:\/\/avecobaggie.com\/de\/wp-json\/wp\/v2\/media?parent=2001"}],"wp:term":[{"taxonomy":"product_brand","embeddable":true,"href":"https:\/\/avecobaggie.com\/de\/wp-json\/wp\/v2\/product_brand?post=2001"},{"taxonomy":"product_cat","embeddable":true,"href":"https:\/\/avecobaggie.com\/de\/wp-json\/wp\/v2\/product_cat?post=2001"},{"taxonomy":"product_tag","embeddable":true,"href":"https:\/\/avecobaggie.com\/de\/wp-json\/wp\/v2\/product_tag?post=2001"}],"curies":[{"name":"wp","href":"https:\/\/api.w.org\/{rel}","templated":true}]}}