{"id":2098,"date":"2021-03-08T09:34:49","date_gmt":"2021-03-08T01:34:49","guid":{"rendered":"https:\/\/avecobaggie.com\/?post_type=product&#038;p=2098"},"modified":"2025-10-13T13:40:56","modified_gmt":"2025-10-13T05:40:56","slug":"blank-canvas-tote-bag-wholesale","status":"publish","type":"product","link":"https:\/\/avecobaggie.com\/de\/produkt\/blank-canvas-tote-bag-wholesale\/","title":{"rendered":"leere Leinwand Tragetasche Gro\u00dfhandel"},"content":{"rendered":"<p>Aveco bietet haupts\u00e4chlich kundenspezifische \u00d6ko-Taschen mit einem One-Stop-Shop-L\u00f6sungs-Service. Wir haben auch einige grundlegende Form der Taschen f\u00fcr einen einfachen Start als auf der Website von aufgef\u00fchrt\u00a0\u00a0<a href=\"https:\/\/avecobaggie.com\/de\/produkt-kategorie\/bags-in-stock\/\"> Taschen auf Lager <\/a>. die meisten der auf Lager befindlichen Taschen sind unbedruckt, so dass es f\u00fcr Sie einfacher ist, ein privates Logo oder Etikett f\u00fcr Ihre Kunden zu erstellen, ohne dass ein Minimum erforderlich ist.<\/p>\n<p>We also have some standard shape canvas tote bags without printing for wholesale business.The listing bags are in stock and can ship out within 3 days.<\/p>\n<p>All the materials we use are eco-friendly including cotton, canvas, linen, jute, felt etc. and If you are looking to make bags with your private label brand or promotional events, then we can serve your bulk needs with quite a low MOQ and fast delivery.If you want to custom, pls click :<a href=\"https:\/\/avecobaggie.com\/de\/produkt-kategorie\/by-style\/tote-bag\/\"><em><strong>Custom tote bags<\/strong><\/em><\/a><\/p>\n<h3 class=\"p1\"><span style=\"color: #333333;\">Product Features for the blank canvas tote bag wholesale<\/span><\/h3>\n<ul>\n<li><strong>Tasche Stil<\/strong>: Totes<\/li>\n<li><strong>Material Typ<\/strong>: Canvas (65% polyester,35% cotton),it&#8217;s thick and durable and not easy to shrink after washing.<\/li>\n<li><strong>Material Gewicht<\/strong>:\u00a0 8 oz\/250GSM<\/li>\n<li><strong>Material Farbe<\/strong>: Wei\u00df<\/li>\n<li><strong>Gr\u00f6\u00dfe der Tasche<\/strong>: 21X26CM| 30X37CM| 35X40CM| 30X37X10CM| 35X40X10CM| 25X35X10CM| 32X42X10CM<\/li>\n<li><strong>Impressum Bereich<\/strong>: blank<\/li>\n<li><strong>Schlie\u00dfung<\/strong>: \u00d6ffnen Sie<\/li>\n<li><strong>Pflegehinweise<\/strong>: Handw\u00e4sche empfohlen, Maschinenw\u00e4sche ist auch ok, h\u00e4ngen trocken.<\/li>\n<\/ul>\n<p><strong>Hinweise:Bei Baumwollstoffen kann es nach dem Waschen zu einem leichten Einlaufen kommen.<\/strong><\/p>","protected":false},"excerpt":{"rendered":"<p>Hochwertiges Canvas-Material, dick und weich, verschlei\u00dffest und nicht leicht zu besch\u00e4digen.<\/p>","protected":false},"featured_media":2099,"comment_status":"open","ping_status":"closed","template":"","meta":{"_seopress_robots_primary_cat":"none","_seopress_titles_title":"Blank Tote Bags Wholesale - Stock & OEM - Fast Shipping","_seopress_titles_desc":"Popular Size of Canvas Blank Tote Bags in Stock,Fast Shipment for wholesale business,OEM is also easy with MOQ 100pieces, Get Quotes Now","_seopress_robots_index":""},"product_brand":[],"product_cat":[113],"product_tag":[123],"class_list":{"0":"post-2098","1":"product","2":"type-product","3":"status-publish","4":"has-post-thumbnail","6":"product_cat-bags-in-stock","7":"product_tag-in-stock","9":"first","10":"instock","11":"taxable","12":"shipping-taxable","13":"product-type-simple"},"_links":{"self":[{"href":"https:\/\/avecobaggie.com\/de\/wp-json\/wp\/v2\/product\/2098","targetHints":{"allow":["GET"]}}],"collection":[{"href":"https:\/\/avecobaggie.com\/de\/wp-json\/wp\/v2\/product"}],"about":[{"href":"https:\/\/avecobaggie.com\/de\/wp-json\/wp\/v2\/types\/product"}],"replies":[{"embeddable":true,"href":"https:\/\/avecobaggie.com\/de\/wp-json\/wp\/v2\/comments?post=2098"}],"wp:featuredmedia":[{"embeddable":true,"href":"https:\/\/avecobaggie.com\/de\/wp-json\/wp\/v2\/media\/2099"}],"wp:attachment":[{"href":"https:\/\/avecobaggie.com\/de\/wp-json\/wp\/v2\/media?parent=2098"}],"wp:term":[{"taxonomy":"product_brand","embeddable":true,"href":"https:\/\/avecobaggie.com\/de\/wp-json\/wp\/v2\/product_brand?post=2098"},{"taxonomy":"product_cat","embeddable":true,"href":"https:\/\/avecobaggie.com\/de\/wp-json\/wp\/v2\/product_cat?post=2098"},{"taxonomy":"product_tag","embeddable":true,"href":"https:\/\/avecobaggie.com\/de\/wp-json\/wp\/v2\/product_tag?post=2098"}],"curies":[{"name":"wp","href":"https:\/\/api.w.org\/{rel}","templated":true}]}}