{"id":2104,"date":"2021-03-08T10:26:50","date_gmt":"2021-03-08T02:26:50","guid":{"rendered":"https:\/\/avecobaggie.com\/?post_type=product&#038;p=2104"},"modified":"2025-10-13T13:39:37","modified_gmt":"2025-10-13T05:39:37","slug":"cheap-drawstring-muslin-bag-wholesale","status":"publish","type":"product","link":"https:\/\/avecobaggie.com\/de\/produkt\/cheap-drawstring-muslin-bag-wholesale\/","title":{"rendered":"Billige Kordelzug Musselin Tasche Gro\u00dfhandel"},"content":{"rendered":"<p>Aveco bietet haupts\u00e4chlich ma\u00dfgeschneiderte \u00d6ko-Taschen mit One-Stop-Shop-L\u00f6sung service.but wir haben auch einige grundlegende Taschen-Designs auf Lager, so dass Sie leicht starten k\u00f6nnen.die Lager-Taschen sind meist leer ohne Drucke.wenn Sie wollen, um benutzerdefinierte, dann klicken Sie hier: <strong><em><a href=\"https:\/\/avecobaggie.com\/de\/produkt\/\">benutzerdefinierte Taschen Kategorie.<\/a><\/em><\/strong><\/p>\n<p>Unsere Musselin Taschen sind langlebig, hohe Qualit\u00e4t und erschwinglich, um verschiedene Zwecke zu erf\u00fcllen. f\u00fcr die Auflistung Kordelzug Taschen, sie sind gut f\u00fcr Lebensmittel und Bauernmarkt. sie k\u00f6nnen als Beutel Beutel, produzieren Taschen f\u00fcr die Lagerung, Clutch-Taschen, Leinwand Beutel Masse und etc. verwendet werden. Sie sind auch perfekt f\u00fcr DIY Handwerk Geschenkbeutel und Mittagessen S\u00e4cke.<\/p>\n<h3 class=\"p1\"><span style=\"color: #333333;\">\u00a0 \u00a0 Produktmerkmale f\u00fcr den Musselinbeutel<\/span><\/h3>\n<ul>\n<li><strong>Tasche Stil<\/strong>: Kordelzugbeutel aus Musselin<\/li>\n<li><strong>Material Typ<\/strong>: Segeltuch<\/li>\n<li><strong>Material Gewicht<\/strong>: 8oz<\/li>\n<li><strong>Material Farbe<\/strong>: Naturbeige<\/li>\n<li><strong>Tasche Lagergr\u00f6\u00dfe<\/strong>: 8X10CM|10X12CM|10X15CM|13X18CM|15X20CM|17X23CM|20X30CM|25X35CM<\/li>\n<li><strong>Impressum Bereich<\/strong>: kein Druck<\/li>\n<li><strong>Schlie\u00dfung<\/strong>: Kordelzug<\/li>\n<li><strong>Pflegehinweise<\/strong>: Handw\u00e4sche empfohlen, Maschinenw\u00e4sche ist auch ok, h\u00e4ngen trocken.<\/li>\n<\/ul>\n<p><strong>\u00a0 \u00a0 Hinweise:Bei Baumwoll- oder Leinenstoffen kann es nach dem Waschen zu einem leichten Einlaufen kommen.<\/strong><\/p>","protected":false},"excerpt":{"rendered":"<p><span class=\"a-list-item\">Die Taschen aus nat\u00fcrlichem, nachhaltigem und unverarbeitetem Baumwoll-Canvas sind kompakt und leicht und lassen sich mit einem Kordelzug einfach verschlie\u00dfen.\u00a0<\/span><\/p>","protected":false},"featured_media":2105,"comment_status":"open","ping_status":"closed","template":"","meta":{"_seopress_robots_primary_cat":"none","_seopress_titles_title":"Plain Drawstring Muslin Bag - Various Sizes - Ready to Ship","_seopress_titles_desc":"Low MOQ and Ready to Ship Help You Start Muslin Business easily. More than 10 Years OEM Craftsman Experience With Customers All Over The World","_seopress_robots_index":""},"product_brand":[],"product_cat":[113],"product_tag":[123],"class_list":{"0":"post-2104","1":"product","2":"type-product","3":"status-publish","4":"has-post-thumbnail","6":"product_cat-bags-in-stock","7":"product_tag-in-stock","9":"first","10":"instock","11":"sold-individually","12":"taxable","13":"shipping-taxable","14":"product-type-simple"},"_links":{"self":[{"href":"https:\/\/avecobaggie.com\/de\/wp-json\/wp\/v2\/product\/2104","targetHints":{"allow":["GET"]}}],"collection":[{"href":"https:\/\/avecobaggie.com\/de\/wp-json\/wp\/v2\/product"}],"about":[{"href":"https:\/\/avecobaggie.com\/de\/wp-json\/wp\/v2\/types\/product"}],"replies":[{"embeddable":true,"href":"https:\/\/avecobaggie.com\/de\/wp-json\/wp\/v2\/comments?post=2104"}],"wp:featuredmedia":[{"embeddable":true,"href":"https:\/\/avecobaggie.com\/de\/wp-json\/wp\/v2\/media\/2105"}],"wp:attachment":[{"href":"https:\/\/avecobaggie.com\/de\/wp-json\/wp\/v2\/media?parent=2104"}],"wp:term":[{"taxonomy":"product_brand","embeddable":true,"href":"https:\/\/avecobaggie.com\/de\/wp-json\/wp\/v2\/product_brand?post=2104"},{"taxonomy":"product_cat","embeddable":true,"href":"https:\/\/avecobaggie.com\/de\/wp-json\/wp\/v2\/product_cat?post=2104"},{"taxonomy":"product_tag","embeddable":true,"href":"https:\/\/avecobaggie.com\/de\/wp-json\/wp\/v2\/product_tag?post=2104"}],"curies":[{"name":"wp","href":"https:\/\/api.w.org\/{rel}","templated":true}]}}