{"id":2117,"date":"2021-03-08T15:57:11","date_gmt":"2021-03-08T07:57:11","guid":{"rendered":"https:\/\/avecobaggie.com\/?post_type=product&#038;p=2117"},"modified":"2021-03-30T10:48:14","modified_gmt":"2021-03-30T02:48:14","slug":"natural-linen-burlap-gift-bags-wholesale","status":"publish","type":"product","link":"https:\/\/avecobaggie.com\/de\/produkt\/natural-linen-burlap-gift-bags-wholesale\/","title":{"rendered":"Nat\u00fcrliche Leinen-Burlap-Geschenk-Taschen Gro\u00dfhandel"},"content":{"rendered":"<p>Aveco bietet haupts\u00e4chlich kundenspezifische \u00d6ko-Taschen mit einem One-Stop-Shop-L\u00f6sungs-Service. Wir haben auch einige grundlegende Form der Taschen f\u00fcr einen einfachen Start als auf der Website von aufgef\u00fchrt\u00a0\u00a0<a href=\"https:\/\/avecobaggie.com\/de\/produkt-kategorie\/bags-in-stock\/\"><strong> Tasche auf Lager<\/strong> <\/a>. die meisten der auf Lager befindlichen Taschen sind unbedruckt, so dass es f\u00fcr Sie einfacher ist, ein privates Logo oder Etikett f\u00fcr Ihre Kunden zu erstellen, ohne dass ein Minimum erforderlich ist.<\/p>\n<p>Die aufgelisteten Leinentaschen sind in 8 Gr\u00f6\u00dfen erh\u00e4ltlich und k\u00f6nnen innerhalb von 3 Tagen versendet werden. Alle Leinwand Einkaufstaschen wir hier zur Verf\u00fcgung gestellt werden als nicht-toxische umweltfreundliche materials.we sind gl\u00fccklich, kleine Unternehmen zu unterst\u00fctzen<span class=\"Apple-converted-space\">\u00a0 <\/span>als auch gro\u00dfe Marken.<\/p>\n<p class=\"p1\"><span class=\"Apple-converted-space\">\u00a0 \u00a0 Wenn Sie diese \u00d6ko-Taschen individuell gestalten wollen, ist das auch ganz einfach, einige der Taschen sind sogar mit extrem niedrigen <\/span>MOQ f\u00fcr kundenspezifische Oberfl\u00e4chen. Besonders Baumwolle oder Segeltuch Tasche ist extrem niedrig bei 100pieces oder sogar weniger zu unterst\u00fctzen Anf\u00e4nger, gehen Sie zu <a href=\"https:\/\/avecobaggie.com\/de\/custom-solutions\/\"><strong>MASSGESCHNEIDERTE L\u00d6SUNGEN<\/strong><\/a> um mehr \u00fcber individuelle Taschen zu erfahren.<\/p>\n<h3 class=\"p1\"><span style=\"color: #333333;\"><span class=\"Apple-converted-space\">\u00a0\u00a0<\/span>Produktmerkmale f\u00fcr die nat\u00fcrliche Leinen Burlap Geschenk Taschen Gro\u00dfhandel<\/span><\/h3>\n<ul>\n<li><strong>Tasche Stil<\/strong>:<span class=\"a-list-item\">Waschbares und wiederverwendbares Naturleinen-Gurtband<\/span><\/li>\n<li><strong>Material Typ<\/strong>: Jute-Leinen-<span class=\"a-list-item\">das Material der Tasche ist Sackleinen, die langlebig und robust ist; Sie k\u00f6nnen f\u00fcr eine lange Zeit verwenden; Qualit\u00e4tsmaterial und Konstruktion machen sie praktisch<\/span><\/li>\n<li><strong>Material Farbe<\/strong>: Jute natur<\/li>\n<li><strong>Gr\u00f6\u00dfe der Tasche<\/strong>: 7X9CM|10X15CM|13X18CM|15X20CM|17X23CM|20X25CM|20X30CM|30X40CM\uff08 Liste mit beliebten Gr\u00f6\u00dfe, wir akzeptieren kundenspezifische Gr\u00f6\u00dfe Tasche \uff09<\/li>\n<li><strong>Impressum Bereich<\/strong>: 1-farbig | 2-farbig | mehrfarbig| Vollfl\u00e4chiger Druck, ein- oder zweiseitiger Druck<\/li>\n<li><strong>Schlie\u00dfung<\/strong>:\u00a0<span class=\"a-list-item\">Kordelzug Design machen diese Sackleinen S\u00e4cke leichter zu befestigen, so vermeiden Objekte verloren. Klein genug, um in Ihrer Handtasche, Tasche, Auto, Kosmetiktasche zu tragen, machen sie bequem zu tragen, wenn Sie ausgehen oder wandern oder reisen.<\/span><\/li>\n<li><strong>Pflegehinweise<\/strong>: Handw\u00e4sche empfohlen, keine Maschinenw\u00e4sche.<\/li>\n<\/ul>","protected":false},"excerpt":{"rendered":"<p>Pr\u00e4zision und sorgf\u00e4ltige Verarbeitung, saubere und pr\u00e4zise N\u00e4hweise, in 8 Gr\u00f6\u00dfen auf Lager, innerhalb von 3 Tagen lieferbar.<\/p>","protected":false},"featured_media":2122,"comment_status":"open","ping_status":"closed","template":"","meta":{"_seopress_robots_primary_cat":"none","_seopress_titles_title":"Natural Linen Burlap Gift Bags Wholesale - Bulk In Stock  - Fast Ship","_seopress_titles_desc":"Popular design &amp; Size - Fast Delivery in 3 Days - Flexible Shipping Courier - Added Value Service - Work with Aveco and be a Happy Burlap Gift Bag Importer","_seopress_robots_index":""},"product_brand":[],"product_cat":[113],"product_tag":[123],"class_list":{"0":"post-2117","1":"product","2":"type-product","3":"status-publish","4":"has-post-thumbnail","6":"product_cat-bags-in-stock","7":"product_tag-in-stock","9":"first","10":"instock","11":"taxable","12":"shipping-taxable","13":"product-type-simple"},"_links":{"self":[{"href":"https:\/\/avecobaggie.com\/de\/wp-json\/wp\/v2\/product\/2117","targetHints":{"allow":["GET"]}}],"collection":[{"href":"https:\/\/avecobaggie.com\/de\/wp-json\/wp\/v2\/product"}],"about":[{"href":"https:\/\/avecobaggie.com\/de\/wp-json\/wp\/v2\/types\/product"}],"replies":[{"embeddable":true,"href":"https:\/\/avecobaggie.com\/de\/wp-json\/wp\/v2\/comments?post=2117"}],"wp:featuredmedia":[{"embeddable":true,"href":"https:\/\/avecobaggie.com\/de\/wp-json\/wp\/v2\/media\/2122"}],"wp:attachment":[{"href":"https:\/\/avecobaggie.com\/de\/wp-json\/wp\/v2\/media?parent=2117"}],"wp:term":[{"taxonomy":"product_brand","embeddable":true,"href":"https:\/\/avecobaggie.com\/de\/wp-json\/wp\/v2\/product_brand?post=2117"},{"taxonomy":"product_cat","embeddable":true,"href":"https:\/\/avecobaggie.com\/de\/wp-json\/wp\/v2\/product_cat?post=2117"},{"taxonomy":"product_tag","embeddable":true,"href":"https:\/\/avecobaggie.com\/de\/wp-json\/wp\/v2\/product_tag?post=2117"}],"curies":[{"name":"wp","href":"https:\/\/api.w.org\/{rel}","templated":true}]}}