{"id":2173,"date":"2021-03-09T15:23:22","date_gmt":"2021-03-09T07:23:22","guid":{"rendered":"https:\/\/avecobaggie.com\/?post_type=product&#038;p=2173"},"modified":"2021-03-30T10:47:22","modified_gmt":"2021-03-30T02:47:22","slug":"round-bottom-canvas-grocery-bag-in-bulk","status":"publish","type":"product","link":"https:\/\/avecobaggie.com\/de\/produkt\/round-bottom-canvas-grocery-bag-in-bulk\/","title":{"rendered":"Einkaufstasche mit rundem Boden aus Segeltuch in loser Sch\u00fcttung"},"content":{"rendered":"<p>Aveco bietet haupts\u00e4chlich kundenspezifische \u00d6ko-Taschen mit einem One-Stop-Shop-L\u00f6sungs-Service. Wir haben auch einige grundlegende Form der Taschen f\u00fcr einen einfachen Start als auf der Website von aufgef\u00fchrt\u00a0\u00a0<a href=\"https:\/\/avecobaggie.com\/de\/produkt-kategorie\/bags-in-stock\/\"> Taschen auf Lager <\/a>. die meisten der auf Lager befindlichen Taschen sind unbedruckt, so dass es f\u00fcr Sie einfacher ist, ein privates Logo oder Etikett f\u00fcr Ihre Kunden zu erstellen, ohne dass ein Minimum erforderlich ist.<\/p>\n<p>The listed Round bottom canvas grocery bags are available in below 6 sizes, they can ship fast within 3 days. All the canvas grocery bags we provided here are manufactured as Non-toxic eco friendly materials.We are happy to support small business<span class=\"Apple-converted-space\">\u00a0 <\/span>als auch gro\u00dfe Marken.<\/p>\n<p class=\"p1\"><span class=\"Apple-converted-space\">\u00a0 \u00a0 Wenn Sie diese \u00d6ko-Taschen individuell gestalten wollen, ist das auch ganz einfach, einige der Taschen sind sogar mit extrem niedrigen <\/span>MOQ f\u00fcr kundenspezifische Oberfl\u00e4chen. Besonders Baumwolle oder Segeltuch Tasche ist extrem niedrig bei 100pieces oder sogar weniger zu unterst\u00fctzen Anf\u00e4nger, gehen Sie zu <a href=\"https:\/\/avecobaggie.com\/de\/custom-solutions\/\"><strong>MASSGESCHNEIDERTE L\u00d6SUNGEN<\/strong><\/a> um mehr \u00fcber individuelle Taschen zu erfahren.<\/p>\n<h3 class=\"p1\"><span style=\"color: #333333;\">\u00a0 \u00a0 \u00a0Product Features for the round bottom canvas grocery bag in bulk<\/span><\/h3>\n<ul>\n<li><strong>Bag Style : <\/strong><span class=\"a-list-item\">canvas grocery bag\u00a0<\/span><\/li>\n<li>Material weight: 8oz for stock, can also custom other thickness.<\/li>\n<li><strong>Material Typ<\/strong>: 8 oz canvas( 65%polyester+35% cotton) <span class=\"a-list-item\">\u00a0is durable and sturdy; They can use for a long time; Quality material and construction make them practical<\/span><\/li>\n<li><strong>Material Farbe<\/strong>: Naturbeige<\/li>\n<li><strong>Gr\u00f6\u00dfe der Tasche<\/strong>: 7X29CM|8X35CM|10X30CM|13X25CM|13X29CM|17X39CM|\uff08 list with popular size, we accept customized size bag \uff09<\/li>\n<li><strong>Impressum Bereich<\/strong>: Plain color in stock ,for custom ,it can be 1 color | 2 color | more color| Full printing, printing one side or two sides<\/li>\n<li><strong>Schlie\u00dfung<\/strong>:\u00a0<span class=\"a-list-item\">Drawstring design make these canvas grocery bags easier to fasten so avoid objects lost. bag size from small to big to suit all your needs.<\/span><\/li>\n<li><strong>Pflegehinweise<\/strong>: Hand wash recommend, machine wash is also ok, but hang dry, a little shrink is unavoidable.<\/li>\n<\/ul>\n<p>&nbsp;<\/p>","protected":false},"excerpt":{"rendered":"<p>Made of high quality canvas, round bottom make it stands well. Durable construction and good stitching of these bags will never let you down.Various sizes and it can be easily to DIY the logo or prints on these drawstring bags.<\/p>","protected":false},"featured_media":2174,"comment_status":"open","ping_status":"closed","template":"","meta":{"_seopress_robots_primary_cat":"none","_seopress_titles_title":"%%post_title%% %%sep%%Wholesale &amp; OEM","_seopress_titles_desc":"Durable Canvas,Various Size in Stock ,Ship within 3 Days,Custom with Avecobaggie, Your Reliable Eco Bag Wholesaler and Manufacturer","_seopress_robots_index":""},"product_brand":[],"product_cat":[92,102,109,113],"product_tag":[123],"class_list":{"0":"post-2173","1":"product","2":"type-product","3":"status-publish","4":"has-post-thumbnail","6":"product_cat-drawstring-bag","7":"product_cat-cotton-canvas-bag","8":"product_cat-everyday","9":"product_cat-bags-in-stock","10":"product_tag-in-stock","12":"first","13":"instock","14":"taxable","15":"shipping-taxable","16":"product-type-simple"},"_links":{"self":[{"href":"https:\/\/avecobaggie.com\/de\/wp-json\/wp\/v2\/product\/2173","targetHints":{"allow":["GET"]}}],"collection":[{"href":"https:\/\/avecobaggie.com\/de\/wp-json\/wp\/v2\/product"}],"about":[{"href":"https:\/\/avecobaggie.com\/de\/wp-json\/wp\/v2\/types\/product"}],"replies":[{"embeddable":true,"href":"https:\/\/avecobaggie.com\/de\/wp-json\/wp\/v2\/comments?post=2173"}],"wp:featuredmedia":[{"embeddable":true,"href":"https:\/\/avecobaggie.com\/de\/wp-json\/wp\/v2\/media\/2174"}],"wp:attachment":[{"href":"https:\/\/avecobaggie.com\/de\/wp-json\/wp\/v2\/media?parent=2173"}],"wp:term":[{"taxonomy":"product_brand","embeddable":true,"href":"https:\/\/avecobaggie.com\/de\/wp-json\/wp\/v2\/product_brand?post=2173"},{"taxonomy":"product_cat","embeddable":true,"href":"https:\/\/avecobaggie.com\/de\/wp-json\/wp\/v2\/product_cat?post=2173"},{"taxonomy":"product_tag","embeddable":true,"href":"https:\/\/avecobaggie.com\/de\/wp-json\/wp\/v2\/product_tag?post=2173"}],"curies":[{"name":"wp","href":"https:\/\/api.w.org\/{rel}","templated":true}]}}