{"id":2184,"date":"2021-03-09T16:10:16","date_gmt":"2021-03-09T08:10:16","guid":{"rendered":"https:\/\/avecobaggie.com\/?post_type=product&#038;p=2184"},"modified":"2021-03-30T10:46:42","modified_gmt":"2021-03-30T02:46:42","slug":"burlap-wine-bottle-bags-with-window","status":"publish","type":"product","link":"https:\/\/avecobaggie.com\/de\/produkt\/burlap-wine-bottle-bags-with-window\/","title":{"rendered":"Burlap Weinflaschenbeutel mit Fenster"},"content":{"rendered":"<p>Aveco mainly provide customized eco bags with one stop shop solution service. All the materials we use are eco-friendly including cotton, canvas, linen, jute, felt etc. We also have some basic shape of bags for an easy start as listed on the website of\u00a0\u00a0<a href=\"https:\/\/avecobaggie.com\/de\/produkt-kategorie\/bags-in-stock\/\"> Taschen auf Lager <\/a>. die meisten der auf Lager befindlichen Taschen sind unbedruckt, so dass es f\u00fcr Sie einfacher ist, ein eigenes Logo oder Etikett f\u00fcr Ihre Kunden zu erstellen, ohne dass Sie ein Minimum ben\u00f6tigen.<\/p>\n<p><span class=\"Apple-converted-space\">\u00a0 \u00a0 Wenn Sie diese \u00d6ko-Taschen individuell gestalten wollen, ist das auch ganz einfach, einige der Taschen sind sogar mit extrem niedrigen <\/span>MOQ f\u00fcr kundenspezifische Oberfl\u00e4chen. Besonders Baumwolle oder Segeltuch Tasche ist extrem niedrig bei 100pieces oder sogar weniger zu unterst\u00fctzen Anf\u00e4nger, gehen Sie zu <a href=\"https:\/\/avecobaggie.com\/de\/custom-solutions\/\"><strong>MASSGESCHNEIDERTE L\u00d6SUNGEN<\/strong><\/a> um mehr \u00fcber individuelle Taschen zu erfahren.<\/p>\n<p>The listed wine bag is unique with a transparent window display, perfect for party wine gift bags.<\/p>\n<h4 class=\"p1\"><span style=\"color: #333333;\">Produktmerkmale<\/span><\/h4>\n<ul>\n<li><strong>Tasche Stil<\/strong>: Burlap wine bottle bags with clear window display<\/li>\n<li><strong>Material Typ<\/strong>: burlap<\/li>\n<li><strong>Material Farbe<\/strong>: Natural Beige<\/li>\n<li><strong>Gr\u00f6\u00dfe der Tasche<\/strong>: 10X10X32CM ( list with standard size, we accept customized size bag \uff09<\/li>\n<li><strong>Impressum Bereich<\/strong>: 1-farbig | 2-farbig | mehrfarbig| Vollfl\u00e4chiger Druck, ein- oder zweiseitiger Druck<\/li>\n<li><strong>Schlie\u00dfung<\/strong>: \u00d6ffnen Sie<\/li>\n<li><strong>Pflegehinweise<\/strong>: Hand wash ,no Machine wash , hang dry.<\/li>\n<\/ul>\n<p>&nbsp;<\/p>","protected":false},"excerpt":{"rendered":"<p><span class=\"a-list-item\">The reusable, recyclable burlap wine bags are great for rustic chic weddings, favors, arts &amp; crafts, and promotional needs. It also comes with transparent PVC window and full side and bottom gussets.<\/span><\/p>","protected":false},"featured_media":2190,"comment_status":"open","ping_status":"closed","template":"","meta":{"_seopress_robots_primary_cat":"none","_seopress_titles_title":"China Single Burlap Wine Bottle Bags With Clear Window","_seopress_titles_desc":"The reusable, burlap wine bottle bags are great for rustic chic weddings, favors, arts &amp; crafts, and promotional needs. Get Free Sample and offer Now!","_seopress_robots_index":""},"product_brand":[],"product_cat":[29,104,109],"product_tag":[124],"class_list":{"0":"post-2184","1":"product","2":"type-product","3":"status-publish","4":"has-post-thumbnail","6":"product_cat-tote-bag","7":"product_cat-jute-burlap-bag","8":"product_cat-everyday","9":"product_tag-wine-bag","11":"first","12":"instock","13":"taxable","14":"shipping-taxable","15":"product-type-simple"},"_links":{"self":[{"href":"https:\/\/avecobaggie.com\/de\/wp-json\/wp\/v2\/product\/2184","targetHints":{"allow":["GET"]}}],"collection":[{"href":"https:\/\/avecobaggie.com\/de\/wp-json\/wp\/v2\/product"}],"about":[{"href":"https:\/\/avecobaggie.com\/de\/wp-json\/wp\/v2\/types\/product"}],"replies":[{"embeddable":true,"href":"https:\/\/avecobaggie.com\/de\/wp-json\/wp\/v2\/comments?post=2184"}],"wp:featuredmedia":[{"embeddable":true,"href":"https:\/\/avecobaggie.com\/de\/wp-json\/wp\/v2\/media\/2190"}],"wp:attachment":[{"href":"https:\/\/avecobaggie.com\/de\/wp-json\/wp\/v2\/media?parent=2184"}],"wp:term":[{"taxonomy":"product_brand","embeddable":true,"href":"https:\/\/avecobaggie.com\/de\/wp-json\/wp\/v2\/product_brand?post=2184"},{"taxonomy":"product_cat","embeddable":true,"href":"https:\/\/avecobaggie.com\/de\/wp-json\/wp\/v2\/product_cat?post=2184"},{"taxonomy":"product_tag","embeddable":true,"href":"https:\/\/avecobaggie.com\/de\/wp-json\/wp\/v2\/product_tag?post=2184"}],"curies":[{"name":"wp","href":"https:\/\/api.w.org\/{rel}","templated":true}]}}