{"id":2195,"date":"2021-03-09T16:28:20","date_gmt":"2021-03-09T08:28:20","guid":{"rendered":"https:\/\/avecobaggie.com\/?post_type=product&#038;p=2195"},"modified":"2021-03-30T10:45:53","modified_gmt":"2021-03-30T02:45:53","slug":"customized-extra-large-burlap-beach-bag","status":"publish","type":"product","link":"https:\/\/avecobaggie.com\/de\/produkt\/customized-extra-large-burlap-beach-bag\/","title":{"rendered":"Individuell gestaltete extra gro\u00dfe Strandtasche aus Leinen"},"content":{"rendered":"<p>Aveco mainly provide customized eco bags with one stop shop solution service. All the materials we use are eco-friendly including cotton, canvas, linen, jute, felt ,oxford, etc.We also have some basic shape of bags for an easy start as listed on the website of\u00a0\u00a0<a href=\"https:\/\/avecobaggie.com\/de\/produkt-kategorie\/bags-in-stock\/\"> Taschen auf Lager <\/a>. die meisten der auf Lager befindlichen Taschen sind unbedruckt, so dass es f\u00fcr Sie einfacher ist, ein eigenes Logo oder Etikett f\u00fcr Ihre Kunden zu erstellen, ohne dass Sie ein Minimum ben\u00f6tigen.<\/p>\n<p><span class=\"Apple-converted-space\">\u00a0 \u00a0 Wenn Sie diese \u00d6ko-Taschen individuell gestalten wollen, ist das auch ganz einfach, einige der Taschen sind sogar mit extrem niedrigen <\/span>MOQ f\u00fcr kundenspezifische Oberfl\u00e4chen. Besonders Baumwolle oder Segeltuch Tasche ist extrem niedrig bei 100pieces oder sogar weniger zu unterst\u00fctzen Anf\u00e4nger, gehen Sie zu <a href=\"https:\/\/avecobaggie.com\/de\/custom-solutions\/\"><strong>MASSGESCHNEIDERTE L\u00d6SUNGEN<\/strong><\/a> to know more about custom bags steps..<\/p>\n<h3 class=\"p1\"><span style=\"color: #333333;\">\u00a0 \u00a0 Product Features for the Customized Extra Large Burlap Beach Bag<\/span><\/h3>\n<ul>\n<li><strong>Tasche Stil<\/strong>: Large Beach Bag<\/li>\n<li><strong>Material Typ<\/strong>: Natural burlap + leather<\/li>\n<li><strong>Material Farbe<\/strong>: Naturbeige<\/li>\n<li><strong>Gr\u00f6\u00dfe der Tasche<\/strong>: 32X24X14CM ( list with standard size, we accept customized size bag \uff09<\/li>\n<li><strong>Impressum Bereich<\/strong>: 1-farbig | 2-farbig | mehrfarbig| Vollfl\u00e4chiger Druck, ein- oder zweiseitiger Druck<\/li>\n<li><strong>Schlie\u00dfung<\/strong>: \u00d6ffnen Sie<\/li>\n<li><strong>Pflegehinweise<\/strong>: Handw\u00e4sche empfohlen, zum Trocknen aufh\u00e4ngen.<\/li>\n<\/ul>","protected":false},"excerpt":{"rendered":"<p>This bag is fashionable, with natural jute outside and inside with PE lined, which is leakproof.The appearance of linen material retro, strong and durable.The logo or pattern is easy to prints.<\/p>","protected":false},"featured_media":2196,"comment_status":"open","ping_status":"closed","template":"","meta":{"_seopress_robots_primary_cat":"none","_seopress_titles_title":"Customized Extra Large Burlap Beach Bag - OEM &amp; ODM - Aveco","_seopress_titles_desc":"Offer Many extra large beach bag with natural Burlap outside and inside with PE lined, leather handles, leakproof and fashionable.Easy to Print logo","_seopress_robots_index":""},"product_brand":[],"product_cat":[29,104,110],"product_tag":[125],"class_list":{"0":"post-2195","1":"product","2":"type-product","3":"status-publish","4":"has-post-thumbnail","6":"product_cat-tote-bag","7":"product_cat-jute-burlap-bag","8":"product_cat-travel","9":"product_tag-beach-bag","11":"first","12":"instock","13":"taxable","14":"shipping-taxable","15":"product-type-simple"},"_links":{"self":[{"href":"https:\/\/avecobaggie.com\/de\/wp-json\/wp\/v2\/product\/2195","targetHints":{"allow":["GET"]}}],"collection":[{"href":"https:\/\/avecobaggie.com\/de\/wp-json\/wp\/v2\/product"}],"about":[{"href":"https:\/\/avecobaggie.com\/de\/wp-json\/wp\/v2\/types\/product"}],"replies":[{"embeddable":true,"href":"https:\/\/avecobaggie.com\/de\/wp-json\/wp\/v2\/comments?post=2195"}],"wp:featuredmedia":[{"embeddable":true,"href":"https:\/\/avecobaggie.com\/de\/wp-json\/wp\/v2\/media\/2196"}],"wp:attachment":[{"href":"https:\/\/avecobaggie.com\/de\/wp-json\/wp\/v2\/media?parent=2195"}],"wp:term":[{"taxonomy":"product_brand","embeddable":true,"href":"https:\/\/avecobaggie.com\/de\/wp-json\/wp\/v2\/product_brand?post=2195"},{"taxonomy":"product_cat","embeddable":true,"href":"https:\/\/avecobaggie.com\/de\/wp-json\/wp\/v2\/product_cat?post=2195"},{"taxonomy":"product_tag","embeddable":true,"href":"https:\/\/avecobaggie.com\/de\/wp-json\/wp\/v2\/product_tag?post=2195"}],"curies":[{"name":"wp","href":"https:\/\/api.w.org\/{rel}","templated":true}]}}